{"id":102726,"date":"2021-03-12T09:07:29","date_gmt":"2021-03-12T08:07:30","guid":{"rendered":"https:\/\/tourtravelandmore.com\/?post_type=product&#038;p=102726"},"modified":"2022-10-11T17:43:37","modified_gmt":"2022-10-11T15:43:37","slug":"tour-privado-a-nimes-desde-sete","status":"publish","type":"product","link":"https:\/\/tourtravelandmore.com\/es\/tours\/francia\/sete-sp\/tour-privado-a-nimes-desde-sete\/","title":{"rendered":"Tour Privado a Nimes desde Sete"},"content":{"rendered":"<h2>Descripci\u00f3n del Tour Privado a Nimes desde Sete<\/h2>\n<p>Si est\u00e1 en un crucero, no pierda esta oportunidad de conocer la hermosa e hist\u00f3rica ciudad de Nimes. Este <strong>Tour Privado a Nimes desde Sete<\/strong> es imprescindible para cualquiera que ame la historia romana.<\/p>\n<p>Nimes es una ciudad verdaderamente \u00fanica con tanta historia que se remonta incluso al primer siglo antes de Cristo. Deje que nuestro gu\u00eda tur\u00edstico oficial privado explore a su lado los monumentos y sitios m\u00e1s importantes de Nimes.<\/p>\n<p>Disfruta de esta excursi\u00f3n en tierra desde el puerto de cruceros de Sete. Organizaremos una recogida privada desde su puerto de cruceros en Sete y nos dirigiremos hacia Nimes para un recorrido privado por Nimes.<\/p>\n<p>Una vez que lleguemos a Nimes, comenzaremos el recorrido privado de esta ciudad hist\u00f3rica. Su gu\u00eda tur\u00edstico oficial privado subir\u00e1 al veh\u00edculo y comenzaremos esta parte del recorrido privado. Disfrute de la visita de Nimes y tenga algo de tiempo libre para almorzar antes de regresar al puerto de cruceros.<\/p>\n<p>Su veh\u00edculo privado est\u00e1 a su disposici\u00f3n durante toda la duraci\u00f3n y su gu\u00eda tur\u00edstico oficial privado lo recibir\u00e1 en Nimes a su llegada. Podemos organizar el horario de inicio que se ajuste a sus propias necesidades.<\/p>\n<p>Recuerde, este tour privado a Nimes desde Sete es una experiencia completamente personalizable. Si tiene algo en mente, solo h\u00e1ganos saber y nosotros organizaremos todo por usted.<\/p>\n<h2>Puntos emblem\u00e1ticos y de inter\u00e9s en el Tour Privado a Nimes desde Sete<\/h2>\n<p>Disfrute de este recorrido completamente privado de Nimes con un gu\u00eda tur\u00edstico oficial privado y c\u00f3modamente en un veh\u00edculo de lujo con un chofer separado. Este tour en particular comenzar\u00e1 desde el puerto de cruceros de Sete o cualquier lugar que desee en Sete. Si desea recogerlo en cualquier otro lugar, h\u00e1gamelo saber y tambi\u00e9n podemos organizarlo.<\/p>\n<p>Este es un recorrido completamente privado y podemos organizar la propuesta para satisfacer sus necesidades exactas. Conozca lo mejor de Nimes y, entre otros, disfrute de los siguientes sitios hist\u00f3ricos y modernos:<\/p>\n<p>Entre otros sitios y monumentos, con su gu\u00eda tendr\u00e1 la oportunidad de conocer y aprender sobre:<\/p>\n<ul>\n<li><strong>Explanada de Charles de Gaulle<\/strong><\/li>\n<li><strong>M\u00e1rmol Fontaine Pradier<\/strong><\/li>\n<li><strong>Les Jardins de la Fontaine<\/strong><\/li>\n<li><strong>La Maison Carr\u00e9e<\/strong><\/li>\n<li><strong>Place d\u2019Assas<\/strong><\/li>\n<li><strong>Le Carr\u00e9 d\u2019Art<\/strong><\/li>\n<li><a href=\"https:\/\/www.arenes-nimes.com\">La Arena (Les Ar\u00e8nes)<\/a><\/li>\n<li><strong>Templo de diane<\/strong><\/li>\n<li><strong>La Tour Magne<\/strong><\/li>\n<li><strong>Divisorio del Castellum<\/strong><\/li>\n<li><strong>Catedral de Nimes (Catedral de Nimes)<\/strong><\/li>\n<li><strong>Place aux Herbes<\/strong><\/li>\n<li><strong>Place Gabriel P\u00e9ri<\/strong><\/li>\n<li><strong>Puertas romanas<\/strong><\/li>\n<li><strong>Les Halles de Nimes<\/strong><\/li>\n<li><strong>Pont du Gard<\/strong><\/li>\n<li><strong>Vista del edificio del Museo de Bellas Artes<\/strong><\/li>\n<\/ul>\n<p>H\u00e1ganos saber cu\u00e1ndo est\u00e1 atracando su crucero o cu\u00e1ndo desea que lo recojan y organizaremos este recorrido privado para que usted y su grupo vayan c\u00f3modamente y conozcan a N\u00eemes.<\/p>\n<p><a href=\"https:\/\/tourtravelandmore.com\/es\/ciudad\/francia\/sete-sp\/\">Mire aqu\u00ed todos nuestros tours y experiencias privadas desde Sete.<\/a><\/p>\n","protected":false},"excerpt":{"rendered":"<p>Si es amante de la historia romana y su cultura, este Tour Privado a Nimes desde Sete es perfecto para usted y su grupo, \u00a1acomp\u00e1\u00f1enos!.<\/p>\n<p><span style=\"font-weight: 400;\">\u00a0<\/span><\/p>\n<h4><\/h4>\n","protected":false},"featured_media":19072,"comment_status":"open","ping_status":"closed","template":"","meta":{"_acf_changed":false},"product_brand":[],"product_cat":[1592,3622],"product_tag":[],"class_list":{"0":"post-102726","1":"product","2":"type-product","3":"status-publish","4":"has-post-thumbnail","6":"product_cat-francia","7":"product_cat-sete-sp","9":"first","10":"instock","11":"shipping-taxable","12":"purchasable","13":"product-type-simple"},"acf":[],"yoast_head":"<!-- This site is optimized with the Yoast SEO Premium plugin v25.3.1 (Yoast SEO v25.3.1) - https:\/\/yoast.com\/wordpress\/plugins\/seo\/ -->\n<title>\u27a1\ufe0f Tour Privado a Nimes desde Sete | Tour Travel &amp; More<\/title>\n<meta name=\"description\" content=\"Si es amante de la historia romana y su cultura, este Tour Privado a Nimes desde Sete es perfecto para usted y su grupo, \u00a1acomp\u00e1\u00f1enos! \u2705\" \/>\n<meta name=\"robots\" content=\"index, follow, max-snippet:-1, max-image-preview:large, max-video-preview:-1\" \/>\n<link rel=\"canonical\" href=\"https:\/\/tourtravelandmore.com\/es\/tours\/francia\/sete-sp\/tour-privado-a-nimes-desde-sete\/\" \/>\n<meta property=\"og:locale\" content=\"es_ES\" \/>\n<meta property=\"og:type\" content=\"article\" \/>\n<meta property=\"og:title\" content=\"Tour Privado a Nimes desde Sete\" \/>\n<meta property=\"og:description\" content=\"Si es amante de la historia romana y su cultura, este Tour Privado a Nimes desde Sete es perfecto para usted y su grupo, \u00a1acomp\u00e1\u00f1enos! \u2705\" \/>\n<meta property=\"og:url\" content=\"https:\/\/tourtravelandmore.com\/es\/tours\/francia\/sete-sp\/tour-privado-a-nimes-desde-sete\/\" \/>\n<meta property=\"og:site_name\" content=\"Tour Travel And More\" \/>\n<meta property=\"article:publisher\" content=\"https:\/\/www.facebook.com\/tourtravelandmore\/\" \/>\n<meta property=\"article:modified_time\" content=\"2022-10-11T15:43:37+00:00\" \/>\n<meta property=\"og:image\" content=\"https:\/\/tourtravelandmore.com\/wp-content\/uploads\/2018\/03\/arenes-nimes.jpg\" \/>\n\t<meta property=\"og:image:width\" content=\"1400\" \/>\n\t<meta property=\"og:image:height\" content=\"933\" \/>\n\t<meta property=\"og:image:type\" content=\"image\/jpeg\" \/>\n<meta name=\"twitter:card\" content=\"summary_large_image\" \/>\n<meta name=\"twitter:site\" content=\"@TourTravel_More\" \/>\n<meta name=\"twitter:label1\" content=\"Tiempo de lectura\" \/>\n\t<meta name=\"twitter:data1\" content=\"2 minutos\" \/>\n<script type=\"application\/ld+json\" class=\"yoast-schema-graph\">{\"@context\":\"https:\/\/schema.org\",\"@graph\":[{\"@type\":\"WebPage\",\"@id\":\"https:\/\/tourtravelandmore.com\/es\/tours\/francia\/sete-sp\/tour-privado-a-nimes-desde-sete\/\",\"url\":\"https:\/\/tourtravelandmore.com\/es\/tours\/francia\/sete-sp\/tour-privado-a-nimes-desde-sete\/\",\"name\":\"\u27a1\ufe0f Tour Privado a Nimes desde Sete | Tour Travel & More\",\"isPartOf\":{\"@id\":\"https:\/\/tourtravelandmore.com\/es\/#website\"},\"primaryImageOfPage\":{\"@id\":\"https:\/\/tourtravelandmore.com\/es\/tours\/francia\/sete-sp\/tour-privado-a-nimes-desde-sete\/#primaryimage\"},\"image\":{\"@id\":\"https:\/\/tourtravelandmore.com\/es\/tours\/francia\/sete-sp\/tour-privado-a-nimes-desde-sete\/#primaryimage\"},\"thumbnailUrl\":\"https:\/\/tourtravelandmore.com\/wp-content\/uploads\/2018\/03\/arenes-nimes.jpg\",\"datePublished\":\"2021-03-12T08:07:30+00:00\",\"dateModified\":\"2022-10-11T15:43:37+00:00\",\"description\":\"Si es amante de la historia romana y su cultura, este Tour Privado a Nimes desde Sete es perfecto para usted y su grupo, \u00a1acomp\u00e1\u00f1enos! \u2705\",\"breadcrumb\":{\"@id\":\"https:\/\/tourtravelandmore.com\/es\/tours\/francia\/sete-sp\/tour-privado-a-nimes-desde-sete\/#breadcrumb\"},\"inLanguage\":\"es\",\"potentialAction\":[{\"@type\":\"ReadAction\",\"target\":[\"https:\/\/tourtravelandmore.com\/es\/tours\/francia\/sete-sp\/tour-privado-a-nimes-desde-sete\/\"]}]},{\"@type\":\"ImageObject\",\"inLanguage\":\"es\",\"@id\":\"https:\/\/tourtravelandmore.com\/es\/tours\/francia\/sete-sp\/tour-privado-a-nimes-desde-sete\/#primaryimage\",\"url\":\"https:\/\/tourtravelandmore.com\/wp-content\/uploads\/2018\/03\/arenes-nimes.jpg\",\"contentUrl\":\"https:\/\/tourtravelandmore.com\/wp-content\/uploads\/2018\/03\/arenes-nimes.jpg\",\"width\":1400,\"height\":933},{\"@type\":\"BreadcrumbList\",\"@id\":\"https:\/\/tourtravelandmore.com\/es\/tours\/francia\/sete-sp\/tour-privado-a-nimes-desde-sete\/#breadcrumb\",\"itemListElement\":[{\"@type\":\"ListItem\",\"position\":1,\"name\":\"Home\",\"item\":\"https:\/\/tourtravelandmore.com\/es\/\"},{\"@type\":\"ListItem\",\"position\":2,\"name\":\"Tours\",\"item\":\"https:\/\/tourtravelandmore.com\/es\/tours\/\"},{\"@type\":\"ListItem\",\"position\":3,\"name\":\"Tour Privado a Nimes desde Sete\"}]},{\"@type\":\"WebSite\",\"@id\":\"https:\/\/tourtravelandmore.com\/es\/#website\",\"url\":\"https:\/\/tourtravelandmore.com\/es\/\",\"name\":\"Tour Travel And More\",\"description\":\"Private sightseeing tours and luxury transfers in Spain\",\"publisher\":{\"@id\":\"https:\/\/tourtravelandmore.com\/es\/#organization\"},\"potentialAction\":[{\"@type\":\"SearchAction\",\"target\":{\"@type\":\"EntryPoint\",\"urlTemplate\":\"https:\/\/tourtravelandmore.com\/es\/?s={search_term_string}\"},\"query-input\":{\"@type\":\"PropertyValueSpecification\",\"valueRequired\":true,\"valueName\":\"search_term_string\"}}],\"inLanguage\":\"es\"},{\"@type\":\"Organization\",\"@id\":\"https:\/\/tourtravelandmore.com\/es\/#organization\",\"name\":\"Tour Travel And More\",\"url\":\"https:\/\/tourtravelandmore.com\/es\/\",\"logo\":{\"@type\":\"ImageObject\",\"inLanguage\":\"es\",\"@id\":\"https:\/\/tourtravelandmore.com\/es\/#\/schema\/logo\/image\/\",\"url\":\"https:\/\/tourtravelandmore.com\/wp-content\/uploads\/2022\/12\/cropped-logo-cabecera-new.png\",\"contentUrl\":\"https:\/\/tourtravelandmore.com\/wp-content\/uploads\/2022\/12\/cropped-logo-cabecera-new.png\",\"width\":430,\"height\":61,\"caption\":\"Tour Travel And More\"},\"image\":{\"@id\":\"https:\/\/tourtravelandmore.com\/es\/#\/schema\/logo\/image\/\"},\"sameAs\":[\"https:\/\/www.facebook.com\/tourtravelandmore\/\",\"https:\/\/x.com\/TourTravel_More\"]}]}<\/script>\n<!-- \/ Yoast SEO Premium plugin. -->","yoast_head_json":{"title":"\u27a1\ufe0f Tour Privado a Nimes desde Sete | Tour Travel & More","description":"Si es amante de la historia romana y su cultura, este Tour Privado a Nimes desde Sete es perfecto para usted y su grupo, \u00a1acomp\u00e1\u00f1enos! \u2705","robots":{"index":"index","follow":"follow","max-snippet":"max-snippet:-1","max-image-preview":"max-image-preview:large","max-video-preview":"max-video-preview:-1"},"canonical":"https:\/\/tourtravelandmore.com\/es\/tours\/francia\/sete-sp\/tour-privado-a-nimes-desde-sete\/","og_locale":"es_ES","og_type":"article","og_title":"Tour Privado a Nimes desde Sete","og_description":"Si es amante de la historia romana y su cultura, este Tour Privado a Nimes desde Sete es perfecto para usted y su grupo, \u00a1acomp\u00e1\u00f1enos! \u2705","og_url":"https:\/\/tourtravelandmore.com\/es\/tours\/francia\/sete-sp\/tour-privado-a-nimes-desde-sete\/","og_site_name":"Tour Travel And More","article_publisher":"https:\/\/www.facebook.com\/tourtravelandmore\/","article_modified_time":"2022-10-11T15:43:37+00:00","og_image":[{"width":1400,"height":933,"url":"https:\/\/tourtravelandmore.com\/wp-content\/uploads\/2018\/03\/arenes-nimes.jpg","type":"image\/jpeg"}],"twitter_card":"summary_large_image","twitter_site":"@TourTravel_More","twitter_misc":{"Tiempo de lectura":"2 minutos"},"schema":{"@context":"https:\/\/schema.org","@graph":[{"@type":"WebPage","@id":"https:\/\/tourtravelandmore.com\/es\/tours\/francia\/sete-sp\/tour-privado-a-nimes-desde-sete\/","url":"https:\/\/tourtravelandmore.com\/es\/tours\/francia\/sete-sp\/tour-privado-a-nimes-desde-sete\/","name":"\u27a1\ufe0f Tour Privado a Nimes desde Sete | Tour Travel & More","isPartOf":{"@id":"https:\/\/tourtravelandmore.com\/es\/#website"},"primaryImageOfPage":{"@id":"https:\/\/tourtravelandmore.com\/es\/tours\/francia\/sete-sp\/tour-privado-a-nimes-desde-sete\/#primaryimage"},"image":{"@id":"https:\/\/tourtravelandmore.com\/es\/tours\/francia\/sete-sp\/tour-privado-a-nimes-desde-sete\/#primaryimage"},"thumbnailUrl":"https:\/\/tourtravelandmore.com\/wp-content\/uploads\/2018\/03\/arenes-nimes.jpg","datePublished":"2021-03-12T08:07:30+00:00","dateModified":"2022-10-11T15:43:37+00:00","description":"Si es amante de la historia romana y su cultura, este Tour Privado a Nimes desde Sete es perfecto para usted y su grupo, \u00a1acomp\u00e1\u00f1enos! \u2705","breadcrumb":{"@id":"https:\/\/tourtravelandmore.com\/es\/tours\/francia\/sete-sp\/tour-privado-a-nimes-desde-sete\/#breadcrumb"},"inLanguage":"es","potentialAction":[{"@type":"ReadAction","target":["https:\/\/tourtravelandmore.com\/es\/tours\/francia\/sete-sp\/tour-privado-a-nimes-desde-sete\/"]}]},{"@type":"ImageObject","inLanguage":"es","@id":"https:\/\/tourtravelandmore.com\/es\/tours\/francia\/sete-sp\/tour-privado-a-nimes-desde-sete\/#primaryimage","url":"https:\/\/tourtravelandmore.com\/wp-content\/uploads\/2018\/03\/arenes-nimes.jpg","contentUrl":"https:\/\/tourtravelandmore.com\/wp-content\/uploads\/2018\/03\/arenes-nimes.jpg","width":1400,"height":933},{"@type":"BreadcrumbList","@id":"https:\/\/tourtravelandmore.com\/es\/tours\/francia\/sete-sp\/tour-privado-a-nimes-desde-sete\/#breadcrumb","itemListElement":[{"@type":"ListItem","position":1,"name":"Home","item":"https:\/\/tourtravelandmore.com\/es\/"},{"@type":"ListItem","position":2,"name":"Tours","item":"https:\/\/tourtravelandmore.com\/es\/tours\/"},{"@type":"ListItem","position":3,"name":"Tour Privado a Nimes desde Sete"}]},{"@type":"WebSite","@id":"https:\/\/tourtravelandmore.com\/es\/#website","url":"https:\/\/tourtravelandmore.com\/es\/","name":"Tour Travel And More","description":"Private sightseeing tours and luxury transfers in Spain","publisher":{"@id":"https:\/\/tourtravelandmore.com\/es\/#organization"},"potentialAction":[{"@type":"SearchAction","target":{"@type":"EntryPoint","urlTemplate":"https:\/\/tourtravelandmore.com\/es\/?s={search_term_string}"},"query-input":{"@type":"PropertyValueSpecification","valueRequired":true,"valueName":"search_term_string"}}],"inLanguage":"es"},{"@type":"Organization","@id":"https:\/\/tourtravelandmore.com\/es\/#organization","name":"Tour Travel And More","url":"https:\/\/tourtravelandmore.com\/es\/","logo":{"@type":"ImageObject","inLanguage":"es","@id":"https:\/\/tourtravelandmore.com\/es\/#\/schema\/logo\/image\/","url":"https:\/\/tourtravelandmore.com\/wp-content\/uploads\/2022\/12\/cropped-logo-cabecera-new.png","contentUrl":"https:\/\/tourtravelandmore.com\/wp-content\/uploads\/2022\/12\/cropped-logo-cabecera-new.png","width":430,"height":61,"caption":"Tour Travel And More"},"image":{"@id":"https:\/\/tourtravelandmore.com\/es\/#\/schema\/logo\/image\/"},"sameAs":["https:\/\/www.facebook.com\/tourtravelandmore\/","https:\/\/x.com\/TourTravel_More"]}]}},"_links":{"self":[{"href":"https:\/\/tourtravelandmore.com\/es\/wp-json\/wp\/v2\/product\/102726","targetHints":{"allow":["GET"]}}],"collection":[{"href":"https:\/\/tourtravelandmore.com\/es\/wp-json\/wp\/v2\/product"}],"about":[{"href":"https:\/\/tourtravelandmore.com\/es\/wp-json\/wp\/v2\/types\/product"}],"replies":[{"embeddable":true,"href":"https:\/\/tourtravelandmore.com\/es\/wp-json\/wp\/v2\/comments?post=102726"}],"wp:featuredmedia":[{"embeddable":true,"href":"https:\/\/tourtravelandmore.com\/es\/wp-json\/wp\/v2\/media\/19072"}],"wp:attachment":[{"href":"https:\/\/tourtravelandmore.com\/es\/wp-json\/wp\/v2\/media?parent=102726"}],"wp:term":[{"taxonomy":"product_brand","embeddable":true,"href":"https:\/\/tourtravelandmore.com\/es\/wp-json\/wp\/v2\/product_brand?post=102726"},{"taxonomy":"product_cat","embeddable":true,"href":"https:\/\/tourtravelandmore.com\/es\/wp-json\/wp\/v2\/product_cat?post=102726"},{"taxonomy":"product_tag","embeddable":true,"href":"https:\/\/tourtravelandmore.com\/es\/wp-json\/wp\/v2\/product_tag?post=102726"}],"curies":[{"name":"wp","href":"https:\/\/api.w.org\/{rel}","templated":true}]}}