{"id":102464,"date":"2021-03-11T12:33:35","date_gmt":"2021-03-11T11:33:36","guid":{"rendered":"https:\/\/tourtravelandmore.com\/?post_type=product&#038;p=102464"},"modified":"2022-10-11T15:13:41","modified_gmt":"2022-10-11T13:13:41","slug":"tour-privado-a-montpellier-desde-sete","status":"publish","type":"product","link":"https:\/\/tourtravelandmore.com\/es\/tours\/francia\/montpellier-sp\/tour-privado-a-montpellier-desde-sete\/","title":{"rendered":"Tour Privado a Montpellier desde Sete"},"content":{"rendered":"<h2>Descripci\u00f3n del Tour Privado a Montpellier desde Sete<\/h2>\n<p>Durante un crucero, una de las mejores partes es disfrutar de cada una de las ciudades en las que se detendr\u00e1 con un recorrido privado. Perm\u00edtanos llevarlo en este <strong>Tour Privado a Montpellier desde Sete<\/strong>.<\/p>\n<p>Si tiene una parada de crucero m\u00e1s larga en Sete, perm\u00edtanos llevarlo a descubrir Montpellier. Despu\u00e9s de Marsella y Niza, Montpellier es la tercera ciudad m\u00e1s grande de la costa mediterr\u00e1nea de Francia. Si tienes suficiente tiempo, deber\u00edas disfrutarlo.<\/p>\n<p>Su chofer privado lo recoger\u00e1 c\u00f3modamente desde su puerto de cruceros en Sete o desde la ubicaci\u00f3n que elija en Sete. Nos dirigiremos hacia Montpellier. Una vez en Montpellier, se encontrar\u00e1 con su gu\u00eda tur\u00edstico privado por separado.<\/p>\n<p>Disfrutar\u00e1 de una visita de 3 horas en Montpellier y tendr\u00e1 algo de tiempo libre para comer algo antes de tener que regresar al puerto de cruceros de Sete o al lugar que elija en Sete.<\/p>\n<p>Podemos personalizar este tour privado a Montpellier desde Sete para satisfacer sus necesidades exactas. Tambi\u00e9n podemos organizar cualquier tipo de experiencia privada en otro puerto de cruceros para su excursi\u00f3n privada en cualquier ciudad.<\/p>\n<h2>Puntos emblem\u00e1ticos y de inter\u00e9s en el Tour Privado a Montpellier desde Sete<\/h2>\n<p>Este es un recorrido completamente privado y comenzaremos el tour en la ubicaci\u00f3n elegida en Sete. Si va a llegar a un crucero, podemos organizar una recogida en un crucero privado. Esta es la mejor manera de experimentar Montpellier con un recorrido privado.<\/p>\n<p>A su llegada a Montpellier, tendr\u00e1 la oportunidad de conocer a su gu\u00eda tur\u00edstico oficial privado. Su conductor permanecer\u00e1 a su disposici\u00f3n todo el d\u00eda, pero su gu\u00eda tur\u00edstico ser\u00e1 el que le explicar\u00e1 todos los monumentos y sitios importantes de la ciudad de Montpellier.<\/p>\n<p>Hay mucho que ver y el tiempo es limitado, aqu\u00ed hay una lista de algunos de los sitios para que disfrute durante su recorrido:<\/p>\n<ul>\n<li><strong>Vistas del museo Fabre<\/strong><\/li>\n<li><strong>L&#8217;Ecusson (viejo Montpellier)<\/strong><\/li>\n<li><strong>Promenade de Peyrou<\/strong><\/li>\n<li><strong>Place de la Com\u00e9die<\/strong><\/li>\n<li><strong>Les Halles Castellane<\/strong><\/li>\n<li><strong>Ch\u00e2teaau d\u2019Eau<\/strong><\/li>\n<li><strong>Fuente de las Tres Gracias<\/strong><\/li>\n<li><strong>Explanada Charles-de-Gaulle<\/strong><\/li>\n<li><strong>Eche un vistazo a los edificios neocl\u00e1sicos como la \u00d3pera Nacional<\/strong><\/li>\n<li><a href=\"https:\/\/www.cathedrale-montpellier.fr\">Catedral de Montpellier<\/a><\/li>\n<li><strong>Arco del Triunfo: en la entrada del Paseo Mar\u00edtimo de Peyrou<\/strong><\/li>\n<li><strong>Pavillon Populaire<\/strong><\/li>\n<li><strong>H\u00f4tels de Montpellier<\/strong><\/li>\n<\/ul>\n<p>Dependiendo de cu\u00e1nto tiempo pas\u00e9 en cada ubicaci\u00f3n, tendremos la oportunidad de ver m\u00e1s o menos de la ciudad. Si llega desde un crucero, nuestro tiempo es limitado y necesitamos maximizarlo lo m\u00e1s posible. Al ser un recorrido privado, podemos organizar las paradas a los lugares que m\u00e1s le interesan y omitir los lugares de los que no le importa tener una vista panor\u00e1mica.<\/p>\n<p>Tendr\u00e1s algo de tiempo libre para comer algo antes de regresar a Sete. \u00a1Cont\u00e1ctenos para personalizar la experiencia!<\/p>\n<p><a href=\"https:\/\/tourtravelandmore.com\/es\/ciudad\/francia\/sete-sp\/\">Mire aqu\u00ed todos nuestros tours y experiencias privadas desde Sete.<\/a><\/p>\n","protected":false},"excerpt":{"rendered":"<p>Aproveche la oportunidad de conocer una de las ciudades m\u00e1s hermosas de Francia con este <strong>Tour Privado a Montpellier desde Sete.<\/strong><\/p>\n<p><span style=\"font-weight: 400;\">\u00a0<\/span><\/p>\n<h4><\/h4>\n","protected":false},"featured_media":102487,"comment_status":"open","ping_status":"closed","template":"","meta":{"_acf_changed":false},"product_brand":[],"product_cat":[1592,3605,3622],"product_tag":[],"class_list":{"0":"post-102464","1":"product","2":"type-product","3":"status-publish","4":"has-post-thumbnail","6":"product_cat-francia","7":"product_cat-montpellier-sp","8":"product_cat-sete-sp","10":"first","11":"instock","12":"shipping-taxable","13":"purchasable","14":"product-type-simple"},"acf":[],"yoast_head":"<!-- This site is optimized with the Yoast SEO Premium plugin v25.3.1 (Yoast SEO v25.3.1) - https:\/\/yoast.com\/wordpress\/plugins\/seo\/ -->\n<title>\u27a1\ufe0f Tour Privado a Montpellier desde Sete - \u00a1Tour de d\u00eda completo! | Tour Travel &amp; More<\/title>\n<meta name=\"description\" content=\"Aproveche la oportunidad de conocer una de las ciudades m\u00e1s hermosas de Francia con este Tour Privado a Montpellier desde Sete \u2705\" \/>\n<meta name=\"robots\" content=\"index, follow, max-snippet:-1, max-image-preview:large, max-video-preview:-1\" \/>\n<link rel=\"canonical\" href=\"https:\/\/tourtravelandmore.com\/es\/tours\/francia\/montpellier-sp\/tour-privado-a-montpellier-desde-sete\/\" \/>\n<meta property=\"og:locale\" content=\"es_ES\" \/>\n<meta property=\"og:type\" content=\"article\" \/>\n<meta property=\"og:title\" content=\"Tour Privado a Montpellier desde Sete\" \/>\n<meta property=\"og:description\" content=\"Aproveche la oportunidad de conocer una de las ciudades m\u00e1s hermosas de Francia con este Tour Privado a Montpellier desde Sete \u2705\" \/>\n<meta property=\"og:url\" content=\"https:\/\/tourtravelandmore.com\/es\/tours\/francia\/montpellier-sp\/tour-privado-a-montpellier-desde-sete\/\" \/>\n<meta property=\"og:site_name\" content=\"Tour Travel And More\" \/>\n<meta property=\"article:publisher\" content=\"https:\/\/www.facebook.com\/tourtravelandmore\/\" \/>\n<meta property=\"article:modified_time\" content=\"2022-10-11T13:13:41+00:00\" \/>\n<meta property=\"og:image\" content=\"https:\/\/tourtravelandmore.com\/wp-content\/uploads\/2021\/03\/montpellier-7.jpg\" \/>\n\t<meta property=\"og:image:width\" content=\"1632\" \/>\n\t<meta property=\"og:image:height\" content=\"1224\" \/>\n\t<meta property=\"og:image:type\" content=\"image\/jpeg\" \/>\n<meta name=\"twitter:card\" content=\"summary_large_image\" \/>\n<meta name=\"twitter:site\" content=\"@TourTravel_More\" \/>\n<meta name=\"twitter:label1\" content=\"Tiempo de lectura\" \/>\n\t<meta name=\"twitter:data1\" content=\"2 minutos\" \/>\n<script type=\"application\/ld+json\" class=\"yoast-schema-graph\">{\"@context\":\"https:\/\/schema.org\",\"@graph\":[{\"@type\":\"WebPage\",\"@id\":\"https:\/\/tourtravelandmore.com\/es\/tours\/francia\/montpellier-sp\/tour-privado-a-montpellier-desde-sete\/\",\"url\":\"https:\/\/tourtravelandmore.com\/es\/tours\/francia\/montpellier-sp\/tour-privado-a-montpellier-desde-sete\/\",\"name\":\"\u27a1\ufe0f Tour Privado a Montpellier desde Sete - \u00a1Tour de d\u00eda completo! | Tour Travel & More\",\"isPartOf\":{\"@id\":\"https:\/\/tourtravelandmore.com\/es\/#website\"},\"primaryImageOfPage\":{\"@id\":\"https:\/\/tourtravelandmore.com\/es\/tours\/francia\/montpellier-sp\/tour-privado-a-montpellier-desde-sete\/#primaryimage\"},\"image\":{\"@id\":\"https:\/\/tourtravelandmore.com\/es\/tours\/francia\/montpellier-sp\/tour-privado-a-montpellier-desde-sete\/#primaryimage\"},\"thumbnailUrl\":\"https:\/\/tourtravelandmore.com\/wp-content\/uploads\/2021\/03\/montpellier-7.jpg\",\"datePublished\":\"2021-03-11T11:33:36+00:00\",\"dateModified\":\"2022-10-11T13:13:41+00:00\",\"description\":\"Aproveche la oportunidad de conocer una de las ciudades m\u00e1s hermosas de Francia con este Tour Privado a Montpellier desde Sete \u2705\",\"breadcrumb\":{\"@id\":\"https:\/\/tourtravelandmore.com\/es\/tours\/francia\/montpellier-sp\/tour-privado-a-montpellier-desde-sete\/#breadcrumb\"},\"inLanguage\":\"es\",\"potentialAction\":[{\"@type\":\"ReadAction\",\"target\":[\"https:\/\/tourtravelandmore.com\/es\/tours\/francia\/montpellier-sp\/tour-privado-a-montpellier-desde-sete\/\"]}]},{\"@type\":\"ImageObject\",\"inLanguage\":\"es\",\"@id\":\"https:\/\/tourtravelandmore.com\/es\/tours\/francia\/montpellier-sp\/tour-privado-a-montpellier-desde-sete\/#primaryimage\",\"url\":\"https:\/\/tourtravelandmore.com\/wp-content\/uploads\/2021\/03\/montpellier-7.jpg\",\"contentUrl\":\"https:\/\/tourtravelandmore.com\/wp-content\/uploads\/2021\/03\/montpellier-7.jpg\",\"width\":1632,\"height\":1224},{\"@type\":\"BreadcrumbList\",\"@id\":\"https:\/\/tourtravelandmore.com\/es\/tours\/francia\/montpellier-sp\/tour-privado-a-montpellier-desde-sete\/#breadcrumb\",\"itemListElement\":[{\"@type\":\"ListItem\",\"position\":1,\"name\":\"Home\",\"item\":\"https:\/\/tourtravelandmore.com\/es\/\"},{\"@type\":\"ListItem\",\"position\":2,\"name\":\"Tours\",\"item\":\"https:\/\/tourtravelandmore.com\/es\/tours\/\"},{\"@type\":\"ListItem\",\"position\":3,\"name\":\"Tour Privado a Montpellier desde Sete\"}]},{\"@type\":\"WebSite\",\"@id\":\"https:\/\/tourtravelandmore.com\/es\/#website\",\"url\":\"https:\/\/tourtravelandmore.com\/es\/\",\"name\":\"Tour Travel And More\",\"description\":\"Private sightseeing tours and luxury transfers in Spain\",\"publisher\":{\"@id\":\"https:\/\/tourtravelandmore.com\/es\/#organization\"},\"potentialAction\":[{\"@type\":\"SearchAction\",\"target\":{\"@type\":\"EntryPoint\",\"urlTemplate\":\"https:\/\/tourtravelandmore.com\/es\/?s={search_term_string}\"},\"query-input\":{\"@type\":\"PropertyValueSpecification\",\"valueRequired\":true,\"valueName\":\"search_term_string\"}}],\"inLanguage\":\"es\"},{\"@type\":\"Organization\",\"@id\":\"https:\/\/tourtravelandmore.com\/es\/#organization\",\"name\":\"Tour Travel And More\",\"url\":\"https:\/\/tourtravelandmore.com\/es\/\",\"logo\":{\"@type\":\"ImageObject\",\"inLanguage\":\"es\",\"@id\":\"https:\/\/tourtravelandmore.com\/es\/#\/schema\/logo\/image\/\",\"url\":\"https:\/\/tourtravelandmore.com\/wp-content\/uploads\/2022\/12\/cropped-logo-cabecera-new.png\",\"contentUrl\":\"https:\/\/tourtravelandmore.com\/wp-content\/uploads\/2022\/12\/cropped-logo-cabecera-new.png\",\"width\":430,\"height\":61,\"caption\":\"Tour Travel And More\"},\"image\":{\"@id\":\"https:\/\/tourtravelandmore.com\/es\/#\/schema\/logo\/image\/\"},\"sameAs\":[\"https:\/\/www.facebook.com\/tourtravelandmore\/\",\"https:\/\/x.com\/TourTravel_More\"]}]}<\/script>\n<!-- \/ Yoast SEO Premium plugin. -->","yoast_head_json":{"title":"\u27a1\ufe0f Tour Privado a Montpellier desde Sete - \u00a1Tour de d\u00eda completo! | Tour Travel & More","description":"Aproveche la oportunidad de conocer una de las ciudades m\u00e1s hermosas de Francia con este Tour Privado a Montpellier desde Sete \u2705","robots":{"index":"index","follow":"follow","max-snippet":"max-snippet:-1","max-image-preview":"max-image-preview:large","max-video-preview":"max-video-preview:-1"},"canonical":"https:\/\/tourtravelandmore.com\/es\/tours\/francia\/montpellier-sp\/tour-privado-a-montpellier-desde-sete\/","og_locale":"es_ES","og_type":"article","og_title":"Tour Privado a Montpellier desde Sete","og_description":"Aproveche la oportunidad de conocer una de las ciudades m\u00e1s hermosas de Francia con este Tour Privado a Montpellier desde Sete \u2705","og_url":"https:\/\/tourtravelandmore.com\/es\/tours\/francia\/montpellier-sp\/tour-privado-a-montpellier-desde-sete\/","og_site_name":"Tour Travel And More","article_publisher":"https:\/\/www.facebook.com\/tourtravelandmore\/","article_modified_time":"2022-10-11T13:13:41+00:00","og_image":[{"width":1632,"height":1224,"url":"https:\/\/tourtravelandmore.com\/wp-content\/uploads\/2021\/03\/montpellier-7.jpg","type":"image\/jpeg"}],"twitter_card":"summary_large_image","twitter_site":"@TourTravel_More","twitter_misc":{"Tiempo de lectura":"2 minutos"},"schema":{"@context":"https:\/\/schema.org","@graph":[{"@type":"WebPage","@id":"https:\/\/tourtravelandmore.com\/es\/tours\/francia\/montpellier-sp\/tour-privado-a-montpellier-desde-sete\/","url":"https:\/\/tourtravelandmore.com\/es\/tours\/francia\/montpellier-sp\/tour-privado-a-montpellier-desde-sete\/","name":"\u27a1\ufe0f Tour Privado a Montpellier desde Sete - \u00a1Tour de d\u00eda completo! | Tour Travel & More","isPartOf":{"@id":"https:\/\/tourtravelandmore.com\/es\/#website"},"primaryImageOfPage":{"@id":"https:\/\/tourtravelandmore.com\/es\/tours\/francia\/montpellier-sp\/tour-privado-a-montpellier-desde-sete\/#primaryimage"},"image":{"@id":"https:\/\/tourtravelandmore.com\/es\/tours\/francia\/montpellier-sp\/tour-privado-a-montpellier-desde-sete\/#primaryimage"},"thumbnailUrl":"https:\/\/tourtravelandmore.com\/wp-content\/uploads\/2021\/03\/montpellier-7.jpg","datePublished":"2021-03-11T11:33:36+00:00","dateModified":"2022-10-11T13:13:41+00:00","description":"Aproveche la oportunidad de conocer una de las ciudades m\u00e1s hermosas de Francia con este Tour Privado a Montpellier desde Sete \u2705","breadcrumb":{"@id":"https:\/\/tourtravelandmore.com\/es\/tours\/francia\/montpellier-sp\/tour-privado-a-montpellier-desde-sete\/#breadcrumb"},"inLanguage":"es","potentialAction":[{"@type":"ReadAction","target":["https:\/\/tourtravelandmore.com\/es\/tours\/francia\/montpellier-sp\/tour-privado-a-montpellier-desde-sete\/"]}]},{"@type":"ImageObject","inLanguage":"es","@id":"https:\/\/tourtravelandmore.com\/es\/tours\/francia\/montpellier-sp\/tour-privado-a-montpellier-desde-sete\/#primaryimage","url":"https:\/\/tourtravelandmore.com\/wp-content\/uploads\/2021\/03\/montpellier-7.jpg","contentUrl":"https:\/\/tourtravelandmore.com\/wp-content\/uploads\/2021\/03\/montpellier-7.jpg","width":1632,"height":1224},{"@type":"BreadcrumbList","@id":"https:\/\/tourtravelandmore.com\/es\/tours\/francia\/montpellier-sp\/tour-privado-a-montpellier-desde-sete\/#breadcrumb","itemListElement":[{"@type":"ListItem","position":1,"name":"Home","item":"https:\/\/tourtravelandmore.com\/es\/"},{"@type":"ListItem","position":2,"name":"Tours","item":"https:\/\/tourtravelandmore.com\/es\/tours\/"},{"@type":"ListItem","position":3,"name":"Tour Privado a Montpellier desde Sete"}]},{"@type":"WebSite","@id":"https:\/\/tourtravelandmore.com\/es\/#website","url":"https:\/\/tourtravelandmore.com\/es\/","name":"Tour Travel And More","description":"Private sightseeing tours and luxury transfers in Spain","publisher":{"@id":"https:\/\/tourtravelandmore.com\/es\/#organization"},"potentialAction":[{"@type":"SearchAction","target":{"@type":"EntryPoint","urlTemplate":"https:\/\/tourtravelandmore.com\/es\/?s={search_term_string}"},"query-input":{"@type":"PropertyValueSpecification","valueRequired":true,"valueName":"search_term_string"}}],"inLanguage":"es"},{"@type":"Organization","@id":"https:\/\/tourtravelandmore.com\/es\/#organization","name":"Tour Travel And More","url":"https:\/\/tourtravelandmore.com\/es\/","logo":{"@type":"ImageObject","inLanguage":"es","@id":"https:\/\/tourtravelandmore.com\/es\/#\/schema\/logo\/image\/","url":"https:\/\/tourtravelandmore.com\/wp-content\/uploads\/2022\/12\/cropped-logo-cabecera-new.png","contentUrl":"https:\/\/tourtravelandmore.com\/wp-content\/uploads\/2022\/12\/cropped-logo-cabecera-new.png","width":430,"height":61,"caption":"Tour Travel And More"},"image":{"@id":"https:\/\/tourtravelandmore.com\/es\/#\/schema\/logo\/image\/"},"sameAs":["https:\/\/www.facebook.com\/tourtravelandmore\/","https:\/\/x.com\/TourTravel_More"]}]}},"_links":{"self":[{"href":"https:\/\/tourtravelandmore.com\/es\/wp-json\/wp\/v2\/product\/102464","targetHints":{"allow":["GET"]}}],"collection":[{"href":"https:\/\/tourtravelandmore.com\/es\/wp-json\/wp\/v2\/product"}],"about":[{"href":"https:\/\/tourtravelandmore.com\/es\/wp-json\/wp\/v2\/types\/product"}],"replies":[{"embeddable":true,"href":"https:\/\/tourtravelandmore.com\/es\/wp-json\/wp\/v2\/comments?post=102464"}],"wp:featuredmedia":[{"embeddable":true,"href":"https:\/\/tourtravelandmore.com\/es\/wp-json\/wp\/v2\/media\/102487"}],"wp:attachment":[{"href":"https:\/\/tourtravelandmore.com\/es\/wp-json\/wp\/v2\/media?parent=102464"}],"wp:term":[{"taxonomy":"product_brand","embeddable":true,"href":"https:\/\/tourtravelandmore.com\/es\/wp-json\/wp\/v2\/product_brand?post=102464"},{"taxonomy":"product_cat","embeddable":true,"href":"https:\/\/tourtravelandmore.com\/es\/wp-json\/wp\/v2\/product_cat?post=102464"},{"taxonomy":"product_tag","embeddable":true,"href":"https:\/\/tourtravelandmore.com\/es\/wp-json\/wp\/v2\/product_tag?post=102464"}],"curies":[{"name":"wp","href":"https:\/\/api.w.org\/{rel}","templated":true}]}}