{"id":102403,"date":"2021-03-11T11:56:00","date_gmt":"2021-03-11T10:56:01","guid":{"rendered":"https:\/\/tourtravelandmore.com\/?post_type=product&#038;p=102403"},"modified":"2022-09-27T02:11:47","modified_gmt":"2022-09-27T00:11:47","slug":"tour-privado-a-carcassonne-desde-sete","status":"publish","type":"product","link":"https:\/\/tourtravelandmore.com\/es\/tours\/francia\/carcassone-es\/carcassone-actividades-es\/tour-privado-a-carcassonne-desde-sete\/","title":{"rendered":"Tour Privado a Carcassonne desde Sete"},"content":{"rendered":"<h2>Descripci\u00f3n del Tour Privado a Carcassonne desde Sete<\/h2>\n<p>Qu\u00e9 mejor experiencia que tener su chofer privado esper\u00e1ndolo a la salida de su crucero para una excursi\u00f3n privada en tierra. Aproveche esta oportunidad para conocer Carcassonne con este <strong>Tour Privado a Carcassonne desde Sete<\/strong>.<\/p>\n<p>Carcassonne es una ciudad \u00fanica y patrimonio de la humanidad que est\u00e1 protegida por la UNESCO. Aproveche su parada en Sete y perm\u00edtanos recogerlo en este puerto de escala.<\/p>\n<p>Nuestro veh\u00edculo privado de lujo con chofer lo recoger\u00e1 de su puerto de cruceros en Sete. Si no est\u00e1 en un crucero, tambi\u00e9n podemos encontrarlo en cualquier lugar de Sete. Una vez que partamos nuestro viaje hacia Carcasona, usted se sentar\u00e1 y disfrutar\u00e1 c\u00f3modamente del viaje.<\/p>\n<p>Cuando lleguemos a Carcassonne, tendr\u00e1 un gu\u00eda tur\u00edstico privado que se reunir\u00e1 con usted para comenzar su recorrido privado de 3 horas por Carcassonne. Su gu\u00eda tur\u00edstico oficial privado le dar\u00e1 la oportunidad de conocer La Cit\u00e9 de Carcassonne y todo lo que puede disfrutar en d\u00edas de visita a esta ciudad hist\u00f3rica.<\/p>\n<p>Este tour privado a Carcassonne desde Sete es una experiencia completamente personalizable. Cont\u00e1ctenos para m\u00e1s informaci\u00f3n.<\/p>\n<h2>Puntos emblem\u00e1ticos y de inter\u00e9s en el Tour Privado a Carcassonne desde Sete<\/h2>\n<p>Al igual que todos nuestros tours privados, esta excursi\u00f3n privada en tierra comenzar\u00e1 con una f\u00e1cil recogida desde su puerto de cruceros. Como dijimos antes, tambi\u00e9n podemos organizar una recogida desde cualquier otro sitio en Sete. Despu\u00e9s de desembarcar de su crucero, un chofer privado lo esperar\u00e1 a su llegada con un letrero con su nombre.<\/p>\n<p>Nos dirigiremos hacia Carcassonne. Una vez que lleguemos a Carcassonne, tendr\u00e1 un gu\u00eda tur\u00edstico privado que se reunir\u00e1 con usted para comenzar este recorrido privado. Tendr\u00e1s una vista de los mejores sitios de Carcassonne. Aqu\u00ed hay una breve lista de lo que tendr\u00e1 la oportunidad de disfrutar:<\/p>\n<ul>\n<li><strong>La ciudad de Carcassonne<\/strong><\/li>\n<li><strong>Ch\u00e2teau Comtal y Murallas<\/strong><\/li>\n<li><strong>Bas\u00edlica de los santos Nazarius y Celsus<\/strong><\/li>\n<li><strong>La ciudad baja de Carcassonne<\/strong><\/li>\n<li><a href=\"https:\/\/www.tourisme-carcassonne.fr\">La Catedral de Carcassonne<\/a><\/li>\n<li><strong>Lac de la Cavay\u00e8re<\/strong><\/li>\n<li><strong>Vista del Museo de Beaux &#8211; Artes<\/strong><\/li>\n<li><strong>Ch\u00e2teaux de Lastours<\/strong><\/li>\n<li><strong>Vista del Canal du Midi<\/strong><\/li>\n<li><strong>Visita opcional al museo de la escuela. Este es un museo que muestra c\u00f3mo era la escuela en Francia a principios del siglo XX.<\/strong><\/li>\n<li><strong>Vista del museo de la inquisici\u00f3n<\/strong><\/li>\n<li><strong>Caunes-Minervois<\/strong><\/li>\n<\/ul>\n<p>Despu\u00e9s de su visita a Carcassonne, tendr\u00e1 algo de tiempo libre para comer algo antes de regresar a su crucero en Sete.<\/p>\n<p><a href=\"https:\/\/tourtravelandmore.com\/es\/ciudad\/francia\/sete-sp\/\">Mire aqu\u00ed todos nuestros tours y experiencias privadas desde Sete.<\/a><\/p>\n","protected":false},"excerpt":{"rendered":"<p>Disfrute de un d\u00eda distinto y acomp\u00e1\u00f1enos en este <strong>Tour Privado a Carcassonne desde Sete con gu\u00eda oficial local<\/strong> y chofer privado.<\/p>\n<p><span style=\"font-weight: 400;\">\u00a0<\/span><\/p>\n<h4><\/h4>\n","protected":false},"featured_media":99825,"comment_status":"open","ping_status":"closed","template":"","meta":{"_acf_changed":false},"product_brand":[],"product_cat":[1592,3622,3517,3518,3519],"product_tag":[],"class_list":{"0":"post-102403","1":"product","2":"type-product","3":"status-publish","4":"has-post-thumbnail","6":"product_cat-francia","7":"product_cat-sete-sp","8":"product_cat-carcassone-es","9":"product_cat-carcassone-actividades-es","10":"product_cat-carcassone-tours-privados-es","12":"first","13":"instock","14":"shipping-taxable","15":"purchasable","16":"product-type-simple"},"acf":[],"yoast_head":"<!-- This site is optimized with the Yoast SEO Premium plugin v25.3.1 (Yoast SEO v25.3.1) - https:\/\/yoast.com\/wordpress\/plugins\/seo\/ -->\n<title>\u27a1\ufe0f Tour Privado a Carcassonne desde Sete con chofer privado | TTM<\/title>\n<meta name=\"description\" content=\"Disfrute de un d\u00eda distinto y acomp\u00e1\u00f1enos en este Tour Privado a Carcassonne desde Sete con gu\u00eda oficial local y chofer privado \u2705\" \/>\n<meta name=\"robots\" content=\"index, follow, max-snippet:-1, max-image-preview:large, max-video-preview:-1\" \/>\n<link rel=\"canonical\" href=\"https:\/\/tourtravelandmore.com\/es\/tours\/francia\/carcassone-es\/carcassone-actividades-es\/tour-privado-a-carcassonne-desde-sete\/\" \/>\n<meta property=\"og:locale\" content=\"es_ES\" \/>\n<meta property=\"og:type\" content=\"article\" \/>\n<meta property=\"og:title\" content=\"Tour Privado a Carcassonne desde Sete\" \/>\n<meta property=\"og:description\" content=\"Disfrute de un d\u00eda distinto y acomp\u00e1\u00f1enos en este Tour Privado a Carcassonne desde Sete con gu\u00eda oficial local y chofer privado \u2705\" \/>\n<meta property=\"og:url\" content=\"https:\/\/tourtravelandmore.com\/es\/tours\/francia\/carcassone-es\/carcassone-actividades-es\/tour-privado-a-carcassonne-desde-sete\/\" \/>\n<meta property=\"og:site_name\" content=\"Tour Travel And More\" \/>\n<meta property=\"article:publisher\" content=\"https:\/\/www.facebook.com\/tourtravelandmore\/\" \/>\n<meta property=\"article:modified_time\" content=\"2022-09-27T00:11:47+00:00\" \/>\n<meta property=\"og:image\" content=\"https:\/\/tourtravelandmore.com\/wp-content\/uploads\/2021\/02\/carcassone-6.jpg\" \/>\n\t<meta property=\"og:image:width\" content=\"1023\" \/>\n\t<meta property=\"og:image:height\" content=\"683\" \/>\n\t<meta property=\"og:image:type\" content=\"image\/jpeg\" \/>\n<meta name=\"twitter:card\" content=\"summary_large_image\" \/>\n<meta name=\"twitter:site\" content=\"@TourTravel_More\" \/>\n<meta name=\"twitter:label1\" content=\"Tiempo de lectura\" \/>\n\t<meta name=\"twitter:data1\" content=\"2 minutos\" \/>\n<script type=\"application\/ld+json\" class=\"yoast-schema-graph\">{\"@context\":\"https:\/\/schema.org\",\"@graph\":[{\"@type\":\"WebPage\",\"@id\":\"https:\/\/tourtravelandmore.com\/es\/tours\/francia\/carcassone-es\/carcassone-actividades-es\/tour-privado-a-carcassonne-desde-sete\/\",\"url\":\"https:\/\/tourtravelandmore.com\/es\/tours\/francia\/carcassone-es\/carcassone-actividades-es\/tour-privado-a-carcassonne-desde-sete\/\",\"name\":\"\u27a1\ufe0f Tour Privado a Carcassonne desde Sete con chofer privado | TTM\",\"isPartOf\":{\"@id\":\"https:\/\/tourtravelandmore.com\/es\/#website\"},\"primaryImageOfPage\":{\"@id\":\"https:\/\/tourtravelandmore.com\/es\/tours\/francia\/carcassone-es\/carcassone-actividades-es\/tour-privado-a-carcassonne-desde-sete\/#primaryimage\"},\"image\":{\"@id\":\"https:\/\/tourtravelandmore.com\/es\/tours\/francia\/carcassone-es\/carcassone-actividades-es\/tour-privado-a-carcassonne-desde-sete\/#primaryimage\"},\"thumbnailUrl\":\"https:\/\/tourtravelandmore.com\/wp-content\/uploads\/2021\/02\/carcassone-6.jpg\",\"datePublished\":\"2021-03-11T10:56:01+00:00\",\"dateModified\":\"2022-09-27T00:11:47+00:00\",\"description\":\"Disfrute de un d\u00eda distinto y acomp\u00e1\u00f1enos en este Tour Privado a Carcassonne desde Sete con gu\u00eda oficial local y chofer privado \u2705\",\"breadcrumb\":{\"@id\":\"https:\/\/tourtravelandmore.com\/es\/tours\/francia\/carcassone-es\/carcassone-actividades-es\/tour-privado-a-carcassonne-desde-sete\/#breadcrumb\"},\"inLanguage\":\"es\",\"potentialAction\":[{\"@type\":\"ReadAction\",\"target\":[\"https:\/\/tourtravelandmore.com\/es\/tours\/francia\/carcassone-es\/carcassone-actividades-es\/tour-privado-a-carcassonne-desde-sete\/\"]}]},{\"@type\":\"ImageObject\",\"inLanguage\":\"es\",\"@id\":\"https:\/\/tourtravelandmore.com\/es\/tours\/francia\/carcassone-es\/carcassone-actividades-es\/tour-privado-a-carcassonne-desde-sete\/#primaryimage\",\"url\":\"https:\/\/tourtravelandmore.com\/wp-content\/uploads\/2021\/02\/carcassone-6.jpg\",\"contentUrl\":\"https:\/\/tourtravelandmore.com\/wp-content\/uploads\/2021\/02\/carcassone-6.jpg\",\"width\":1023,\"height\":683},{\"@type\":\"BreadcrumbList\",\"@id\":\"https:\/\/tourtravelandmore.com\/es\/tours\/francia\/carcassone-es\/carcassone-actividades-es\/tour-privado-a-carcassonne-desde-sete\/#breadcrumb\",\"itemListElement\":[{\"@type\":\"ListItem\",\"position\":1,\"name\":\"Home\",\"item\":\"https:\/\/tourtravelandmore.com\/es\/\"},{\"@type\":\"ListItem\",\"position\":2,\"name\":\"Tours\",\"item\":\"https:\/\/tourtravelandmore.com\/es\/tours\/\"},{\"@type\":\"ListItem\",\"position\":3,\"name\":\"Tour Privado a Carcassonne desde Sete\"}]},{\"@type\":\"WebSite\",\"@id\":\"https:\/\/tourtravelandmore.com\/es\/#website\",\"url\":\"https:\/\/tourtravelandmore.com\/es\/\",\"name\":\"Tour Travel And More\",\"description\":\"Private sightseeing tours and luxury transfers in Spain\",\"publisher\":{\"@id\":\"https:\/\/tourtravelandmore.com\/es\/#organization\"},\"potentialAction\":[{\"@type\":\"SearchAction\",\"target\":{\"@type\":\"EntryPoint\",\"urlTemplate\":\"https:\/\/tourtravelandmore.com\/es\/?s={search_term_string}\"},\"query-input\":{\"@type\":\"PropertyValueSpecification\",\"valueRequired\":true,\"valueName\":\"search_term_string\"}}],\"inLanguage\":\"es\"},{\"@type\":\"Organization\",\"@id\":\"https:\/\/tourtravelandmore.com\/es\/#organization\",\"name\":\"Tour Travel And More\",\"url\":\"https:\/\/tourtravelandmore.com\/es\/\",\"logo\":{\"@type\":\"ImageObject\",\"inLanguage\":\"es\",\"@id\":\"https:\/\/tourtravelandmore.com\/es\/#\/schema\/logo\/image\/\",\"url\":\"https:\/\/tourtravelandmore.com\/wp-content\/uploads\/2022\/12\/cropped-logo-cabecera-new.png\",\"contentUrl\":\"https:\/\/tourtravelandmore.com\/wp-content\/uploads\/2022\/12\/cropped-logo-cabecera-new.png\",\"width\":430,\"height\":61,\"caption\":\"Tour Travel And More\"},\"image\":{\"@id\":\"https:\/\/tourtravelandmore.com\/es\/#\/schema\/logo\/image\/\"},\"sameAs\":[\"https:\/\/www.facebook.com\/tourtravelandmore\/\",\"https:\/\/x.com\/TourTravel_More\"]}]}<\/script>\n<!-- \/ Yoast SEO Premium plugin. -->","yoast_head_json":{"title":"\u27a1\ufe0f Tour Privado a Carcassonne desde Sete con chofer privado | TTM","description":"Disfrute de un d\u00eda distinto y acomp\u00e1\u00f1enos en este Tour Privado a Carcassonne desde Sete con gu\u00eda oficial local y chofer privado \u2705","robots":{"index":"index","follow":"follow","max-snippet":"max-snippet:-1","max-image-preview":"max-image-preview:large","max-video-preview":"max-video-preview:-1"},"canonical":"https:\/\/tourtravelandmore.com\/es\/tours\/francia\/carcassone-es\/carcassone-actividades-es\/tour-privado-a-carcassonne-desde-sete\/","og_locale":"es_ES","og_type":"article","og_title":"Tour Privado a Carcassonne desde Sete","og_description":"Disfrute de un d\u00eda distinto y acomp\u00e1\u00f1enos en este Tour Privado a Carcassonne desde Sete con gu\u00eda oficial local y chofer privado \u2705","og_url":"https:\/\/tourtravelandmore.com\/es\/tours\/francia\/carcassone-es\/carcassone-actividades-es\/tour-privado-a-carcassonne-desde-sete\/","og_site_name":"Tour Travel And More","article_publisher":"https:\/\/www.facebook.com\/tourtravelandmore\/","article_modified_time":"2022-09-27T00:11:47+00:00","og_image":[{"width":1023,"height":683,"url":"https:\/\/tourtravelandmore.com\/wp-content\/uploads\/2021\/02\/carcassone-6.jpg","type":"image\/jpeg"}],"twitter_card":"summary_large_image","twitter_site":"@TourTravel_More","twitter_misc":{"Tiempo de lectura":"2 minutos"},"schema":{"@context":"https:\/\/schema.org","@graph":[{"@type":"WebPage","@id":"https:\/\/tourtravelandmore.com\/es\/tours\/francia\/carcassone-es\/carcassone-actividades-es\/tour-privado-a-carcassonne-desde-sete\/","url":"https:\/\/tourtravelandmore.com\/es\/tours\/francia\/carcassone-es\/carcassone-actividades-es\/tour-privado-a-carcassonne-desde-sete\/","name":"\u27a1\ufe0f Tour Privado a Carcassonne desde Sete con chofer privado | TTM","isPartOf":{"@id":"https:\/\/tourtravelandmore.com\/es\/#website"},"primaryImageOfPage":{"@id":"https:\/\/tourtravelandmore.com\/es\/tours\/francia\/carcassone-es\/carcassone-actividades-es\/tour-privado-a-carcassonne-desde-sete\/#primaryimage"},"image":{"@id":"https:\/\/tourtravelandmore.com\/es\/tours\/francia\/carcassone-es\/carcassone-actividades-es\/tour-privado-a-carcassonne-desde-sete\/#primaryimage"},"thumbnailUrl":"https:\/\/tourtravelandmore.com\/wp-content\/uploads\/2021\/02\/carcassone-6.jpg","datePublished":"2021-03-11T10:56:01+00:00","dateModified":"2022-09-27T00:11:47+00:00","description":"Disfrute de un d\u00eda distinto y acomp\u00e1\u00f1enos en este Tour Privado a Carcassonne desde Sete con gu\u00eda oficial local y chofer privado \u2705","breadcrumb":{"@id":"https:\/\/tourtravelandmore.com\/es\/tours\/francia\/carcassone-es\/carcassone-actividades-es\/tour-privado-a-carcassonne-desde-sete\/#breadcrumb"},"inLanguage":"es","potentialAction":[{"@type":"ReadAction","target":["https:\/\/tourtravelandmore.com\/es\/tours\/francia\/carcassone-es\/carcassone-actividades-es\/tour-privado-a-carcassonne-desde-sete\/"]}]},{"@type":"ImageObject","inLanguage":"es","@id":"https:\/\/tourtravelandmore.com\/es\/tours\/francia\/carcassone-es\/carcassone-actividades-es\/tour-privado-a-carcassonne-desde-sete\/#primaryimage","url":"https:\/\/tourtravelandmore.com\/wp-content\/uploads\/2021\/02\/carcassone-6.jpg","contentUrl":"https:\/\/tourtravelandmore.com\/wp-content\/uploads\/2021\/02\/carcassone-6.jpg","width":1023,"height":683},{"@type":"BreadcrumbList","@id":"https:\/\/tourtravelandmore.com\/es\/tours\/francia\/carcassone-es\/carcassone-actividades-es\/tour-privado-a-carcassonne-desde-sete\/#breadcrumb","itemListElement":[{"@type":"ListItem","position":1,"name":"Home","item":"https:\/\/tourtravelandmore.com\/es\/"},{"@type":"ListItem","position":2,"name":"Tours","item":"https:\/\/tourtravelandmore.com\/es\/tours\/"},{"@type":"ListItem","position":3,"name":"Tour Privado a Carcassonne desde Sete"}]},{"@type":"WebSite","@id":"https:\/\/tourtravelandmore.com\/es\/#website","url":"https:\/\/tourtravelandmore.com\/es\/","name":"Tour Travel And More","description":"Private sightseeing tours and luxury transfers in Spain","publisher":{"@id":"https:\/\/tourtravelandmore.com\/es\/#organization"},"potentialAction":[{"@type":"SearchAction","target":{"@type":"EntryPoint","urlTemplate":"https:\/\/tourtravelandmore.com\/es\/?s={search_term_string}"},"query-input":{"@type":"PropertyValueSpecification","valueRequired":true,"valueName":"search_term_string"}}],"inLanguage":"es"},{"@type":"Organization","@id":"https:\/\/tourtravelandmore.com\/es\/#organization","name":"Tour Travel And More","url":"https:\/\/tourtravelandmore.com\/es\/","logo":{"@type":"ImageObject","inLanguage":"es","@id":"https:\/\/tourtravelandmore.com\/es\/#\/schema\/logo\/image\/","url":"https:\/\/tourtravelandmore.com\/wp-content\/uploads\/2022\/12\/cropped-logo-cabecera-new.png","contentUrl":"https:\/\/tourtravelandmore.com\/wp-content\/uploads\/2022\/12\/cropped-logo-cabecera-new.png","width":430,"height":61,"caption":"Tour Travel And More"},"image":{"@id":"https:\/\/tourtravelandmore.com\/es\/#\/schema\/logo\/image\/"},"sameAs":["https:\/\/www.facebook.com\/tourtravelandmore\/","https:\/\/x.com\/TourTravel_More"]}]}},"_links":{"self":[{"href":"https:\/\/tourtravelandmore.com\/es\/wp-json\/wp\/v2\/product\/102403","targetHints":{"allow":["GET"]}}],"collection":[{"href":"https:\/\/tourtravelandmore.com\/es\/wp-json\/wp\/v2\/product"}],"about":[{"href":"https:\/\/tourtravelandmore.com\/es\/wp-json\/wp\/v2\/types\/product"}],"replies":[{"embeddable":true,"href":"https:\/\/tourtravelandmore.com\/es\/wp-json\/wp\/v2\/comments?post=102403"}],"wp:featuredmedia":[{"embeddable":true,"href":"https:\/\/tourtravelandmore.com\/es\/wp-json\/wp\/v2\/media\/99825"}],"wp:attachment":[{"href":"https:\/\/tourtravelandmore.com\/es\/wp-json\/wp\/v2\/media?parent=102403"}],"wp:term":[{"taxonomy":"product_brand","embeddable":true,"href":"https:\/\/tourtravelandmore.com\/es\/wp-json\/wp\/v2\/product_brand?post=102403"},{"taxonomy":"product_cat","embeddable":true,"href":"https:\/\/tourtravelandmore.com\/es\/wp-json\/wp\/v2\/product_cat?post=102403"},{"taxonomy":"product_tag","embeddable":true,"href":"https:\/\/tourtravelandmore.com\/es\/wp-json\/wp\/v2\/product_tag?post=102403"}],"curies":[{"name":"wp","href":"https:\/\/api.w.org\/{rel}","templated":true}]}}