{"id":102348,"date":"2021-03-11T10:39:39","date_gmt":"2021-03-11T09:39:39","guid":{"rendered":"https:\/\/tourtravelandmore.com\/?post_type=product&#038;p=102348"},"modified":"2022-10-11T17:35:27","modified_gmt":"2022-10-11T15:35:27","slug":"tour-privado-a-pie-por-saint-malo","status":"publish","type":"product","link":"https:\/\/tourtravelandmore.com\/es\/tours\/francia\/stmalo-sp\/tour-privado-a-pie-por-saint-malo\/","title":{"rendered":"Tour Privado a pie por Saint Malo"},"content":{"rendered":"<h2>Descripci\u00f3n del Tour Privado a pie por Saint Malo<\/h2>\n<p>Disfrute de este <strong>Tour Privado a pie por Saint Malo<\/strong> de 3 horas. Saint Malo se encuentra en La Bretagne, en la costa del Canal de la Mancha, y es un puerto hist\u00f3rico. Es una ciudad amurallada con una historia tan hermosa y larga. Saint Malo es una famosa parada portuaria.<\/p>\n<p>Deje que nuestro gu\u00eda tur\u00edstico oficial privado lo lleve en este recorrido a pie de 3 horas para conocer los monumentos y sitios m\u00e1s importantes de Saint Malo. Saint malo tiene una arquitectura romana y g\u00f3tica y unas impresionantes vistas al mar. Deje que nuestro gu\u00eda privado le brinde todo su conocimiento de esta ubicaci\u00f3n \u00fanica.<\/p>\n<p>Conozca los restos de la Segunda Guerra Mundial, los sitios incre\u00edbles y todos los tesoros escondidos que Saint Malo tiene para ofrecer a todos. Nuestro gu\u00eda tur\u00edstico privado est\u00e1 a su disposici\u00f3n y todos nuestros gu\u00edas son siempre gu\u00edas tur\u00edsticos oficiales.<\/p>\n<p>Si est\u00e1 en su crucero y se detiene en el puerto de cruceros de Saint Malo, tambi\u00e9n podemos organizar un recorrido privado a pie por usted.<\/p>\n<p>Este es un tour privado a pie por Saint Malo y podemos adaptar el itinerario a sus necesidades espec\u00edficas.<\/p>\n<h2>Puntos emblem\u00e1ticos y de inter\u00e9s en el Tour Privado a pie por Saint Malo<\/h2>\n<p>En primer lugar, se encontrar\u00e1 con su gu\u00eda oficial privado en un lugar c\u00e9ntrico de Saint Malo. En caso de que llegue en crucero, tambi\u00e9n podemos gestionar la recogida desde all\u00ed.<\/p>\n<p>\u00a1Realice este recorrido a pie privado de 3 horas con nuestro gu\u00eda oficial para conocer la ciudad de los piratas!<\/p>\n<p>Aqu\u00ed hay algunos ejemplos de lo que ver\u00e1 durante su recorrido a pie:<\/p>\n<ul>\n<li><strong>Muros de Saint Malo<\/strong><\/li>\n<li><strong>Casco antiguo de Saint Malo: hermosas calles empedradas y un gran encanto para pasear<\/strong><\/li>\n<li><strong>Plage du Sillon<\/strong><\/li>\n<li><strong>Ch\u00e2teau de Saint Malo<\/strong><\/li>\n<li><strong>Param\u00e9 &#8211; distrito \u00fanico al lado de la Place du Sillon<\/strong><\/li>\n<li><strong>Fort nacional<\/strong><\/li>\n<\/ul>\n<p>Saint Malo es una ciudad \u00fanica y deje que nuestro gu\u00eda le permita disfrutar de toda la historia y las gemas escondidas durante este recorrido privado a pie.<\/p>\n<p><a href=\"https:\/\/tourtravelandmore.com\/es\/ciudad\/francia\/\">Mire aqu\u00ed todos nuestros tours y experiencias privadas en Francia.<\/a><\/p>\n","protected":false},"excerpt":{"rendered":"<p>Acomp\u00e1\u00f1enos a conocer una de las ciudades m\u00e1s lindas e hist\u00f3ricas de Francia con nuestro Tour Privado a pie por Saint Malo con gu\u00eda oficial.<\/p>\n","protected":false},"featured_media":102366,"comment_status":"open","ping_status":"closed","template":"","meta":{"_acf_changed":false},"product_brand":[],"product_cat":[1592,3620],"product_tag":[],"class_list":{"0":"post-102348","1":"product","2":"type-product","3":"status-publish","4":"has-post-thumbnail","6":"product_cat-francia","7":"product_cat-stmalo-sp","9":"first","10":"instock","11":"shipping-taxable","12":"purchasable","13":"product-type-simple"},"acf":[],"yoast_head":"<!-- This site is optimized with the Yoast SEO Premium plugin v25.3.1 (Yoast SEO v25.3.1) - https:\/\/yoast.com\/wordpress\/plugins\/seo\/ -->\n<title>\u27a1\ufe0f Tour Privado a pie por Saint Malo con gu\u00eda profesional local | Tour Travel &amp; More<\/title>\n<meta name=\"description\" content=\"Acomp\u00e1\u00f1enos a conocer una de las ciudades m\u00e1s lindas e hist\u00f3ricas de Francia con nuestro Tour Privado a pie por Saint Malo con gu\u00eda oficial \u2705\" \/>\n<meta name=\"robots\" content=\"index, follow, max-snippet:-1, max-image-preview:large, max-video-preview:-1\" \/>\n<link rel=\"canonical\" href=\"https:\/\/tourtravelandmore.com\/es\/tours\/francia\/stmalo-sp\/tour-privado-a-pie-por-saint-malo\/\" \/>\n<meta property=\"og:locale\" content=\"es_ES\" \/>\n<meta property=\"og:type\" content=\"article\" \/>\n<meta property=\"og:title\" content=\"Tour Privado a pie por Saint Malo\" \/>\n<meta property=\"og:description\" content=\"Acomp\u00e1\u00f1enos a conocer una de las ciudades m\u00e1s lindas e hist\u00f3ricas de Francia con nuestro Tour Privado a pie por Saint Malo con gu\u00eda oficial \u2705\" \/>\n<meta property=\"og:url\" content=\"https:\/\/tourtravelandmore.com\/es\/tours\/francia\/stmalo-sp\/tour-privado-a-pie-por-saint-malo\/\" \/>\n<meta property=\"og:site_name\" content=\"Tour Travel And More\" \/>\n<meta property=\"article:publisher\" content=\"https:\/\/www.facebook.com\/tourtravelandmore\/\" \/>\n<meta property=\"article:modified_time\" content=\"2022-10-11T15:35:27+00:00\" \/>\n<meta property=\"og:image\" content=\"https:\/\/tourtravelandmore.com\/wp-content\/uploads\/2021\/03\/saint-malo-1-scaled.jpg\" \/>\n\t<meta property=\"og:image:width\" content=\"2560\" \/>\n\t<meta property=\"og:image:height\" content=\"1707\" \/>\n\t<meta property=\"og:image:type\" content=\"image\/jpeg\" \/>\n<meta name=\"twitter:card\" content=\"summary_large_image\" \/>\n<meta name=\"twitter:site\" content=\"@TourTravel_More\" \/>\n<meta name=\"twitter:label1\" content=\"Tiempo de lectura\" \/>\n\t<meta name=\"twitter:data1\" content=\"2 minutos\" \/>\n<script type=\"application\/ld+json\" class=\"yoast-schema-graph\">{\"@context\":\"https:\/\/schema.org\",\"@graph\":[{\"@type\":\"WebPage\",\"@id\":\"https:\/\/tourtravelandmore.com\/es\/tours\/francia\/stmalo-sp\/tour-privado-a-pie-por-saint-malo\/\",\"url\":\"https:\/\/tourtravelandmore.com\/es\/tours\/francia\/stmalo-sp\/tour-privado-a-pie-por-saint-malo\/\",\"name\":\"\u27a1\ufe0f Tour Privado a pie por Saint Malo con gu\u00eda profesional local | Tour Travel & More\",\"isPartOf\":{\"@id\":\"https:\/\/tourtravelandmore.com\/es\/#website\"},\"primaryImageOfPage\":{\"@id\":\"https:\/\/tourtravelandmore.com\/es\/tours\/francia\/stmalo-sp\/tour-privado-a-pie-por-saint-malo\/#primaryimage\"},\"image\":{\"@id\":\"https:\/\/tourtravelandmore.com\/es\/tours\/francia\/stmalo-sp\/tour-privado-a-pie-por-saint-malo\/#primaryimage\"},\"thumbnailUrl\":\"https:\/\/tourtravelandmore.com\/wp-content\/uploads\/2021\/03\/saint-malo-1-scaled.jpg\",\"datePublished\":\"2021-03-11T09:39:39+00:00\",\"dateModified\":\"2022-10-11T15:35:27+00:00\",\"description\":\"Acomp\u00e1\u00f1enos a conocer una de las ciudades m\u00e1s lindas e hist\u00f3ricas de Francia con nuestro Tour Privado a pie por Saint Malo con gu\u00eda oficial \u2705\",\"breadcrumb\":{\"@id\":\"https:\/\/tourtravelandmore.com\/es\/tours\/francia\/stmalo-sp\/tour-privado-a-pie-por-saint-malo\/#breadcrumb\"},\"inLanguage\":\"es\",\"potentialAction\":[{\"@type\":\"ReadAction\",\"target\":[\"https:\/\/tourtravelandmore.com\/es\/tours\/francia\/stmalo-sp\/tour-privado-a-pie-por-saint-malo\/\"]}]},{\"@type\":\"ImageObject\",\"inLanguage\":\"es\",\"@id\":\"https:\/\/tourtravelandmore.com\/es\/tours\/francia\/stmalo-sp\/tour-privado-a-pie-por-saint-malo\/#primaryimage\",\"url\":\"https:\/\/tourtravelandmore.com\/wp-content\/uploads\/2021\/03\/saint-malo-1-scaled.jpg\",\"contentUrl\":\"https:\/\/tourtravelandmore.com\/wp-content\/uploads\/2021\/03\/saint-malo-1-scaled.jpg\",\"width\":2560,\"height\":1707,\"caption\":\"The castle of Saint-Malo (Brittany, France) seen from the Sillon.\"},{\"@type\":\"BreadcrumbList\",\"@id\":\"https:\/\/tourtravelandmore.com\/es\/tours\/francia\/stmalo-sp\/tour-privado-a-pie-por-saint-malo\/#breadcrumb\",\"itemListElement\":[{\"@type\":\"ListItem\",\"position\":1,\"name\":\"Home\",\"item\":\"https:\/\/tourtravelandmore.com\/es\/\"},{\"@type\":\"ListItem\",\"position\":2,\"name\":\"Tours\",\"item\":\"https:\/\/tourtravelandmore.com\/es\/tours\/\"},{\"@type\":\"ListItem\",\"position\":3,\"name\":\"Tour Privado a pie por Saint Malo\"}]},{\"@type\":\"WebSite\",\"@id\":\"https:\/\/tourtravelandmore.com\/es\/#website\",\"url\":\"https:\/\/tourtravelandmore.com\/es\/\",\"name\":\"Tour Travel And More\",\"description\":\"Private sightseeing tours and luxury transfers in Spain\",\"publisher\":{\"@id\":\"https:\/\/tourtravelandmore.com\/es\/#organization\"},\"potentialAction\":[{\"@type\":\"SearchAction\",\"target\":{\"@type\":\"EntryPoint\",\"urlTemplate\":\"https:\/\/tourtravelandmore.com\/es\/?s={search_term_string}\"},\"query-input\":{\"@type\":\"PropertyValueSpecification\",\"valueRequired\":true,\"valueName\":\"search_term_string\"}}],\"inLanguage\":\"es\"},{\"@type\":\"Organization\",\"@id\":\"https:\/\/tourtravelandmore.com\/es\/#organization\",\"name\":\"Tour Travel And More\",\"url\":\"https:\/\/tourtravelandmore.com\/es\/\",\"logo\":{\"@type\":\"ImageObject\",\"inLanguage\":\"es\",\"@id\":\"https:\/\/tourtravelandmore.com\/es\/#\/schema\/logo\/image\/\",\"url\":\"https:\/\/tourtravelandmore.com\/wp-content\/uploads\/2022\/12\/cropped-logo-cabecera-new.png\",\"contentUrl\":\"https:\/\/tourtravelandmore.com\/wp-content\/uploads\/2022\/12\/cropped-logo-cabecera-new.png\",\"width\":430,\"height\":61,\"caption\":\"Tour Travel And More\"},\"image\":{\"@id\":\"https:\/\/tourtravelandmore.com\/es\/#\/schema\/logo\/image\/\"},\"sameAs\":[\"https:\/\/www.facebook.com\/tourtravelandmore\/\",\"https:\/\/x.com\/TourTravel_More\"]}]}<\/script>\n<!-- \/ Yoast SEO Premium plugin. -->","yoast_head_json":{"title":"\u27a1\ufe0f Tour Privado a pie por Saint Malo con gu\u00eda profesional local | Tour Travel & More","description":"Acomp\u00e1\u00f1enos a conocer una de las ciudades m\u00e1s lindas e hist\u00f3ricas de Francia con nuestro Tour Privado a pie por Saint Malo con gu\u00eda oficial \u2705","robots":{"index":"index","follow":"follow","max-snippet":"max-snippet:-1","max-image-preview":"max-image-preview:large","max-video-preview":"max-video-preview:-1"},"canonical":"https:\/\/tourtravelandmore.com\/es\/tours\/francia\/stmalo-sp\/tour-privado-a-pie-por-saint-malo\/","og_locale":"es_ES","og_type":"article","og_title":"Tour Privado a pie por Saint Malo","og_description":"Acomp\u00e1\u00f1enos a conocer una de las ciudades m\u00e1s lindas e hist\u00f3ricas de Francia con nuestro Tour Privado a pie por Saint Malo con gu\u00eda oficial \u2705","og_url":"https:\/\/tourtravelandmore.com\/es\/tours\/francia\/stmalo-sp\/tour-privado-a-pie-por-saint-malo\/","og_site_name":"Tour Travel And More","article_publisher":"https:\/\/www.facebook.com\/tourtravelandmore\/","article_modified_time":"2022-10-11T15:35:27+00:00","og_image":[{"width":2560,"height":1707,"url":"https:\/\/tourtravelandmore.com\/wp-content\/uploads\/2021\/03\/saint-malo-1-scaled.jpg","type":"image\/jpeg"}],"twitter_card":"summary_large_image","twitter_site":"@TourTravel_More","twitter_misc":{"Tiempo de lectura":"2 minutos"},"schema":{"@context":"https:\/\/schema.org","@graph":[{"@type":"WebPage","@id":"https:\/\/tourtravelandmore.com\/es\/tours\/francia\/stmalo-sp\/tour-privado-a-pie-por-saint-malo\/","url":"https:\/\/tourtravelandmore.com\/es\/tours\/francia\/stmalo-sp\/tour-privado-a-pie-por-saint-malo\/","name":"\u27a1\ufe0f Tour Privado a pie por Saint Malo con gu\u00eda profesional local | Tour Travel & More","isPartOf":{"@id":"https:\/\/tourtravelandmore.com\/es\/#website"},"primaryImageOfPage":{"@id":"https:\/\/tourtravelandmore.com\/es\/tours\/francia\/stmalo-sp\/tour-privado-a-pie-por-saint-malo\/#primaryimage"},"image":{"@id":"https:\/\/tourtravelandmore.com\/es\/tours\/francia\/stmalo-sp\/tour-privado-a-pie-por-saint-malo\/#primaryimage"},"thumbnailUrl":"https:\/\/tourtravelandmore.com\/wp-content\/uploads\/2021\/03\/saint-malo-1-scaled.jpg","datePublished":"2021-03-11T09:39:39+00:00","dateModified":"2022-10-11T15:35:27+00:00","description":"Acomp\u00e1\u00f1enos a conocer una de las ciudades m\u00e1s lindas e hist\u00f3ricas de Francia con nuestro Tour Privado a pie por Saint Malo con gu\u00eda oficial \u2705","breadcrumb":{"@id":"https:\/\/tourtravelandmore.com\/es\/tours\/francia\/stmalo-sp\/tour-privado-a-pie-por-saint-malo\/#breadcrumb"},"inLanguage":"es","potentialAction":[{"@type":"ReadAction","target":["https:\/\/tourtravelandmore.com\/es\/tours\/francia\/stmalo-sp\/tour-privado-a-pie-por-saint-malo\/"]}]},{"@type":"ImageObject","inLanguage":"es","@id":"https:\/\/tourtravelandmore.com\/es\/tours\/francia\/stmalo-sp\/tour-privado-a-pie-por-saint-malo\/#primaryimage","url":"https:\/\/tourtravelandmore.com\/wp-content\/uploads\/2021\/03\/saint-malo-1-scaled.jpg","contentUrl":"https:\/\/tourtravelandmore.com\/wp-content\/uploads\/2021\/03\/saint-malo-1-scaled.jpg","width":2560,"height":1707,"caption":"The castle of Saint-Malo (Brittany, France) seen from the Sillon."},{"@type":"BreadcrumbList","@id":"https:\/\/tourtravelandmore.com\/es\/tours\/francia\/stmalo-sp\/tour-privado-a-pie-por-saint-malo\/#breadcrumb","itemListElement":[{"@type":"ListItem","position":1,"name":"Home","item":"https:\/\/tourtravelandmore.com\/es\/"},{"@type":"ListItem","position":2,"name":"Tours","item":"https:\/\/tourtravelandmore.com\/es\/tours\/"},{"@type":"ListItem","position":3,"name":"Tour Privado a pie por Saint Malo"}]},{"@type":"WebSite","@id":"https:\/\/tourtravelandmore.com\/es\/#website","url":"https:\/\/tourtravelandmore.com\/es\/","name":"Tour Travel And More","description":"Private sightseeing tours and luxury transfers in Spain","publisher":{"@id":"https:\/\/tourtravelandmore.com\/es\/#organization"},"potentialAction":[{"@type":"SearchAction","target":{"@type":"EntryPoint","urlTemplate":"https:\/\/tourtravelandmore.com\/es\/?s={search_term_string}"},"query-input":{"@type":"PropertyValueSpecification","valueRequired":true,"valueName":"search_term_string"}}],"inLanguage":"es"},{"@type":"Organization","@id":"https:\/\/tourtravelandmore.com\/es\/#organization","name":"Tour Travel And More","url":"https:\/\/tourtravelandmore.com\/es\/","logo":{"@type":"ImageObject","inLanguage":"es","@id":"https:\/\/tourtravelandmore.com\/es\/#\/schema\/logo\/image\/","url":"https:\/\/tourtravelandmore.com\/wp-content\/uploads\/2022\/12\/cropped-logo-cabecera-new.png","contentUrl":"https:\/\/tourtravelandmore.com\/wp-content\/uploads\/2022\/12\/cropped-logo-cabecera-new.png","width":430,"height":61,"caption":"Tour Travel And More"},"image":{"@id":"https:\/\/tourtravelandmore.com\/es\/#\/schema\/logo\/image\/"},"sameAs":["https:\/\/www.facebook.com\/tourtravelandmore\/","https:\/\/x.com\/TourTravel_More"]}]}},"_links":{"self":[{"href":"https:\/\/tourtravelandmore.com\/es\/wp-json\/wp\/v2\/product\/102348","targetHints":{"allow":["GET"]}}],"collection":[{"href":"https:\/\/tourtravelandmore.com\/es\/wp-json\/wp\/v2\/product"}],"about":[{"href":"https:\/\/tourtravelandmore.com\/es\/wp-json\/wp\/v2\/types\/product"}],"replies":[{"embeddable":true,"href":"https:\/\/tourtravelandmore.com\/es\/wp-json\/wp\/v2\/comments?post=102348"}],"wp:featuredmedia":[{"embeddable":true,"href":"https:\/\/tourtravelandmore.com\/es\/wp-json\/wp\/v2\/media\/102366"}],"wp:attachment":[{"href":"https:\/\/tourtravelandmore.com\/es\/wp-json\/wp\/v2\/media?parent=102348"}],"wp:term":[{"taxonomy":"product_brand","embeddable":true,"href":"https:\/\/tourtravelandmore.com\/es\/wp-json\/wp\/v2\/product_brand?post=102348"},{"taxonomy":"product_cat","embeddable":true,"href":"https:\/\/tourtravelandmore.com\/es\/wp-json\/wp\/v2\/product_cat?post=102348"},{"taxonomy":"product_tag","embeddable":true,"href":"https:\/\/tourtravelandmore.com\/es\/wp-json\/wp\/v2\/product_tag?post=102348"}],"curies":[{"name":"wp","href":"https:\/\/api.w.org\/{rel}","templated":true}]}}