{"id":102274,"date":"2021-03-11T09:11:00","date_gmt":"2021-03-11T08:11:01","guid":{"rendered":"https:\/\/tourtravelandmore.com\/?post_type=product&#038;p=102274"},"modified":"2022-09-20T04:16:33","modified_gmt":"2022-09-20T02:16:33","slug":"tour-privado-reims-y-epernay","status":"publish","type":"product","link":"https:\/\/tourtravelandmore.com\/es\/tours\/francia\/reims-sp\/todos-los-tours-privados-y-actividades-reims-sp-francia\/tour-privado-reims-y-epernay\/","title":{"rendered":"Tour privado Reims y Epernay"},"content":{"rendered":"<h2><b>Descripci\u00f3n del Tour Privado Reims y Epernay<\/b><\/h2>\n<p><span style=\"font-weight: 400;\">A solo 2 horas de Par\u00eds se encuentra la espl\u00e9ndida ciudad de Reims, la cual es conocida por ser la sede de la coronaci\u00f3n de los monarcas y una de las capitales del Champ\u00e1n.\u00a0<\/span><\/p>\n<p><span style=\"font-weight: 400;\">Muy cerca de ella est\u00e1 Epernay, en donde se encuentra la avenida que alberga a los productores de champ\u00e1n m\u00e1s reconocidos mundialmente.\u00a0<\/span><\/p>\n<p><span style=\"font-weight: 400;\">Este <\/span><b>tour privado a Reims y Epernay<\/b><span style=\"font-weight: 400;\"> est\u00e1 planificado para que vivas una <\/span><b>experiencia \u00fanica y personalizada<\/b><span style=\"font-weight: 400;\">, en la cual conocer\u00e1s toda la historia y los secretos que envuelven estas dos emblem\u00e1ticas localidades.\u00a0\u00a0<\/span><\/p>\n<p><span style=\"font-weight: 400;\">Es un r<\/span><b>ecorrido exclusivo de 4 horas en un coche privado y con un gu\u00eda oficial experto en historia y cultura<\/b><span style=\"font-weight: 400;\">. Adem\u00e1s, pasaremos a buscarte por el sitio que sea m\u00e1s c\u00f3modo para ti.\u00a0<\/span><\/p>\n<p><span style=\"font-weight: 400;\">Nuestra primera parada ser\u00e1 en Reims. All\u00ed te enamorar\u00e1s de su arquitectura medieval, que se mezcla a la perfecci\u00f3n con el Art d\u00e9co para darle un toque bohemio y muy franc\u00e9s a todo el entorno.\u00a0<\/span><\/p>\n<p><span style=\"font-weight: 400;\">Tendr\u00e1s la oportunidad de conocer la Catedral de Notre Dame, el Palacio de Tau y algunas de las bodegas de champ\u00e1n con m\u00e1s fama en el mundo.\u00a0<\/span><\/p>\n<p><span style=\"font-weight: 400;\">Luego, seguimos hasta Epernay y pasaremos por el pueblo en donde est\u00e1 enterrado el monje benedictino Dom Pierre P\u00e9rignon, quien fabric\u00f3 por primera vez el champ\u00e1n.<\/span><\/p>\n<p><span style=\"font-weight: 400;\">Tambi\u00e9n, pasear\u00e1s por la Avenue de Champagne, ver\u00e1s el edificio del Ayuntamiento y muchos otros monumentos que son espectaculares y muy atractivos.\u00a0<\/span><\/p>\n<p><span style=\"font-weight: 400;\">Solamente rel\u00e1jate y prep\u00e1rate para vivir una experiencia inolvidable que disfrutar\u00e1s por completo.\u00a0<\/span><\/p>\n<h2><b>Puntos de inter\u00e9s del <\/b><b>Tour privado Reims y Epernay<\/b><\/h2>\n<p><span style=\"font-weight: 400;\">Conocer\u00e1s Reims, Epernay y la zona de Vi\u00f1as de una forma \u00fanica y personalizada. Este tour privado hacia el coraz\u00f3n del champ\u00e1n es perfecto para alejarte del estr\u00e9s y dejarte llevar por el placer de recorrer la regi\u00f3n de Gran Este para admirar sus incre\u00edbles vi\u00f1edos.\u00a0<\/span><\/p>\n<p><span style=\"font-weight: 400;\">Iniciaremos el tour privado en el sitio acordado para trasladarnos a estas magn\u00edficas ciudades:\u00a0<\/span><\/p>\n<h3><span style=\"color: #d3af37;\"><b>Reims<\/b><\/span><\/h3>\n<p><span style=\"font-weight: 400;\">Los grandes acontecimientos que vivieron los reyes franceses le dieron mucha vida y car\u00e1cter a esta ciudad, cuya historia se remonta a unos 2.000 a\u00f1os atr\u00e1s. De hecho, en esta ciudad ocurrieron todas las coronaciones de los monarcas de Francia.\u00a0<\/span><\/p>\n<p><span style=\"font-weight: 400;\">Igualmente, el paso del imperio romano dej\u00f3 imborrables huellas en esta metr\u00f3poli, puesto que era una de las ciudades m\u00e1s importantes del pa\u00eds durante la era antigua y medieval.\u00a0<\/span><\/p>\n<p><span style=\"font-weight: 400;\">En ella se mezclan de forma muy arm\u00f3nica la arquitectura g\u00f3tica con el estilo Art Dec\u00f3.<\/span><\/p>\n<p><span style=\"font-weight: 400;\">Adem\u00e1s, su riqueza no solo se concentra en sus monumentos y edificios, sino que cuenta con cientos de galer\u00edas de piedra caliza excavadas bajo su suelo, las cuales albergan millones de botellas de los champanes m\u00e1s prestigiosos del mundo.\u00a0<\/span><\/p>\n<p><span style=\"font-weight: 400;\">Explora sus calles y descubre todos los tesoros que ofrece la \u201ccapital de los monarcas\u201d, puesto que ir\u00e1s en compa\u00f1\u00eda de un gu\u00eda privado que te dar\u00e1 a conocer los datos m\u00e1s importantes de los lugares que visites.\u00a0<\/span><\/p>\n<p><span style=\"font-weight: 400;\">Dentro de los puntos de inter\u00e9s que descubrir\u00e1s, est\u00e1n los siguientes:\u00a0<\/span><\/p>\n<h3><span style=\"color: #d3af37;\"><b>La Catedral de Reims<\/b><\/span><\/h3>\n<p><span style=\"font-weight: 400;\">Esta magn\u00edfica <\/span><b>catedral de estilo g\u00f3tico<\/b><span style=\"font-weight: 400;\"> fue una de las primeras que se construyeron en Francia durante el medioevo. Adem\u00e1s, ha sido la sede de las coronaciones de los reyes franceses por casi un milenio.\u00a0<\/span><\/p>\n<p><span style=\"font-weight: 400;\">Tambi\u00e9n, en ese recinto ocurri\u00f3 la coronaci\u00f3n de Carlos VII, en cuyo acto estaba la hero\u00edna Juana de Arco.\u00a0<\/span><\/p>\n<p><span style=\"font-weight: 400;\">En la catedral podr\u00e1s admirar sus vidrieras y algunas estatuas ubicadas en el exterior. Adem\u00e1s, ver\u00e1s la famosa escultura \u201cel \u00c1ngel de la sonrisa\u201d creada por Marc Chagall. Pero lo m\u00e1s imponente es su fachada g\u00f3tica, la cual es digna de muchas fotograf\u00edas para postales.\u00a0<\/span><\/p>\n<h3><span style=\"color: #d3af37;\"><b>El Palacio de Tau\u00a0<\/b><\/span><\/h3>\n<p><span style=\"font-weight: 400;\">La Catedral de Notre Dame de Reims y el Palacio de Tau se encuentran ligados por la historia, puesto que en ese palacio los reyes que iban a ser coronados se alojaban para prepararse antes del acto solemne.\u00a0<\/span><\/p>\n<p><span style=\"font-weight: 400;\">En la actualidad es un museo que alberga distintas colecciones de la realeza. Por eso, es un lugar fascinante que debes conocer.\u00a0<\/span><\/p>\n<h3><span style=\"color: #d3af37;\"><b>Le Place du Forum<\/b><\/span><\/h3>\n<p><span style=\"font-weight: 400;\">En la plaza del f\u00f3rum te vas a encontrar con algunos restos de la arquitectura romana, que recuerda la influencia que tuvo esa civilizaci\u00f3n en Francia.\u00a0<\/span><\/p>\n<p><span style=\"font-weight: 400;\">En esa zona tambi\u00e9n ver\u00e1s muchas galer\u00edas, edificios de Art d\u00e9co y otras construcciones que destacan por su singular belleza.\u00a0<\/span><\/p>\n<h3><span style=\"color: #d3af37;\"><b>Famosas casas de champ\u00e1n<\/b><\/span><\/h3>\n<p><span style=\"font-weight: 400;\">Si eres de los amantes del champ\u00e1n, esta excursi\u00f3n te permitir\u00e1 conocer las famosas casas de champ\u00e1n de Reims.\u00a0\u00a0<\/span><\/p>\n<p><span style=\"font-weight: 400;\">Lo m\u00e1s llamativo de este paseo es que sus galer\u00edas est\u00e1n bajo la ciudad y se extienden por m\u00e1s de 250 kil\u00f3metros. Estas bodegas albergan la campa\u00f1a m\u00e1s burbujeante del mundo.\u00a0<\/span><\/p>\n<p><span style=\"font-weight: 400;\">En las casas de champ\u00e1n explorar\u00e1s las herramientas y t\u00e9cnicas que se utilizan para la producci\u00f3n de esta bebida, as\u00ed como las marcas m\u00e1s famosas de champa\u00f1a a nivel internacional. Obviamente, no pod\u00eda faltar el espacio para la degustaci\u00f3n.\u00a0<\/span><\/p>\n<h3><span style=\"color: #d3af37;\"><b>Villa Demoiselle<\/b><\/span><\/h3>\n<p><span style=\"font-weight: 400;\">Este imponente edificio hecho en la Belle \u00c9poque se mezcla muy bien con el estilo g\u00f3tico de Reims.\u00a0<\/span><\/p>\n<p><span style=\"font-weight: 400;\">Pertenece a los propietarios de los champanes de Pommery, y es un lugar que impresiona por cada uno de los detalles en su estructura.\u00a0<\/span><\/p>\n<p><span style=\"font-weight: 400;\">Adem\u00e1s de otros puntos de inter\u00e9s como:<\/span><\/p>\n<ul>\n<li><b>Fort de la Pompelle<\/b><\/li>\n<li><b>Las ruinas de Porte de Mars.<\/b><\/li>\n<li><b>La Bas\u00edlica de Saint Remi.\u00a0<\/b><\/li>\n<li><b>Biblioteca Carnegie, entre muchos otros.<\/b><b><\/b><\/li>\n<\/ul>\n<p><span style=\"font-weight: 400;\">Ten en cuenta que Reims cuenta con varios monumentos que son Patrimonio de la Humanidad de la Unesco, y los conocer\u00e1s en esta visita guiada.\u00a0<\/span><\/p>\n<h3><span style=\"color: #d3af37;\"><b>Epernay<\/b><\/span><\/h3>\n<p><span style=\"font-weight: 400;\">Sin duda alguna, Epernay es una visita obligada para quienes disfrutan de un buen champ\u00e1n. Se trata de la ciudad cuna de esta emblem\u00e1tica bebida espumosa y en donde se encuentran las casas de vino m\u00e1s famosas del mundo.\u00a0<\/span><\/p>\n<p><span style=\"font-weight: 400;\">Adem\u00e1s, su paisaje se comprende de laderas con incontables vi\u00f1as, que son simplemente impresionantes.\u00a0<\/span><\/p>\n<p><span style=\"font-weight: 400;\">Son muchas las cosas que ver y hacer en Epernay, como recorrer la Avenida de Champagne, en cuyas profundidades est\u00e1n las bodegas y cavas de las mejores casas de vino como Mo\u00ebt &amp; Chandon y Perrier-Jou\u00ebt, entre muchas otras.\u00a0<\/span><\/p>\n<p><span style=\"font-weight: 400;\">Tambi\u00e9n ver\u00e1s De Castellane, la cual es una majestuosa edificaci\u00f3n en la que funciona el Museo de Tradici\u00f3n de la Champa\u00f1a. Conocer\u00e1s el edificio del ayuntamiento y sus hermosos jardines, y otros lugares de gran atractivo, como por ejemplo:\u00a0<\/span><\/p>\n<ul>\n<li><b>La mansi\u00f3n Ch\u00e2teau Perrier.\u00a0<\/b><\/li>\n<li><b>El Th\u00e9\u00e2tre Gabrielle-Dorziat.<\/b><\/li>\n<li><b>Portail Saint-Martin.<\/b><\/li>\n<li><b>La ruta del champ\u00e1n, entre muchos otros lugares incre\u00edbles.\u00a0<\/b><\/li>\n<\/ul>\n<p><span style=\"font-weight: 400;\">Al finalizar, te llevaremos de vuelta al punto acordado.<\/span><\/p>\n<p><span style=\"font-weight: 400;\">Recuerda que si est\u00e1s en Par\u00eds, puedes incorporar a tu itinerario un <\/span><b><a href=\"https:\/\/tourtravelandmore.com\/es\/tours\/francia\/reims-sp\/todos-los-tours-privados-y-actividades-reims-sp-francia\/tour-privado-a-las-mejores-bodegas-de-champan-desde-paris-en-coche\/\">tour privado a las mejores Bodegas de champ\u00e1n desde Par\u00eds en coche<\/a>. <\/b><span style=\"font-weight: 400;\">Esa ser\u00e1 una manera muy c\u00f3moda de aprender todo sobre la fabricaci\u00f3n del champ\u00e1n y de degustar una copa de esta exquisita bebida. <\/span><\/p>\n","protected":false},"excerpt":{"rendered":"<p><span style=\"font-weight: 400;\">Aprovecha tu tiempo en Francia y visita las emblem\u00e1ticas ciudades de Reims y Epernay en un tour privado que te llevar\u00e1 al coraz\u00f3n de la regi\u00f3n de la Champa\u00f1a. Ver\u00e1s de cerca la impresionante arquitectura de Reims, la avenida champ\u00e1n de Epernay\u00a0 y los vi\u00f1edos m\u00e1s reconocidos del mundo. Pero lo mejor es que todo el recorrido ser\u00e1 en un coche de lujo y con un gu\u00eda privado. <\/span><\/p>\n","protected":false},"featured_media":118289,"comment_status":"open","ping_status":"closed","template":"","meta":{"_acf_changed":false},"product_brand":[],"product_cat":[1592,3617,4047,4046],"product_tag":[],"class_list":{"0":"post-102274","1":"product","2":"type-product","3":"status-publish","4":"has-post-thumbnail","6":"product_cat-francia","7":"product_cat-reims-sp","8":"product_cat-excursiones-privadas-reims-sp-francia","9":"product_cat-todos-los-tours-privados-y-actividades-reims-sp-francia","11":"first","12":"instock","13":"shipping-taxable","14":"purchasable","15":"product-type-simple"},"acf":[],"yoast_head":"<!-- This site is optimized with the Yoast SEO Premium plugin v25.3.1 (Yoast SEO v25.3.1) - https:\/\/yoast.com\/wordpress\/plugins\/seo\/ -->\n<title>\u27a1\ufe0f Tour privado Reims y Epernay con gu\u00eda privado y en un coche exclusivo de lujo | Tour Travel &amp; More<\/title>\n<meta name=\"description\" content=\"Vive el placer de recorrer las dos capitales del champ\u00e1n con el tour privado Reims y Epernay para explorar los vi\u00f1edos m\u00e1s impresionantes y la cuna del vino espumoso m\u00e1s famoso del mundo. \u2705\" \/>\n<meta name=\"robots\" content=\"index, follow, max-snippet:-1, max-image-preview:large, max-video-preview:-1\" \/>\n<link rel=\"canonical\" href=\"https:\/\/tourtravelandmore.com\/es\/tours\/francia\/reims-sp\/todos-los-tours-privados-y-actividades-reims-sp-francia\/tour-privado-reims-y-epernay\/\" \/>\n<meta property=\"og:locale\" content=\"es_ES\" \/>\n<meta property=\"og:type\" content=\"article\" \/>\n<meta property=\"og:title\" content=\"Tour privado Reims y Epernay\" \/>\n<meta property=\"og:description\" content=\"Vive el placer de recorrer las dos capitales del champ\u00e1n con el tour privado Reims y Epernay para explorar los vi\u00f1edos m\u00e1s impresionantes y la cuna del vino espumoso m\u00e1s famoso del mundo. \u2705\" \/>\n<meta property=\"og:url\" content=\"https:\/\/tourtravelandmore.com\/es\/tours\/francia\/reims-sp\/todos-los-tours-privados-y-actividades-reims-sp-francia\/tour-privado-reims-y-epernay\/\" \/>\n<meta property=\"og:site_name\" content=\"Tour Travel And More\" \/>\n<meta property=\"article:publisher\" content=\"https:\/\/www.facebook.com\/tourtravelandmore\/\" \/>\n<meta property=\"article:modified_time\" content=\"2022-09-20T02:16:33+00:00\" \/>\n<meta property=\"og:image\" content=\"https:\/\/tourtravelandmore.com\/wp-content\/uploads\/2021\/03\/Untitled-design-7.jpg\" \/>\n\t<meta property=\"og:image:width\" content=\"900\" \/>\n\t<meta property=\"og:image:height\" content=\"680\" \/>\n\t<meta property=\"og:image:type\" content=\"image\/jpeg\" \/>\n<meta name=\"twitter:card\" content=\"summary_large_image\" \/>\n<meta name=\"twitter:site\" content=\"@TourTravel_More\" \/>\n<meta name=\"twitter:label1\" content=\"Tiempo de lectura\" \/>\n\t<meta name=\"twitter:data1\" content=\"2 minutos\" \/>\n<script type=\"application\/ld+json\" class=\"yoast-schema-graph\">{\"@context\":\"https:\/\/schema.org\",\"@graph\":[{\"@type\":\"WebPage\",\"@id\":\"https:\/\/tourtravelandmore.com\/es\/tours\/francia\/reims-sp\/todos-los-tours-privados-y-actividades-reims-sp-francia\/tour-privado-reims-y-epernay\/\",\"url\":\"https:\/\/tourtravelandmore.com\/es\/tours\/francia\/reims-sp\/todos-los-tours-privados-y-actividades-reims-sp-francia\/tour-privado-reims-y-epernay\/\",\"name\":\"\u27a1\ufe0f Tour privado Reims y Epernay con gu\u00eda privado y en un coche exclusivo de lujo | Tour Travel & More\",\"isPartOf\":{\"@id\":\"https:\/\/tourtravelandmore.com\/es\/#website\"},\"primaryImageOfPage\":{\"@id\":\"https:\/\/tourtravelandmore.com\/es\/tours\/francia\/reims-sp\/todos-los-tours-privados-y-actividades-reims-sp-francia\/tour-privado-reims-y-epernay\/#primaryimage\"},\"image\":{\"@id\":\"https:\/\/tourtravelandmore.com\/es\/tours\/francia\/reims-sp\/todos-los-tours-privados-y-actividades-reims-sp-francia\/tour-privado-reims-y-epernay\/#primaryimage\"},\"thumbnailUrl\":\"https:\/\/tourtravelandmore.com\/wp-content\/uploads\/2021\/03\/Untitled-design-7.jpg\",\"datePublished\":\"2021-03-11T08:11:01+00:00\",\"dateModified\":\"2022-09-20T02:16:33+00:00\",\"description\":\"Vive el placer de recorrer las dos capitales del champ\u00e1n con el tour privado Reims y Epernay para explorar los vi\u00f1edos m\u00e1s impresionantes y la cuna del vino espumoso m\u00e1s famoso del mundo. \u2705\",\"breadcrumb\":{\"@id\":\"https:\/\/tourtravelandmore.com\/es\/tours\/francia\/reims-sp\/todos-los-tours-privados-y-actividades-reims-sp-francia\/tour-privado-reims-y-epernay\/#breadcrumb\"},\"inLanguage\":\"es\",\"potentialAction\":[{\"@type\":\"ReadAction\",\"target\":[\"https:\/\/tourtravelandmore.com\/es\/tours\/francia\/reims-sp\/todos-los-tours-privados-y-actividades-reims-sp-francia\/tour-privado-reims-y-epernay\/\"]}]},{\"@type\":\"ImageObject\",\"inLanguage\":\"es\",\"@id\":\"https:\/\/tourtravelandmore.com\/es\/tours\/francia\/reims-sp\/todos-los-tours-privados-y-actividades-reims-sp-francia\/tour-privado-reims-y-epernay\/#primaryimage\",\"url\":\"https:\/\/tourtravelandmore.com\/wp-content\/uploads\/2021\/03\/Untitled-design-7.jpg\",\"contentUrl\":\"https:\/\/tourtravelandmore.com\/wp-content\/uploads\/2021\/03\/Untitled-design-7.jpg\",\"width\":900,\"height\":680},{\"@type\":\"BreadcrumbList\",\"@id\":\"https:\/\/tourtravelandmore.com\/es\/tours\/francia\/reims-sp\/todos-los-tours-privados-y-actividades-reims-sp-francia\/tour-privado-reims-y-epernay\/#breadcrumb\",\"itemListElement\":[{\"@type\":\"ListItem\",\"position\":1,\"name\":\"Home\",\"item\":\"https:\/\/tourtravelandmore.com\/es\/\"},{\"@type\":\"ListItem\",\"position\":2,\"name\":\"Tours\",\"item\":\"https:\/\/tourtravelandmore.com\/es\/tours\/\"},{\"@type\":\"ListItem\",\"position\":3,\"name\":\"Tour privado Reims y Epernay\"}]},{\"@type\":\"WebSite\",\"@id\":\"https:\/\/tourtravelandmore.com\/es\/#website\",\"url\":\"https:\/\/tourtravelandmore.com\/es\/\",\"name\":\"Tour Travel And More\",\"description\":\"Private sightseeing tours and luxury transfers in Spain\",\"publisher\":{\"@id\":\"https:\/\/tourtravelandmore.com\/es\/#organization\"},\"potentialAction\":[{\"@type\":\"SearchAction\",\"target\":{\"@type\":\"EntryPoint\",\"urlTemplate\":\"https:\/\/tourtravelandmore.com\/es\/?s={search_term_string}\"},\"query-input\":{\"@type\":\"PropertyValueSpecification\",\"valueRequired\":true,\"valueName\":\"search_term_string\"}}],\"inLanguage\":\"es\"},{\"@type\":\"Organization\",\"@id\":\"https:\/\/tourtravelandmore.com\/es\/#organization\",\"name\":\"Tour Travel And More\",\"url\":\"https:\/\/tourtravelandmore.com\/es\/\",\"logo\":{\"@type\":\"ImageObject\",\"inLanguage\":\"es\",\"@id\":\"https:\/\/tourtravelandmore.com\/es\/#\/schema\/logo\/image\/\",\"url\":\"https:\/\/tourtravelandmore.com\/wp-content\/uploads\/2022\/12\/cropped-logo-cabecera-new.png\",\"contentUrl\":\"https:\/\/tourtravelandmore.com\/wp-content\/uploads\/2022\/12\/cropped-logo-cabecera-new.png\",\"width\":430,\"height\":61,\"caption\":\"Tour Travel And More\"},\"image\":{\"@id\":\"https:\/\/tourtravelandmore.com\/es\/#\/schema\/logo\/image\/\"},\"sameAs\":[\"https:\/\/www.facebook.com\/tourtravelandmore\/\",\"https:\/\/x.com\/TourTravel_More\"]}]}<\/script>\n<!-- \/ Yoast SEO Premium plugin. -->","yoast_head_json":{"title":"\u27a1\ufe0f Tour privado Reims y Epernay con gu\u00eda privado y en un coche exclusivo de lujo | Tour Travel & More","description":"Vive el placer de recorrer las dos capitales del champ\u00e1n con el tour privado Reims y Epernay para explorar los vi\u00f1edos m\u00e1s impresionantes y la cuna del vino espumoso m\u00e1s famoso del mundo. \u2705","robots":{"index":"index","follow":"follow","max-snippet":"max-snippet:-1","max-image-preview":"max-image-preview:large","max-video-preview":"max-video-preview:-1"},"canonical":"https:\/\/tourtravelandmore.com\/es\/tours\/francia\/reims-sp\/todos-los-tours-privados-y-actividades-reims-sp-francia\/tour-privado-reims-y-epernay\/","og_locale":"es_ES","og_type":"article","og_title":"Tour privado Reims y Epernay","og_description":"Vive el placer de recorrer las dos capitales del champ\u00e1n con el tour privado Reims y Epernay para explorar los vi\u00f1edos m\u00e1s impresionantes y la cuna del vino espumoso m\u00e1s famoso del mundo. \u2705","og_url":"https:\/\/tourtravelandmore.com\/es\/tours\/francia\/reims-sp\/todos-los-tours-privados-y-actividades-reims-sp-francia\/tour-privado-reims-y-epernay\/","og_site_name":"Tour Travel And More","article_publisher":"https:\/\/www.facebook.com\/tourtravelandmore\/","article_modified_time":"2022-09-20T02:16:33+00:00","og_image":[{"width":900,"height":680,"url":"https:\/\/tourtravelandmore.com\/wp-content\/uploads\/2021\/03\/Untitled-design-7.jpg","type":"image\/jpeg"}],"twitter_card":"summary_large_image","twitter_site":"@TourTravel_More","twitter_misc":{"Tiempo de lectura":"2 minutos"},"schema":{"@context":"https:\/\/schema.org","@graph":[{"@type":"WebPage","@id":"https:\/\/tourtravelandmore.com\/es\/tours\/francia\/reims-sp\/todos-los-tours-privados-y-actividades-reims-sp-francia\/tour-privado-reims-y-epernay\/","url":"https:\/\/tourtravelandmore.com\/es\/tours\/francia\/reims-sp\/todos-los-tours-privados-y-actividades-reims-sp-francia\/tour-privado-reims-y-epernay\/","name":"\u27a1\ufe0f Tour privado Reims y Epernay con gu\u00eda privado y en un coche exclusivo de lujo | Tour Travel & More","isPartOf":{"@id":"https:\/\/tourtravelandmore.com\/es\/#website"},"primaryImageOfPage":{"@id":"https:\/\/tourtravelandmore.com\/es\/tours\/francia\/reims-sp\/todos-los-tours-privados-y-actividades-reims-sp-francia\/tour-privado-reims-y-epernay\/#primaryimage"},"image":{"@id":"https:\/\/tourtravelandmore.com\/es\/tours\/francia\/reims-sp\/todos-los-tours-privados-y-actividades-reims-sp-francia\/tour-privado-reims-y-epernay\/#primaryimage"},"thumbnailUrl":"https:\/\/tourtravelandmore.com\/wp-content\/uploads\/2021\/03\/Untitled-design-7.jpg","datePublished":"2021-03-11T08:11:01+00:00","dateModified":"2022-09-20T02:16:33+00:00","description":"Vive el placer de recorrer las dos capitales del champ\u00e1n con el tour privado Reims y Epernay para explorar los vi\u00f1edos m\u00e1s impresionantes y la cuna del vino espumoso m\u00e1s famoso del mundo. \u2705","breadcrumb":{"@id":"https:\/\/tourtravelandmore.com\/es\/tours\/francia\/reims-sp\/todos-los-tours-privados-y-actividades-reims-sp-francia\/tour-privado-reims-y-epernay\/#breadcrumb"},"inLanguage":"es","potentialAction":[{"@type":"ReadAction","target":["https:\/\/tourtravelandmore.com\/es\/tours\/francia\/reims-sp\/todos-los-tours-privados-y-actividades-reims-sp-francia\/tour-privado-reims-y-epernay\/"]}]},{"@type":"ImageObject","inLanguage":"es","@id":"https:\/\/tourtravelandmore.com\/es\/tours\/francia\/reims-sp\/todos-los-tours-privados-y-actividades-reims-sp-francia\/tour-privado-reims-y-epernay\/#primaryimage","url":"https:\/\/tourtravelandmore.com\/wp-content\/uploads\/2021\/03\/Untitled-design-7.jpg","contentUrl":"https:\/\/tourtravelandmore.com\/wp-content\/uploads\/2021\/03\/Untitled-design-7.jpg","width":900,"height":680},{"@type":"BreadcrumbList","@id":"https:\/\/tourtravelandmore.com\/es\/tours\/francia\/reims-sp\/todos-los-tours-privados-y-actividades-reims-sp-francia\/tour-privado-reims-y-epernay\/#breadcrumb","itemListElement":[{"@type":"ListItem","position":1,"name":"Home","item":"https:\/\/tourtravelandmore.com\/es\/"},{"@type":"ListItem","position":2,"name":"Tours","item":"https:\/\/tourtravelandmore.com\/es\/tours\/"},{"@type":"ListItem","position":3,"name":"Tour privado Reims y Epernay"}]},{"@type":"WebSite","@id":"https:\/\/tourtravelandmore.com\/es\/#website","url":"https:\/\/tourtravelandmore.com\/es\/","name":"Tour Travel And More","description":"Private sightseeing tours and luxury transfers in Spain","publisher":{"@id":"https:\/\/tourtravelandmore.com\/es\/#organization"},"potentialAction":[{"@type":"SearchAction","target":{"@type":"EntryPoint","urlTemplate":"https:\/\/tourtravelandmore.com\/es\/?s={search_term_string}"},"query-input":{"@type":"PropertyValueSpecification","valueRequired":true,"valueName":"search_term_string"}}],"inLanguage":"es"},{"@type":"Organization","@id":"https:\/\/tourtravelandmore.com\/es\/#organization","name":"Tour Travel And More","url":"https:\/\/tourtravelandmore.com\/es\/","logo":{"@type":"ImageObject","inLanguage":"es","@id":"https:\/\/tourtravelandmore.com\/es\/#\/schema\/logo\/image\/","url":"https:\/\/tourtravelandmore.com\/wp-content\/uploads\/2022\/12\/cropped-logo-cabecera-new.png","contentUrl":"https:\/\/tourtravelandmore.com\/wp-content\/uploads\/2022\/12\/cropped-logo-cabecera-new.png","width":430,"height":61,"caption":"Tour Travel And More"},"image":{"@id":"https:\/\/tourtravelandmore.com\/es\/#\/schema\/logo\/image\/"},"sameAs":["https:\/\/www.facebook.com\/tourtravelandmore\/","https:\/\/x.com\/TourTravel_More"]}]}},"_links":{"self":[{"href":"https:\/\/tourtravelandmore.com\/es\/wp-json\/wp\/v2\/product\/102274","targetHints":{"allow":["GET"]}}],"collection":[{"href":"https:\/\/tourtravelandmore.com\/es\/wp-json\/wp\/v2\/product"}],"about":[{"href":"https:\/\/tourtravelandmore.com\/es\/wp-json\/wp\/v2\/types\/product"}],"replies":[{"embeddable":true,"href":"https:\/\/tourtravelandmore.com\/es\/wp-json\/wp\/v2\/comments?post=102274"}],"wp:featuredmedia":[{"embeddable":true,"href":"https:\/\/tourtravelandmore.com\/es\/wp-json\/wp\/v2\/media\/118289"}],"wp:attachment":[{"href":"https:\/\/tourtravelandmore.com\/es\/wp-json\/wp\/v2\/media?parent=102274"}],"wp:term":[{"taxonomy":"product_brand","embeddable":true,"href":"https:\/\/tourtravelandmore.com\/es\/wp-json\/wp\/v2\/product_brand?post=102274"},{"taxonomy":"product_cat","embeddable":true,"href":"https:\/\/tourtravelandmore.com\/es\/wp-json\/wp\/v2\/product_cat?post=102274"},{"taxonomy":"product_tag","embeddable":true,"href":"https:\/\/tourtravelandmore.com\/es\/wp-json\/wp\/v2\/product_tag?post=102274"}],"curies":[{"name":"wp","href":"https:\/\/api.w.org\/{rel}","templated":true}]}}