{"id":102076,"date":"2021-03-10T12:42:57","date_gmt":"2021-03-10T11:42:58","guid":{"rendered":"https:\/\/tourtravelandmore.com\/?post_type=product&#038;p=102076"},"modified":"2022-10-11T16:14:28","modified_gmt":"2022-10-11T14:14:28","slug":"tour-privado-a-paris-desde-normandia","status":"publish","type":"product","link":"https:\/\/tourtravelandmore.com\/es\/tours\/francia\/normandy-sp\/tour-privado-a-paris-desde-normandia\/","title":{"rendered":"Tour Privado a Par\u00eds desde Normand\u00eda"},"content":{"rendered":"<h2>Descripci\u00f3n del Tour Privado a Par\u00eds desde Normand\u00eda<\/h2>\n<p>Par\u00eds. Par\u00eds es un nombre que habla por s\u00ed mismo. Por eso no podemos perder la oportunidad de conocer este incre\u00edble ciudad. Perm\u00edtanos llevarlo a este <strong>Tour Privado a Par\u00eds desde Normand\u00eda<\/strong>.<\/p>\n<p>Este es un recorrido privado, y organizaremos el recorrido para satisfacer sus propias necesidades. Lo recogeremos de su lugar de elecci\u00f3n en Normand\u00eda y nos dirigiremos hacia Par\u00eds. Tendr\u00e1 un recorrido destacado por Par\u00eds. Hay mucho que ver en la ciudad del amor y la capital de Francia.<\/p>\n<p>Par\u00eds tiene mucho que ofrecer, que ver todo en un recorrido de 4 horas no es posible, pero le daremos un recorrido por los mejores sitios, lugares y lugares destacados que no puede perderse en Par\u00eds.<\/p>\n<p>Nuestro gu\u00eda tur\u00edstico oficial privado lo estar\u00e1 esperando en Par\u00eds a su llegada para disfrutar de un recorrido privado por la ciudad de Par\u00eds. Su gu\u00eda estar\u00e1 a su disposici\u00f3n durante 4 horas en Par\u00eds. \u00a1Disfruta de los Campos El\u00edseos, la Place de la Concorde, las vistas de la Torre Eiffel y mucho m\u00e1s!<\/p>\n<p>Este tour privado a Par\u00eds desde Normand\u00eda es completamente personalizable. Cont\u00e1ctenos para m\u00e1s informaci\u00f3n.<\/p>\n<h2>Puntos emblem\u00e1ticos y de inter\u00e9s en el Tour Privado a Par\u00eds desde Normand\u00eda<\/h2>\n<p>Todos nuestros tours son privados y estamos aqu\u00ed para que su experiencia en Par\u00eds sea memorable. Par\u00eds es una ciudad hermosa y \u00fanica, no se pierda esta oportunidad de conocer la belleza que ofrece con un gu\u00eda tur\u00edstico privado y c\u00f3modamente en su veh\u00edculo privado.<\/p>\n<p>Arreglaremos una recogida en su hotel o lugar de elecci\u00f3n en Normand\u00eda. Tambi\u00e9n podemos recogerlo en cualquier puerto de cruceros. Simplemente, denos su informaci\u00f3n de atraque de crucero y organizaremos la experiencia perfecta.<\/p>\n<p>Una vez que salga de su hotel, se dirigir\u00e1 a Par\u00eds c\u00f3modamente con su veh\u00edculo de lujo privado con chofer. Una vez que lleguemos a Par\u00eds, su gu\u00eda tur\u00edstico privado estar\u00e1 a su disposici\u00f3n para organizar el recorrido privado perfecto por Par\u00eds.<\/p>\n<p>Entre otros, aqu\u00ed hay una lista de ubicaciones y sitios que podr\u00e1 disfrutar en este recorrido privado:<\/p>\n<ul>\n<li><a href=\"https:\/\/www.toureiffel.paris\/es\">Torre Eiffel<\/a><\/li>\n<li><strong>Vistas exteriores del museo del Louvre<\/strong><\/li>\n<li><strong>Vistas de la catedral de Notre Dame<\/strong><\/li>\n<li><strong>Arco de triunfo<\/strong><\/li>\n<li><strong>Basilique Sacre Coeur<\/strong><\/li>\n<li><strong>Jardines de luxemburgo<\/strong><\/li>\n<li><strong>Place de la concorde<\/strong><\/li>\n<li><strong>Grand Palais<\/strong><\/li>\n<li><strong>Les Invalides<\/strong><\/li>\n<li><strong>Panteon de Paris<\/strong><\/li>\n<li><strong>Trocadero<\/strong><\/li>\n<li><strong>Moulin Rouge<\/strong><\/li>\n<\/ul>\n<p>Deje que todo nuestro equipo en Tour Travel &amp; More haga que este tour privado sea \u00fanico. Tambi\u00e9n tendr\u00e1 algo de tiempo libre en Par\u00eds para comer algo antes de regresar a su hotel o crucero en Normand\u00eda.<\/p>\n<p>Su veh\u00edculo privado con chofer estar\u00e1 a su disposici\u00f3n todo el d\u00eda y su gu\u00eda oficial privado estar\u00e1 con usted durante el recorrido de 4 horas en Par\u00eds.<\/p>\n<p><a href=\"https:\/\/tourtravelandmore.com\/es\/ciudad\/francia\/normandy-sp\/\">Mire aqu\u00ed todos nos nuestros tours y experiencias privadas en Normand\u00eda.<\/a><\/p>\n","protected":false},"excerpt":{"rendered":"<p>Acomp\u00e1\u00f1enos a conocer la Capital de Francia con este incre\u00edble<strong> Tour Privado a Par\u00eds desde Normand\u00ed<\/strong>a en un veh\u00edculo de lujo con chofer y gu\u00eda oficial local.<\/p>\n<p><span style=\"font-weight: 400;\">\u00a0<\/span><\/p>\n<h4><\/h4>\n","protected":false},"featured_media":81312,"comment_status":"open","ping_status":"closed","template":"","meta":{"_acf_changed":false},"product_brand":[],"product_cat":[1592,3614],"product_tag":[],"class_list":{"0":"post-102076","1":"product","2":"type-product","3":"status-publish","4":"has-post-thumbnail","6":"product_cat-francia","7":"product_cat-normandy-sp","9":"first","10":"instock","11":"shipping-taxable","12":"purchasable","13":"product-type-simple"},"acf":[],"yoast_head":"<!-- This site is optimized with the Yoast SEO Premium plugin v25.3.1 (Yoast SEO v25.3.1) - https:\/\/yoast.com\/wordpress\/plugins\/seo\/ -->\n<title>Tour Privado a Par\u00eds desde Normand\u00eda con chofer privado | Tour Travel &amp; More<\/title>\n<meta name=\"description\" content=\"\u27a1\ufe0f Acomp\u00e1\u00f1enos a conocer la Capital de Francia con este incre\u00edble Tour Privado a Par\u00eds desde Normand\u00eda en un veh\u00edculo de lujo \u2705\" \/>\n<meta name=\"robots\" content=\"index, follow, max-snippet:-1, max-image-preview:large, max-video-preview:-1\" \/>\n<link rel=\"canonical\" href=\"https:\/\/tourtravelandmore.com\/es\/tours\/francia\/normandy-sp\/tour-privado-a-paris-desde-normandia\/\" \/>\n<meta property=\"og:locale\" content=\"es_ES\" \/>\n<meta property=\"og:type\" content=\"article\" \/>\n<meta property=\"og:title\" content=\"Tour Privado a Par\u00eds desde Normand\u00eda\" \/>\n<meta property=\"og:description\" content=\"\u27a1\ufe0f Acomp\u00e1\u00f1enos a conocer la Capital de Francia con este incre\u00edble Tour Privado a Par\u00eds desde Normand\u00eda en un veh\u00edculo de lujo \u2705\" \/>\n<meta property=\"og:url\" content=\"https:\/\/tourtravelandmore.com\/es\/tours\/francia\/normandy-sp\/tour-privado-a-paris-desde-normandia\/\" \/>\n<meta property=\"og:site_name\" content=\"Tour Travel And More\" \/>\n<meta property=\"article:publisher\" content=\"https:\/\/www.facebook.com\/tourtravelandmore\/\" \/>\n<meta property=\"article:modified_time\" content=\"2022-10-11T14:14:28+00:00\" \/>\n<meta property=\"og:image\" content=\"https:\/\/tourtravelandmore.com\/wp-content\/uploads\/2018\/04\/arc-triumph-tourism-travel-paris-france-monument-champs-elysees-famous-min.jpg\" \/>\n\t<meta property=\"og:image:width\" content=\"880\" \/>\n\t<meta property=\"og:image:height\" content=\"586\" \/>\n\t<meta property=\"og:image:type\" content=\"image\/jpeg\" \/>\n<meta name=\"twitter:card\" content=\"summary_large_image\" \/>\n<meta name=\"twitter:site\" content=\"@TourTravel_More\" \/>\n<meta name=\"twitter:label1\" content=\"Tiempo de lectura\" \/>\n\t<meta name=\"twitter:data1\" content=\"2 minutos\" \/>\n<script type=\"application\/ld+json\" class=\"yoast-schema-graph\">{\"@context\":\"https:\/\/schema.org\",\"@graph\":[{\"@type\":\"WebPage\",\"@id\":\"https:\/\/tourtravelandmore.com\/es\/tours\/francia\/normandy-sp\/tour-privado-a-paris-desde-normandia\/\",\"url\":\"https:\/\/tourtravelandmore.com\/es\/tours\/francia\/normandy-sp\/tour-privado-a-paris-desde-normandia\/\",\"name\":\"Tour Privado a Par\u00eds desde Normand\u00eda con chofer privado | Tour Travel & More\",\"isPartOf\":{\"@id\":\"https:\/\/tourtravelandmore.com\/es\/#website\"},\"primaryImageOfPage\":{\"@id\":\"https:\/\/tourtravelandmore.com\/es\/tours\/francia\/normandy-sp\/tour-privado-a-paris-desde-normandia\/#primaryimage\"},\"image\":{\"@id\":\"https:\/\/tourtravelandmore.com\/es\/tours\/francia\/normandy-sp\/tour-privado-a-paris-desde-normandia\/#primaryimage\"},\"thumbnailUrl\":\"https:\/\/tourtravelandmore.com\/wp-content\/uploads\/2018\/04\/arc-triumph-tourism-travel-paris-france-monument-champs-elysees-famous-min.jpg\",\"datePublished\":\"2021-03-10T11:42:58+00:00\",\"dateModified\":\"2022-10-11T14:14:28+00:00\",\"description\":\"\u27a1\ufe0f Acomp\u00e1\u00f1enos a conocer la Capital de Francia con este incre\u00edble Tour Privado a Par\u00eds desde Normand\u00eda en un veh\u00edculo de lujo \u2705\",\"breadcrumb\":{\"@id\":\"https:\/\/tourtravelandmore.com\/es\/tours\/francia\/normandy-sp\/tour-privado-a-paris-desde-normandia\/#breadcrumb\"},\"inLanguage\":\"es\",\"potentialAction\":[{\"@type\":\"ReadAction\",\"target\":[\"https:\/\/tourtravelandmore.com\/es\/tours\/francia\/normandy-sp\/tour-privado-a-paris-desde-normandia\/\"]}]},{\"@type\":\"ImageObject\",\"inLanguage\":\"es\",\"@id\":\"https:\/\/tourtravelandmore.com\/es\/tours\/francia\/normandy-sp\/tour-privado-a-paris-desde-normandia\/#primaryimage\",\"url\":\"https:\/\/tourtravelandmore.com\/wp-content\/uploads\/2018\/04\/arc-triumph-tourism-travel-paris-france-monument-champs-elysees-famous-min.jpg\",\"contentUrl\":\"https:\/\/tourtravelandmore.com\/wp-content\/uploads\/2018\/04\/arc-triumph-tourism-travel-paris-france-monument-champs-elysees-famous-min.jpg\",\"width\":880,\"height\":586,\"caption\":\"Arc triomphe\"},{\"@type\":\"BreadcrumbList\",\"@id\":\"https:\/\/tourtravelandmore.com\/es\/tours\/francia\/normandy-sp\/tour-privado-a-paris-desde-normandia\/#breadcrumb\",\"itemListElement\":[{\"@type\":\"ListItem\",\"position\":1,\"name\":\"Home\",\"item\":\"https:\/\/tourtravelandmore.com\/es\/\"},{\"@type\":\"ListItem\",\"position\":2,\"name\":\"Tours\",\"item\":\"https:\/\/tourtravelandmore.com\/es\/tours\/\"},{\"@type\":\"ListItem\",\"position\":3,\"name\":\"Tour Privado a Par\u00eds desde Normand\u00eda\"}]},{\"@type\":\"WebSite\",\"@id\":\"https:\/\/tourtravelandmore.com\/es\/#website\",\"url\":\"https:\/\/tourtravelandmore.com\/es\/\",\"name\":\"Tour Travel And More\",\"description\":\"Private sightseeing tours and luxury transfers in Spain\",\"publisher\":{\"@id\":\"https:\/\/tourtravelandmore.com\/es\/#organization\"},\"potentialAction\":[{\"@type\":\"SearchAction\",\"target\":{\"@type\":\"EntryPoint\",\"urlTemplate\":\"https:\/\/tourtravelandmore.com\/es\/?s={search_term_string}\"},\"query-input\":{\"@type\":\"PropertyValueSpecification\",\"valueRequired\":true,\"valueName\":\"search_term_string\"}}],\"inLanguage\":\"es\"},{\"@type\":\"Organization\",\"@id\":\"https:\/\/tourtravelandmore.com\/es\/#organization\",\"name\":\"Tour Travel And More\",\"url\":\"https:\/\/tourtravelandmore.com\/es\/\",\"logo\":{\"@type\":\"ImageObject\",\"inLanguage\":\"es\",\"@id\":\"https:\/\/tourtravelandmore.com\/es\/#\/schema\/logo\/image\/\",\"url\":\"https:\/\/tourtravelandmore.com\/wp-content\/uploads\/2022\/12\/cropped-logo-cabecera-new.png\",\"contentUrl\":\"https:\/\/tourtravelandmore.com\/wp-content\/uploads\/2022\/12\/cropped-logo-cabecera-new.png\",\"width\":430,\"height\":61,\"caption\":\"Tour Travel And More\"},\"image\":{\"@id\":\"https:\/\/tourtravelandmore.com\/es\/#\/schema\/logo\/image\/\"},\"sameAs\":[\"https:\/\/www.facebook.com\/tourtravelandmore\/\",\"https:\/\/x.com\/TourTravel_More\"]}]}<\/script>\n<!-- \/ Yoast SEO Premium plugin. -->","yoast_head_json":{"title":"Tour Privado a Par\u00eds desde Normand\u00eda con chofer privado | Tour Travel & More","description":"\u27a1\ufe0f Acomp\u00e1\u00f1enos a conocer la Capital de Francia con este incre\u00edble Tour Privado a Par\u00eds desde Normand\u00eda en un veh\u00edculo de lujo \u2705","robots":{"index":"index","follow":"follow","max-snippet":"max-snippet:-1","max-image-preview":"max-image-preview:large","max-video-preview":"max-video-preview:-1"},"canonical":"https:\/\/tourtravelandmore.com\/es\/tours\/francia\/normandy-sp\/tour-privado-a-paris-desde-normandia\/","og_locale":"es_ES","og_type":"article","og_title":"Tour Privado a Par\u00eds desde Normand\u00eda","og_description":"\u27a1\ufe0f Acomp\u00e1\u00f1enos a conocer la Capital de Francia con este incre\u00edble Tour Privado a Par\u00eds desde Normand\u00eda en un veh\u00edculo de lujo \u2705","og_url":"https:\/\/tourtravelandmore.com\/es\/tours\/francia\/normandy-sp\/tour-privado-a-paris-desde-normandia\/","og_site_name":"Tour Travel And More","article_publisher":"https:\/\/www.facebook.com\/tourtravelandmore\/","article_modified_time":"2022-10-11T14:14:28+00:00","og_image":[{"width":880,"height":586,"url":"https:\/\/tourtravelandmore.com\/wp-content\/uploads\/2018\/04\/arc-triumph-tourism-travel-paris-france-monument-champs-elysees-famous-min.jpg","type":"image\/jpeg"}],"twitter_card":"summary_large_image","twitter_site":"@TourTravel_More","twitter_misc":{"Tiempo de lectura":"2 minutos"},"schema":{"@context":"https:\/\/schema.org","@graph":[{"@type":"WebPage","@id":"https:\/\/tourtravelandmore.com\/es\/tours\/francia\/normandy-sp\/tour-privado-a-paris-desde-normandia\/","url":"https:\/\/tourtravelandmore.com\/es\/tours\/francia\/normandy-sp\/tour-privado-a-paris-desde-normandia\/","name":"Tour Privado a Par\u00eds desde Normand\u00eda con chofer privado | Tour Travel & More","isPartOf":{"@id":"https:\/\/tourtravelandmore.com\/es\/#website"},"primaryImageOfPage":{"@id":"https:\/\/tourtravelandmore.com\/es\/tours\/francia\/normandy-sp\/tour-privado-a-paris-desde-normandia\/#primaryimage"},"image":{"@id":"https:\/\/tourtravelandmore.com\/es\/tours\/francia\/normandy-sp\/tour-privado-a-paris-desde-normandia\/#primaryimage"},"thumbnailUrl":"https:\/\/tourtravelandmore.com\/wp-content\/uploads\/2018\/04\/arc-triumph-tourism-travel-paris-france-monument-champs-elysees-famous-min.jpg","datePublished":"2021-03-10T11:42:58+00:00","dateModified":"2022-10-11T14:14:28+00:00","description":"\u27a1\ufe0f Acomp\u00e1\u00f1enos a conocer la Capital de Francia con este incre\u00edble Tour Privado a Par\u00eds desde Normand\u00eda en un veh\u00edculo de lujo \u2705","breadcrumb":{"@id":"https:\/\/tourtravelandmore.com\/es\/tours\/francia\/normandy-sp\/tour-privado-a-paris-desde-normandia\/#breadcrumb"},"inLanguage":"es","potentialAction":[{"@type":"ReadAction","target":["https:\/\/tourtravelandmore.com\/es\/tours\/francia\/normandy-sp\/tour-privado-a-paris-desde-normandia\/"]}]},{"@type":"ImageObject","inLanguage":"es","@id":"https:\/\/tourtravelandmore.com\/es\/tours\/francia\/normandy-sp\/tour-privado-a-paris-desde-normandia\/#primaryimage","url":"https:\/\/tourtravelandmore.com\/wp-content\/uploads\/2018\/04\/arc-triumph-tourism-travel-paris-france-monument-champs-elysees-famous-min.jpg","contentUrl":"https:\/\/tourtravelandmore.com\/wp-content\/uploads\/2018\/04\/arc-triumph-tourism-travel-paris-france-monument-champs-elysees-famous-min.jpg","width":880,"height":586,"caption":"Arc triomphe"},{"@type":"BreadcrumbList","@id":"https:\/\/tourtravelandmore.com\/es\/tours\/francia\/normandy-sp\/tour-privado-a-paris-desde-normandia\/#breadcrumb","itemListElement":[{"@type":"ListItem","position":1,"name":"Home","item":"https:\/\/tourtravelandmore.com\/es\/"},{"@type":"ListItem","position":2,"name":"Tours","item":"https:\/\/tourtravelandmore.com\/es\/tours\/"},{"@type":"ListItem","position":3,"name":"Tour Privado a Par\u00eds desde Normand\u00eda"}]},{"@type":"WebSite","@id":"https:\/\/tourtravelandmore.com\/es\/#website","url":"https:\/\/tourtravelandmore.com\/es\/","name":"Tour Travel And More","description":"Private sightseeing tours and luxury transfers in Spain","publisher":{"@id":"https:\/\/tourtravelandmore.com\/es\/#organization"},"potentialAction":[{"@type":"SearchAction","target":{"@type":"EntryPoint","urlTemplate":"https:\/\/tourtravelandmore.com\/es\/?s={search_term_string}"},"query-input":{"@type":"PropertyValueSpecification","valueRequired":true,"valueName":"search_term_string"}}],"inLanguage":"es"},{"@type":"Organization","@id":"https:\/\/tourtravelandmore.com\/es\/#organization","name":"Tour Travel And More","url":"https:\/\/tourtravelandmore.com\/es\/","logo":{"@type":"ImageObject","inLanguage":"es","@id":"https:\/\/tourtravelandmore.com\/es\/#\/schema\/logo\/image\/","url":"https:\/\/tourtravelandmore.com\/wp-content\/uploads\/2022\/12\/cropped-logo-cabecera-new.png","contentUrl":"https:\/\/tourtravelandmore.com\/wp-content\/uploads\/2022\/12\/cropped-logo-cabecera-new.png","width":430,"height":61,"caption":"Tour Travel And More"},"image":{"@id":"https:\/\/tourtravelandmore.com\/es\/#\/schema\/logo\/image\/"},"sameAs":["https:\/\/www.facebook.com\/tourtravelandmore\/","https:\/\/x.com\/TourTravel_More"]}]}},"_links":{"self":[{"href":"https:\/\/tourtravelandmore.com\/es\/wp-json\/wp\/v2\/product\/102076","targetHints":{"allow":["GET"]}}],"collection":[{"href":"https:\/\/tourtravelandmore.com\/es\/wp-json\/wp\/v2\/product"}],"about":[{"href":"https:\/\/tourtravelandmore.com\/es\/wp-json\/wp\/v2\/types\/product"}],"replies":[{"embeddable":true,"href":"https:\/\/tourtravelandmore.com\/es\/wp-json\/wp\/v2\/comments?post=102076"}],"wp:featuredmedia":[{"embeddable":true,"href":"https:\/\/tourtravelandmore.com\/es\/wp-json\/wp\/v2\/media\/81312"}],"wp:attachment":[{"href":"https:\/\/tourtravelandmore.com\/es\/wp-json\/wp\/v2\/media?parent=102076"}],"wp:term":[{"taxonomy":"product_brand","embeddable":true,"href":"https:\/\/tourtravelandmore.com\/es\/wp-json\/wp\/v2\/product_brand?post=102076"},{"taxonomy":"product_cat","embeddable":true,"href":"https:\/\/tourtravelandmore.com\/es\/wp-json\/wp\/v2\/product_cat?post=102076"},{"taxonomy":"product_tag","embeddable":true,"href":"https:\/\/tourtravelandmore.com\/es\/wp-json\/wp\/v2\/product_tag?post=102076"}],"curies":[{"name":"wp","href":"https:\/\/api.w.org\/{rel}","templated":true}]}}