{"id":102041,"date":"2021-03-10T12:11:12","date_gmt":"2021-03-10T11:11:13","guid":{"rendered":"https:\/\/tourtravelandmore.com\/?post_type=product&#038;p=102041"},"modified":"2022-07-11T12:32:24","modified_gmt":"2022-07-11T10:32:24","slug":"tour-privado-a-la-bretagne-desde-normandia","status":"publish","type":"product","link":"https:\/\/tourtravelandmore.com\/es\/tours\/francia\/labretagne-sp\/tour-privado-a-la-bretagne-desde-normandia\/","title":{"rendered":"Tour Privado a La Bretagne desde Normand\u00eda"},"content":{"rendered":"<h2>Descripci\u00f3n del Tour Privado a La Bretagne desde Normand\u00eda<\/h2>\n<p>La Bretagne es una hermosa regi\u00f3n de Francia. \u00a1Perm\u00edtanos llevarlo a esta experiencia de d\u00eda completo para conocerla como un local!. Este <strong>Tour Privado a La Bretagne desde Normand\u00eda<\/strong> es una verdadera aventura<\/p>\n<p>Nuestro conductor privado lo recoger\u00e1 en Normand\u00eda y nos dirigiremos directamente hacia La Bretagne. Tenemos la opci\u00f3n de pasar el d\u00eda con su conductor de habla inglesa o tambi\u00e9n podemos agregar un gu\u00eda tur\u00edstico oficial por separado durante 3 horas en La Bretagne.<\/p>\n<p>La Bretagne es un \u00e1rea muy grande. Si tiene alg\u00fan deseo espec\u00edfico, h\u00e1ganoslo saber y le recomendaremos el itinerario.<\/p>\n<p>Hay tanto que ver que cada itinerario puede variar. Por ejemplo, puede disfrutar de hermosos faros, vistas a la playa y al mar, impresionantes acantilados y mucho m\u00e1s.<\/p>\n<p>P\u00f3ngase en contacto con uno de nuestros expertos en viajes y lo ayudaremos de inmediato con un itinerario personalizado. Dignos que es lo que espera conocer en este tour privado a La Bretagne desde Normand\u00eda.<\/p>\n<h2>Puntos emblem\u00e1ticos y de inter\u00e9s en el Tour Privado a La Bretagne desde Normand\u00eda<\/h2>\n<p>Este es un recorrido privado y lo recogeremos directamente de su hotel o lugar de elecci\u00f3n en Normand\u00eda.<\/p>\n<p>Necesitamos saber d\u00f3nde se alojar\u00e1 para enviarle la cotizaci\u00f3n correspondiente. Normand\u00eda es muy grande y necesitar\u00edamos saber d\u00f3nde estar\u00e1 el punto de recogida. Por otro lado, tambi\u00e9n necesitar\u00edamos saber si tiene alg\u00fan deseo espec\u00edfico. Dependiendo de d\u00f3nde vaya a recoger, habr\u00e1 partes de La Bretagne que no tendremos tiempo de hacer debido a las distancias. Inf\u00f3rmenos de sus deseos y detalles de recogida y organizaremos el itinerario correspondiente.<\/p>\n<p>Un ejemplo de los lugares que podr\u00e1 visitar son los siguientes:<\/p>\n<ul>\n<li><strong>C\u00f4te de Granit Rose<\/strong><\/li>\n<li><strong>Cap Fr\u00e9hel<\/strong><\/li>\n<li><strong>Point de Raz<\/strong><\/li>\n<li><strong>Carnac<\/strong><\/li>\n<li><strong>Fort la Latte<\/strong><\/li>\n<li><strong>Vistas de Ile de Sein<\/strong><\/li>\n<li><strong>Fort National (vistas)<\/strong><\/li>\n<\/ul>\n<p>Todos nuestros recorridos son privados, por lo que podemos modificar y modificar cualquier itinerario para satisfacer sus propias necesidades. Todo lo que necesita hacer es contactar a sus expertos en viajes, y le enviaremos la mejor propuesta. \u00a1Esperamos tener noticias suyas!<\/p>\n<p><a href=\"https:\/\/tourtravelandmore.com\/es\/ciudad\/francia\/normandy-sp\/\">Mire aqu\u00ed todos nos nuestros tours y experiencias privadas en Normand\u00eda.<\/a><\/p>\n","protected":false},"excerpt":{"rendered":"<p>Lo invitamos a este <strong>Tour Privado a La Bretagne desde Normand\u00eda<\/strong> para que disfrute de una de las zonas m\u00e1s hermosas de Francia junto a un gu\u00eda oficial privado.<\/p>\n<p><span style=\"font-weight: 400;\">\u00a0<\/span><\/p>\n<h4><\/h4>\n","protected":false},"featured_media":102059,"comment_status":"open","ping_status":"closed","template":"","meta":{"_acf_changed":false},"product_brand":[],"product_cat":[1592,3599,3614],"product_tag":[],"class_list":{"0":"post-102041","1":"product","2":"type-product","3":"status-publish","4":"has-post-thumbnail","6":"product_cat-francia","7":"product_cat-labretagne-sp","8":"product_cat-normandy-sp","10":"first","11":"instock","12":"shipping-taxable","13":"purchasable","14":"product-type-simple"},"acf":[],"yoast_head":"<!-- This site is optimized with the Yoast SEO Premium plugin v25.3.1 (Yoast SEO v25.3.1) - https:\/\/yoast.com\/wordpress\/plugins\/seo\/ -->\n<title>Tour Privado a La Bretagne desde Normand\u00eda con chofer privado | TTM<\/title>\n<meta name=\"description\" content=\"Lo invitamos a este Tour Privado a La Bretagne desde Normand\u00eda para que disfrute de una de las zonas mas hermosas de Francia junto a un gu\u00eda \u2705\" \/>\n<meta name=\"robots\" content=\"index, follow, max-snippet:-1, max-image-preview:large, max-video-preview:-1\" \/>\n<link rel=\"canonical\" href=\"https:\/\/tourtravelandmore.com\/es\/tours\/francia\/labretagne-sp\/tour-privado-a-la-bretagne-desde-normandia\/\" \/>\n<meta property=\"og:locale\" content=\"es_ES\" \/>\n<meta property=\"og:type\" content=\"article\" \/>\n<meta property=\"og:title\" content=\"Tour Privado a La Bretagne desde Normand\u00eda\" \/>\n<meta property=\"og:description\" content=\"Lo invitamos a este Tour Privado a La Bretagne desde Normand\u00eda para que disfrute de una de las zonas mas hermosas de Francia junto a un gu\u00eda \u2705\" \/>\n<meta property=\"og:url\" content=\"https:\/\/tourtravelandmore.com\/es\/tours\/francia\/labretagne-sp\/tour-privado-a-la-bretagne-desde-normandia\/\" \/>\n<meta property=\"og:site_name\" content=\"Tour Travel And More\" \/>\n<meta property=\"article:publisher\" content=\"https:\/\/www.facebook.com\/tourtravelandmore\/\" \/>\n<meta property=\"article:modified_time\" content=\"2022-07-11T10:32:24+00:00\" \/>\n<meta property=\"og:image\" content=\"https:\/\/tourtravelandmore.com\/wp-content\/uploads\/2021\/03\/normandie-2.jpg\" \/>\n\t<meta property=\"og:image:width\" content=\"512\" \/>\n\t<meta property=\"og:image:height\" content=\"343\" \/>\n\t<meta property=\"og:image:type\" content=\"image\/jpeg\" \/>\n<meta name=\"twitter:card\" content=\"summary_large_image\" \/>\n<meta name=\"twitter:site\" content=\"@TourTravel_More\" \/>\n<meta name=\"twitter:label1\" content=\"Tiempo de lectura\" \/>\n\t<meta name=\"twitter:data1\" content=\"2 minutos\" \/>\n<script type=\"application\/ld+json\" class=\"yoast-schema-graph\">{\"@context\":\"https:\/\/schema.org\",\"@graph\":[{\"@type\":\"WebPage\",\"@id\":\"https:\/\/tourtravelandmore.com\/es\/tours\/francia\/labretagne-sp\/tour-privado-a-la-bretagne-desde-normandia\/\",\"url\":\"https:\/\/tourtravelandmore.com\/es\/tours\/francia\/labretagne-sp\/tour-privado-a-la-bretagne-desde-normandia\/\",\"name\":\"Tour Privado a La Bretagne desde Normand\u00eda con chofer privado | TTM\",\"isPartOf\":{\"@id\":\"https:\/\/tourtravelandmore.com\/es\/#website\"},\"primaryImageOfPage\":{\"@id\":\"https:\/\/tourtravelandmore.com\/es\/tours\/francia\/labretagne-sp\/tour-privado-a-la-bretagne-desde-normandia\/#primaryimage\"},\"image\":{\"@id\":\"https:\/\/tourtravelandmore.com\/es\/tours\/francia\/labretagne-sp\/tour-privado-a-la-bretagne-desde-normandia\/#primaryimage\"},\"thumbnailUrl\":\"https:\/\/tourtravelandmore.com\/wp-content\/uploads\/2021\/03\/normandie-2.jpg\",\"datePublished\":\"2021-03-10T11:11:13+00:00\",\"dateModified\":\"2022-07-11T10:32:24+00:00\",\"description\":\"Lo invitamos a este Tour Privado a La Bretagne desde Normand\u00eda para que disfrute de una de las zonas mas hermosas de Francia junto a un gu\u00eda \u2705\",\"breadcrumb\":{\"@id\":\"https:\/\/tourtravelandmore.com\/es\/tours\/francia\/labretagne-sp\/tour-privado-a-la-bretagne-desde-normandia\/#breadcrumb\"},\"inLanguage\":\"es\",\"potentialAction\":[{\"@type\":\"ReadAction\",\"target\":[\"https:\/\/tourtravelandmore.com\/es\/tours\/francia\/labretagne-sp\/tour-privado-a-la-bretagne-desde-normandia\/\"]}]},{\"@type\":\"ImageObject\",\"inLanguage\":\"es\",\"@id\":\"https:\/\/tourtravelandmore.com\/es\/tours\/francia\/labretagne-sp\/tour-privado-a-la-bretagne-desde-normandia\/#primaryimage\",\"url\":\"https:\/\/tourtravelandmore.com\/wp-content\/uploads\/2021\/03\/normandie-2.jpg\",\"contentUrl\":\"https:\/\/tourtravelandmore.com\/wp-content\/uploads\/2021\/03\/normandie-2.jpg\",\"width\":512,\"height\":343},{\"@type\":\"BreadcrumbList\",\"@id\":\"https:\/\/tourtravelandmore.com\/es\/tours\/francia\/labretagne-sp\/tour-privado-a-la-bretagne-desde-normandia\/#breadcrumb\",\"itemListElement\":[{\"@type\":\"ListItem\",\"position\":1,\"name\":\"Home\",\"item\":\"https:\/\/tourtravelandmore.com\/es\/\"},{\"@type\":\"ListItem\",\"position\":2,\"name\":\"Tours\",\"item\":\"https:\/\/tourtravelandmore.com\/es\/tours\/\"},{\"@type\":\"ListItem\",\"position\":3,\"name\":\"Tour Privado a La Bretagne desde Normand\u00eda\"}]},{\"@type\":\"WebSite\",\"@id\":\"https:\/\/tourtravelandmore.com\/es\/#website\",\"url\":\"https:\/\/tourtravelandmore.com\/es\/\",\"name\":\"Tour Travel And More\",\"description\":\"Private sightseeing tours and luxury transfers in Spain\",\"publisher\":{\"@id\":\"https:\/\/tourtravelandmore.com\/es\/#organization\"},\"potentialAction\":[{\"@type\":\"SearchAction\",\"target\":{\"@type\":\"EntryPoint\",\"urlTemplate\":\"https:\/\/tourtravelandmore.com\/es\/?s={search_term_string}\"},\"query-input\":{\"@type\":\"PropertyValueSpecification\",\"valueRequired\":true,\"valueName\":\"search_term_string\"}}],\"inLanguage\":\"es\"},{\"@type\":\"Organization\",\"@id\":\"https:\/\/tourtravelandmore.com\/es\/#organization\",\"name\":\"Tour Travel And More\",\"url\":\"https:\/\/tourtravelandmore.com\/es\/\",\"logo\":{\"@type\":\"ImageObject\",\"inLanguage\":\"es\",\"@id\":\"https:\/\/tourtravelandmore.com\/es\/#\/schema\/logo\/image\/\",\"url\":\"https:\/\/tourtravelandmore.com\/wp-content\/uploads\/2022\/12\/cropped-logo-cabecera-new.png\",\"contentUrl\":\"https:\/\/tourtravelandmore.com\/wp-content\/uploads\/2022\/12\/cropped-logo-cabecera-new.png\",\"width\":430,\"height\":61,\"caption\":\"Tour Travel And More\"},\"image\":{\"@id\":\"https:\/\/tourtravelandmore.com\/es\/#\/schema\/logo\/image\/\"},\"sameAs\":[\"https:\/\/www.facebook.com\/tourtravelandmore\/\",\"https:\/\/x.com\/TourTravel_More\"]}]}<\/script>\n<!-- \/ Yoast SEO Premium plugin. -->","yoast_head_json":{"title":"Tour Privado a La Bretagne desde Normand\u00eda con chofer privado | TTM","description":"Lo invitamos a este Tour Privado a La Bretagne desde Normand\u00eda para que disfrute de una de las zonas mas hermosas de Francia junto a un gu\u00eda \u2705","robots":{"index":"index","follow":"follow","max-snippet":"max-snippet:-1","max-image-preview":"max-image-preview:large","max-video-preview":"max-video-preview:-1"},"canonical":"https:\/\/tourtravelandmore.com\/es\/tours\/francia\/labretagne-sp\/tour-privado-a-la-bretagne-desde-normandia\/","og_locale":"es_ES","og_type":"article","og_title":"Tour Privado a La Bretagne desde Normand\u00eda","og_description":"Lo invitamos a este Tour Privado a La Bretagne desde Normand\u00eda para que disfrute de una de las zonas mas hermosas de Francia junto a un gu\u00eda \u2705","og_url":"https:\/\/tourtravelandmore.com\/es\/tours\/francia\/labretagne-sp\/tour-privado-a-la-bretagne-desde-normandia\/","og_site_name":"Tour Travel And More","article_publisher":"https:\/\/www.facebook.com\/tourtravelandmore\/","article_modified_time":"2022-07-11T10:32:24+00:00","og_image":[{"width":512,"height":343,"url":"https:\/\/tourtravelandmore.com\/wp-content\/uploads\/2021\/03\/normandie-2.jpg","type":"image\/jpeg"}],"twitter_card":"summary_large_image","twitter_site":"@TourTravel_More","twitter_misc":{"Tiempo de lectura":"2 minutos"},"schema":{"@context":"https:\/\/schema.org","@graph":[{"@type":"WebPage","@id":"https:\/\/tourtravelandmore.com\/es\/tours\/francia\/labretagne-sp\/tour-privado-a-la-bretagne-desde-normandia\/","url":"https:\/\/tourtravelandmore.com\/es\/tours\/francia\/labretagne-sp\/tour-privado-a-la-bretagne-desde-normandia\/","name":"Tour Privado a La Bretagne desde Normand\u00eda con chofer privado | TTM","isPartOf":{"@id":"https:\/\/tourtravelandmore.com\/es\/#website"},"primaryImageOfPage":{"@id":"https:\/\/tourtravelandmore.com\/es\/tours\/francia\/labretagne-sp\/tour-privado-a-la-bretagne-desde-normandia\/#primaryimage"},"image":{"@id":"https:\/\/tourtravelandmore.com\/es\/tours\/francia\/labretagne-sp\/tour-privado-a-la-bretagne-desde-normandia\/#primaryimage"},"thumbnailUrl":"https:\/\/tourtravelandmore.com\/wp-content\/uploads\/2021\/03\/normandie-2.jpg","datePublished":"2021-03-10T11:11:13+00:00","dateModified":"2022-07-11T10:32:24+00:00","description":"Lo invitamos a este Tour Privado a La Bretagne desde Normand\u00eda para que disfrute de una de las zonas mas hermosas de Francia junto a un gu\u00eda \u2705","breadcrumb":{"@id":"https:\/\/tourtravelandmore.com\/es\/tours\/francia\/labretagne-sp\/tour-privado-a-la-bretagne-desde-normandia\/#breadcrumb"},"inLanguage":"es","potentialAction":[{"@type":"ReadAction","target":["https:\/\/tourtravelandmore.com\/es\/tours\/francia\/labretagne-sp\/tour-privado-a-la-bretagne-desde-normandia\/"]}]},{"@type":"ImageObject","inLanguage":"es","@id":"https:\/\/tourtravelandmore.com\/es\/tours\/francia\/labretagne-sp\/tour-privado-a-la-bretagne-desde-normandia\/#primaryimage","url":"https:\/\/tourtravelandmore.com\/wp-content\/uploads\/2021\/03\/normandie-2.jpg","contentUrl":"https:\/\/tourtravelandmore.com\/wp-content\/uploads\/2021\/03\/normandie-2.jpg","width":512,"height":343},{"@type":"BreadcrumbList","@id":"https:\/\/tourtravelandmore.com\/es\/tours\/francia\/labretagne-sp\/tour-privado-a-la-bretagne-desde-normandia\/#breadcrumb","itemListElement":[{"@type":"ListItem","position":1,"name":"Home","item":"https:\/\/tourtravelandmore.com\/es\/"},{"@type":"ListItem","position":2,"name":"Tours","item":"https:\/\/tourtravelandmore.com\/es\/tours\/"},{"@type":"ListItem","position":3,"name":"Tour Privado a La Bretagne desde Normand\u00eda"}]},{"@type":"WebSite","@id":"https:\/\/tourtravelandmore.com\/es\/#website","url":"https:\/\/tourtravelandmore.com\/es\/","name":"Tour Travel And More","description":"Private sightseeing tours and luxury transfers in Spain","publisher":{"@id":"https:\/\/tourtravelandmore.com\/es\/#organization"},"potentialAction":[{"@type":"SearchAction","target":{"@type":"EntryPoint","urlTemplate":"https:\/\/tourtravelandmore.com\/es\/?s={search_term_string}"},"query-input":{"@type":"PropertyValueSpecification","valueRequired":true,"valueName":"search_term_string"}}],"inLanguage":"es"},{"@type":"Organization","@id":"https:\/\/tourtravelandmore.com\/es\/#organization","name":"Tour Travel And More","url":"https:\/\/tourtravelandmore.com\/es\/","logo":{"@type":"ImageObject","inLanguage":"es","@id":"https:\/\/tourtravelandmore.com\/es\/#\/schema\/logo\/image\/","url":"https:\/\/tourtravelandmore.com\/wp-content\/uploads\/2022\/12\/cropped-logo-cabecera-new.png","contentUrl":"https:\/\/tourtravelandmore.com\/wp-content\/uploads\/2022\/12\/cropped-logo-cabecera-new.png","width":430,"height":61,"caption":"Tour Travel And More"},"image":{"@id":"https:\/\/tourtravelandmore.com\/es\/#\/schema\/logo\/image\/"},"sameAs":["https:\/\/www.facebook.com\/tourtravelandmore\/","https:\/\/x.com\/TourTravel_More"]}]}},"_links":{"self":[{"href":"https:\/\/tourtravelandmore.com\/es\/wp-json\/wp\/v2\/product\/102041","targetHints":{"allow":["GET"]}}],"collection":[{"href":"https:\/\/tourtravelandmore.com\/es\/wp-json\/wp\/v2\/product"}],"about":[{"href":"https:\/\/tourtravelandmore.com\/es\/wp-json\/wp\/v2\/types\/product"}],"replies":[{"embeddable":true,"href":"https:\/\/tourtravelandmore.com\/es\/wp-json\/wp\/v2\/comments?post=102041"}],"wp:featuredmedia":[{"embeddable":true,"href":"https:\/\/tourtravelandmore.com\/es\/wp-json\/wp\/v2\/media\/102059"}],"wp:attachment":[{"href":"https:\/\/tourtravelandmore.com\/es\/wp-json\/wp\/v2\/media?parent=102041"}],"wp:term":[{"taxonomy":"product_brand","embeddable":true,"href":"https:\/\/tourtravelandmore.com\/es\/wp-json\/wp\/v2\/product_brand?post=102041"},{"taxonomy":"product_cat","embeddable":true,"href":"https:\/\/tourtravelandmore.com\/es\/wp-json\/wp\/v2\/product_cat?post=102041"},{"taxonomy":"product_tag","embeddable":true,"href":"https:\/\/tourtravelandmore.com\/es\/wp-json\/wp\/v2\/product_tag?post=102041"}],"curies":[{"name":"wp","href":"https:\/\/api.w.org\/{rel}","templated":true}]}}