{"id":10131,"date":"2017-01-18T10:59:04","date_gmt":"2017-01-19T11:08:41","guid":{"rendered":"http:\/\/tourtravelandmore.com\/es\/?post_type=product&#038;p=10131"},"modified":"2025-02-24T13:37:11","modified_gmt":"2025-02-24T12:37:11","slug":"tour-privado-pie-de-3-horas-por-roma","status":"publish","type":"product","link":"https:\/\/tourtravelandmore.com\/es\/tours\/italia-es\/roma-es\/tour-privado-pie-de-3-horas-por-roma\/","title":{"rendered":"Tour a Pie por Roma &#8211; Tour Privado con Guia Oficial"},"content":{"rendered":"<h2><strong>Descripci\u00f3n del Tour a Pie por Roma &#8211; Tour Privado con Gu\u00eda Oficial<\/strong><\/h2>\n<p>Disfrute de este <strong>tour a pie por Roma<\/strong>\u00a0con su gu\u00eda oficial privado y conozca los lugares m\u00e1s emblem\u00e1ticos de Roma.<\/p>\n<p>Aproveche esta oportunidad y conozca algunos de los lugares m\u00e1s importantes e ic\u00f3nicos de Roma en este recorrido privado a pie.<\/p>\n<p>Su <strong>gu\u00eda oficial privado<\/strong> le mostrar\u00e1 e iluminar\u00e1 con algunos de los sitios m\u00e1s representativos e hist\u00f3ricos de la maravillosa ciudad de Roma, que tiene m\u00e1s de 2760 de existencia.<\/p>\n<p>Este recorrido es completamente ajustable a lo que quieres ver en Roma por lo que no dudes en contactarnos.<\/p>\n<p><strong>Roma<\/strong> es la capital de Italia, es la comuna m\u00e1s grande y la cuarta ciudad m\u00e1s poblada de la Uni\u00f3n Europea. Hay m\u00e1s de 2.9 millones de residentes en la ciudad. La ciudad est\u00e1 ubicada en la parte centro-occidental de la pen\u00ednsula italiana, a lo largo de las orillas del r\u00edo T\u00edber.<\/p>\n<p><strong>Roma<\/strong> es un lugar \u00fanico para visitar con m\u00e1s de dos mil quinientos a\u00f1os de historia y que ahora tiene el estatus de ciudad global y est\u00e1 clasificada entre las 14 ciudades m\u00e1s visitadas del mundo.<\/p>\n<p>Todo nuestro equipo en Tour Travel &amp; More est\u00e1 listo para ayudarlo a organizar sus pr\u00f3ximas vacaciones en Roma y ayudarle a encontrar m\u00e1s <a href=\"https:\/\/tourtravelandmore.com\/es\/ciudad\/italia-es\/roma-es\/\">tours privados por Roma<\/a>, \u00a1solo necesita contactarnos!<\/p>\n<h2><strong>Puntos de inter\u00e9s en el Tour a Pie por Roma &#8211; Tour Privado con Gu\u00eda Oficial<\/strong><\/h2>\n<p>Su gu\u00eda tur\u00edstico oficial lo recoger\u00e1 en su hotel ubicado en el centro (si su hotel no se encuentra en el centro, organizaremos un punto de encuentro central) a la hora deseada para comenzar este tour a pie por Roma.<\/p>\n<p>En este recorrido privado a pie, conocer\u00e1 algunos de los lugares m\u00e1s representativos del centro de Roma. Entre otros monumentos y lugares de inter\u00e9s que puedes conocer:<\/p>\n<ul>\n<li><strong>Fontana di Trevi<\/strong> (la fuente m\u00e1s importante de Italia)<\/li>\n<li><strong>Escalera de Espa\u00f1a<\/strong> (ubicadas en la Plaza de Espa\u00f1a)<\/li>\n<li><strong>Plaza Navona<\/strong> (esta plaza es uno de los espacios urbanos m\u00e1s destacados de toda Roma)<\/li>\n<li><strong>Pante\u00f3n<\/strong> (considerado como una de las 7 maravillas arquitect\u00f3nicas del mundo)<\/li>\n<li><strong>Plaza de Espa\u00f1a<\/strong>\u00a0(una de las plazas m\u00e1s emblem\u00e1ticas de Roma)<\/li>\n<li><strong>Plaza del P\u00f3polo<\/strong> (ubicada en la base de Villa Borghese)<\/li>\n<li><strong>Villa Borghese<\/strong> (es un jard\u00edn paisaj\u00edstico en el centro de Roma, donde se encuentra la <a href=\"https:\/\/galleriaborghese.beniculturali.it\/sostieni-il-museo\/\">Galer\u00eda Borghese<\/a>. S\u00ed est\u00e1 interesado en visitar la galer\u00eda, eche un vistazo a nuestro <a href=\"https:\/\/tourtravelandmore.com\/es\/tours\/italia-es\/roma-es\/tour-privado-3-horas-a-pie-galeria-borghese\/\">tour privado a pie de 3-horas por la Galer\u00eda Borghese<\/a>).<\/li>\n<li><strong>Palacio Farnese (exterior)<\/strong><\/li>\n<li><strong>Iglesia de San Ignacio<\/strong><\/li>\n<li><strong>Iglesia de Santa Mar\u00eda Sopra Minerva y plaza<\/strong><\/li>\n<li><strong>Plaza Pietra<\/strong><\/li>\n<li><strong>Campo Dei Fiori (un hermoso mercado de frutas y verduras)<\/strong><\/li>\n<li><strong>Plaza Colonna<\/strong><\/li>\n<li><strong>\u00a1Mucho m\u00e1s!<\/strong><\/li>\n<\/ul>\n<p>Si est\u00e1 interesado en visitar alg\u00fan monumento o sitio en particular en Roma, no dude en consultarnos, podemos organizar el acceso sin colas a cualquier monumento en Roma para usted y su grupo.<\/p>\n<p>Este tour a pie por Roma tiene una duraci\u00f3n de 3 horas desde el inicio hasta el momento del regreso. Es posible organizar una duraci\u00f3n mayor o menor del recorrido, no dude en contactarnos.<\/p>\n","protected":false},"excerpt":{"rendered":"<p>Conozca la maravillosa<strong> Plaza Espa\u00f1a y sus famosas escaleras, la Fontana di Trevi, el Pante\u00f3n y muchos m\u00e1s lugares hist\u00f3ricos de la ciudad romana con este recorrido privado a pie por Roma.<\/strong><\/p>\n","protected":false},"featured_media":17251,"comment_status":"open","ping_status":"closed","template":"","meta":{"_acf_changed":false},"product_brand":[],"product_cat":[367,653,368,371],"product_tag":[],"class_list":{"0":"post-10131","1":"product","2":"type-product","3":"status-publish","4":"has-post-thumbnail","6":"product_cat-roma-es","7":"product_cat-roma-top-ventas-es","8":"product_cat-roma-actividades-es","9":"product_cat-roma-tours-privados-pie-es","11":"first","12":"instock","13":"shipping-taxable","14":"purchasable","15":"product-type-simple"},"acf":[],"yoast_head":"<!-- This site is optimized with the Yoast SEO Premium plugin v25.3.1 (Yoast SEO v25.3.1) - https:\/\/yoast.com\/wordpress\/plugins\/seo\/ -->\n<title>Tour Privado en Roma con guia oficial por 3 horas | Tour Trave &amp; More<\/title>\n<meta name=\"description\" content=\"Tome esta oportunidad para conocer y disfrutar de esta magn\u00edfica ciudad durante este tour a pie por Roma con su gu\u00eda oficial privado \u2705\" \/>\n<meta name=\"robots\" content=\"index, follow, max-snippet:-1, max-image-preview:large, max-video-preview:-1\" \/>\n<link rel=\"canonical\" href=\"https:\/\/tourtravelandmore.com\/es\/tours\/italia-es\/roma-es\/tour-privado-pie-de-3-horas-por-roma\/\" \/>\n<meta property=\"og:locale\" content=\"es_ES\" \/>\n<meta property=\"og:type\" content=\"article\" \/>\n<meta property=\"og:title\" content=\"Tour a Pie por Roma - Tour Privado con Guia Oficial\" \/>\n<meta property=\"og:description\" content=\"Tome esta oportunidad para conocer y disfrutar de esta magn\u00edfica ciudad durante este tour a pie por Roma con su gu\u00eda oficial privado \u2705\" \/>\n<meta property=\"og:url\" content=\"https:\/\/tourtravelandmore.com\/es\/tours\/italia-es\/roma-es\/tour-privado-pie-de-3-horas-por-roma\/\" \/>\n<meta property=\"og:site_name\" content=\"Tour Travel And More\" \/>\n<meta property=\"article:publisher\" content=\"https:\/\/www.facebook.com\/tourtravelandmore\/\" \/>\n<meta property=\"article:modified_time\" content=\"2025-02-24T12:37:11+00:00\" \/>\n<meta property=\"og:image\" content=\"https:\/\/tourtravelandmore.com\/wp-content\/uploads\/2017\/01\/pantheon-roma.jpg\" \/>\n\t<meta property=\"og:image:width\" content=\"1200\" \/>\n\t<meta property=\"og:image:height\" content=\"600\" \/>\n\t<meta property=\"og:image:type\" content=\"image\/jpeg\" \/>\n<meta name=\"twitter:card\" content=\"summary_large_image\" \/>\n<meta name=\"twitter:site\" content=\"@TourTravel_More\" \/>\n<meta name=\"twitter:label1\" content=\"Tiempo de lectura\" \/>\n\t<meta name=\"twitter:data1\" content=\"3 minutos\" \/>\n<script type=\"application\/ld+json\" class=\"yoast-schema-graph\">{\"@context\":\"https:\/\/schema.org\",\"@graph\":[{\"@type\":\"WebPage\",\"@id\":\"https:\/\/tourtravelandmore.com\/es\/tours\/italia-es\/roma-es\/tour-privado-pie-de-3-horas-por-roma\/\",\"url\":\"https:\/\/tourtravelandmore.com\/es\/tours\/italia-es\/roma-es\/tour-privado-pie-de-3-horas-por-roma\/\",\"name\":\"Tour Privado en Roma con guia oficial por 3 horas | Tour Trave & More\",\"isPartOf\":{\"@id\":\"https:\/\/tourtravelandmore.com\/es\/#website\"},\"primaryImageOfPage\":{\"@id\":\"https:\/\/tourtravelandmore.com\/es\/tours\/italia-es\/roma-es\/tour-privado-pie-de-3-horas-por-roma\/#primaryimage\"},\"image\":{\"@id\":\"https:\/\/tourtravelandmore.com\/es\/tours\/italia-es\/roma-es\/tour-privado-pie-de-3-horas-por-roma\/#primaryimage\"},\"thumbnailUrl\":\"https:\/\/tourtravelandmore.com\/wp-content\/uploads\/2017\/01\/pantheon-roma.jpg\",\"datePublished\":\"2017-01-19T11:08:41+00:00\",\"dateModified\":\"2025-02-24T12:37:11+00:00\",\"description\":\"Tome esta oportunidad para conocer y disfrutar de esta magn\u00edfica ciudad durante este tour a pie por Roma con su gu\u00eda oficial privado \u2705\",\"breadcrumb\":{\"@id\":\"https:\/\/tourtravelandmore.com\/es\/tours\/italia-es\/roma-es\/tour-privado-pie-de-3-horas-por-roma\/#breadcrumb\"},\"inLanguage\":\"es\",\"potentialAction\":[{\"@type\":\"ReadAction\",\"target\":[\"https:\/\/tourtravelandmore.com\/es\/tours\/italia-es\/roma-es\/tour-privado-pie-de-3-horas-por-roma\/\"]}]},{\"@type\":\"ImageObject\",\"inLanguage\":\"es\",\"@id\":\"https:\/\/tourtravelandmore.com\/es\/tours\/italia-es\/roma-es\/tour-privado-pie-de-3-horas-por-roma\/#primaryimage\",\"url\":\"https:\/\/tourtravelandmore.com\/wp-content\/uploads\/2017\/01\/pantheon-roma.jpg\",\"contentUrl\":\"https:\/\/tourtravelandmore.com\/wp-content\/uploads\/2017\/01\/pantheon-roma.jpg\",\"width\":1200,\"height\":600},{\"@type\":\"BreadcrumbList\",\"@id\":\"https:\/\/tourtravelandmore.com\/es\/tours\/italia-es\/roma-es\/tour-privado-pie-de-3-horas-por-roma\/#breadcrumb\",\"itemListElement\":[{\"@type\":\"ListItem\",\"position\":1,\"name\":\"Home\",\"item\":\"https:\/\/tourtravelandmore.com\/es\/\"},{\"@type\":\"ListItem\",\"position\":2,\"name\":\"Tours\",\"item\":\"https:\/\/tourtravelandmore.com\/es\/tours\/\"},{\"@type\":\"ListItem\",\"position\":3,\"name\":\"Tour a Pie por Roma &#8211; Tour Privado con Guia Oficial\"}]},{\"@type\":\"WebSite\",\"@id\":\"https:\/\/tourtravelandmore.com\/es\/#website\",\"url\":\"https:\/\/tourtravelandmore.com\/es\/\",\"name\":\"Tour Travel And More\",\"description\":\"Private sightseeing tours and luxury transfers in Spain\",\"publisher\":{\"@id\":\"https:\/\/tourtravelandmore.com\/es\/#organization\"},\"potentialAction\":[{\"@type\":\"SearchAction\",\"target\":{\"@type\":\"EntryPoint\",\"urlTemplate\":\"https:\/\/tourtravelandmore.com\/es\/?s={search_term_string}\"},\"query-input\":{\"@type\":\"PropertyValueSpecification\",\"valueRequired\":true,\"valueName\":\"search_term_string\"}}],\"inLanguage\":\"es\"},{\"@type\":\"Organization\",\"@id\":\"https:\/\/tourtravelandmore.com\/es\/#organization\",\"name\":\"Tour Travel And More\",\"url\":\"https:\/\/tourtravelandmore.com\/es\/\",\"logo\":{\"@type\":\"ImageObject\",\"inLanguage\":\"es\",\"@id\":\"https:\/\/tourtravelandmore.com\/es\/#\/schema\/logo\/image\/\",\"url\":\"https:\/\/tourtravelandmore.com\/wp-content\/uploads\/2022\/12\/cropped-logo-cabecera-new.png\",\"contentUrl\":\"https:\/\/tourtravelandmore.com\/wp-content\/uploads\/2022\/12\/cropped-logo-cabecera-new.png\",\"width\":430,\"height\":61,\"caption\":\"Tour Travel And More\"},\"image\":{\"@id\":\"https:\/\/tourtravelandmore.com\/es\/#\/schema\/logo\/image\/\"},\"sameAs\":[\"https:\/\/www.facebook.com\/tourtravelandmore\/\",\"https:\/\/x.com\/TourTravel_More\"]}]}<\/script>\n<!-- \/ Yoast SEO Premium plugin. -->","yoast_head_json":{"title":"Tour Privado en Roma con guia oficial por 3 horas | Tour Trave & More","description":"Tome esta oportunidad para conocer y disfrutar de esta magn\u00edfica ciudad durante este tour a pie por Roma con su gu\u00eda oficial privado \u2705","robots":{"index":"index","follow":"follow","max-snippet":"max-snippet:-1","max-image-preview":"max-image-preview:large","max-video-preview":"max-video-preview:-1"},"canonical":"https:\/\/tourtravelandmore.com\/es\/tours\/italia-es\/roma-es\/tour-privado-pie-de-3-horas-por-roma\/","og_locale":"es_ES","og_type":"article","og_title":"Tour a Pie por Roma - Tour Privado con Guia Oficial","og_description":"Tome esta oportunidad para conocer y disfrutar de esta magn\u00edfica ciudad durante este tour a pie por Roma con su gu\u00eda oficial privado \u2705","og_url":"https:\/\/tourtravelandmore.com\/es\/tours\/italia-es\/roma-es\/tour-privado-pie-de-3-horas-por-roma\/","og_site_name":"Tour Travel And More","article_publisher":"https:\/\/www.facebook.com\/tourtravelandmore\/","article_modified_time":"2025-02-24T12:37:11+00:00","og_image":[{"width":1200,"height":600,"url":"https:\/\/tourtravelandmore.com\/wp-content\/uploads\/2017\/01\/pantheon-roma.jpg","type":"image\/jpeg"}],"twitter_card":"summary_large_image","twitter_site":"@TourTravel_More","twitter_misc":{"Tiempo de lectura":"3 minutos"},"schema":{"@context":"https:\/\/schema.org","@graph":[{"@type":"WebPage","@id":"https:\/\/tourtravelandmore.com\/es\/tours\/italia-es\/roma-es\/tour-privado-pie-de-3-horas-por-roma\/","url":"https:\/\/tourtravelandmore.com\/es\/tours\/italia-es\/roma-es\/tour-privado-pie-de-3-horas-por-roma\/","name":"Tour Privado en Roma con guia oficial por 3 horas | Tour Trave & More","isPartOf":{"@id":"https:\/\/tourtravelandmore.com\/es\/#website"},"primaryImageOfPage":{"@id":"https:\/\/tourtravelandmore.com\/es\/tours\/italia-es\/roma-es\/tour-privado-pie-de-3-horas-por-roma\/#primaryimage"},"image":{"@id":"https:\/\/tourtravelandmore.com\/es\/tours\/italia-es\/roma-es\/tour-privado-pie-de-3-horas-por-roma\/#primaryimage"},"thumbnailUrl":"https:\/\/tourtravelandmore.com\/wp-content\/uploads\/2017\/01\/pantheon-roma.jpg","datePublished":"2017-01-19T11:08:41+00:00","dateModified":"2025-02-24T12:37:11+00:00","description":"Tome esta oportunidad para conocer y disfrutar de esta magn\u00edfica ciudad durante este tour a pie por Roma con su gu\u00eda oficial privado \u2705","breadcrumb":{"@id":"https:\/\/tourtravelandmore.com\/es\/tours\/italia-es\/roma-es\/tour-privado-pie-de-3-horas-por-roma\/#breadcrumb"},"inLanguage":"es","potentialAction":[{"@type":"ReadAction","target":["https:\/\/tourtravelandmore.com\/es\/tours\/italia-es\/roma-es\/tour-privado-pie-de-3-horas-por-roma\/"]}]},{"@type":"ImageObject","inLanguage":"es","@id":"https:\/\/tourtravelandmore.com\/es\/tours\/italia-es\/roma-es\/tour-privado-pie-de-3-horas-por-roma\/#primaryimage","url":"https:\/\/tourtravelandmore.com\/wp-content\/uploads\/2017\/01\/pantheon-roma.jpg","contentUrl":"https:\/\/tourtravelandmore.com\/wp-content\/uploads\/2017\/01\/pantheon-roma.jpg","width":1200,"height":600},{"@type":"BreadcrumbList","@id":"https:\/\/tourtravelandmore.com\/es\/tours\/italia-es\/roma-es\/tour-privado-pie-de-3-horas-por-roma\/#breadcrumb","itemListElement":[{"@type":"ListItem","position":1,"name":"Home","item":"https:\/\/tourtravelandmore.com\/es\/"},{"@type":"ListItem","position":2,"name":"Tours","item":"https:\/\/tourtravelandmore.com\/es\/tours\/"},{"@type":"ListItem","position":3,"name":"Tour a Pie por Roma &#8211; Tour Privado con Guia Oficial"}]},{"@type":"WebSite","@id":"https:\/\/tourtravelandmore.com\/es\/#website","url":"https:\/\/tourtravelandmore.com\/es\/","name":"Tour Travel And More","description":"Private sightseeing tours and luxury transfers in Spain","publisher":{"@id":"https:\/\/tourtravelandmore.com\/es\/#organization"},"potentialAction":[{"@type":"SearchAction","target":{"@type":"EntryPoint","urlTemplate":"https:\/\/tourtravelandmore.com\/es\/?s={search_term_string}"},"query-input":{"@type":"PropertyValueSpecification","valueRequired":true,"valueName":"search_term_string"}}],"inLanguage":"es"},{"@type":"Organization","@id":"https:\/\/tourtravelandmore.com\/es\/#organization","name":"Tour Travel And More","url":"https:\/\/tourtravelandmore.com\/es\/","logo":{"@type":"ImageObject","inLanguage":"es","@id":"https:\/\/tourtravelandmore.com\/es\/#\/schema\/logo\/image\/","url":"https:\/\/tourtravelandmore.com\/wp-content\/uploads\/2022\/12\/cropped-logo-cabecera-new.png","contentUrl":"https:\/\/tourtravelandmore.com\/wp-content\/uploads\/2022\/12\/cropped-logo-cabecera-new.png","width":430,"height":61,"caption":"Tour Travel And More"},"image":{"@id":"https:\/\/tourtravelandmore.com\/es\/#\/schema\/logo\/image\/"},"sameAs":["https:\/\/www.facebook.com\/tourtravelandmore\/","https:\/\/x.com\/TourTravel_More"]}]}},"_links":{"self":[{"href":"https:\/\/tourtravelandmore.com\/es\/wp-json\/wp\/v2\/product\/10131","targetHints":{"allow":["GET"]}}],"collection":[{"href":"https:\/\/tourtravelandmore.com\/es\/wp-json\/wp\/v2\/product"}],"about":[{"href":"https:\/\/tourtravelandmore.com\/es\/wp-json\/wp\/v2\/types\/product"}],"replies":[{"embeddable":true,"href":"https:\/\/tourtravelandmore.com\/es\/wp-json\/wp\/v2\/comments?post=10131"}],"wp:featuredmedia":[{"embeddable":true,"href":"https:\/\/tourtravelandmore.com\/es\/wp-json\/wp\/v2\/media\/17251"}],"wp:attachment":[{"href":"https:\/\/tourtravelandmore.com\/es\/wp-json\/wp\/v2\/media?parent=10131"}],"wp:term":[{"taxonomy":"product_brand","embeddable":true,"href":"https:\/\/tourtravelandmore.com\/es\/wp-json\/wp\/v2\/product_brand?post=10131"},{"taxonomy":"product_cat","embeddable":true,"href":"https:\/\/tourtravelandmore.com\/es\/wp-json\/wp\/v2\/product_cat?post=10131"},{"taxonomy":"product_tag","embeddable":true,"href":"https:\/\/tourtravelandmore.com\/es\/wp-json\/wp\/v2\/product_tag?post=10131"}],"curies":[{"name":"wp","href":"https:\/\/api.w.org\/{rel}","templated":true}]}}