{"id":10124,"date":"2017-01-18T10:53:03","date_gmt":"2017-01-18T15:32:42","guid":{"rendered":"http:\/\/tourtravelandmore.com\/es\/?post_type=product&#038;p=10124"},"modified":"2024-08-21T17:47:51","modified_gmt":"2024-08-21T15:47:51","slug":"tour-privado-ciudad-del-vaticano-4-horas","status":"publish","type":"product","link":"https:\/\/tourtravelandmore.com\/es\/tours\/italia-es\/roma-es\/tour-privado-ciudad-del-vaticano-4-horas\/","title":{"rendered":"Tour Privado de 4 horas por el Vaticano con entradas sin cola"},"content":{"rendered":"<h2><strong>Descripci\u00f3n del Tour Privado de 4 horas por el Vaticano con entradas sin cola\u00a0<\/strong><\/h2>\n<p>Disfrute de este <strong>Tour por el Vaticano<\/strong> con su <strong>gu\u00eda oficial<\/strong> que le mostrar\u00e1 todos los rincones y lugares de gran importancia de la Ciudad del Vaticano.<\/p>\n<p>Lo recogeremos en su hotel o lugar de elecci\u00f3n en Roma y su <strong>conductor privado<\/strong> junto con su <strong>gu\u00eda tur\u00edstico oficial<\/strong> lo llevar\u00e1 hacia Ciudad del Vaticano.<\/p>\n<p>La <strong>Ciudad del Vaticano<\/strong> es el centro espiritual de todos los cat\u00f3licos del mundo. Fue declarado como Estado en 1929 y alrededor de 1000 personas viven en la Ciudad del Vaticano, ya que trabajan en sus museos e instalaciones.<\/p>\n<p>El <strong>Vaticano<\/strong> es la residencia del Papa y es un tesoro de arquitectura y arte ic\u00f3nicos.<\/p>\n<p>La <strong>Capilla Sixtina<\/strong> es la capilla del Palacio Apost\u00f3lico del Vaticano y su techo fue pintado por el famoso Miguel \u00c1ngel.<\/p>\n<p>Si est\u00e1 interesado en cualquier otra forma de visitar la Ciudad del Vaticano (recorrido a pie) o cualquier otro lugar en Roma, no dude en contactarnos.<\/p>\n<h2><strong>Puntos de inter\u00e9s en el Tour Privado de 4 horas por el Vaticano\u00a0<\/strong><\/h2>\n<p>Durante este Tour por el Vaticano, conocer\u00e1 los lugares m\u00e1s emblem\u00e1ticos y representativos de este lugar hist\u00f3rico. La entrada general a la <a href=\"https:\/\/biglietteriamusei.vatican.va\/musei\/tickets\/do?action=booking&amp;amp;amp;codiceTipoVisita=26&amp;amp;amp;step=2\">Ciudad del Vaticano<\/a> est\u00e1 incluida en el precio de este tour privado.<\/p>\n<p>Su experiencia privada comenzar\u00e1 a la hora deseada en el vest\u00edbulo de su hotel o lugar de elecci\u00f3n en Roma, su chofer y guia privado lo recoger\u00e1 en un veh\u00edculo privado de lujo.<\/p>\n<p>Dependiendo de la hora de inicio del tour, primero visitar\u00e1 los <strong>Museos Vaticanos<\/strong> o la <strong>Bas\u00edlica de San Pedro<\/strong>.\u00a0Su gu\u00eda tur\u00edstico privado estar\u00e1 a su entera disposici\u00f3n durante el recorrido de 4 horas.<\/p>\n<p>Entre otros monumentos y lugares de inter\u00e9s que puedes conocer:<\/p>\n<ul>\n<li><strong>Galer\u00edas del Vaticano<\/strong> (hay cinco galer\u00edas en el Vaticano: Galer\u00eda Lapidaria, Museo del Ala Nueva de Chiaramonti, Galer\u00eda del Candelabro, Galer\u00eda de Tapices y Galer\u00eda de Mapas).<\/li>\n<li><strong>Plaza San Pedro<\/strong> (ubicada frente a la Bas\u00edlica de San Pedro)<\/li>\n<li><strong>Capilla Sixtina<\/strong> (capilla del Palacio Apost\u00f3lico del Vaticano)<\/li>\n<li><strong>Bas\u00edlica de San Pedro<\/strong> (templo cat\u00f3lico dentro de la Ciudad del Vaticano)<\/li>\n<li><strong>Pinacoteca Vaticana<\/strong> (galer\u00eda de arte que forma parte de los Museos Vaticanos)<\/li>\n<li><strong>Las habitaciones de Rafael<\/strong><\/li>\n<li><strong>\u00a1Mucho m\u00e1s!<\/strong><\/li>\n<\/ul>\n<p>Su gu\u00eda tur\u00edstico oficial privado compartir\u00e1 todos sus conocimientos sobre la Ciudad del Vaticano y sobre el trabajo y vida del Papa.<\/p>\n<p>Todos nuestros gu\u00edas son oficiales y profesionales y adem\u00e1s, hablan varios idiomas para que su experiencia sea inolvidable.<\/p>\n<p>Podr\u00e1 disfrutar y admirar la gran arquitectura y las vistas de los monumentos m\u00e1s importantes y conocidos de la Ciudad del Vaticano.<\/p>\n<p>El recorrido privado tiene una duraci\u00f3n de 4 horas desde el momento de la recogida hasta el momento de devoluci\u00f3n en su hotel o lugar de elecci\u00f3n en Roma.<\/p>\n<p>En caso de que desee visitar la Ciudad del Vaticano y tambi\u00e9n ver lo m\u00e1s destacado de Roma, eche un vistazo a nuestro <a href=\"https:\/\/tourtravelandmore.com\/es\/tours\/italia-es\/roma-es\/tour-privado-por-roma-y-vaticano\/\">tour privado de 5-horas por Roma y la Ciudad del Vaticano<\/a>.<\/p>\n","protected":false},"excerpt":{"rendered":"<p><strong>Tour personalizable de Roma y ciudad del Vaticano<\/strong>. Tome esta oportunidad para conocer y disfrutar de Roma durante este tour con vuestro guia oficial privado y vuestro veh\u00edculo de lujo con chofer. Disfruta de los monumentos y zonas m\u00e1s emblem\u00e1ticas de <strong>la Ciudad del Vaticano. Visita la Plaza San Pedro, Capilla Sixtina y m\u00e1s!<\/strong><\/p>\n<p>&nbsp;<\/p>\n","protected":false},"featured_media":17286,"comment_status":"open","ping_status":"closed","template":"","meta":{"_acf_changed":false},"product_brand":[],"product_cat":[367,653,368,370],"product_tag":[],"class_list":{"0":"post-10124","1":"product","2":"type-product","3":"status-publish","4":"has-post-thumbnail","6":"product_cat-roma-es","7":"product_cat-roma-top-ventas-es","8":"product_cat-roma-actividades-es","9":"product_cat-roma-rutas-turisticas-privadas-es","11":"first","12":"instock","13":"shipping-taxable","14":"purchasable","15":"product-type-simple"},"acf":[],"yoast_head":"<!-- This site is optimized with the Yoast SEO Premium plugin v25.3.1 (Yoast SEO v25.3.1) - https:\/\/yoast.com\/wordpress\/plugins\/seo\/ -->\n<title>Tour Privado de 4 horas por el Vaticano con entradas sin cola | TTM<\/title>\n<meta name=\"description\" content=\"Disfrute de este Tour Privado por el Vaticano con su guia oficial, quien le mostrar\u00e1 todo los lugares m\u00e1s importantes. Entrada sin cola incluida en el tour \u2705\" \/>\n<meta name=\"robots\" content=\"index, follow, max-snippet:-1, max-image-preview:large, max-video-preview:-1\" \/>\n<link rel=\"canonical\" href=\"https:\/\/tourtravelandmore.com\/es\/tours\/italia-es\/roma-es\/tour-privado-ciudad-del-vaticano-4-horas\/\" \/>\n<meta property=\"og:locale\" content=\"es_ES\" \/>\n<meta property=\"og:type\" content=\"article\" \/>\n<meta property=\"og:title\" content=\"Tour Privado de 4 horas por el Vaticano con entradas sin cola\" \/>\n<meta property=\"og:description\" content=\"Disfrute de este Tour Privado por el Vaticano con su guia oficial, quien le mostrar\u00e1 todo los lugares m\u00e1s importantes. Entrada sin cola incluida en el tour \u2705\" \/>\n<meta property=\"og:url\" content=\"https:\/\/tourtravelandmore.com\/es\/tours\/italia-es\/roma-es\/tour-privado-ciudad-del-vaticano-4-horas\/\" \/>\n<meta property=\"og:site_name\" content=\"Tour Travel And More\" \/>\n<meta property=\"article:publisher\" content=\"https:\/\/www.facebook.com\/tourtravelandmore\/\" \/>\n<meta property=\"article:modified_time\" content=\"2024-08-21T15:47:51+00:00\" \/>\n<meta property=\"og:image\" content=\"https:\/\/tourtravelandmore.com\/wp-content\/uploads\/2017\/01\/vatican-city-1233913_960_720.jpg\" \/>\n\t<meta property=\"og:image:width\" content=\"960\" \/>\n\t<meta property=\"og:image:height\" content=\"540\" \/>\n\t<meta property=\"og:image:type\" content=\"image\/jpeg\" \/>\n<meta name=\"twitter:card\" content=\"summary_large_image\" \/>\n<meta name=\"twitter:site\" content=\"@TourTravel_More\" \/>\n<meta name=\"twitter:label1\" content=\"Tiempo de lectura\" \/>\n\t<meta name=\"twitter:data1\" content=\"3 minutos\" \/>\n<script type=\"application\/ld+json\" class=\"yoast-schema-graph\">{\"@context\":\"https:\/\/schema.org\",\"@graph\":[{\"@type\":\"WebPage\",\"@id\":\"https:\/\/tourtravelandmore.com\/es\/tours\/italia-es\/roma-es\/tour-privado-ciudad-del-vaticano-4-horas\/\",\"url\":\"https:\/\/tourtravelandmore.com\/es\/tours\/italia-es\/roma-es\/tour-privado-ciudad-del-vaticano-4-horas\/\",\"name\":\"Tour Privado de 4 horas por el Vaticano con entradas sin cola | TTM\",\"isPartOf\":{\"@id\":\"https:\/\/tourtravelandmore.com\/es\/#website\"},\"primaryImageOfPage\":{\"@id\":\"https:\/\/tourtravelandmore.com\/es\/tours\/italia-es\/roma-es\/tour-privado-ciudad-del-vaticano-4-horas\/#primaryimage\"},\"image\":{\"@id\":\"https:\/\/tourtravelandmore.com\/es\/tours\/italia-es\/roma-es\/tour-privado-ciudad-del-vaticano-4-horas\/#primaryimage\"},\"thumbnailUrl\":\"https:\/\/tourtravelandmore.com\/wp-content\/uploads\/2017\/01\/vatican-city-1233913_960_720.jpg\",\"datePublished\":\"2017-01-18T15:32:42+00:00\",\"dateModified\":\"2024-08-21T15:47:51+00:00\",\"description\":\"Disfrute de este Tour Privado por el Vaticano con su guia oficial, quien le mostrar\u00e1 todo los lugares m\u00e1s importantes. Entrada sin cola incluida en el tour \u2705\",\"breadcrumb\":{\"@id\":\"https:\/\/tourtravelandmore.com\/es\/tours\/italia-es\/roma-es\/tour-privado-ciudad-del-vaticano-4-horas\/#breadcrumb\"},\"inLanguage\":\"es\",\"potentialAction\":[{\"@type\":\"ReadAction\",\"target\":[\"https:\/\/tourtravelandmore.com\/es\/tours\/italia-es\/roma-es\/tour-privado-ciudad-del-vaticano-4-horas\/\"]}]},{\"@type\":\"ImageObject\",\"inLanguage\":\"es\",\"@id\":\"https:\/\/tourtravelandmore.com\/es\/tours\/italia-es\/roma-es\/tour-privado-ciudad-del-vaticano-4-horas\/#primaryimage\",\"url\":\"https:\/\/tourtravelandmore.com\/wp-content\/uploads\/2017\/01\/vatican-city-1233913_960_720.jpg\",\"contentUrl\":\"https:\/\/tourtravelandmore.com\/wp-content\/uploads\/2017\/01\/vatican-city-1233913_960_720.jpg\",\"width\":960,\"height\":540},{\"@type\":\"BreadcrumbList\",\"@id\":\"https:\/\/tourtravelandmore.com\/es\/tours\/italia-es\/roma-es\/tour-privado-ciudad-del-vaticano-4-horas\/#breadcrumb\",\"itemListElement\":[{\"@type\":\"ListItem\",\"position\":1,\"name\":\"Home\",\"item\":\"https:\/\/tourtravelandmore.com\/es\/\"},{\"@type\":\"ListItem\",\"position\":2,\"name\":\"Tours\",\"item\":\"https:\/\/tourtravelandmore.com\/es\/tours\/\"},{\"@type\":\"ListItem\",\"position\":3,\"name\":\"Tour Privado de 4 horas por el Vaticano con entradas sin cola\"}]},{\"@type\":\"WebSite\",\"@id\":\"https:\/\/tourtravelandmore.com\/es\/#website\",\"url\":\"https:\/\/tourtravelandmore.com\/es\/\",\"name\":\"Tour Travel And More\",\"description\":\"Private sightseeing tours and luxury transfers in Spain\",\"publisher\":{\"@id\":\"https:\/\/tourtravelandmore.com\/es\/#organization\"},\"potentialAction\":[{\"@type\":\"SearchAction\",\"target\":{\"@type\":\"EntryPoint\",\"urlTemplate\":\"https:\/\/tourtravelandmore.com\/es\/?s={search_term_string}\"},\"query-input\":{\"@type\":\"PropertyValueSpecification\",\"valueRequired\":true,\"valueName\":\"search_term_string\"}}],\"inLanguage\":\"es\"},{\"@type\":\"Organization\",\"@id\":\"https:\/\/tourtravelandmore.com\/es\/#organization\",\"name\":\"Tour Travel And More\",\"url\":\"https:\/\/tourtravelandmore.com\/es\/\",\"logo\":{\"@type\":\"ImageObject\",\"inLanguage\":\"es\",\"@id\":\"https:\/\/tourtravelandmore.com\/es\/#\/schema\/logo\/image\/\",\"url\":\"https:\/\/tourtravelandmore.com\/wp-content\/uploads\/2022\/12\/cropped-logo-cabecera-new.png\",\"contentUrl\":\"https:\/\/tourtravelandmore.com\/wp-content\/uploads\/2022\/12\/cropped-logo-cabecera-new.png\",\"width\":430,\"height\":61,\"caption\":\"Tour Travel And More\"},\"image\":{\"@id\":\"https:\/\/tourtravelandmore.com\/es\/#\/schema\/logo\/image\/\"},\"sameAs\":[\"https:\/\/www.facebook.com\/tourtravelandmore\/\",\"https:\/\/x.com\/TourTravel_More\"]}]}<\/script>\n<!-- \/ Yoast SEO Premium plugin. -->","yoast_head_json":{"title":"Tour Privado de 4 horas por el Vaticano con entradas sin cola | TTM","description":"Disfrute de este Tour Privado por el Vaticano con su guia oficial, quien le mostrar\u00e1 todo los lugares m\u00e1s importantes. Entrada sin cola incluida en el tour \u2705","robots":{"index":"index","follow":"follow","max-snippet":"max-snippet:-1","max-image-preview":"max-image-preview:large","max-video-preview":"max-video-preview:-1"},"canonical":"https:\/\/tourtravelandmore.com\/es\/tours\/italia-es\/roma-es\/tour-privado-ciudad-del-vaticano-4-horas\/","og_locale":"es_ES","og_type":"article","og_title":"Tour Privado de 4 horas por el Vaticano con entradas sin cola","og_description":"Disfrute de este Tour Privado por el Vaticano con su guia oficial, quien le mostrar\u00e1 todo los lugares m\u00e1s importantes. Entrada sin cola incluida en el tour \u2705","og_url":"https:\/\/tourtravelandmore.com\/es\/tours\/italia-es\/roma-es\/tour-privado-ciudad-del-vaticano-4-horas\/","og_site_name":"Tour Travel And More","article_publisher":"https:\/\/www.facebook.com\/tourtravelandmore\/","article_modified_time":"2024-08-21T15:47:51+00:00","og_image":[{"width":960,"height":540,"url":"https:\/\/tourtravelandmore.com\/wp-content\/uploads\/2017\/01\/vatican-city-1233913_960_720.jpg","type":"image\/jpeg"}],"twitter_card":"summary_large_image","twitter_site":"@TourTravel_More","twitter_misc":{"Tiempo de lectura":"3 minutos"},"schema":{"@context":"https:\/\/schema.org","@graph":[{"@type":"WebPage","@id":"https:\/\/tourtravelandmore.com\/es\/tours\/italia-es\/roma-es\/tour-privado-ciudad-del-vaticano-4-horas\/","url":"https:\/\/tourtravelandmore.com\/es\/tours\/italia-es\/roma-es\/tour-privado-ciudad-del-vaticano-4-horas\/","name":"Tour Privado de 4 horas por el Vaticano con entradas sin cola | TTM","isPartOf":{"@id":"https:\/\/tourtravelandmore.com\/es\/#website"},"primaryImageOfPage":{"@id":"https:\/\/tourtravelandmore.com\/es\/tours\/italia-es\/roma-es\/tour-privado-ciudad-del-vaticano-4-horas\/#primaryimage"},"image":{"@id":"https:\/\/tourtravelandmore.com\/es\/tours\/italia-es\/roma-es\/tour-privado-ciudad-del-vaticano-4-horas\/#primaryimage"},"thumbnailUrl":"https:\/\/tourtravelandmore.com\/wp-content\/uploads\/2017\/01\/vatican-city-1233913_960_720.jpg","datePublished":"2017-01-18T15:32:42+00:00","dateModified":"2024-08-21T15:47:51+00:00","description":"Disfrute de este Tour Privado por el Vaticano con su guia oficial, quien le mostrar\u00e1 todo los lugares m\u00e1s importantes. Entrada sin cola incluida en el tour \u2705","breadcrumb":{"@id":"https:\/\/tourtravelandmore.com\/es\/tours\/italia-es\/roma-es\/tour-privado-ciudad-del-vaticano-4-horas\/#breadcrumb"},"inLanguage":"es","potentialAction":[{"@type":"ReadAction","target":["https:\/\/tourtravelandmore.com\/es\/tours\/italia-es\/roma-es\/tour-privado-ciudad-del-vaticano-4-horas\/"]}]},{"@type":"ImageObject","inLanguage":"es","@id":"https:\/\/tourtravelandmore.com\/es\/tours\/italia-es\/roma-es\/tour-privado-ciudad-del-vaticano-4-horas\/#primaryimage","url":"https:\/\/tourtravelandmore.com\/wp-content\/uploads\/2017\/01\/vatican-city-1233913_960_720.jpg","contentUrl":"https:\/\/tourtravelandmore.com\/wp-content\/uploads\/2017\/01\/vatican-city-1233913_960_720.jpg","width":960,"height":540},{"@type":"BreadcrumbList","@id":"https:\/\/tourtravelandmore.com\/es\/tours\/italia-es\/roma-es\/tour-privado-ciudad-del-vaticano-4-horas\/#breadcrumb","itemListElement":[{"@type":"ListItem","position":1,"name":"Home","item":"https:\/\/tourtravelandmore.com\/es\/"},{"@type":"ListItem","position":2,"name":"Tours","item":"https:\/\/tourtravelandmore.com\/es\/tours\/"},{"@type":"ListItem","position":3,"name":"Tour Privado de 4 horas por el Vaticano con entradas sin cola"}]},{"@type":"WebSite","@id":"https:\/\/tourtravelandmore.com\/es\/#website","url":"https:\/\/tourtravelandmore.com\/es\/","name":"Tour Travel And More","description":"Private sightseeing tours and luxury transfers in Spain","publisher":{"@id":"https:\/\/tourtravelandmore.com\/es\/#organization"},"potentialAction":[{"@type":"SearchAction","target":{"@type":"EntryPoint","urlTemplate":"https:\/\/tourtravelandmore.com\/es\/?s={search_term_string}"},"query-input":{"@type":"PropertyValueSpecification","valueRequired":true,"valueName":"search_term_string"}}],"inLanguage":"es"},{"@type":"Organization","@id":"https:\/\/tourtravelandmore.com\/es\/#organization","name":"Tour Travel And More","url":"https:\/\/tourtravelandmore.com\/es\/","logo":{"@type":"ImageObject","inLanguage":"es","@id":"https:\/\/tourtravelandmore.com\/es\/#\/schema\/logo\/image\/","url":"https:\/\/tourtravelandmore.com\/wp-content\/uploads\/2022\/12\/cropped-logo-cabecera-new.png","contentUrl":"https:\/\/tourtravelandmore.com\/wp-content\/uploads\/2022\/12\/cropped-logo-cabecera-new.png","width":430,"height":61,"caption":"Tour Travel And More"},"image":{"@id":"https:\/\/tourtravelandmore.com\/es\/#\/schema\/logo\/image\/"},"sameAs":["https:\/\/www.facebook.com\/tourtravelandmore\/","https:\/\/x.com\/TourTravel_More"]}]}},"_links":{"self":[{"href":"https:\/\/tourtravelandmore.com\/es\/wp-json\/wp\/v2\/product\/10124","targetHints":{"allow":["GET"]}}],"collection":[{"href":"https:\/\/tourtravelandmore.com\/es\/wp-json\/wp\/v2\/product"}],"about":[{"href":"https:\/\/tourtravelandmore.com\/es\/wp-json\/wp\/v2\/types\/product"}],"replies":[{"embeddable":true,"href":"https:\/\/tourtravelandmore.com\/es\/wp-json\/wp\/v2\/comments?post=10124"}],"wp:featuredmedia":[{"embeddable":true,"href":"https:\/\/tourtravelandmore.com\/es\/wp-json\/wp\/v2\/media\/17286"}],"wp:attachment":[{"href":"https:\/\/tourtravelandmore.com\/es\/wp-json\/wp\/v2\/media?parent=10124"}],"wp:term":[{"taxonomy":"product_brand","embeddable":true,"href":"https:\/\/tourtravelandmore.com\/es\/wp-json\/wp\/v2\/product_brand?post=10124"},{"taxonomy":"product_cat","embeddable":true,"href":"https:\/\/tourtravelandmore.com\/es\/wp-json\/wp\/v2\/product_cat?post=10124"},{"taxonomy":"product_tag","embeddable":true,"href":"https:\/\/tourtravelandmore.com\/es\/wp-json\/wp\/v2\/product_tag?post=10124"}],"curies":[{"name":"wp","href":"https:\/\/api.w.org\/{rel}","templated":true}]}}