{"id":10119,"date":"2017-01-18T10:46:24","date_gmt":"2017-01-18T15:27:39","guid":{"rendered":"http:\/\/tourtravelandmore.com\/es\/?post_type=product&#038;p=10119"},"modified":"2024-08-21T17:48:12","modified_gmt":"2024-08-21T15:48:12","slug":"tour-privado-pompeya-costa-amalfitana-desde-roma","status":"publish","type":"product","link":"https:\/\/tourtravelandmore.com\/es\/tours\/italia-es\/roma-es\/tour-privado-pompeya-costa-amalfitana-desde-roma\/","title":{"rendered":"Tour desde Roma a Pompeya y Costa Amalfitana: Excursi\u00f3n Privada"},"content":{"rendered":"<h2><strong>Descripci\u00f3n del Tour\u00a0desde Roma a Pompeya y Costa Amalfitana: Excursi\u00f3n Privada<\/strong><\/h2>\n<p>Disfrute de este <strong>Tour desde Roma a Pompeya y Costa Amalfitana<\/strong> y conozca dos de los lugares m\u00e1s hist\u00f3ricos y bellos del sur de Italia.<\/p>\n<p>Puede visitar Pompeya y la Costa de Amalfitana en un <strong>veh\u00edculo privado de lujo<\/strong> o en un <strong>tren r\u00e1pido desde Roma<\/strong> y un veh\u00edculo privado en N\u00e1poles.<\/p>\n<p>En el a\u00f1o 79 d.C., el monte Vesubio, un volc\u00e1n ubicado cerca de N\u00e1poles, entr\u00f3 en erupci\u00f3n y cubri\u00f3 toda la ciudad de <strong>Pompeya<\/strong> con cenizas. Un grupo de exploradores descubri\u00f3 el sitio nuevamente en 1748 y vio que detr\u00e1s de las cenizas, la ciudad de Pompeya estaba casi intacta.<\/p>\n<p>La <strong>Costa Amalfitana<\/strong> se encuentra en la pen\u00ednsula Sorrentina de Italia, en la regi\u00f3n de Campania. Las ciudades m\u00e1s importantes son Amalfi, Positano y Ravello. La Costa Amalfitana es un lugar \u00fanico con incre\u00edbles playas y senderos con limoneros y acantilados, en otras palabras, un lugar perfecto para relajarse.<\/p>\n<p>Este tour desde Roma a Pompeya y Costa Amalfitana es privada y personalizada. La entrada sin cola al <a href=\"https:\/\/www.ticketone.it\/biglietti-scavi-di-pompei.html?affiliate=ITT&amp;amp;doc=artistPages%2Ftickets&amp;amp;fun=artist&amp;amp;action=tickets&amp;amp;erid=988882\" rel=\"nofollow\">sitio arqueol\u00f3gico de Pompeya<\/a> est\u00e1 incluida en el precio del tour.<\/p>\n<p>Le ayudaremos a organizar su experiencia completamente personalizada y \u00fanica en Pompeya y la Costa Amalfitana desde Roma.<\/p>\n<h2><strong>Puntos de inter\u00e9s en el Tour desde Roma a Pompeya y Costa Amalfitana<\/strong><\/h2>\n<p>En primer lugar, visitaremos el sitio arqueol\u00f3gico de Pompeya en una visita guiada de 2 horas con un gu\u00eda tur\u00edstico oficial privado.<\/p>\n<p>Entre otros monumentos y lugares de inter\u00e9s, conocer\u00e1:<\/p>\n<ul>\n<li><strong>El Anfiteatro Romano<\/strong><\/li>\n<li><strong>El Santuario de Pompeya<\/strong><\/li>\n<li><a href=\"https:\/\/tourtravelandmore.com\/es\/visitar-pompeya-los-moldes-de-yeso\/\">Los Moldes de Yeso<\/a><\/li>\n<li><strong>Casa de Menandro<\/strong><\/li>\n<li><strong>Foro de Pompeya<\/strong><\/li>\n<li><strong>y muchos m\u00e1s sitios!<\/strong><\/li>\n<\/ul>\n<p>En segundo lugar, su conductor privado y su gu\u00eda oficial lo llevar\u00e1n a la hermosa Costa Amalfitana, donde visitar\u00e1 dos de sus ciudades m\u00e1s hermosas. Su gu\u00eda oficial, que conoce perfectamente el \u00e1rea, le recomendar\u00e1 un bonito restaurante para una comida t\u00edpica italiana.<\/p>\n<p>Finalmente, su conductor privado lo llevar\u00e1 de regreso a su punto de partida, ya sea en Roma o en la estaci\u00f3n de tren en N\u00e1poles.<\/p>\n<p>Como ya mencionamos, tenemos dos opciones para este recorrido:<br \/>\n1) Organizar un conductor privado desde Roma durante 12 horas y un gu\u00eda tur\u00edstico en N\u00e1poles durante 5\/6 horas.<br \/>\n2) Boletos de tren r\u00e1pido (m\u00e1s r\u00e1pido que ir en veh\u00edculo) de Roma a N\u00e1poles (ida y vuelta), y organizar un conductor y un gu\u00eda privado para que lo recojan y lo devuelvan en la estaci\u00f3n de tren de N\u00e1poles.<\/p>\n<p>Podr\u00e1 personalizar este recorrido y tomar fotograf\u00edas impresionantes cuando lo desee. Este es un recorrido \u00fanico completamente personalizado para usted y su grupo. Si est\u00e1 interesado en un recorrido m\u00e1s corto, o simplemente visitando Pompeya o la costa de Amalfi, no dude en contactarnos.<\/p>\n","protected":false},"excerpt":{"rendered":"<p>T\u00f3mese un <strong>d\u00eda libre de Roma y visite la incre\u00edble ciudad de Pompeya y la Costa Amalfitana.<\/strong> <span class=\"JLqJ4b ChMk0b\" data-language-for-alternatives=\"es\" data-language-to-translate-into=\"en\" data-phrase-index=\"1\">Tendr\u00e1 la posibilidad de visitar el sitio arqueol\u00f3gico de Pompeya y la maravillosa Costa Amalfitana con su conductor privado y gu\u00eda tur\u00edstico oficial.\u00a0 Tambi\u00e9n puedes realizar este tour en tren r\u00e1pido desde Roma a N\u00e1poles.<\/span><\/p>\n","protected":false},"featured_media":17349,"comment_status":"open","ping_status":"closed","template":"","meta":{"_acf_changed":false},"product_brand":[],"product_cat":[367,368,370,369],"product_tag":[],"class_list":{"0":"post-10119","1":"product","2":"type-product","3":"status-publish","4":"has-post-thumbnail","6":"product_cat-roma-es","7":"product_cat-roma-actividades-es","8":"product_cat-roma-rutas-turisticas-privadas-es","9":"product_cat-roma-excursiones-es","11":"first","12":"instock","13":"shipping-taxable","14":"purchasable","15":"product-type-simple"},"acf":[],"yoast_head":"<!-- This site is optimized with the Yoast SEO Premium plugin v25.3.1 (Yoast SEO v25.3.1) - https:\/\/yoast.com\/wordpress\/plugins\/seo\/ -->\n<title>Tour desde Roma a Pompeya y Costa Amalfitana con guia y vehiculo | TTM<\/title>\n<meta name=\"description\" content=\"Disfrute de este Tour Privado desde Roma a Pompeya y Costa Amalfitana con su chofer y guia oficial privado. Entradas a Pompeya incluidas \u2705\" \/>\n<meta name=\"robots\" content=\"index, follow, max-snippet:-1, max-image-preview:large, max-video-preview:-1\" \/>\n<link rel=\"canonical\" href=\"https:\/\/tourtravelandmore.com\/es\/tours\/italia-es\/roma-es\/tour-privado-pompeya-costa-amalfitana-desde-roma\/\" \/>\n<meta property=\"og:locale\" content=\"es_ES\" \/>\n<meta property=\"og:type\" content=\"article\" \/>\n<meta property=\"og:title\" content=\"Tour desde Roma a Pompeya y Costa Amalfitana: Excursi\u00f3n Privada\" \/>\n<meta property=\"og:description\" content=\"Disfrute de este Tour Privado desde Roma a Pompeya y Costa Amalfitana con su chofer y guia oficial privado. Entradas a Pompeya incluidas \u2705\" \/>\n<meta property=\"og:url\" content=\"https:\/\/tourtravelandmore.com\/es\/tours\/italia-es\/roma-es\/tour-privado-pompeya-costa-amalfitana-desde-roma\/\" \/>\n<meta property=\"og:site_name\" content=\"Tour Travel And More\" \/>\n<meta property=\"article:publisher\" content=\"https:\/\/www.facebook.com\/tourtravelandmore\/\" \/>\n<meta property=\"article:modified_time\" content=\"2024-08-21T15:48:12+00:00\" \/>\n<meta property=\"og:image\" content=\"https:\/\/tourtravelandmore.com\/wp-content\/uploads\/2017\/01\/pompeii-and-vesuvius.jpg\" \/>\n\t<meta property=\"og:image:width\" content=\"900\" \/>\n\t<meta property=\"og:image:height\" content=\"598\" \/>\n\t<meta property=\"og:image:type\" content=\"image\/jpeg\" \/>\n<meta name=\"twitter:card\" content=\"summary_large_image\" \/>\n<meta name=\"twitter:site\" content=\"@TourTravel_More\" \/>\n<meta name=\"twitter:label1\" content=\"Tiempo de lectura\" \/>\n\t<meta name=\"twitter:data1\" content=\"2 minutos\" \/>\n<script type=\"application\/ld+json\" class=\"yoast-schema-graph\">{\"@context\":\"https:\/\/schema.org\",\"@graph\":[{\"@type\":\"WebPage\",\"@id\":\"https:\/\/tourtravelandmore.com\/es\/tours\/italia-es\/roma-es\/tour-privado-pompeya-costa-amalfitana-desde-roma\/\",\"url\":\"https:\/\/tourtravelandmore.com\/es\/tours\/italia-es\/roma-es\/tour-privado-pompeya-costa-amalfitana-desde-roma\/\",\"name\":\"Tour desde Roma a Pompeya y Costa Amalfitana con guia y vehiculo | TTM\",\"isPartOf\":{\"@id\":\"https:\/\/tourtravelandmore.com\/es\/#website\"},\"primaryImageOfPage\":{\"@id\":\"https:\/\/tourtravelandmore.com\/es\/tours\/italia-es\/roma-es\/tour-privado-pompeya-costa-amalfitana-desde-roma\/#primaryimage\"},\"image\":{\"@id\":\"https:\/\/tourtravelandmore.com\/es\/tours\/italia-es\/roma-es\/tour-privado-pompeya-costa-amalfitana-desde-roma\/#primaryimage\"},\"thumbnailUrl\":\"https:\/\/tourtravelandmore.com\/wp-content\/uploads\/2017\/01\/pompeii-and-vesuvius.jpg\",\"datePublished\":\"2017-01-18T15:27:39+00:00\",\"dateModified\":\"2024-08-21T15:48:12+00:00\",\"description\":\"Disfrute de este Tour Privado desde Roma a Pompeya y Costa Amalfitana con su chofer y guia oficial privado. Entradas a Pompeya incluidas \u2705\",\"breadcrumb\":{\"@id\":\"https:\/\/tourtravelandmore.com\/es\/tours\/italia-es\/roma-es\/tour-privado-pompeya-costa-amalfitana-desde-roma\/#breadcrumb\"},\"inLanguage\":\"es\",\"potentialAction\":[{\"@type\":\"ReadAction\",\"target\":[\"https:\/\/tourtravelandmore.com\/es\/tours\/italia-es\/roma-es\/tour-privado-pompeya-costa-amalfitana-desde-roma\/\"]}]},{\"@type\":\"ImageObject\",\"inLanguage\":\"es\",\"@id\":\"https:\/\/tourtravelandmore.com\/es\/tours\/italia-es\/roma-es\/tour-privado-pompeya-costa-amalfitana-desde-roma\/#primaryimage\",\"url\":\"https:\/\/tourtravelandmore.com\/wp-content\/uploads\/2017\/01\/pompeii-and-vesuvius.jpg\",\"contentUrl\":\"https:\/\/tourtravelandmore.com\/wp-content\/uploads\/2017\/01\/pompeii-and-vesuvius.jpg\",\"width\":900,\"height\":598},{\"@type\":\"BreadcrumbList\",\"@id\":\"https:\/\/tourtravelandmore.com\/es\/tours\/italia-es\/roma-es\/tour-privado-pompeya-costa-amalfitana-desde-roma\/#breadcrumb\",\"itemListElement\":[{\"@type\":\"ListItem\",\"position\":1,\"name\":\"Home\",\"item\":\"https:\/\/tourtravelandmore.com\/es\/\"},{\"@type\":\"ListItem\",\"position\":2,\"name\":\"Tours\",\"item\":\"https:\/\/tourtravelandmore.com\/es\/tours\/\"},{\"@type\":\"ListItem\",\"position\":3,\"name\":\"Tour desde Roma a Pompeya y Costa Amalfitana: Excursi\u00f3n Privada\"}]},{\"@type\":\"WebSite\",\"@id\":\"https:\/\/tourtravelandmore.com\/es\/#website\",\"url\":\"https:\/\/tourtravelandmore.com\/es\/\",\"name\":\"Tour Travel And More\",\"description\":\"Private sightseeing tours and luxury transfers in Spain\",\"publisher\":{\"@id\":\"https:\/\/tourtravelandmore.com\/es\/#organization\"},\"potentialAction\":[{\"@type\":\"SearchAction\",\"target\":{\"@type\":\"EntryPoint\",\"urlTemplate\":\"https:\/\/tourtravelandmore.com\/es\/?s={search_term_string}\"},\"query-input\":{\"@type\":\"PropertyValueSpecification\",\"valueRequired\":true,\"valueName\":\"search_term_string\"}}],\"inLanguage\":\"es\"},{\"@type\":\"Organization\",\"@id\":\"https:\/\/tourtravelandmore.com\/es\/#organization\",\"name\":\"Tour Travel And More\",\"url\":\"https:\/\/tourtravelandmore.com\/es\/\",\"logo\":{\"@type\":\"ImageObject\",\"inLanguage\":\"es\",\"@id\":\"https:\/\/tourtravelandmore.com\/es\/#\/schema\/logo\/image\/\",\"url\":\"https:\/\/tourtravelandmore.com\/wp-content\/uploads\/2022\/12\/cropped-logo-cabecera-new.png\",\"contentUrl\":\"https:\/\/tourtravelandmore.com\/wp-content\/uploads\/2022\/12\/cropped-logo-cabecera-new.png\",\"width\":430,\"height\":61,\"caption\":\"Tour Travel And More\"},\"image\":{\"@id\":\"https:\/\/tourtravelandmore.com\/es\/#\/schema\/logo\/image\/\"},\"sameAs\":[\"https:\/\/www.facebook.com\/tourtravelandmore\/\",\"https:\/\/x.com\/TourTravel_More\"]}]}<\/script>\n<!-- \/ Yoast SEO Premium plugin. -->","yoast_head_json":{"title":"Tour desde Roma a Pompeya y Costa Amalfitana con guia y vehiculo | TTM","description":"Disfrute de este Tour Privado desde Roma a Pompeya y Costa Amalfitana con su chofer y guia oficial privado. Entradas a Pompeya incluidas \u2705","robots":{"index":"index","follow":"follow","max-snippet":"max-snippet:-1","max-image-preview":"max-image-preview:large","max-video-preview":"max-video-preview:-1"},"canonical":"https:\/\/tourtravelandmore.com\/es\/tours\/italia-es\/roma-es\/tour-privado-pompeya-costa-amalfitana-desde-roma\/","og_locale":"es_ES","og_type":"article","og_title":"Tour desde Roma a Pompeya y Costa Amalfitana: Excursi\u00f3n Privada","og_description":"Disfrute de este Tour Privado desde Roma a Pompeya y Costa Amalfitana con su chofer y guia oficial privado. Entradas a Pompeya incluidas \u2705","og_url":"https:\/\/tourtravelandmore.com\/es\/tours\/italia-es\/roma-es\/tour-privado-pompeya-costa-amalfitana-desde-roma\/","og_site_name":"Tour Travel And More","article_publisher":"https:\/\/www.facebook.com\/tourtravelandmore\/","article_modified_time":"2024-08-21T15:48:12+00:00","og_image":[{"width":900,"height":598,"url":"https:\/\/tourtravelandmore.com\/wp-content\/uploads\/2017\/01\/pompeii-and-vesuvius.jpg","type":"image\/jpeg"}],"twitter_card":"summary_large_image","twitter_site":"@TourTravel_More","twitter_misc":{"Tiempo de lectura":"2 minutos"},"schema":{"@context":"https:\/\/schema.org","@graph":[{"@type":"WebPage","@id":"https:\/\/tourtravelandmore.com\/es\/tours\/italia-es\/roma-es\/tour-privado-pompeya-costa-amalfitana-desde-roma\/","url":"https:\/\/tourtravelandmore.com\/es\/tours\/italia-es\/roma-es\/tour-privado-pompeya-costa-amalfitana-desde-roma\/","name":"Tour desde Roma a Pompeya y Costa Amalfitana con guia y vehiculo | TTM","isPartOf":{"@id":"https:\/\/tourtravelandmore.com\/es\/#website"},"primaryImageOfPage":{"@id":"https:\/\/tourtravelandmore.com\/es\/tours\/italia-es\/roma-es\/tour-privado-pompeya-costa-amalfitana-desde-roma\/#primaryimage"},"image":{"@id":"https:\/\/tourtravelandmore.com\/es\/tours\/italia-es\/roma-es\/tour-privado-pompeya-costa-amalfitana-desde-roma\/#primaryimage"},"thumbnailUrl":"https:\/\/tourtravelandmore.com\/wp-content\/uploads\/2017\/01\/pompeii-and-vesuvius.jpg","datePublished":"2017-01-18T15:27:39+00:00","dateModified":"2024-08-21T15:48:12+00:00","description":"Disfrute de este Tour Privado desde Roma a Pompeya y Costa Amalfitana con su chofer y guia oficial privado. Entradas a Pompeya incluidas \u2705","breadcrumb":{"@id":"https:\/\/tourtravelandmore.com\/es\/tours\/italia-es\/roma-es\/tour-privado-pompeya-costa-amalfitana-desde-roma\/#breadcrumb"},"inLanguage":"es","potentialAction":[{"@type":"ReadAction","target":["https:\/\/tourtravelandmore.com\/es\/tours\/italia-es\/roma-es\/tour-privado-pompeya-costa-amalfitana-desde-roma\/"]}]},{"@type":"ImageObject","inLanguage":"es","@id":"https:\/\/tourtravelandmore.com\/es\/tours\/italia-es\/roma-es\/tour-privado-pompeya-costa-amalfitana-desde-roma\/#primaryimage","url":"https:\/\/tourtravelandmore.com\/wp-content\/uploads\/2017\/01\/pompeii-and-vesuvius.jpg","contentUrl":"https:\/\/tourtravelandmore.com\/wp-content\/uploads\/2017\/01\/pompeii-and-vesuvius.jpg","width":900,"height":598},{"@type":"BreadcrumbList","@id":"https:\/\/tourtravelandmore.com\/es\/tours\/italia-es\/roma-es\/tour-privado-pompeya-costa-amalfitana-desde-roma\/#breadcrumb","itemListElement":[{"@type":"ListItem","position":1,"name":"Home","item":"https:\/\/tourtravelandmore.com\/es\/"},{"@type":"ListItem","position":2,"name":"Tours","item":"https:\/\/tourtravelandmore.com\/es\/tours\/"},{"@type":"ListItem","position":3,"name":"Tour desde Roma a Pompeya y Costa Amalfitana: Excursi\u00f3n Privada"}]},{"@type":"WebSite","@id":"https:\/\/tourtravelandmore.com\/es\/#website","url":"https:\/\/tourtravelandmore.com\/es\/","name":"Tour Travel And More","description":"Private sightseeing tours and luxury transfers in Spain","publisher":{"@id":"https:\/\/tourtravelandmore.com\/es\/#organization"},"potentialAction":[{"@type":"SearchAction","target":{"@type":"EntryPoint","urlTemplate":"https:\/\/tourtravelandmore.com\/es\/?s={search_term_string}"},"query-input":{"@type":"PropertyValueSpecification","valueRequired":true,"valueName":"search_term_string"}}],"inLanguage":"es"},{"@type":"Organization","@id":"https:\/\/tourtravelandmore.com\/es\/#organization","name":"Tour Travel And More","url":"https:\/\/tourtravelandmore.com\/es\/","logo":{"@type":"ImageObject","inLanguage":"es","@id":"https:\/\/tourtravelandmore.com\/es\/#\/schema\/logo\/image\/","url":"https:\/\/tourtravelandmore.com\/wp-content\/uploads\/2022\/12\/cropped-logo-cabecera-new.png","contentUrl":"https:\/\/tourtravelandmore.com\/wp-content\/uploads\/2022\/12\/cropped-logo-cabecera-new.png","width":430,"height":61,"caption":"Tour Travel And More"},"image":{"@id":"https:\/\/tourtravelandmore.com\/es\/#\/schema\/logo\/image\/"},"sameAs":["https:\/\/www.facebook.com\/tourtravelandmore\/","https:\/\/x.com\/TourTravel_More"]}]}},"_links":{"self":[{"href":"https:\/\/tourtravelandmore.com\/es\/wp-json\/wp\/v2\/product\/10119","targetHints":{"allow":["GET"]}}],"collection":[{"href":"https:\/\/tourtravelandmore.com\/es\/wp-json\/wp\/v2\/product"}],"about":[{"href":"https:\/\/tourtravelandmore.com\/es\/wp-json\/wp\/v2\/types\/product"}],"replies":[{"embeddable":true,"href":"https:\/\/tourtravelandmore.com\/es\/wp-json\/wp\/v2\/comments?post=10119"}],"wp:featuredmedia":[{"embeddable":true,"href":"https:\/\/tourtravelandmore.com\/es\/wp-json\/wp\/v2\/media\/17349"}],"wp:attachment":[{"href":"https:\/\/tourtravelandmore.com\/es\/wp-json\/wp\/v2\/media?parent=10119"}],"wp:term":[{"taxonomy":"product_brand","embeddable":true,"href":"https:\/\/tourtravelandmore.com\/es\/wp-json\/wp\/v2\/product_brand?post=10119"},{"taxonomy":"product_cat","embeddable":true,"href":"https:\/\/tourtravelandmore.com\/es\/wp-json\/wp\/v2\/product_cat?post=10119"},{"taxonomy":"product_tag","embeddable":true,"href":"https:\/\/tourtravelandmore.com\/es\/wp-json\/wp\/v2\/product_tag?post=10119"}],"curies":[{"name":"wp","href":"https:\/\/api.w.org\/{rel}","templated":true}]}}