{"id":10114,"date":"2017-01-18T10:30:58","date_gmt":"2017-01-18T15:22:53","guid":{"rendered":"http:\/\/tourtravelandmore.com\/es\/?post_type=product&#038;p=10114"},"modified":"2024-08-21T17:48:16","modified_gmt":"2024-08-21T15:48:16","slug":"tour-privado-desde-roma-a-florencia","status":"publish","type":"product","link":"https:\/\/tourtravelandmore.com\/es\/tours\/italia-es\/roma-es\/tour-privado-desde-roma-a-florencia\/","title":{"rendered":"Tour de Roma a Florencia &#8211; Excursi\u00f3n Privada de d\u00eda completo"},"content":{"rendered":"<h2><strong>Descripci\u00f3n del Tour de Roma a Florencia &#8211; Excursi\u00f3n Privada de d\u00eda completo<\/strong><\/h2>\n<p>Admire los lugares y monumentos m\u00e1s emblem\u00e1ticos de Florencia con este <strong>tour privado de d\u00eda completo desde Roma a Florencia<\/strong> en un <strong>veh\u00edculo privado de lujo<\/strong>.<\/p>\n<p>La <strong>Toscana<\/strong> es conocida como una de las mejores zonas de Italia, ya que ofrece paisajes maravillosos, una amplia historia del arte y arquitectura, y Florencia es el mayor ejemplo de esto.<\/p>\n<p><strong>Florencia<\/strong> es conocida como la cuna del Renacimiento. Durante su recorrido privado en Florencia, conocer\u00e1 la historia y los secretos de esta hermosa ciudad.<\/p>\n<p>Lo recogeremos de su hotel o lugar de su elecci\u00f3n en Roma y lo llevaremos en este recorrido privado para conocer Florencia. Conocer\u00e1 a su <strong>gu\u00eda oficial privado<\/strong>\u00a0una vez en Florencia, para disfrutar de una visita guiada de 3 horas. Tambi\u00e9n tendr\u00e1 tiempo para pasear por las calles de Florencia por su cuenta.<\/p>\n<p>Su <strong>conductor privado<\/strong> lo estar\u00e1 esperando en un lugar c\u00e9ntrico de Florencia hasta la hora de regreso a Roma. El viaje de Roma a Florencia dura aproximadamente 3 horas y lo mismo de regreso.<\/p>\n<p>Podemos incluir entradas sin cola a cualquier monumento o museo que desee visitar en Florencia, por ejemplo, a la <a href=\"https:\/\/webshop.b-ticket.com\/webshop\/webticket\/eventlist\">Galer\u00eda Academia<\/a>, donde puede admirar <strong>El David<\/strong>. Este es un recorrido totalmente privado y personalizado, en otras palabras, si hay algo que le gustar\u00eda cambiar, no dude en contactarnos.<\/p>\n<h2><strong>Puntos de inter\u00e9s en el <\/strong><strong>Tour de Roma a Florencia\u00a0<\/strong><\/h2>\n<p>En primer lugar, su conductor privado lo recoger\u00e1 en su hotel en Roma a la hora deseada y lo conducir\u00e1 hacia Florencia. Una vez en Florencia, se encontrar\u00e1 con su gu\u00eda oficial privado.<\/p>\n<p>En segundo lugar, durante su recorrido privado a pie, podr\u00e1 disfrutar y admirar los lugares m\u00e1s alucinantes tales como:<\/p>\n<ul>\n<li><strong>El Duomo de Florencia.<\/strong><\/li>\n<li><strong>La Catedral de Santa Maria del Fiore<\/strong><\/li>\n<li><strong>Campanario de Giotto<\/strong><\/li>\n<li><strong>Ponte Vecchio<\/strong><\/li>\n<li><strong>Galer\u00eda de la Academia (entradas no incluidas)<\/strong><\/li>\n<li><strong>Galer\u00eda Uffizi (entrada no incluida)<\/strong><\/li>\n<li><strong>Plaza del Duomo<\/strong><\/li>\n<li><strong>Plaza de la Signoria<\/strong><\/li>\n<li><strong>\u00a1Y mucho m\u00e1s!<\/strong><\/li>\n<\/ul>\n<p>Su gu\u00eda tur\u00edstico privado estar\u00e1 a su disposici\u00f3n en Florencia para un recorrido privado de 3 horas. Luego de la visita guiada, tendr\u00e1 tiempo para almorzar y caminar por las hermosas calles de Florencia (y recorrer sus magn\u00edficas tiendas).<\/p>\n<p>El recorrido tiene una duraci\u00f3n de 12 horas desde el momento de la recogida hasta el momento de devoluci\u00f3n en Roma. Podr\u00e1 personalizar este recorrido y tomar fotograf\u00edas impresionantes cuando lo desee. Este es un recorrido \u00fanico completamente personalizado para usted y su grupo.<\/p>\n<p>Si prefiere un viaje de un d\u00eda completo a otro destino en lugar de Florencia, un <a href=\"https:\/\/tourtravelandmore.com\/es\/tours\/italia-es\/roma-es\/tour-privado-pompeya-costa-amalfitana-desde-roma\/\">tour privado de un d\u00eda completo a Pompeya y Costa Amalfitana<\/a> podr\u00eda ser una gran opci\u00f3n para usted.<\/p>\n","protected":false},"excerpt":{"rendered":"<p>Aproveche la oportunidad de visitar la capital de la regi\u00f3n de la Toscana: <strong>Florencia.<\/strong> <span class=\"JLqJ4b ChMk0b\" data-language-for-alternatives=\"es\" data-language-to-translate-into=\"en\" data-phrase-index=\"1\">Conocer\u00e1 una ciudad llena de arte, historia y arquitectura \u00fanica con su propio gu\u00eda tur\u00edstico oficial privado y un veh\u00edculo de lujo privado con chofer. Personalice su propia experiencia.<\/span><\/p>\n","protected":false},"featured_media":80981,"comment_status":"open","ping_status":"closed","template":"","meta":{"_acf_changed":false},"product_brand":[],"product_cat":[367,653,368,370,369],"product_tag":[],"class_list":{"0":"post-10114","1":"product","2":"type-product","3":"status-publish","4":"has-post-thumbnail","6":"product_cat-roma-es","7":"product_cat-roma-top-ventas-es","8":"product_cat-roma-actividades-es","9":"product_cat-roma-rutas-turisticas-privadas-es","10":"product_cat-roma-excursiones-es","12":"first","13":"instock","14":"shipping-taxable","15":"purchasable","16":"product-type-simple"},"acf":[],"yoast_head":"<!-- This site is optimized with the Yoast SEO Premium plugin v25.3.1 (Yoast SEO v25.3.1) - https:\/\/yoast.com\/wordpress\/plugins\/seo\/ -->\n<title>Tour Privado de Roma a Florencia en veh\u00edculo privado de lujo con chofer | TTM<\/title>\n<meta name=\"description\" content=\"Disfrute de este tour privado de Roma a Florencia de un d\u00eda. Conozca la hermosa ciudad de Florencia con su guia oficial privado \u2705\" \/>\n<meta name=\"robots\" content=\"index, follow, max-snippet:-1, max-image-preview:large, max-video-preview:-1\" \/>\n<link rel=\"canonical\" href=\"https:\/\/tourtravelandmore.com\/es\/tours\/italia-es\/roma-es\/tour-privado-desde-roma-a-florencia\/\" \/>\n<meta property=\"og:locale\" content=\"es_ES\" \/>\n<meta property=\"og:type\" content=\"article\" \/>\n<meta property=\"og:title\" content=\"Tour de Roma a Florencia - Excursi\u00f3n Privada de d\u00eda completo\" \/>\n<meta property=\"og:description\" content=\"Disfrute de este tour privado de Roma a Florencia de un d\u00eda. Conozca la hermosa ciudad de Florencia con su guia oficial privado \u2705\" \/>\n<meta property=\"og:url\" content=\"https:\/\/tourtravelandmore.com\/es\/tours\/italia-es\/roma-es\/tour-privado-desde-roma-a-florencia\/\" \/>\n<meta property=\"og:site_name\" content=\"Tour Travel And More\" \/>\n<meta property=\"article:publisher\" content=\"https:\/\/www.facebook.com\/tourtravelandmore\/\" \/>\n<meta property=\"article:modified_time\" content=\"2024-08-21T15:48:16+00:00\" \/>\n<meta property=\"og:image\" content=\"https:\/\/tourtravelandmore.com\/wp-content\/uploads\/2017\/01\/florence-1.1.jpg\" \/>\n\t<meta property=\"og:image:width\" content=\"960\" \/>\n\t<meta property=\"og:image:height\" content=\"638\" \/>\n\t<meta property=\"og:image:type\" content=\"image\/jpeg\" \/>\n<meta name=\"twitter:card\" content=\"summary_large_image\" \/>\n<meta name=\"twitter:site\" content=\"@TourTravel_More\" \/>\n<meta name=\"twitter:label1\" content=\"Tiempo de lectura\" \/>\n\t<meta name=\"twitter:data1\" content=\"2 minutos\" \/>\n<script type=\"application\/ld+json\" class=\"yoast-schema-graph\">{\"@context\":\"https:\/\/schema.org\",\"@graph\":[{\"@type\":\"WebPage\",\"@id\":\"https:\/\/tourtravelandmore.com\/es\/tours\/italia-es\/roma-es\/tour-privado-desde-roma-a-florencia\/\",\"url\":\"https:\/\/tourtravelandmore.com\/es\/tours\/italia-es\/roma-es\/tour-privado-desde-roma-a-florencia\/\",\"name\":\"Tour Privado de Roma a Florencia en veh\u00edculo privado de lujo con chofer | TTM\",\"isPartOf\":{\"@id\":\"https:\/\/tourtravelandmore.com\/es\/#website\"},\"primaryImageOfPage\":{\"@id\":\"https:\/\/tourtravelandmore.com\/es\/tours\/italia-es\/roma-es\/tour-privado-desde-roma-a-florencia\/#primaryimage\"},\"image\":{\"@id\":\"https:\/\/tourtravelandmore.com\/es\/tours\/italia-es\/roma-es\/tour-privado-desde-roma-a-florencia\/#primaryimage\"},\"thumbnailUrl\":\"https:\/\/tourtravelandmore.com\/wp-content\/uploads\/2017\/01\/florence-1.1.jpg\",\"datePublished\":\"2017-01-18T15:22:53+00:00\",\"dateModified\":\"2024-08-21T15:48:16+00:00\",\"description\":\"Disfrute de este tour privado de Roma a Florencia de un d\u00eda. Conozca la hermosa ciudad de Florencia con su guia oficial privado \u2705\",\"breadcrumb\":{\"@id\":\"https:\/\/tourtravelandmore.com\/es\/tours\/italia-es\/roma-es\/tour-privado-desde-roma-a-florencia\/#breadcrumb\"},\"inLanguage\":\"es\",\"potentialAction\":[{\"@type\":\"ReadAction\",\"target\":[\"https:\/\/tourtravelandmore.com\/es\/tours\/italia-es\/roma-es\/tour-privado-desde-roma-a-florencia\/\"]}]},{\"@type\":\"ImageObject\",\"inLanguage\":\"es\",\"@id\":\"https:\/\/tourtravelandmore.com\/es\/tours\/italia-es\/roma-es\/tour-privado-desde-roma-a-florencia\/#primaryimage\",\"url\":\"https:\/\/tourtravelandmore.com\/wp-content\/uploads\/2017\/01\/florence-1.1.jpg\",\"contentUrl\":\"https:\/\/tourtravelandmore.com\/wp-content\/uploads\/2017\/01\/florence-1.1.jpg\",\"width\":960,\"height\":638},{\"@type\":\"BreadcrumbList\",\"@id\":\"https:\/\/tourtravelandmore.com\/es\/tours\/italia-es\/roma-es\/tour-privado-desde-roma-a-florencia\/#breadcrumb\",\"itemListElement\":[{\"@type\":\"ListItem\",\"position\":1,\"name\":\"Home\",\"item\":\"https:\/\/tourtravelandmore.com\/es\/\"},{\"@type\":\"ListItem\",\"position\":2,\"name\":\"Tours\",\"item\":\"https:\/\/tourtravelandmore.com\/es\/tours\/\"},{\"@type\":\"ListItem\",\"position\":3,\"name\":\"Tour de Roma a Florencia &#8211; Excursi\u00f3n Privada de d\u00eda completo\"}]},{\"@type\":\"WebSite\",\"@id\":\"https:\/\/tourtravelandmore.com\/es\/#website\",\"url\":\"https:\/\/tourtravelandmore.com\/es\/\",\"name\":\"Tour Travel And More\",\"description\":\"Private sightseeing tours and luxury transfers in Spain\",\"publisher\":{\"@id\":\"https:\/\/tourtravelandmore.com\/es\/#organization\"},\"potentialAction\":[{\"@type\":\"SearchAction\",\"target\":{\"@type\":\"EntryPoint\",\"urlTemplate\":\"https:\/\/tourtravelandmore.com\/es\/?s={search_term_string}\"},\"query-input\":{\"@type\":\"PropertyValueSpecification\",\"valueRequired\":true,\"valueName\":\"search_term_string\"}}],\"inLanguage\":\"es\"},{\"@type\":\"Organization\",\"@id\":\"https:\/\/tourtravelandmore.com\/es\/#organization\",\"name\":\"Tour Travel And More\",\"url\":\"https:\/\/tourtravelandmore.com\/es\/\",\"logo\":{\"@type\":\"ImageObject\",\"inLanguage\":\"es\",\"@id\":\"https:\/\/tourtravelandmore.com\/es\/#\/schema\/logo\/image\/\",\"url\":\"https:\/\/tourtravelandmore.com\/wp-content\/uploads\/2022\/12\/cropped-logo-cabecera-new.png\",\"contentUrl\":\"https:\/\/tourtravelandmore.com\/wp-content\/uploads\/2022\/12\/cropped-logo-cabecera-new.png\",\"width\":430,\"height\":61,\"caption\":\"Tour Travel And More\"},\"image\":{\"@id\":\"https:\/\/tourtravelandmore.com\/es\/#\/schema\/logo\/image\/\"},\"sameAs\":[\"https:\/\/www.facebook.com\/tourtravelandmore\/\",\"https:\/\/x.com\/TourTravel_More\"]}]}<\/script>\n<!-- \/ Yoast SEO Premium plugin. -->","yoast_head_json":{"title":"Tour Privado de Roma a Florencia en veh\u00edculo privado de lujo con chofer | TTM","description":"Disfrute de este tour privado de Roma a Florencia de un d\u00eda. Conozca la hermosa ciudad de Florencia con su guia oficial privado \u2705","robots":{"index":"index","follow":"follow","max-snippet":"max-snippet:-1","max-image-preview":"max-image-preview:large","max-video-preview":"max-video-preview:-1"},"canonical":"https:\/\/tourtravelandmore.com\/es\/tours\/italia-es\/roma-es\/tour-privado-desde-roma-a-florencia\/","og_locale":"es_ES","og_type":"article","og_title":"Tour de Roma a Florencia - Excursi\u00f3n Privada de d\u00eda completo","og_description":"Disfrute de este tour privado de Roma a Florencia de un d\u00eda. Conozca la hermosa ciudad de Florencia con su guia oficial privado \u2705","og_url":"https:\/\/tourtravelandmore.com\/es\/tours\/italia-es\/roma-es\/tour-privado-desde-roma-a-florencia\/","og_site_name":"Tour Travel And More","article_publisher":"https:\/\/www.facebook.com\/tourtravelandmore\/","article_modified_time":"2024-08-21T15:48:16+00:00","og_image":[{"width":960,"height":638,"url":"https:\/\/tourtravelandmore.com\/wp-content\/uploads\/2017\/01\/florence-1.1.jpg","type":"image\/jpeg"}],"twitter_card":"summary_large_image","twitter_site":"@TourTravel_More","twitter_misc":{"Tiempo de lectura":"2 minutos"},"schema":{"@context":"https:\/\/schema.org","@graph":[{"@type":"WebPage","@id":"https:\/\/tourtravelandmore.com\/es\/tours\/italia-es\/roma-es\/tour-privado-desde-roma-a-florencia\/","url":"https:\/\/tourtravelandmore.com\/es\/tours\/italia-es\/roma-es\/tour-privado-desde-roma-a-florencia\/","name":"Tour Privado de Roma a Florencia en veh\u00edculo privado de lujo con chofer | TTM","isPartOf":{"@id":"https:\/\/tourtravelandmore.com\/es\/#website"},"primaryImageOfPage":{"@id":"https:\/\/tourtravelandmore.com\/es\/tours\/italia-es\/roma-es\/tour-privado-desde-roma-a-florencia\/#primaryimage"},"image":{"@id":"https:\/\/tourtravelandmore.com\/es\/tours\/italia-es\/roma-es\/tour-privado-desde-roma-a-florencia\/#primaryimage"},"thumbnailUrl":"https:\/\/tourtravelandmore.com\/wp-content\/uploads\/2017\/01\/florence-1.1.jpg","datePublished":"2017-01-18T15:22:53+00:00","dateModified":"2024-08-21T15:48:16+00:00","description":"Disfrute de este tour privado de Roma a Florencia de un d\u00eda. Conozca la hermosa ciudad de Florencia con su guia oficial privado \u2705","breadcrumb":{"@id":"https:\/\/tourtravelandmore.com\/es\/tours\/italia-es\/roma-es\/tour-privado-desde-roma-a-florencia\/#breadcrumb"},"inLanguage":"es","potentialAction":[{"@type":"ReadAction","target":["https:\/\/tourtravelandmore.com\/es\/tours\/italia-es\/roma-es\/tour-privado-desde-roma-a-florencia\/"]}]},{"@type":"ImageObject","inLanguage":"es","@id":"https:\/\/tourtravelandmore.com\/es\/tours\/italia-es\/roma-es\/tour-privado-desde-roma-a-florencia\/#primaryimage","url":"https:\/\/tourtravelandmore.com\/wp-content\/uploads\/2017\/01\/florence-1.1.jpg","contentUrl":"https:\/\/tourtravelandmore.com\/wp-content\/uploads\/2017\/01\/florence-1.1.jpg","width":960,"height":638},{"@type":"BreadcrumbList","@id":"https:\/\/tourtravelandmore.com\/es\/tours\/italia-es\/roma-es\/tour-privado-desde-roma-a-florencia\/#breadcrumb","itemListElement":[{"@type":"ListItem","position":1,"name":"Home","item":"https:\/\/tourtravelandmore.com\/es\/"},{"@type":"ListItem","position":2,"name":"Tours","item":"https:\/\/tourtravelandmore.com\/es\/tours\/"},{"@type":"ListItem","position":3,"name":"Tour de Roma a Florencia &#8211; Excursi\u00f3n Privada de d\u00eda completo"}]},{"@type":"WebSite","@id":"https:\/\/tourtravelandmore.com\/es\/#website","url":"https:\/\/tourtravelandmore.com\/es\/","name":"Tour Travel And More","description":"Private sightseeing tours and luxury transfers in Spain","publisher":{"@id":"https:\/\/tourtravelandmore.com\/es\/#organization"},"potentialAction":[{"@type":"SearchAction","target":{"@type":"EntryPoint","urlTemplate":"https:\/\/tourtravelandmore.com\/es\/?s={search_term_string}"},"query-input":{"@type":"PropertyValueSpecification","valueRequired":true,"valueName":"search_term_string"}}],"inLanguage":"es"},{"@type":"Organization","@id":"https:\/\/tourtravelandmore.com\/es\/#organization","name":"Tour Travel And More","url":"https:\/\/tourtravelandmore.com\/es\/","logo":{"@type":"ImageObject","inLanguage":"es","@id":"https:\/\/tourtravelandmore.com\/es\/#\/schema\/logo\/image\/","url":"https:\/\/tourtravelandmore.com\/wp-content\/uploads\/2022\/12\/cropped-logo-cabecera-new.png","contentUrl":"https:\/\/tourtravelandmore.com\/wp-content\/uploads\/2022\/12\/cropped-logo-cabecera-new.png","width":430,"height":61,"caption":"Tour Travel And More"},"image":{"@id":"https:\/\/tourtravelandmore.com\/es\/#\/schema\/logo\/image\/"},"sameAs":["https:\/\/www.facebook.com\/tourtravelandmore\/","https:\/\/x.com\/TourTravel_More"]}]}},"_links":{"self":[{"href":"https:\/\/tourtravelandmore.com\/es\/wp-json\/wp\/v2\/product\/10114","targetHints":{"allow":["GET"]}}],"collection":[{"href":"https:\/\/tourtravelandmore.com\/es\/wp-json\/wp\/v2\/product"}],"about":[{"href":"https:\/\/tourtravelandmore.com\/es\/wp-json\/wp\/v2\/types\/product"}],"replies":[{"embeddable":true,"href":"https:\/\/tourtravelandmore.com\/es\/wp-json\/wp\/v2\/comments?post=10114"}],"wp:featuredmedia":[{"embeddable":true,"href":"https:\/\/tourtravelandmore.com\/es\/wp-json\/wp\/v2\/media\/80981"}],"wp:attachment":[{"href":"https:\/\/tourtravelandmore.com\/es\/wp-json\/wp\/v2\/media?parent=10114"}],"wp:term":[{"taxonomy":"product_brand","embeddable":true,"href":"https:\/\/tourtravelandmore.com\/es\/wp-json\/wp\/v2\/product_brand?post=10114"},{"taxonomy":"product_cat","embeddable":true,"href":"https:\/\/tourtravelandmore.com\/es\/wp-json\/wp\/v2\/product_cat?post=10114"},{"taxonomy":"product_tag","embeddable":true,"href":"https:\/\/tourtravelandmore.com\/es\/wp-json\/wp\/v2\/product_tag?post=10114"}],"curies":[{"name":"wp","href":"https:\/\/api.w.org\/{rel}","templated":true}]}}