{"id":101102,"date":"2021-03-01T11:14:58","date_gmt":"2021-03-01T10:14:59","guid":{"rendered":"https:\/\/tourtravelandmore.com\/?post_type=product&#038;p=101102"},"modified":"2022-10-11T15:42:47","modified_gmt":"2022-10-11T13:42:47","slug":"tour-privado-por-nantes","status":"publish","type":"product","link":"https:\/\/tourtravelandmore.com\/es\/tours\/francia\/nantes-sp\/tour-privado-por-nantes\/","title":{"rendered":"Tour Privado por Nantes"},"content":{"rendered":"<h2>Descripci\u00f3n del Tour Privado por Nantes<\/h2>\n<p>Nantes se encuentra a orillas del r\u00edo Loira. Es un lugar hermoso y \u00fanico en la regi\u00f3n del Loira en Francia. Nantes est\u00e1 a solo 50 kil\u00f3metros de la costa atl\u00e1ntica y es una de las sextas ciudades m\u00e1s grandes de todo el pa\u00eds. Disfrute de lo mejor de esta ciudad con nuestro <strong>Tour Privado por Nantes<\/strong>.<\/p>\n<p>Nantes tiene una gran trayectoria hist\u00f3rica y esta es su oportunidad de conocer lo mejor de Nantes y todo lo que tiene para ofrecer. Perm\u00edtanos llevarlo en este tour privado de 4 horas por la ciudad de Nantes para conocer sus sitios m\u00e1s importantes. Tendr\u00e1 un veh\u00edculo privado de lujo y un gu\u00eda tur\u00edstico oficial separado para que su experiencia sea memorable y m\u00e1s \u00fanica.<\/p>\n<p>Ofrecemos tours privados para personalizar su recorrido privado. P\u00f3ngase en contacto con uno de nuestros expertos en viajes para una experiencia perfecta.<\/p>\n<p>La recogida se realizar\u00e1 desde su hotel o sitio de elecci\u00f3n donde comenzaremos este tour privado por Nantes. \u00a1Aproveche la oportunidad de disfrutar de sitios \u00fanicos como la Catedral de Nantes, jardines incre\u00edbles, el Castillo de los Duques de Breta\u00f1a y mucho m\u00e1s!<\/p>\n<h2>Puntos emblem\u00e1ticos y de inter\u00e9s en el Tour Privado por Nantes<\/h2>\n<p>Al igual que todos nuestros tours privados, comenzaremos este recorrido con la recogida en un hotel privado de su lugar de elecci\u00f3n en Nantes.<\/p>\n<p>\u00a1Su gu\u00eda tur\u00edstico oficial privado lo consentir\u00e1 con lo mejor de Nantes! Estaremos a su disposici\u00f3n durante las 4 horas para que no se pierda nada en nuestra ciudad.<\/p>\n<p>Entre otros, deje que nuestros profesionales lo lleven a visitar:<\/p>\n<ul>\n<li><strong>Plaza Marc Elder<\/strong><\/li>\n<li><strong>Estatua de Anne de Breta\u00f1a<\/strong><\/li>\n<li><strong>Castillo de los duques de breta\u00f1a<\/strong><\/li>\n<li><a href=\"http:\/\/cathedrale-nantes.fr\">Catedral de Nantes<\/a><\/li>\n<li><strong>Cours Cambronne<\/strong><\/li>\n<li><strong>Vista del museo de Julio Verne<\/strong><\/li>\n<li><strong>Plaza Bouffay<\/strong><\/li>\n<li><strong>Les Machines de L\u2019\u00eele<\/strong><\/li>\n<li><strong>Jardin des Plantes<\/strong><\/li>\n<li><strong>Ile Feydeau<\/strong><\/li>\n<li><strong>Vista del Museo de Historia Natural<\/strong><\/li>\n<li><strong>Pasaje Pommeraye<\/strong><\/li>\n<li><strong>\u00c1rea de teatro Graslin<\/strong><\/li>\n<li><strong>Fuente de la Place Royale<\/strong><\/li>\n<\/ul>\n<p>Podemos personalizar el itinerario para satisfacer sus propias necesidades. Adem\u00e1s, podemos incluir entradas a cualquier museo o monumento que desee visitar.<\/p>\n<p><a href=\"https:\/\/tourtravelandmore.com\/es\/ciudad\/francia\/nantes-sp\/\">Haga click aqu\u00ed para conocer todos nuestros tours y experiencias privadas en Nantes.<\/a><\/p>\n","protected":false},"excerpt":{"rendered":"<p>Con este <strong>Tour Privado por Nantes<\/strong> abordo de un veh\u00edculo de lujo, podr\u00e1 recorrer y conocer cada rinc\u00f3n de esta magn\u00edfica ciudad. Adem\u00e1s, ser\u00e1 asistido por un chofer privado y un gu\u00eda oficial local.<\/p>\n<p><span style=\"font-weight: 400;\">\u00a0<\/span><\/p>\n<h4><\/h4>\n","protected":false},"featured_media":100318,"comment_status":"open","ping_status":"closed","template":"","meta":{"_acf_changed":false},"product_brand":[],"product_cat":[1592,3611],"product_tag":[],"class_list":{"0":"post-101102","1":"product","2":"type-product","3":"status-publish","4":"has-post-thumbnail","6":"product_cat-francia","7":"product_cat-nantes-sp","9":"first","10":"instock","11":"shipping-taxable","12":"purchasable","13":"product-type-simple"},"acf":[],"yoast_head":"<!-- This site is optimized with the Yoast SEO Premium plugin v25.3.1 (Yoast SEO v25.3.1) - https:\/\/yoast.com\/wordpress\/plugins\/seo\/ -->\n<title>\u27a1\ufe0f Tour Privado por Nantes abordo de un veh\u00edculo privado de lujo | Tour Travel &amp; More<\/title>\n<meta name=\"description\" content=\"Con este Tour Privado por Nantes abordo de un veh\u00edculo de lujo, podr\u00e1 recorrer y conocer cada rincon de esta magnifica ciudad \u2705\" \/>\n<meta name=\"robots\" content=\"index, follow, max-snippet:-1, max-image-preview:large, max-video-preview:-1\" \/>\n<link rel=\"canonical\" href=\"https:\/\/tourtravelandmore.com\/es\/tours\/francia\/nantes-sp\/tour-privado-por-nantes\/\" \/>\n<meta property=\"og:locale\" content=\"es_ES\" \/>\n<meta property=\"og:type\" content=\"article\" \/>\n<meta property=\"og:title\" content=\"Tour Privado por Nantes\" \/>\n<meta property=\"og:description\" content=\"Con este Tour Privado por Nantes abordo de un veh\u00edculo de lujo, podr\u00e1 recorrer y conocer cada rincon de esta magnifica ciudad \u2705\" \/>\n<meta property=\"og:url\" content=\"https:\/\/tourtravelandmore.com\/es\/tours\/francia\/nantes-sp\/tour-privado-por-nantes\/\" \/>\n<meta property=\"og:site_name\" content=\"Tour Travel And More\" \/>\n<meta property=\"article:publisher\" content=\"https:\/\/www.facebook.com\/tourtravelandmore\/\" \/>\n<meta property=\"article:modified_time\" content=\"2022-10-11T13:42:47+00:00\" \/>\n<meta property=\"og:image\" content=\"https:\/\/tourtravelandmore.com\/wp-content\/uploads\/2021\/02\/nantes-1-1024x652.jpg\" \/>\n\t<meta property=\"og:image:width\" content=\"1024\" \/>\n\t<meta property=\"og:image:height\" content=\"652\" \/>\n\t<meta property=\"og:image:type\" content=\"image\/jpeg\" \/>\n<meta name=\"twitter:card\" content=\"summary_large_image\" \/>\n<meta name=\"twitter:site\" content=\"@TourTravel_More\" \/>\n<meta name=\"twitter:label1\" content=\"Tiempo de lectura\" \/>\n\t<meta name=\"twitter:data1\" content=\"2 minutos\" \/>\n<script type=\"application\/ld+json\" class=\"yoast-schema-graph\">{\"@context\":\"https:\/\/schema.org\",\"@graph\":[{\"@type\":\"WebPage\",\"@id\":\"https:\/\/tourtravelandmore.com\/es\/tours\/francia\/nantes-sp\/tour-privado-por-nantes\/\",\"url\":\"https:\/\/tourtravelandmore.com\/es\/tours\/francia\/nantes-sp\/tour-privado-por-nantes\/\",\"name\":\"\u27a1\ufe0f Tour Privado por Nantes abordo de un veh\u00edculo privado de lujo | Tour Travel & More\",\"isPartOf\":{\"@id\":\"https:\/\/tourtravelandmore.com\/es\/#website\"},\"primaryImageOfPage\":{\"@id\":\"https:\/\/tourtravelandmore.com\/es\/tours\/francia\/nantes-sp\/tour-privado-por-nantes\/#primaryimage\"},\"image\":{\"@id\":\"https:\/\/tourtravelandmore.com\/es\/tours\/francia\/nantes-sp\/tour-privado-por-nantes\/#primaryimage\"},\"thumbnailUrl\":\"https:\/\/tourtravelandmore.com\/wp-content\/uploads\/2021\/02\/nantes-1.jpg\",\"datePublished\":\"2021-03-01T10:14:59+00:00\",\"dateModified\":\"2022-10-11T13:42:47+00:00\",\"description\":\"Con este Tour Privado por Nantes abordo de un veh\u00edculo de lujo, podr\u00e1 recorrer y conocer cada rincon de esta magnifica ciudad \u2705\",\"breadcrumb\":{\"@id\":\"https:\/\/tourtravelandmore.com\/es\/tours\/francia\/nantes-sp\/tour-privado-por-nantes\/#breadcrumb\"},\"inLanguage\":\"es\",\"potentialAction\":[{\"@type\":\"ReadAction\",\"target\":[\"https:\/\/tourtravelandmore.com\/es\/tours\/francia\/nantes-sp\/tour-privado-por-nantes\/\"]}]},{\"@type\":\"ImageObject\",\"inLanguage\":\"es\",\"@id\":\"https:\/\/tourtravelandmore.com\/es\/tours\/francia\/nantes-sp\/tour-privado-por-nantes\/#primaryimage\",\"url\":\"https:\/\/tourtravelandmore.com\/wp-content\/uploads\/2021\/02\/nantes-1.jpg\",\"contentUrl\":\"https:\/\/tourtravelandmore.com\/wp-content\/uploads\/2021\/02\/nantes-1.jpg\",\"width\":2560,\"height\":1630},{\"@type\":\"BreadcrumbList\",\"@id\":\"https:\/\/tourtravelandmore.com\/es\/tours\/francia\/nantes-sp\/tour-privado-por-nantes\/#breadcrumb\",\"itemListElement\":[{\"@type\":\"ListItem\",\"position\":1,\"name\":\"Home\",\"item\":\"https:\/\/tourtravelandmore.com\/es\/\"},{\"@type\":\"ListItem\",\"position\":2,\"name\":\"Tours\",\"item\":\"https:\/\/tourtravelandmore.com\/es\/tours\/\"},{\"@type\":\"ListItem\",\"position\":3,\"name\":\"Tour Privado por Nantes\"}]},{\"@type\":\"WebSite\",\"@id\":\"https:\/\/tourtravelandmore.com\/es\/#website\",\"url\":\"https:\/\/tourtravelandmore.com\/es\/\",\"name\":\"Tour Travel And More\",\"description\":\"Private sightseeing tours and luxury transfers in Spain\",\"publisher\":{\"@id\":\"https:\/\/tourtravelandmore.com\/es\/#organization\"},\"potentialAction\":[{\"@type\":\"SearchAction\",\"target\":{\"@type\":\"EntryPoint\",\"urlTemplate\":\"https:\/\/tourtravelandmore.com\/es\/?s={search_term_string}\"},\"query-input\":{\"@type\":\"PropertyValueSpecification\",\"valueRequired\":true,\"valueName\":\"search_term_string\"}}],\"inLanguage\":\"es\"},{\"@type\":\"Organization\",\"@id\":\"https:\/\/tourtravelandmore.com\/es\/#organization\",\"name\":\"Tour Travel And More\",\"url\":\"https:\/\/tourtravelandmore.com\/es\/\",\"logo\":{\"@type\":\"ImageObject\",\"inLanguage\":\"es\",\"@id\":\"https:\/\/tourtravelandmore.com\/es\/#\/schema\/logo\/image\/\",\"url\":\"https:\/\/tourtravelandmore.com\/wp-content\/uploads\/2022\/12\/cropped-logo-cabecera-new.png\",\"contentUrl\":\"https:\/\/tourtravelandmore.com\/wp-content\/uploads\/2022\/12\/cropped-logo-cabecera-new.png\",\"width\":430,\"height\":61,\"caption\":\"Tour Travel And More\"},\"image\":{\"@id\":\"https:\/\/tourtravelandmore.com\/es\/#\/schema\/logo\/image\/\"},\"sameAs\":[\"https:\/\/www.facebook.com\/tourtravelandmore\/\",\"https:\/\/x.com\/TourTravel_More\"]}]}<\/script>\n<!-- \/ Yoast SEO Premium plugin. -->","yoast_head_json":{"title":"\u27a1\ufe0f Tour Privado por Nantes abordo de un veh\u00edculo privado de lujo | Tour Travel & More","description":"Con este Tour Privado por Nantes abordo de un veh\u00edculo de lujo, podr\u00e1 recorrer y conocer cada rincon de esta magnifica ciudad \u2705","robots":{"index":"index","follow":"follow","max-snippet":"max-snippet:-1","max-image-preview":"max-image-preview:large","max-video-preview":"max-video-preview:-1"},"canonical":"https:\/\/tourtravelandmore.com\/es\/tours\/francia\/nantes-sp\/tour-privado-por-nantes\/","og_locale":"es_ES","og_type":"article","og_title":"Tour Privado por Nantes","og_description":"Con este Tour Privado por Nantes abordo de un veh\u00edculo de lujo, podr\u00e1 recorrer y conocer cada rincon de esta magnifica ciudad \u2705","og_url":"https:\/\/tourtravelandmore.com\/es\/tours\/francia\/nantes-sp\/tour-privado-por-nantes\/","og_site_name":"Tour Travel And More","article_publisher":"https:\/\/www.facebook.com\/tourtravelandmore\/","article_modified_time":"2022-10-11T13:42:47+00:00","og_image":[{"width":1024,"height":652,"url":"https:\/\/tourtravelandmore.com\/wp-content\/uploads\/2021\/02\/nantes-1-1024x652.jpg","type":"image\/jpeg"}],"twitter_card":"summary_large_image","twitter_site":"@TourTravel_More","twitter_misc":{"Tiempo de lectura":"2 minutos"},"schema":{"@context":"https:\/\/schema.org","@graph":[{"@type":"WebPage","@id":"https:\/\/tourtravelandmore.com\/es\/tours\/francia\/nantes-sp\/tour-privado-por-nantes\/","url":"https:\/\/tourtravelandmore.com\/es\/tours\/francia\/nantes-sp\/tour-privado-por-nantes\/","name":"\u27a1\ufe0f Tour Privado por Nantes abordo de un veh\u00edculo privado de lujo | Tour Travel & More","isPartOf":{"@id":"https:\/\/tourtravelandmore.com\/es\/#website"},"primaryImageOfPage":{"@id":"https:\/\/tourtravelandmore.com\/es\/tours\/francia\/nantes-sp\/tour-privado-por-nantes\/#primaryimage"},"image":{"@id":"https:\/\/tourtravelandmore.com\/es\/tours\/francia\/nantes-sp\/tour-privado-por-nantes\/#primaryimage"},"thumbnailUrl":"https:\/\/tourtravelandmore.com\/wp-content\/uploads\/2021\/02\/nantes-1.jpg","datePublished":"2021-03-01T10:14:59+00:00","dateModified":"2022-10-11T13:42:47+00:00","description":"Con este Tour Privado por Nantes abordo de un veh\u00edculo de lujo, podr\u00e1 recorrer y conocer cada rincon de esta magnifica ciudad \u2705","breadcrumb":{"@id":"https:\/\/tourtravelandmore.com\/es\/tours\/francia\/nantes-sp\/tour-privado-por-nantes\/#breadcrumb"},"inLanguage":"es","potentialAction":[{"@type":"ReadAction","target":["https:\/\/tourtravelandmore.com\/es\/tours\/francia\/nantes-sp\/tour-privado-por-nantes\/"]}]},{"@type":"ImageObject","inLanguage":"es","@id":"https:\/\/tourtravelandmore.com\/es\/tours\/francia\/nantes-sp\/tour-privado-por-nantes\/#primaryimage","url":"https:\/\/tourtravelandmore.com\/wp-content\/uploads\/2021\/02\/nantes-1.jpg","contentUrl":"https:\/\/tourtravelandmore.com\/wp-content\/uploads\/2021\/02\/nantes-1.jpg","width":2560,"height":1630},{"@type":"BreadcrumbList","@id":"https:\/\/tourtravelandmore.com\/es\/tours\/francia\/nantes-sp\/tour-privado-por-nantes\/#breadcrumb","itemListElement":[{"@type":"ListItem","position":1,"name":"Home","item":"https:\/\/tourtravelandmore.com\/es\/"},{"@type":"ListItem","position":2,"name":"Tours","item":"https:\/\/tourtravelandmore.com\/es\/tours\/"},{"@type":"ListItem","position":3,"name":"Tour Privado por Nantes"}]},{"@type":"WebSite","@id":"https:\/\/tourtravelandmore.com\/es\/#website","url":"https:\/\/tourtravelandmore.com\/es\/","name":"Tour Travel And More","description":"Private sightseeing tours and luxury transfers in Spain","publisher":{"@id":"https:\/\/tourtravelandmore.com\/es\/#organization"},"potentialAction":[{"@type":"SearchAction","target":{"@type":"EntryPoint","urlTemplate":"https:\/\/tourtravelandmore.com\/es\/?s={search_term_string}"},"query-input":{"@type":"PropertyValueSpecification","valueRequired":true,"valueName":"search_term_string"}}],"inLanguage":"es"},{"@type":"Organization","@id":"https:\/\/tourtravelandmore.com\/es\/#organization","name":"Tour Travel And More","url":"https:\/\/tourtravelandmore.com\/es\/","logo":{"@type":"ImageObject","inLanguage":"es","@id":"https:\/\/tourtravelandmore.com\/es\/#\/schema\/logo\/image\/","url":"https:\/\/tourtravelandmore.com\/wp-content\/uploads\/2022\/12\/cropped-logo-cabecera-new.png","contentUrl":"https:\/\/tourtravelandmore.com\/wp-content\/uploads\/2022\/12\/cropped-logo-cabecera-new.png","width":430,"height":61,"caption":"Tour Travel And More"},"image":{"@id":"https:\/\/tourtravelandmore.com\/es\/#\/schema\/logo\/image\/"},"sameAs":["https:\/\/www.facebook.com\/tourtravelandmore\/","https:\/\/x.com\/TourTravel_More"]}]}},"_links":{"self":[{"href":"https:\/\/tourtravelandmore.com\/es\/wp-json\/wp\/v2\/product\/101102","targetHints":{"allow":["GET"]}}],"collection":[{"href":"https:\/\/tourtravelandmore.com\/es\/wp-json\/wp\/v2\/product"}],"about":[{"href":"https:\/\/tourtravelandmore.com\/es\/wp-json\/wp\/v2\/types\/product"}],"replies":[{"embeddable":true,"href":"https:\/\/tourtravelandmore.com\/es\/wp-json\/wp\/v2\/comments?post=101102"}],"wp:featuredmedia":[{"embeddable":true,"href":"https:\/\/tourtravelandmore.com\/es\/wp-json\/wp\/v2\/media\/100318"}],"wp:attachment":[{"href":"https:\/\/tourtravelandmore.com\/es\/wp-json\/wp\/v2\/media?parent=101102"}],"wp:term":[{"taxonomy":"product_brand","embeddable":true,"href":"https:\/\/tourtravelandmore.com\/es\/wp-json\/wp\/v2\/product_brand?post=101102"},{"taxonomy":"product_cat","embeddable":true,"href":"https:\/\/tourtravelandmore.com\/es\/wp-json\/wp\/v2\/product_cat?post=101102"},{"taxonomy":"product_tag","embeddable":true,"href":"https:\/\/tourtravelandmore.com\/es\/wp-json\/wp\/v2\/product_tag?post=101102"}],"curies":[{"name":"wp","href":"https:\/\/api.w.org\/{rel}","templated":true}]}}