{"id":10109,"date":"2017-01-18T10:19:52","date_gmt":"2017-01-18T15:18:09","guid":{"rendered":"http:\/\/tourtravelandmore.com\/es\/?post_type=product&#038;p=10109"},"modified":"2024-08-21T17:48:28","modified_gmt":"2024-08-21T15:48:28","slug":"tour-privado-ostia-antica-desde-roma","status":"publish","type":"product","link":"https:\/\/tourtravelandmore.com\/es\/tours\/italia-es\/roma-es\/tour-privado-ostia-antica-desde-roma\/","title":{"rendered":"Tour Privado a Ostia Antica con chofer y gu\u00eda"},"content":{"rendered":"<h2><strong>Descripci\u00f3n del Tour Privado a Ostia Antica con chofer y gu\u00eda<\/strong><\/h2>\n<p>Disfrute de este <strong>tour privado a Ostia Antica desde Roma<\/strong> con su gu\u00eda oficial privado y conozca esta antigua ciudad en la costa del mar Tirreno.<\/p>\n<p>Su <strong>conductor privado<\/strong>, junto con <strong>su gu\u00eda oficial privado<\/strong>, lo recoger\u00e1 de su hotel o lugar de su elecci\u00f3n en Roma en un <strong>veh\u00edculo privado de lujo<\/strong>.<\/p>\n<p><strong>Roma<\/strong> es la capital de Italia y la regi\u00f3n del Lacio. Es la comuna m\u00e1s grande y la cuarta ciudad m\u00e1s poblada de la Uni\u00f3n Europea.<\/p>\n<p>Ubicada a solo 25 minutos del centro de Roma, <strong>Ostia Antica<\/strong> fue conquistada por el imperio romano alrededor del a\u00f1o 400 a. C. para convertirlo en su base naval. Para el a\u00f1o 150 d. C., cuando Roma controlaba todo el Mediterr\u00e1neo, construyeron un fuerte y lo utilizaron como un puerto comercial ocupado.<\/p>\n<p>Hoy en d\u00eda, el \u00e1rea es un vasto sitio arqueol\u00f3gico, con este tour privado conocer\u00e1 la historia y los secretos de este hist\u00f3rico lugar (entrada a <a href=\"https:\/\/www.ostiaantica.beniculturali.it\">Ostia Antica<\/a> incluida).<\/p>\n<p>Perm\u00edtanos llevarlo en este viaje de medio d\u00eda para visitar uno de los sitios arqueol\u00f3gicos m\u00e1s visitados de Italia, donde podr\u00e1 explorar cada rinc\u00f3n de este magn\u00edfico lugar.<\/p>\n<p>Le ayudaremos a organizar su experiencia completamente personalizada y \u00fanica en <strong>Ostia Antica desde Roma<\/strong>.<\/p>\n<h2><strong>Puntos de inter\u00e9s en el Tour Privado a Ostia Antica con chofer y gu\u00eda<\/strong><\/h2>\n<p>En primer lugar, su conductor privado y su gu\u00eda oficial lo recoger\u00e1n de su hotel o lugar de elecci\u00f3n en Roma a la hora deseada por usted. Estar\u00e1n a su entera disposici\u00f3n durante su recorrido para disfrutar al m\u00e1ximo de este sitio hist\u00f3rico y de su experiencia en Ostia Antica.<\/p>\n<p>Durante este recorrido privado visitar\u00e1 los siguientes lugares:<\/p>\n<ul>\n<li><strong>Decumanus:<\/strong> era la calle comercial donde se realizaban los intercambios.<\/li>\n<li><strong>Puerta de Marina<\/strong><\/li>\n<li><strong>El Foro<\/strong>: el centro y el lugar m\u00e1s importante de la ciudad.<\/li>\n<li><strong>Via della Foce<\/strong>: barrios del puerto fluvial<\/li>\n<\/ul>\n<p>Este es un recorrido \u00fanico, completamente personalizado para usted y su grupo, es decir, si est\u00e1 interesado en un recorrido m\u00e1s largo o en visitar otros lugares en Roma, no dude en contactarnos. En Tour Travel and More trabajamos para ofrecerle a usted y a su grupo el servicio m\u00e1s personalizado posible.<\/p>\n<p><strong>Otra posible opci\u00f3n de recorrido durante 4 horas en Roma que sale de lo habitual podr\u00eda ser un t<a href=\"https:\/\/tourtravelandmore.com\/es\/tours\/italia-es\/roma-es\/tour-privado-4-horas-por-las-catacumbas-de-san-calixto\/\">our privado a la Cripta y Catacumbas &#8220;San Calisto&#8221;<\/a>.<\/strong><\/p>\n","protected":false},"excerpt":{"rendered":"<p>Disfrute de este tour personalizable de <strong>Ostia Antica<\/strong>, uno de los asentamientos arqueol\u00f3gicos m\u00e1s completos que han quedado del imperio romano. Aproveche esta ocasi\u00f3n \u00fanica para conocer y disfrutar de Ostia Antica durante este tour con un gu\u00eda oficial privado y veh\u00edculo privado de lujo con chofer. Disfruta de los monumentos y zonas m\u00e1s emblem\u00e1ticas de Ostia Antica.<\/p>\n<p>&nbsp;<\/p>\n","protected":false},"featured_media":17329,"comment_status":"open","ping_status":"closed","template":"","meta":{"_acf_changed":false},"product_brand":[],"product_cat":[367,368,370,369],"product_tag":[],"class_list":{"0":"post-10109","1":"product","2":"type-product","3":"status-publish","4":"has-post-thumbnail","6":"product_cat-roma-es","7":"product_cat-roma-actividades-es","8":"product_cat-roma-rutas-turisticas-privadas-es","9":"product_cat-roma-excursiones-es","11":"first","12":"instock","13":"shipping-taxable","14":"purchasable","15":"product-type-simple"},"acf":[],"yoast_head":"<!-- This site is optimized with the Yoast SEO Premium plugin v25.3.1 (Yoast SEO v25.3.1) - https:\/\/yoast.com\/wordpress\/plugins\/seo\/ -->\n<title>Tour Privado a Ostia Antica desde Roma con veh\u00edculo y gu\u00eda privado | TTM<\/title>\n<meta name=\"description\" content=\"Tour privado a Ostia Antica desde Roma. Aproveche la oportunidad de poder conocer uno de los asentamientos arqueol\u00f3gicos romanos m\u00e1s grandes del mundo \u2705\" \/>\n<meta name=\"robots\" content=\"index, follow, max-snippet:-1, max-image-preview:large, max-video-preview:-1\" \/>\n<link rel=\"canonical\" href=\"https:\/\/tourtravelandmore.com\/es\/tours\/italia-es\/roma-es\/tour-privado-ostia-antica-desde-roma\/\" \/>\n<meta property=\"og:locale\" content=\"es_ES\" \/>\n<meta property=\"og:type\" content=\"article\" \/>\n<meta property=\"og:title\" content=\"Tour Privado a Ostia Antica con chofer y gu\u00eda\" \/>\n<meta property=\"og:description\" content=\"Tour privado a Ostia Antica desde Roma. Aproveche la oportunidad de poder conocer uno de los asentamientos arqueol\u00f3gicos romanos m\u00e1s grandes del mundo \u2705\" \/>\n<meta property=\"og:url\" content=\"https:\/\/tourtravelandmore.com\/es\/tours\/italia-es\/roma-es\/tour-privado-ostia-antica-desde-roma\/\" \/>\n<meta property=\"og:site_name\" content=\"Tour Travel And More\" \/>\n<meta property=\"article:publisher\" content=\"https:\/\/www.facebook.com\/tourtravelandmore\/\" \/>\n<meta property=\"article:modified_time\" content=\"2024-08-21T15:48:28+00:00\" \/>\n<meta property=\"og:image\" content=\"https:\/\/tourtravelandmore.com\/wp-content\/uploads\/2017\/01\/ostia-antica-11.jpg\" \/>\n\t<meta property=\"og:image:width\" content=\"1200\" \/>\n\t<meta property=\"og:image:height\" content=\"800\" \/>\n\t<meta property=\"og:image:type\" content=\"image\/jpeg\" \/>\n<meta name=\"twitter:card\" content=\"summary_large_image\" \/>\n<meta name=\"twitter:site\" content=\"@TourTravel_More\" \/>\n<meta name=\"twitter:label1\" content=\"Tiempo de lectura\" \/>\n\t<meta name=\"twitter:data1\" content=\"2 minutos\" \/>\n<script type=\"application\/ld+json\" class=\"yoast-schema-graph\">{\"@context\":\"https:\/\/schema.org\",\"@graph\":[{\"@type\":\"WebPage\",\"@id\":\"https:\/\/tourtravelandmore.com\/es\/tours\/italia-es\/roma-es\/tour-privado-ostia-antica-desde-roma\/\",\"url\":\"https:\/\/tourtravelandmore.com\/es\/tours\/italia-es\/roma-es\/tour-privado-ostia-antica-desde-roma\/\",\"name\":\"Tour Privado a Ostia Antica desde Roma con veh\u00edculo y gu\u00eda privado | TTM\",\"isPartOf\":{\"@id\":\"https:\/\/tourtravelandmore.com\/es\/#website\"},\"primaryImageOfPage\":{\"@id\":\"https:\/\/tourtravelandmore.com\/es\/tours\/italia-es\/roma-es\/tour-privado-ostia-antica-desde-roma\/#primaryimage\"},\"image\":{\"@id\":\"https:\/\/tourtravelandmore.com\/es\/tours\/italia-es\/roma-es\/tour-privado-ostia-antica-desde-roma\/#primaryimage\"},\"thumbnailUrl\":\"https:\/\/tourtravelandmore.com\/wp-content\/uploads\/2017\/01\/ostia-antica-11.jpg\",\"datePublished\":\"2017-01-18T15:18:09+00:00\",\"dateModified\":\"2024-08-21T15:48:28+00:00\",\"description\":\"Tour privado a Ostia Antica desde Roma. Aproveche la oportunidad de poder conocer uno de los asentamientos arqueol\u00f3gicos romanos m\u00e1s grandes del mundo \u2705\",\"breadcrumb\":{\"@id\":\"https:\/\/tourtravelandmore.com\/es\/tours\/italia-es\/roma-es\/tour-privado-ostia-antica-desde-roma\/#breadcrumb\"},\"inLanguage\":\"es\",\"potentialAction\":[{\"@type\":\"ReadAction\",\"target\":[\"https:\/\/tourtravelandmore.com\/es\/tours\/italia-es\/roma-es\/tour-privado-ostia-antica-desde-roma\/\"]}]},{\"@type\":\"ImageObject\",\"inLanguage\":\"es\",\"@id\":\"https:\/\/tourtravelandmore.com\/es\/tours\/italia-es\/roma-es\/tour-privado-ostia-antica-desde-roma\/#primaryimage\",\"url\":\"https:\/\/tourtravelandmore.com\/wp-content\/uploads\/2017\/01\/ostia-antica-11.jpg\",\"contentUrl\":\"https:\/\/tourtravelandmore.com\/wp-content\/uploads\/2017\/01\/ostia-antica-11.jpg\",\"width\":1200,\"height\":800},{\"@type\":\"BreadcrumbList\",\"@id\":\"https:\/\/tourtravelandmore.com\/es\/tours\/italia-es\/roma-es\/tour-privado-ostia-antica-desde-roma\/#breadcrumb\",\"itemListElement\":[{\"@type\":\"ListItem\",\"position\":1,\"name\":\"Home\",\"item\":\"https:\/\/tourtravelandmore.com\/es\/\"},{\"@type\":\"ListItem\",\"position\":2,\"name\":\"Tours\",\"item\":\"https:\/\/tourtravelandmore.com\/es\/tours\/\"},{\"@type\":\"ListItem\",\"position\":3,\"name\":\"Tour Privado a Ostia Antica con chofer y gu\u00eda\"}]},{\"@type\":\"WebSite\",\"@id\":\"https:\/\/tourtravelandmore.com\/es\/#website\",\"url\":\"https:\/\/tourtravelandmore.com\/es\/\",\"name\":\"Tour Travel And More\",\"description\":\"Private sightseeing tours and luxury transfers in Spain\",\"publisher\":{\"@id\":\"https:\/\/tourtravelandmore.com\/es\/#organization\"},\"potentialAction\":[{\"@type\":\"SearchAction\",\"target\":{\"@type\":\"EntryPoint\",\"urlTemplate\":\"https:\/\/tourtravelandmore.com\/es\/?s={search_term_string}\"},\"query-input\":{\"@type\":\"PropertyValueSpecification\",\"valueRequired\":true,\"valueName\":\"search_term_string\"}}],\"inLanguage\":\"es\"},{\"@type\":\"Organization\",\"@id\":\"https:\/\/tourtravelandmore.com\/es\/#organization\",\"name\":\"Tour Travel And More\",\"url\":\"https:\/\/tourtravelandmore.com\/es\/\",\"logo\":{\"@type\":\"ImageObject\",\"inLanguage\":\"es\",\"@id\":\"https:\/\/tourtravelandmore.com\/es\/#\/schema\/logo\/image\/\",\"url\":\"https:\/\/tourtravelandmore.com\/wp-content\/uploads\/2022\/12\/cropped-logo-cabecera-new.png\",\"contentUrl\":\"https:\/\/tourtravelandmore.com\/wp-content\/uploads\/2022\/12\/cropped-logo-cabecera-new.png\",\"width\":430,\"height\":61,\"caption\":\"Tour Travel And More\"},\"image\":{\"@id\":\"https:\/\/tourtravelandmore.com\/es\/#\/schema\/logo\/image\/\"},\"sameAs\":[\"https:\/\/www.facebook.com\/tourtravelandmore\/\",\"https:\/\/x.com\/TourTravel_More\"]}]}<\/script>\n<!-- \/ Yoast SEO Premium plugin. -->","yoast_head_json":{"title":"Tour Privado a Ostia Antica desde Roma con veh\u00edculo y gu\u00eda privado | TTM","description":"Tour privado a Ostia Antica desde Roma. Aproveche la oportunidad de poder conocer uno de los asentamientos arqueol\u00f3gicos romanos m\u00e1s grandes del mundo \u2705","robots":{"index":"index","follow":"follow","max-snippet":"max-snippet:-1","max-image-preview":"max-image-preview:large","max-video-preview":"max-video-preview:-1"},"canonical":"https:\/\/tourtravelandmore.com\/es\/tours\/italia-es\/roma-es\/tour-privado-ostia-antica-desde-roma\/","og_locale":"es_ES","og_type":"article","og_title":"Tour Privado a Ostia Antica con chofer y gu\u00eda","og_description":"Tour privado a Ostia Antica desde Roma. Aproveche la oportunidad de poder conocer uno de los asentamientos arqueol\u00f3gicos romanos m\u00e1s grandes del mundo \u2705","og_url":"https:\/\/tourtravelandmore.com\/es\/tours\/italia-es\/roma-es\/tour-privado-ostia-antica-desde-roma\/","og_site_name":"Tour Travel And More","article_publisher":"https:\/\/www.facebook.com\/tourtravelandmore\/","article_modified_time":"2024-08-21T15:48:28+00:00","og_image":[{"width":1200,"height":800,"url":"https:\/\/tourtravelandmore.com\/wp-content\/uploads\/2017\/01\/ostia-antica-11.jpg","type":"image\/jpeg"}],"twitter_card":"summary_large_image","twitter_site":"@TourTravel_More","twitter_misc":{"Tiempo de lectura":"2 minutos"},"schema":{"@context":"https:\/\/schema.org","@graph":[{"@type":"WebPage","@id":"https:\/\/tourtravelandmore.com\/es\/tours\/italia-es\/roma-es\/tour-privado-ostia-antica-desde-roma\/","url":"https:\/\/tourtravelandmore.com\/es\/tours\/italia-es\/roma-es\/tour-privado-ostia-antica-desde-roma\/","name":"Tour Privado a Ostia Antica desde Roma con veh\u00edculo y gu\u00eda privado | TTM","isPartOf":{"@id":"https:\/\/tourtravelandmore.com\/es\/#website"},"primaryImageOfPage":{"@id":"https:\/\/tourtravelandmore.com\/es\/tours\/italia-es\/roma-es\/tour-privado-ostia-antica-desde-roma\/#primaryimage"},"image":{"@id":"https:\/\/tourtravelandmore.com\/es\/tours\/italia-es\/roma-es\/tour-privado-ostia-antica-desde-roma\/#primaryimage"},"thumbnailUrl":"https:\/\/tourtravelandmore.com\/wp-content\/uploads\/2017\/01\/ostia-antica-11.jpg","datePublished":"2017-01-18T15:18:09+00:00","dateModified":"2024-08-21T15:48:28+00:00","description":"Tour privado a Ostia Antica desde Roma. Aproveche la oportunidad de poder conocer uno de los asentamientos arqueol\u00f3gicos romanos m\u00e1s grandes del mundo \u2705","breadcrumb":{"@id":"https:\/\/tourtravelandmore.com\/es\/tours\/italia-es\/roma-es\/tour-privado-ostia-antica-desde-roma\/#breadcrumb"},"inLanguage":"es","potentialAction":[{"@type":"ReadAction","target":["https:\/\/tourtravelandmore.com\/es\/tours\/italia-es\/roma-es\/tour-privado-ostia-antica-desde-roma\/"]}]},{"@type":"ImageObject","inLanguage":"es","@id":"https:\/\/tourtravelandmore.com\/es\/tours\/italia-es\/roma-es\/tour-privado-ostia-antica-desde-roma\/#primaryimage","url":"https:\/\/tourtravelandmore.com\/wp-content\/uploads\/2017\/01\/ostia-antica-11.jpg","contentUrl":"https:\/\/tourtravelandmore.com\/wp-content\/uploads\/2017\/01\/ostia-antica-11.jpg","width":1200,"height":800},{"@type":"BreadcrumbList","@id":"https:\/\/tourtravelandmore.com\/es\/tours\/italia-es\/roma-es\/tour-privado-ostia-antica-desde-roma\/#breadcrumb","itemListElement":[{"@type":"ListItem","position":1,"name":"Home","item":"https:\/\/tourtravelandmore.com\/es\/"},{"@type":"ListItem","position":2,"name":"Tours","item":"https:\/\/tourtravelandmore.com\/es\/tours\/"},{"@type":"ListItem","position":3,"name":"Tour Privado a Ostia Antica con chofer y gu\u00eda"}]},{"@type":"WebSite","@id":"https:\/\/tourtravelandmore.com\/es\/#website","url":"https:\/\/tourtravelandmore.com\/es\/","name":"Tour Travel And More","description":"Private sightseeing tours and luxury transfers in Spain","publisher":{"@id":"https:\/\/tourtravelandmore.com\/es\/#organization"},"potentialAction":[{"@type":"SearchAction","target":{"@type":"EntryPoint","urlTemplate":"https:\/\/tourtravelandmore.com\/es\/?s={search_term_string}"},"query-input":{"@type":"PropertyValueSpecification","valueRequired":true,"valueName":"search_term_string"}}],"inLanguage":"es"},{"@type":"Organization","@id":"https:\/\/tourtravelandmore.com\/es\/#organization","name":"Tour Travel And More","url":"https:\/\/tourtravelandmore.com\/es\/","logo":{"@type":"ImageObject","inLanguage":"es","@id":"https:\/\/tourtravelandmore.com\/es\/#\/schema\/logo\/image\/","url":"https:\/\/tourtravelandmore.com\/wp-content\/uploads\/2022\/12\/cropped-logo-cabecera-new.png","contentUrl":"https:\/\/tourtravelandmore.com\/wp-content\/uploads\/2022\/12\/cropped-logo-cabecera-new.png","width":430,"height":61,"caption":"Tour Travel And More"},"image":{"@id":"https:\/\/tourtravelandmore.com\/es\/#\/schema\/logo\/image\/"},"sameAs":["https:\/\/www.facebook.com\/tourtravelandmore\/","https:\/\/x.com\/TourTravel_More"]}]}},"_links":{"self":[{"href":"https:\/\/tourtravelandmore.com\/es\/wp-json\/wp\/v2\/product\/10109","targetHints":{"allow":["GET"]}}],"collection":[{"href":"https:\/\/tourtravelandmore.com\/es\/wp-json\/wp\/v2\/product"}],"about":[{"href":"https:\/\/tourtravelandmore.com\/es\/wp-json\/wp\/v2\/types\/product"}],"replies":[{"embeddable":true,"href":"https:\/\/tourtravelandmore.com\/es\/wp-json\/wp\/v2\/comments?post=10109"}],"wp:featuredmedia":[{"embeddable":true,"href":"https:\/\/tourtravelandmore.com\/es\/wp-json\/wp\/v2\/media\/17329"}],"wp:attachment":[{"href":"https:\/\/tourtravelandmore.com\/es\/wp-json\/wp\/v2\/media?parent=10109"}],"wp:term":[{"taxonomy":"product_brand","embeddable":true,"href":"https:\/\/tourtravelandmore.com\/es\/wp-json\/wp\/v2\/product_brand?post=10109"},{"taxonomy":"product_cat","embeddable":true,"href":"https:\/\/tourtravelandmore.com\/es\/wp-json\/wp\/v2\/product_cat?post=10109"},{"taxonomy":"product_tag","embeddable":true,"href":"https:\/\/tourtravelandmore.com\/es\/wp-json\/wp\/v2\/product_tag?post=10109"}],"curies":[{"name":"wp","href":"https:\/\/api.w.org\/{rel}","templated":true}]}}