{"id":101078,"date":"2021-03-01T10:32:21","date_gmt":"2021-03-01T09:32:22","guid":{"rendered":"https:\/\/tourtravelandmore.com\/?post_type=product&#038;p=101078"},"modified":"2022-10-11T15:40:21","modified_gmt":"2022-10-11T13:40:21","slug":"tour-privado-a-pie-por-nantes","status":"publish","type":"product","link":"https:\/\/tourtravelandmore.com\/es\/tours\/francia\/nantes-sp\/tour-privado-a-pie-por-nantes\/","title":{"rendered":"Tour Privado a pie por Nantes"},"content":{"rendered":"<h2>Descripci\u00f3n del Tour Privado a pie por Nantes<\/h2>\n<p>Si visita Nantes desde fuera de la ciudad, aproveche esta oportunidad para disfrutar de un<strong> Tour Privado a pie por Nantes<\/strong>. Aproveche esta oportunidad para tener una experiencia de medio d\u00eda con uno de nuestros gu\u00edas profesionales.<\/p>\n<p>Organizaremos una recogida a pie y comenzaremos su recorrido privado de 3 horas con <strong>Tour Travel &amp; More<\/strong>. Siempre tendr\u00e1 un gu\u00eda tur\u00edstico con licencia a su disposici\u00f3n para su recorrido privado a pie de 3 horas.<\/p>\n<p><strong>Nantes<\/strong> es realmente una ciudad \u00fanica para visitar. Tendr\u00e1 la oportunidad de visitar la Catedral de Nantes, impresionantes vistas y jardines verdes, y, por supuesto, una vista del Castillo de los Duques de Breta\u00f1a. Podr\u00e1 disfrutar mucho m\u00e1s durante este recorrido privado.<\/p>\n<p>Cont\u00e1ctenos para m\u00e1s informaci\u00f3n!. Este tour privado a pie por Nantes es una experiencia completamente personalizada.<\/p>\n<h2>Puntos emblem\u00e1ticos y de inter\u00e9s en el Tour Privado a pie por Nantes<\/h2>\n<p>Este es un recorrido completamente privado. El recorrido comenzar\u00e1 desde un punto de encuentro ubicado en el centro. Si su hotel est\u00e1 a poca distancia, podemos organizar un servicio de recogida a pie.<\/p>\n<p>Su gu\u00eda tur\u00edstico privado le mostrar\u00e1 las mejores partes de Nantes. Aqu\u00ed hay un ejemplo de algunos de los sitios que disfrutar\u00e1 en Nantes:<\/p>\n<ul>\n<li><strong>Plaza Marc Elder<\/strong><\/li>\n<li><strong>Estatua de anne de breta\u00f1a<\/strong><\/li>\n<li><strong>Castillo de los duques de breta\u00f1a<\/strong><\/li>\n<li><a href=\"http:\/\/cathedrale-nantes.fr\">Catedral de Nantes<\/a><\/li>\n<li><strong>Cours Cambronne\u00a0<\/strong><\/li>\n<li><strong>Plaza Bouffay<\/strong><\/li>\n<li><strong>Pasaje Pommeraye<\/strong><\/li>\n<li><strong>\u00c1rea de teatro Graslin<\/strong><\/li>\n<li><strong>Fuente de la Place Royale<\/strong><\/li>\n<\/ul>\n<p>El orden exacto depender\u00e1 de la hora de inicio exacta. Organizaremos el itinerario exacto dependiendo de eso. El tiempo exacto que se pasa en todos los lugares tambi\u00e9n depender\u00e1 de cu\u00e1nto tiempo se pase en cada uno. Al ser un recorrido privado, podemos organizar lo que desee.<\/p>\n<p>Podemos incluir m\u00e1s horas en su experiencia, o incluso convertirlo en un tour privado de d\u00eda completo. En caso de que este interesado, tambi\u00e9n podemos gestionar entradas a cualquier museo o lugar que desee visitar.<\/p>\n<p><a href=\"https:\/\/tourtravelandmore.com\/es\/ciudad\/francia\/nantes-sp\/\">Mire aqu\u00ed todos nuestros tours y actividades privadas en Nantes.<\/a><\/p>\n","protected":false},"excerpt":{"rendered":"<p>Acomp\u00e1\u00f1enos a conocer una de las ciudades m\u00e1s lindas e hist\u00f3ricas de Francia con nuestro<strong> Tour Privado a pie por Nantes con gu\u00eda oficial.<\/strong><\/p>\n<p><span style=\"font-weight: 400;\">\u00a0<\/span><\/p>\n<h4><\/h4>\n","protected":false},"featured_media":101096,"comment_status":"open","ping_status":"closed","template":"","meta":{"_acf_changed":false},"product_brand":[],"product_cat":[1592,3611],"product_tag":[],"class_list":{"0":"post-101078","1":"product","2":"type-product","3":"status-publish","4":"has-post-thumbnail","6":"product_cat-francia","7":"product_cat-nantes-sp","9":"first","10":"instock","11":"shipping-taxable","12":"purchasable","13":"product-type-simple"},"acf":[],"yoast_head":"<!-- This site is optimized with the Yoast SEO Premium plugin v25.3.1 (Yoast SEO v25.3.1) - https:\/\/yoast.com\/wordpress\/plugins\/seo\/ -->\n<title>\u27a1\ufe0f Tour Privado a pie por Nantes con gu\u00eda profesional local | Tour Travel &amp; More<\/title>\n<meta name=\"description\" content=\"Acomp\u00e1\u00f1enos a conocer una de las ciudades mas lindas e hist\u00f3ricas de Francia con nuestro Tour Privado a pie por Nantes con gu\u00eda oficial \u2705\" \/>\n<meta name=\"robots\" content=\"index, follow, max-snippet:-1, max-image-preview:large, max-video-preview:-1\" \/>\n<link rel=\"canonical\" href=\"https:\/\/tourtravelandmore.com\/es\/tours\/francia\/nantes-sp\/tour-privado-a-pie-por-nantes\/\" \/>\n<meta property=\"og:locale\" content=\"es_ES\" \/>\n<meta property=\"og:type\" content=\"article\" \/>\n<meta property=\"og:title\" content=\"Tour Privado a pie por Nantes\" \/>\n<meta property=\"og:description\" content=\"Acomp\u00e1\u00f1enos a conocer una de las ciudades mas lindas e hist\u00f3ricas de Francia con nuestro Tour Privado a pie por Nantes con gu\u00eda oficial \u2705\" \/>\n<meta property=\"og:url\" content=\"https:\/\/tourtravelandmore.com\/es\/tours\/francia\/nantes-sp\/tour-privado-a-pie-por-nantes\/\" \/>\n<meta property=\"og:site_name\" content=\"Tour Travel And More\" \/>\n<meta property=\"article:publisher\" content=\"https:\/\/www.facebook.com\/tourtravelandmore\/\" \/>\n<meta property=\"article:modified_time\" content=\"2022-10-11T13:40:21+00:00\" \/>\n<meta property=\"og:image\" content=\"https:\/\/tourtravelandmore.com\/wp-content\/uploads\/2021\/03\/nantes-8.jpg\" \/>\n\t<meta property=\"og:image:width\" content=\"1024\" \/>\n\t<meta property=\"og:image:height\" content=\"683\" \/>\n\t<meta property=\"og:image:type\" content=\"image\/jpeg\" \/>\n<meta name=\"twitter:card\" content=\"summary_large_image\" \/>\n<meta name=\"twitter:site\" content=\"@TourTravel_More\" \/>\n<meta name=\"twitter:label1\" content=\"Tiempo de lectura\" \/>\n\t<meta name=\"twitter:data1\" content=\"2 minutos\" \/>\n<script type=\"application\/ld+json\" class=\"yoast-schema-graph\">{\"@context\":\"https:\/\/schema.org\",\"@graph\":[{\"@type\":\"WebPage\",\"@id\":\"https:\/\/tourtravelandmore.com\/es\/tours\/francia\/nantes-sp\/tour-privado-a-pie-por-nantes\/\",\"url\":\"https:\/\/tourtravelandmore.com\/es\/tours\/francia\/nantes-sp\/tour-privado-a-pie-por-nantes\/\",\"name\":\"\u27a1\ufe0f Tour Privado a pie por Nantes con gu\u00eda profesional local | Tour Travel & More\",\"isPartOf\":{\"@id\":\"https:\/\/tourtravelandmore.com\/es\/#website\"},\"primaryImageOfPage\":{\"@id\":\"https:\/\/tourtravelandmore.com\/es\/tours\/francia\/nantes-sp\/tour-privado-a-pie-por-nantes\/#primaryimage\"},\"image\":{\"@id\":\"https:\/\/tourtravelandmore.com\/es\/tours\/francia\/nantes-sp\/tour-privado-a-pie-por-nantes\/#primaryimage\"},\"thumbnailUrl\":\"https:\/\/tourtravelandmore.com\/wp-content\/uploads\/2021\/03\/nantes-8.jpg\",\"datePublished\":\"2021-03-01T09:32:22+00:00\",\"dateModified\":\"2022-10-11T13:40:21+00:00\",\"description\":\"Acomp\u00e1\u00f1enos a conocer una de las ciudades mas lindas e hist\u00f3ricas de Francia con nuestro Tour Privado a pie por Nantes con gu\u00eda oficial \u2705\",\"breadcrumb\":{\"@id\":\"https:\/\/tourtravelandmore.com\/es\/tours\/francia\/nantes-sp\/tour-privado-a-pie-por-nantes\/#breadcrumb\"},\"inLanguage\":\"es\",\"potentialAction\":[{\"@type\":\"ReadAction\",\"target\":[\"https:\/\/tourtravelandmore.com\/es\/tours\/francia\/nantes-sp\/tour-privado-a-pie-por-nantes\/\"]}]},{\"@type\":\"ImageObject\",\"inLanguage\":\"es\",\"@id\":\"https:\/\/tourtravelandmore.com\/es\/tours\/francia\/nantes-sp\/tour-privado-a-pie-por-nantes\/#primaryimage\",\"url\":\"https:\/\/tourtravelandmore.com\/wp-content\/uploads\/2021\/03\/nantes-8.jpg\",\"contentUrl\":\"https:\/\/tourtravelandmore.com\/wp-content\/uploads\/2021\/03\/nantes-8.jpg\",\"width\":1024,\"height\":683},{\"@type\":\"BreadcrumbList\",\"@id\":\"https:\/\/tourtravelandmore.com\/es\/tours\/francia\/nantes-sp\/tour-privado-a-pie-por-nantes\/#breadcrumb\",\"itemListElement\":[{\"@type\":\"ListItem\",\"position\":1,\"name\":\"Home\",\"item\":\"https:\/\/tourtravelandmore.com\/es\/\"},{\"@type\":\"ListItem\",\"position\":2,\"name\":\"Tours\",\"item\":\"https:\/\/tourtravelandmore.com\/es\/tours\/\"},{\"@type\":\"ListItem\",\"position\":3,\"name\":\"Tour Privado a pie por Nantes\"}]},{\"@type\":\"WebSite\",\"@id\":\"https:\/\/tourtravelandmore.com\/es\/#website\",\"url\":\"https:\/\/tourtravelandmore.com\/es\/\",\"name\":\"Tour Travel And More\",\"description\":\"Private sightseeing tours and luxury transfers in Spain\",\"publisher\":{\"@id\":\"https:\/\/tourtravelandmore.com\/es\/#organization\"},\"potentialAction\":[{\"@type\":\"SearchAction\",\"target\":{\"@type\":\"EntryPoint\",\"urlTemplate\":\"https:\/\/tourtravelandmore.com\/es\/?s={search_term_string}\"},\"query-input\":{\"@type\":\"PropertyValueSpecification\",\"valueRequired\":true,\"valueName\":\"search_term_string\"}}],\"inLanguage\":\"es\"},{\"@type\":\"Organization\",\"@id\":\"https:\/\/tourtravelandmore.com\/es\/#organization\",\"name\":\"Tour Travel And More\",\"url\":\"https:\/\/tourtravelandmore.com\/es\/\",\"logo\":{\"@type\":\"ImageObject\",\"inLanguage\":\"es\",\"@id\":\"https:\/\/tourtravelandmore.com\/es\/#\/schema\/logo\/image\/\",\"url\":\"https:\/\/tourtravelandmore.com\/wp-content\/uploads\/2022\/12\/cropped-logo-cabecera-new.png\",\"contentUrl\":\"https:\/\/tourtravelandmore.com\/wp-content\/uploads\/2022\/12\/cropped-logo-cabecera-new.png\",\"width\":430,\"height\":61,\"caption\":\"Tour Travel And More\"},\"image\":{\"@id\":\"https:\/\/tourtravelandmore.com\/es\/#\/schema\/logo\/image\/\"},\"sameAs\":[\"https:\/\/www.facebook.com\/tourtravelandmore\/\",\"https:\/\/x.com\/TourTravel_More\"]}]}<\/script>\n<!-- \/ Yoast SEO Premium plugin. -->","yoast_head_json":{"title":"\u27a1\ufe0f Tour Privado a pie por Nantes con gu\u00eda profesional local | Tour Travel & More","description":"Acomp\u00e1\u00f1enos a conocer una de las ciudades mas lindas e hist\u00f3ricas de Francia con nuestro Tour Privado a pie por Nantes con gu\u00eda oficial \u2705","robots":{"index":"index","follow":"follow","max-snippet":"max-snippet:-1","max-image-preview":"max-image-preview:large","max-video-preview":"max-video-preview:-1"},"canonical":"https:\/\/tourtravelandmore.com\/es\/tours\/francia\/nantes-sp\/tour-privado-a-pie-por-nantes\/","og_locale":"es_ES","og_type":"article","og_title":"Tour Privado a pie por Nantes","og_description":"Acomp\u00e1\u00f1enos a conocer una de las ciudades mas lindas e hist\u00f3ricas de Francia con nuestro Tour Privado a pie por Nantes con gu\u00eda oficial \u2705","og_url":"https:\/\/tourtravelandmore.com\/es\/tours\/francia\/nantes-sp\/tour-privado-a-pie-por-nantes\/","og_site_name":"Tour Travel And More","article_publisher":"https:\/\/www.facebook.com\/tourtravelandmore\/","article_modified_time":"2022-10-11T13:40:21+00:00","og_image":[{"width":1024,"height":683,"url":"https:\/\/tourtravelandmore.com\/wp-content\/uploads\/2021\/03\/nantes-8.jpg","type":"image\/jpeg"}],"twitter_card":"summary_large_image","twitter_site":"@TourTravel_More","twitter_misc":{"Tiempo de lectura":"2 minutos"},"schema":{"@context":"https:\/\/schema.org","@graph":[{"@type":"WebPage","@id":"https:\/\/tourtravelandmore.com\/es\/tours\/francia\/nantes-sp\/tour-privado-a-pie-por-nantes\/","url":"https:\/\/tourtravelandmore.com\/es\/tours\/francia\/nantes-sp\/tour-privado-a-pie-por-nantes\/","name":"\u27a1\ufe0f Tour Privado a pie por Nantes con gu\u00eda profesional local | Tour Travel & More","isPartOf":{"@id":"https:\/\/tourtravelandmore.com\/es\/#website"},"primaryImageOfPage":{"@id":"https:\/\/tourtravelandmore.com\/es\/tours\/francia\/nantes-sp\/tour-privado-a-pie-por-nantes\/#primaryimage"},"image":{"@id":"https:\/\/tourtravelandmore.com\/es\/tours\/francia\/nantes-sp\/tour-privado-a-pie-por-nantes\/#primaryimage"},"thumbnailUrl":"https:\/\/tourtravelandmore.com\/wp-content\/uploads\/2021\/03\/nantes-8.jpg","datePublished":"2021-03-01T09:32:22+00:00","dateModified":"2022-10-11T13:40:21+00:00","description":"Acomp\u00e1\u00f1enos a conocer una de las ciudades mas lindas e hist\u00f3ricas de Francia con nuestro Tour Privado a pie por Nantes con gu\u00eda oficial \u2705","breadcrumb":{"@id":"https:\/\/tourtravelandmore.com\/es\/tours\/francia\/nantes-sp\/tour-privado-a-pie-por-nantes\/#breadcrumb"},"inLanguage":"es","potentialAction":[{"@type":"ReadAction","target":["https:\/\/tourtravelandmore.com\/es\/tours\/francia\/nantes-sp\/tour-privado-a-pie-por-nantes\/"]}]},{"@type":"ImageObject","inLanguage":"es","@id":"https:\/\/tourtravelandmore.com\/es\/tours\/francia\/nantes-sp\/tour-privado-a-pie-por-nantes\/#primaryimage","url":"https:\/\/tourtravelandmore.com\/wp-content\/uploads\/2021\/03\/nantes-8.jpg","contentUrl":"https:\/\/tourtravelandmore.com\/wp-content\/uploads\/2021\/03\/nantes-8.jpg","width":1024,"height":683},{"@type":"BreadcrumbList","@id":"https:\/\/tourtravelandmore.com\/es\/tours\/francia\/nantes-sp\/tour-privado-a-pie-por-nantes\/#breadcrumb","itemListElement":[{"@type":"ListItem","position":1,"name":"Home","item":"https:\/\/tourtravelandmore.com\/es\/"},{"@type":"ListItem","position":2,"name":"Tours","item":"https:\/\/tourtravelandmore.com\/es\/tours\/"},{"@type":"ListItem","position":3,"name":"Tour Privado a pie por Nantes"}]},{"@type":"WebSite","@id":"https:\/\/tourtravelandmore.com\/es\/#website","url":"https:\/\/tourtravelandmore.com\/es\/","name":"Tour Travel And More","description":"Private sightseeing tours and luxury transfers in Spain","publisher":{"@id":"https:\/\/tourtravelandmore.com\/es\/#organization"},"potentialAction":[{"@type":"SearchAction","target":{"@type":"EntryPoint","urlTemplate":"https:\/\/tourtravelandmore.com\/es\/?s={search_term_string}"},"query-input":{"@type":"PropertyValueSpecification","valueRequired":true,"valueName":"search_term_string"}}],"inLanguage":"es"},{"@type":"Organization","@id":"https:\/\/tourtravelandmore.com\/es\/#organization","name":"Tour Travel And More","url":"https:\/\/tourtravelandmore.com\/es\/","logo":{"@type":"ImageObject","inLanguage":"es","@id":"https:\/\/tourtravelandmore.com\/es\/#\/schema\/logo\/image\/","url":"https:\/\/tourtravelandmore.com\/wp-content\/uploads\/2022\/12\/cropped-logo-cabecera-new.png","contentUrl":"https:\/\/tourtravelandmore.com\/wp-content\/uploads\/2022\/12\/cropped-logo-cabecera-new.png","width":430,"height":61,"caption":"Tour Travel And More"},"image":{"@id":"https:\/\/tourtravelandmore.com\/es\/#\/schema\/logo\/image\/"},"sameAs":["https:\/\/www.facebook.com\/tourtravelandmore\/","https:\/\/x.com\/TourTravel_More"]}]}},"_links":{"self":[{"href":"https:\/\/tourtravelandmore.com\/es\/wp-json\/wp\/v2\/product\/101078","targetHints":{"allow":["GET"]}}],"collection":[{"href":"https:\/\/tourtravelandmore.com\/es\/wp-json\/wp\/v2\/product"}],"about":[{"href":"https:\/\/tourtravelandmore.com\/es\/wp-json\/wp\/v2\/types\/product"}],"replies":[{"embeddable":true,"href":"https:\/\/tourtravelandmore.com\/es\/wp-json\/wp\/v2\/comments?post=101078"}],"wp:featuredmedia":[{"embeddable":true,"href":"https:\/\/tourtravelandmore.com\/es\/wp-json\/wp\/v2\/media\/101096"}],"wp:attachment":[{"href":"https:\/\/tourtravelandmore.com\/es\/wp-json\/wp\/v2\/media?parent=101078"}],"wp:term":[{"taxonomy":"product_brand","embeddable":true,"href":"https:\/\/tourtravelandmore.com\/es\/wp-json\/wp\/v2\/product_brand?post=101078"},{"taxonomy":"product_cat","embeddable":true,"href":"https:\/\/tourtravelandmore.com\/es\/wp-json\/wp\/v2\/product_cat?post=101078"},{"taxonomy":"product_tag","embeddable":true,"href":"https:\/\/tourtravelandmore.com\/es\/wp-json\/wp\/v2\/product_tag?post=101078"}],"curies":[{"name":"wp","href":"https:\/\/api.w.org\/{rel}","templated":true}]}}