{"id":101043,"date":"2021-03-01T09:37:57","date_gmt":"2021-03-01T08:37:58","guid":{"rendered":"https:\/\/tourtravelandmore.com\/?post_type=product&#038;p=101043"},"modified":"2022-10-11T15:28:40","modified_gmt":"2022-10-11T13:28:40","slug":"tour-privado-a-pie-por-mt-st-michel","status":"publish","type":"product","link":"https:\/\/tourtravelandmore.com\/es\/tours\/francia\/mtstmichel-sp\/tour-privado-a-pie-por-mt-st-michel\/","title":{"rendered":"Tour Privado a pie por Mt St Michel"},"content":{"rendered":"<h2>Descripci\u00f3n del Tour Privado a pie por Mt St Michel<\/h2>\n<p>Mont St Michel es una peque\u00f1a isla rocosa ubicada en la regi\u00f3n de Normand\u00eda. Si nos visita por un d\u00eda o s\u00ed tiene la oportunidad de pasar la noche. Danos la oportunidad de llevarte a este <strong>Tour Privado a pie por Mt St Michel<\/strong> con un gu\u00eda privado oficial.<\/p>\n<p>Mt St Michel es un sitio del Patrimonio Mundial de la UNESCO y realmente un lugar \u00fanico. Puedes disfrutar de la hermosa isla y tomar fotos incre\u00edbles e inolvidables. Deje que nuestro gu\u00eda tur\u00edstico oficial privado le muestre todas las gemas secretas que Mt St Michel tiene para ofrecer.<\/p>\n<p>Disfruta de esta peque\u00f1a isla en este tour privado a pie de 3 horas. Nuestro gu\u00eda lo llevar\u00e1 a todos los lugares que no puede perderse. \u00a1Este tour privado a pie por Mt St Michel es una verdadera y \u00fanica experiencia!.<\/p>\n<h2>Puntos emblem\u00e1ticos y de inter\u00e9s en el Tour Privado a pie por Mt St Michel<\/h2>\n<p>Este recorrido privado a pie comenzar\u00e1 en un punto de encuentro central antes de ingresar al Monte St Michel. Podemos organizar una recogida diferente si se puede hacer a pie. Luego, comenzaremos su recorrido a pie privado de 3 horas con su gu\u00eda tur\u00edstico oficial privado.<\/p>\n<p><a href=\"https:\/\/es.wikipedia.org\/wiki\/Monte_Saint-Michel_(isla)\">Mont Saint Michel<\/a> es un lugar \u00fanico y famoso, no solo por sus impresionantes vistas y porque es una isla, sino tambi\u00e9n por su abad\u00eda. Es por eso que muchas personas vienen a visitar el Monte St Michel. La abad\u00eda es un sitio incre\u00edble en el que necesitamos pasar el tiempo. Desde la historia, las vistas y todo lo que tiene para ofrecer. Los horarios de apertura son bastante amplios, por lo que no deber\u00edamos tener ning\u00fan problema. Tambi\u00e9n puede disfrutar de hermosas vistas de las mareas antes de las 5 p.m. con su gu\u00eda.<\/p>\n<p>Deje que nuestro gu\u00eda privado lo ilumine con las varias generaciones de diferentes constructores y los extensos a\u00f1os de historia y construcci\u00f3n.<\/p>\n<p><strong>Aqu\u00ed hay otros sitios que tambi\u00e9n puede disfrutar durante su visita al Monte St Michel, entre otros:<\/strong><\/p>\n<ul>\n<li><strong>Iglesia Paroissiale Saint Pierre<\/strong><\/li>\n<li><strong>La Grande Rue<\/strong><\/li>\n<li><strong>Barrage sur le Couesnon<\/strong><\/li>\n<li><strong>La Chapelle Saint Aubert<\/strong><\/li>\n<li><strong>La Porte du Roy<\/strong><\/li>\n<li><strong>Port du Boulevard<\/strong><\/li>\n<li><strong>Porte de l\u2019Avancee<\/strong><\/li>\n<\/ul>\n<p>Podemos organizar un recorrido de 3 horas, que es nuestro tour m\u00e1s vendido, pero tambi\u00e9n podemos organizar un recorrido m\u00e1s largo y organizar una opci\u00f3n de 6 horas si lo prefiere. \u00a1Todos los tours se pueden modificar y organizar para satisfacer sus necesidades exactas! Todo lo que necesita hacer es contactarnos en<a href=\"mailto:info|tourtravelandmore.com\"> info@tourtravelandmore.com.<\/a><\/p>\n<p><a href=\"https:\/\/tourtravelandmore.com\/es\/ciudad\/francia\/\">Eche un vistazo aqu\u00ed de todos nuestros tours y experiencias privadas en Francia.<\/a><\/p>\n","protected":false},"excerpt":{"rendered":"<p>Disfrute de la oportunidad de conocer una de las islas m\u00e1s importantes y lindas de Francia con nuestro <strong>Tour Privado a pie por Mt St Michel.<\/strong><\/p>\n<p><span style=\"font-weight: 400;\">\u00a0<\/span><\/p>\n<h4><\/h4>\n","protected":false},"featured_media":101061,"comment_status":"open","ping_status":"closed","template":"","meta":{"_acf_changed":false},"product_brand":[],"product_cat":[1592,3608],"product_tag":[],"class_list":{"0":"post-101043","1":"product","2":"type-product","3":"status-publish","4":"has-post-thumbnail","6":"product_cat-francia","7":"product_cat-mtstmichel-sp","9":"first","10":"instock","11":"shipping-taxable","12":"purchasable","13":"product-type-simple"},"acf":[],"yoast_head":"<!-- This site is optimized with the Yoast SEO Premium plugin v25.3.1 (Yoast SEO v25.3.1) - https:\/\/yoast.com\/wordpress\/plugins\/seo\/ -->\n<title>\u27a1\ufe0f Tour Privado a pie por Mt St Michel con gu\u00eda profesional local | Tour Travel &amp; More<\/title>\n<meta name=\"description\" content=\"Disfrute de la oportunidad de conocer una de las islas mas importantes y lindas de Francia con nuestro Tour Privado a pie por Mt St Michel \u2705\" \/>\n<meta name=\"robots\" content=\"index, follow, max-snippet:-1, max-image-preview:large, max-video-preview:-1\" \/>\n<link rel=\"canonical\" href=\"https:\/\/tourtravelandmore.com\/es\/tours\/francia\/mtstmichel-sp\/tour-privado-a-pie-por-mt-st-michel\/\" \/>\n<meta property=\"og:locale\" content=\"es_ES\" \/>\n<meta property=\"og:type\" content=\"article\" \/>\n<meta property=\"og:title\" content=\"Tour Privado a pie por Mt St Michel\" \/>\n<meta property=\"og:description\" content=\"Disfrute de la oportunidad de conocer una de las islas mas importantes y lindas de Francia con nuestro Tour Privado a pie por Mt St Michel \u2705\" \/>\n<meta property=\"og:url\" content=\"https:\/\/tourtravelandmore.com\/es\/tours\/francia\/mtstmichel-sp\/tour-privado-a-pie-por-mt-st-michel\/\" \/>\n<meta property=\"og:site_name\" content=\"Tour Travel And More\" \/>\n<meta property=\"article:publisher\" content=\"https:\/\/www.facebook.com\/tourtravelandmore\/\" \/>\n<meta property=\"article:modified_time\" content=\"2022-10-11T13:28:40+00:00\" \/>\n<meta property=\"og:image\" content=\"https:\/\/tourtravelandmore.com\/wp-content\/uploads\/2021\/03\/michel-1-scaled.jpg\" \/>\n\t<meta property=\"og:image:width\" content=\"2560\" \/>\n\t<meta property=\"og:image:height\" content=\"1815\" \/>\n\t<meta property=\"og:image:type\" content=\"image\/jpeg\" \/>\n<meta name=\"twitter:card\" content=\"summary_large_image\" \/>\n<meta name=\"twitter:site\" content=\"@TourTravel_More\" \/>\n<meta name=\"twitter:label1\" content=\"Tiempo de lectura\" \/>\n\t<meta name=\"twitter:data1\" content=\"2 minutos\" \/>\n<script type=\"application\/ld+json\" class=\"yoast-schema-graph\">{\"@context\":\"https:\/\/schema.org\",\"@graph\":[{\"@type\":\"WebPage\",\"@id\":\"https:\/\/tourtravelandmore.com\/es\/tours\/francia\/mtstmichel-sp\/tour-privado-a-pie-por-mt-st-michel\/\",\"url\":\"https:\/\/tourtravelandmore.com\/es\/tours\/francia\/mtstmichel-sp\/tour-privado-a-pie-por-mt-st-michel\/\",\"name\":\"\u27a1\ufe0f Tour Privado a pie por Mt St Michel con gu\u00eda profesional local | Tour Travel & More\",\"isPartOf\":{\"@id\":\"https:\/\/tourtravelandmore.com\/es\/#website\"},\"primaryImageOfPage\":{\"@id\":\"https:\/\/tourtravelandmore.com\/es\/tours\/francia\/mtstmichel-sp\/tour-privado-a-pie-por-mt-st-michel\/#primaryimage\"},\"image\":{\"@id\":\"https:\/\/tourtravelandmore.com\/es\/tours\/francia\/mtstmichel-sp\/tour-privado-a-pie-por-mt-st-michel\/#primaryimage\"},\"thumbnailUrl\":\"https:\/\/tourtravelandmore.com\/wp-content\/uploads\/2021\/03\/michel-1-scaled.jpg\",\"datePublished\":\"2021-03-01T08:37:58+00:00\",\"dateModified\":\"2022-10-11T13:28:40+00:00\",\"description\":\"Disfrute de la oportunidad de conocer una de las islas mas importantes y lindas de Francia con nuestro Tour Privado a pie por Mt St Michel \u2705\",\"breadcrumb\":{\"@id\":\"https:\/\/tourtravelandmore.com\/es\/tours\/francia\/mtstmichel-sp\/tour-privado-a-pie-por-mt-st-michel\/#breadcrumb\"},\"inLanguage\":\"es\",\"potentialAction\":[{\"@type\":\"ReadAction\",\"target\":[\"https:\/\/tourtravelandmore.com\/es\/tours\/francia\/mtstmichel-sp\/tour-privado-a-pie-por-mt-st-michel\/\"]}]},{\"@type\":\"ImageObject\",\"inLanguage\":\"es\",\"@id\":\"https:\/\/tourtravelandmore.com\/es\/tours\/francia\/mtstmichel-sp\/tour-privado-a-pie-por-mt-st-michel\/#primaryimage\",\"url\":\"https:\/\/tourtravelandmore.com\/wp-content\/uploads\/2021\/03\/michel-1-scaled.jpg\",\"contentUrl\":\"https:\/\/tourtravelandmore.com\/wp-content\/uploads\/2021\/03\/michel-1-scaled.jpg\",\"width\":2560,\"height\":1815},{\"@type\":\"BreadcrumbList\",\"@id\":\"https:\/\/tourtravelandmore.com\/es\/tours\/francia\/mtstmichel-sp\/tour-privado-a-pie-por-mt-st-michel\/#breadcrumb\",\"itemListElement\":[{\"@type\":\"ListItem\",\"position\":1,\"name\":\"Home\",\"item\":\"https:\/\/tourtravelandmore.com\/es\/\"},{\"@type\":\"ListItem\",\"position\":2,\"name\":\"Tours\",\"item\":\"https:\/\/tourtravelandmore.com\/es\/tours\/\"},{\"@type\":\"ListItem\",\"position\":3,\"name\":\"Tour Privado a pie por Mt St Michel\"}]},{\"@type\":\"WebSite\",\"@id\":\"https:\/\/tourtravelandmore.com\/es\/#website\",\"url\":\"https:\/\/tourtravelandmore.com\/es\/\",\"name\":\"Tour Travel And More\",\"description\":\"Private sightseeing tours and luxury transfers in Spain\",\"publisher\":{\"@id\":\"https:\/\/tourtravelandmore.com\/es\/#organization\"},\"potentialAction\":[{\"@type\":\"SearchAction\",\"target\":{\"@type\":\"EntryPoint\",\"urlTemplate\":\"https:\/\/tourtravelandmore.com\/es\/?s={search_term_string}\"},\"query-input\":{\"@type\":\"PropertyValueSpecification\",\"valueRequired\":true,\"valueName\":\"search_term_string\"}}],\"inLanguage\":\"es\"},{\"@type\":\"Organization\",\"@id\":\"https:\/\/tourtravelandmore.com\/es\/#organization\",\"name\":\"Tour Travel And More\",\"url\":\"https:\/\/tourtravelandmore.com\/es\/\",\"logo\":{\"@type\":\"ImageObject\",\"inLanguage\":\"es\",\"@id\":\"https:\/\/tourtravelandmore.com\/es\/#\/schema\/logo\/image\/\",\"url\":\"https:\/\/tourtravelandmore.com\/wp-content\/uploads\/2022\/12\/cropped-logo-cabecera-new.png\",\"contentUrl\":\"https:\/\/tourtravelandmore.com\/wp-content\/uploads\/2022\/12\/cropped-logo-cabecera-new.png\",\"width\":430,\"height\":61,\"caption\":\"Tour Travel And More\"},\"image\":{\"@id\":\"https:\/\/tourtravelandmore.com\/es\/#\/schema\/logo\/image\/\"},\"sameAs\":[\"https:\/\/www.facebook.com\/tourtravelandmore\/\",\"https:\/\/x.com\/TourTravel_More\"]}]}<\/script>\n<!-- \/ Yoast SEO Premium plugin. -->","yoast_head_json":{"title":"\u27a1\ufe0f Tour Privado a pie por Mt St Michel con gu\u00eda profesional local | Tour Travel & More","description":"Disfrute de la oportunidad de conocer una de las islas mas importantes y lindas de Francia con nuestro Tour Privado a pie por Mt St Michel \u2705","robots":{"index":"index","follow":"follow","max-snippet":"max-snippet:-1","max-image-preview":"max-image-preview:large","max-video-preview":"max-video-preview:-1"},"canonical":"https:\/\/tourtravelandmore.com\/es\/tours\/francia\/mtstmichel-sp\/tour-privado-a-pie-por-mt-st-michel\/","og_locale":"es_ES","og_type":"article","og_title":"Tour Privado a pie por Mt St Michel","og_description":"Disfrute de la oportunidad de conocer una de las islas mas importantes y lindas de Francia con nuestro Tour Privado a pie por Mt St Michel \u2705","og_url":"https:\/\/tourtravelandmore.com\/es\/tours\/francia\/mtstmichel-sp\/tour-privado-a-pie-por-mt-st-michel\/","og_site_name":"Tour Travel And More","article_publisher":"https:\/\/www.facebook.com\/tourtravelandmore\/","article_modified_time":"2022-10-11T13:28:40+00:00","og_image":[{"width":2560,"height":1815,"url":"https:\/\/tourtravelandmore.com\/wp-content\/uploads\/2021\/03\/michel-1-scaled.jpg","type":"image\/jpeg"}],"twitter_card":"summary_large_image","twitter_site":"@TourTravel_More","twitter_misc":{"Tiempo de lectura":"2 minutos"},"schema":{"@context":"https:\/\/schema.org","@graph":[{"@type":"WebPage","@id":"https:\/\/tourtravelandmore.com\/es\/tours\/francia\/mtstmichel-sp\/tour-privado-a-pie-por-mt-st-michel\/","url":"https:\/\/tourtravelandmore.com\/es\/tours\/francia\/mtstmichel-sp\/tour-privado-a-pie-por-mt-st-michel\/","name":"\u27a1\ufe0f Tour Privado a pie por Mt St Michel con gu\u00eda profesional local | Tour Travel & More","isPartOf":{"@id":"https:\/\/tourtravelandmore.com\/es\/#website"},"primaryImageOfPage":{"@id":"https:\/\/tourtravelandmore.com\/es\/tours\/francia\/mtstmichel-sp\/tour-privado-a-pie-por-mt-st-michel\/#primaryimage"},"image":{"@id":"https:\/\/tourtravelandmore.com\/es\/tours\/francia\/mtstmichel-sp\/tour-privado-a-pie-por-mt-st-michel\/#primaryimage"},"thumbnailUrl":"https:\/\/tourtravelandmore.com\/wp-content\/uploads\/2021\/03\/michel-1-scaled.jpg","datePublished":"2021-03-01T08:37:58+00:00","dateModified":"2022-10-11T13:28:40+00:00","description":"Disfrute de la oportunidad de conocer una de las islas mas importantes y lindas de Francia con nuestro Tour Privado a pie por Mt St Michel \u2705","breadcrumb":{"@id":"https:\/\/tourtravelandmore.com\/es\/tours\/francia\/mtstmichel-sp\/tour-privado-a-pie-por-mt-st-michel\/#breadcrumb"},"inLanguage":"es","potentialAction":[{"@type":"ReadAction","target":["https:\/\/tourtravelandmore.com\/es\/tours\/francia\/mtstmichel-sp\/tour-privado-a-pie-por-mt-st-michel\/"]}]},{"@type":"ImageObject","inLanguage":"es","@id":"https:\/\/tourtravelandmore.com\/es\/tours\/francia\/mtstmichel-sp\/tour-privado-a-pie-por-mt-st-michel\/#primaryimage","url":"https:\/\/tourtravelandmore.com\/wp-content\/uploads\/2021\/03\/michel-1-scaled.jpg","contentUrl":"https:\/\/tourtravelandmore.com\/wp-content\/uploads\/2021\/03\/michel-1-scaled.jpg","width":2560,"height":1815},{"@type":"BreadcrumbList","@id":"https:\/\/tourtravelandmore.com\/es\/tours\/francia\/mtstmichel-sp\/tour-privado-a-pie-por-mt-st-michel\/#breadcrumb","itemListElement":[{"@type":"ListItem","position":1,"name":"Home","item":"https:\/\/tourtravelandmore.com\/es\/"},{"@type":"ListItem","position":2,"name":"Tours","item":"https:\/\/tourtravelandmore.com\/es\/tours\/"},{"@type":"ListItem","position":3,"name":"Tour Privado a pie por Mt St Michel"}]},{"@type":"WebSite","@id":"https:\/\/tourtravelandmore.com\/es\/#website","url":"https:\/\/tourtravelandmore.com\/es\/","name":"Tour Travel And More","description":"Private sightseeing tours and luxury transfers in Spain","publisher":{"@id":"https:\/\/tourtravelandmore.com\/es\/#organization"},"potentialAction":[{"@type":"SearchAction","target":{"@type":"EntryPoint","urlTemplate":"https:\/\/tourtravelandmore.com\/es\/?s={search_term_string}"},"query-input":{"@type":"PropertyValueSpecification","valueRequired":true,"valueName":"search_term_string"}}],"inLanguage":"es"},{"@type":"Organization","@id":"https:\/\/tourtravelandmore.com\/es\/#organization","name":"Tour Travel And More","url":"https:\/\/tourtravelandmore.com\/es\/","logo":{"@type":"ImageObject","inLanguage":"es","@id":"https:\/\/tourtravelandmore.com\/es\/#\/schema\/logo\/image\/","url":"https:\/\/tourtravelandmore.com\/wp-content\/uploads\/2022\/12\/cropped-logo-cabecera-new.png","contentUrl":"https:\/\/tourtravelandmore.com\/wp-content\/uploads\/2022\/12\/cropped-logo-cabecera-new.png","width":430,"height":61,"caption":"Tour Travel And More"},"image":{"@id":"https:\/\/tourtravelandmore.com\/es\/#\/schema\/logo\/image\/"},"sameAs":["https:\/\/www.facebook.com\/tourtravelandmore\/","https:\/\/x.com\/TourTravel_More"]}]}},"_links":{"self":[{"href":"https:\/\/tourtravelandmore.com\/es\/wp-json\/wp\/v2\/product\/101043","targetHints":{"allow":["GET"]}}],"collection":[{"href":"https:\/\/tourtravelandmore.com\/es\/wp-json\/wp\/v2\/product"}],"about":[{"href":"https:\/\/tourtravelandmore.com\/es\/wp-json\/wp\/v2\/types\/product"}],"replies":[{"embeddable":true,"href":"https:\/\/tourtravelandmore.com\/es\/wp-json\/wp\/v2\/comments?post=101043"}],"wp:featuredmedia":[{"embeddable":true,"href":"https:\/\/tourtravelandmore.com\/es\/wp-json\/wp\/v2\/media\/101061"}],"wp:attachment":[{"href":"https:\/\/tourtravelandmore.com\/es\/wp-json\/wp\/v2\/media?parent=101043"}],"wp:term":[{"taxonomy":"product_brand","embeddable":true,"href":"https:\/\/tourtravelandmore.com\/es\/wp-json\/wp\/v2\/product_brand?post=101043"},{"taxonomy":"product_cat","embeddable":true,"href":"https:\/\/tourtravelandmore.com\/es\/wp-json\/wp\/v2\/product_cat?post=101043"},{"taxonomy":"product_tag","embeddable":true,"href":"https:\/\/tourtravelandmore.com\/es\/wp-json\/wp\/v2\/product_tag?post=101043"}],"curies":[{"name":"wp","href":"https:\/\/api.w.org\/{rel}","templated":true}]}}