{"id":10104,"date":"2017-01-18T10:09:50","date_gmt":"2017-01-18T13:58:21","guid":{"rendered":"http:\/\/tourtravelandmore.com\/es\/?post_type=product&#038;p=10104"},"modified":"2024-08-21T17:47:47","modified_gmt":"2024-08-21T15:47:47","slug":"tour-privado-ciudad-del-vaticano-y-coliseo","status":"publish","type":"product","link":"https:\/\/tourtravelandmore.com\/es\/tours\/italia-es\/roma-es\/tour-privado-ciudad-del-vaticano-y-coliseo\/","title":{"rendered":"Tour Privado por Vaticano y Coliseo: entradas sin cola incluidas"},"content":{"rendered":"<h2><strong>Descripci\u00f3n del Tour Privado por Vaticano y Coliseo: entradas sin cola incluidas<\/strong><\/h2>\n<p>Este <strong>tour<\/strong> <strong>privado del Vaticano y el Coliseo<\/strong> te har\u00e1 descubrir los dos lugares m\u00e1s importantes de Roma junto con tu gu\u00eda oficial y conductor privado.<\/p>\n<p>Lo recogeremos de su hotel o sitio de su elecci\u00f3n en un <strong>veh\u00edculo privado de lujo<\/strong> y lo llevaremos por este recorrido privado para conocer Roma y sus sitios m\u00e1s emblem\u00e1ticos.<\/p>\n<p><strong>Roma<\/strong> es la capital de Italia y la regi\u00f3n del Lacio. Es la comuna m\u00e1s grande y la cuarta ciudad m\u00e1s poblada de la Uni\u00f3n Europea.<\/p>\n<p>La <strong>Ciudad del Vaticano<\/strong> es un pa\u00eds independiente ubicado dentro de los l\u00edmites de Roma y es donde se encuentra la residencia del Papa.<\/p>\n<p>El <strong>Coliseo<\/strong>, ubicado en el centro de la ciudad de Roma, es un anfiteatro de la \u00e9poca del Imperio Romano, construido en el siglo I.<\/p>\n<p>Disfrute de este tour privado por el Vaticano y el Coliseo con entradas sin colas y admir\u00e9 lo que Roma tiene para ofrecer. Este es un recorrido \u00fanico completamente personalizado para usted y su grupo.<\/p>\n<h2><strong>Puntos de inter\u00e9s en el Tour Privado por Vaticano y Coliseo<\/strong><\/h2>\n<p>Este tour privado del Vaticano y el Coliseo comenzar\u00e1 temprano en la ma\u00f1ana, su conductor privado y su gu\u00eda oficial lo recoger\u00e1n de su hotel o lugar de elecci\u00f3n en Roma en un veh\u00edculo privado de lujo.<\/p>\n<p>Con este recorrido privado podr\u00e1 visitar dos de los sitios m\u00e1s representativos e hist\u00f3ricos de la ciudad, el coliseo y la Ciudad del Vaticano. Adem\u00e1s, tambi\u00e9n conocer\u00e1s en profundidad esta gloriosa ciudad.<\/p>\n<p>Entre otros monumentos y lugares de inter\u00e9s que puedes conocer:<\/p>\n<ul>\n<li><a href=\"https:\/\/www.coopculture.it\/colosseo-e-shop.cfm\">Coliseo<\/a> <strong>(entrada sin cola incluida en el precio de este tour)<\/strong><\/li>\n<li><strong>Foro Romano<\/strong><\/li>\n<li><strong>Monte Palatino<\/strong><\/li>\n<li><strong>Plaza Venecia<\/strong><\/li>\n<li><a href=\"https:\/\/biglietteriamusei.vatican.va\/musei\/tickets\/do?action=booking&amp;amp;amp;codiceTipoVisita=26&amp;amp;amp;step=2\">Ciudad del Vaticano<\/a> <strong>(entrada general sin cola a los museos vaticanos y capilla sixtina incluida)<\/strong><\/li>\n<li><strong>Fontana di Trevi<\/strong><\/li>\n<li><strong>Plaza Espa\u00f1a<\/strong><\/li>\n<li><strong>Pante\u00f3n<\/strong><\/li>\n<li><strong>Plaza Novona<\/strong><\/li>\n<li><strong>Plaza Minerva<\/strong><\/li>\n<li><strong>Palacio Farnese (exterior)<\/strong><\/li>\n<li><strong>\u00a1Mucho m\u00e1s!<\/strong><\/li>\n<\/ul>\n<p>Podr\u00e1 disfrutar y admirar la gran arquitectura y las vistas de los monumentos m\u00e1s importantes y conocidos de Roma, en conclusi\u00f3n, \u00a1le encantar\u00e1 Roma!.<\/p>\n<p>Su gu\u00eda oficial privado y su veh\u00edculo de lujo con chofer estar\u00e1n a su disposici\u00f3n durante todo el recorrido, por lo tanto, disfrutar\u00e1 de ambos monumentos y conocer\u00e1 al m\u00e1ximo la incre\u00edble ciudad de Roma.<\/p>\n<p>Cuando finalice el recorrido, su gu\u00eda y chofer privado lo llevar\u00e1 de regreso a su hotel o lugar de elecci\u00f3n en Roma.<\/p>\n<p>Si est\u00e1 interesado en un recorrido m\u00e1s corto o m\u00e1s largo, no dude en contactarnos, aqu\u00ed hay un ejemplo de dos recorridos de medio d\u00eda en Roma: <a href=\"https:\/\/tourtravelandmore.com\/es\/tours\/italia-es\/roma-es\/tour-privado-por-roma-y-coliseo-romano\/\">City Tour privado de 4-horas por Roma y Coliseo<\/a> y <a href=\"https:\/\/tourtravelandmore.com\/es\/tours\/italia-es\/roma-es\/tour-privado-por-roma-y-vaticano\/\">Tour privado de 5-horas de Roma y ciudad del Vaticano<\/a>.<\/p>\n","protected":false},"excerpt":{"rendered":"<p>Ven con nosotros en este <strong>tour privado por Roma y disfrute de sus monumentos y lugares de inter\u00e9s m\u00e1s importantes.\u00a0<\/strong><span class=\"JLqJ4b ChMk0b\" data-language-for-alternatives=\"es\" data-language-to-translate-into=\"en\" data-phrase-index=\"1\">Aproveche esta oportunidad para visitar el Coliseo Romano, la Ciudad del Vaticano y lo m\u00e1s destacado de Roma junto con su conductor privado y gu\u00eda tur\u00edstico oficial. Los boletos de entrada est\u00e1n incluidos en el precio del tour.<\/span><\/p>\n","protected":false},"featured_media":17293,"comment_status":"open","ping_status":"closed","template":"","meta":{"_acf_changed":false},"product_brand":[],"product_cat":[367,653,368,370,369],"product_tag":[],"class_list":{"0":"post-10104","1":"product","2":"type-product","3":"status-publish","4":"has-post-thumbnail","6":"product_cat-roma-es","7":"product_cat-roma-top-ventas-es","8":"product_cat-roma-actividades-es","9":"product_cat-roma-rutas-turisticas-privadas-es","10":"product_cat-roma-excursiones-es","12":"first","13":"instock","14":"shipping-taxable","15":"purchasable","16":"product-type-simple"},"acf":[],"yoast_head":"<!-- This site is optimized with the Yoast SEO Premium plugin v25.3.1 (Yoast SEO v25.3.1) - https:\/\/yoast.com\/wordpress\/plugins\/seo\/ -->\n<title>Tour Privado del Vaticano y Coliseo con chofer privado y gu\u00eda oficial | TTM<\/title>\n<meta name=\"description\" content=\"Descubra a traves de este Tour Privado del Vaticano y Coliseo los lugares mas emblem\u00e1ticos de Roma. Entradas sin cola incluidas en el precio del tour \u2705\" \/>\n<meta name=\"robots\" content=\"index, follow, max-snippet:-1, max-image-preview:large, max-video-preview:-1\" \/>\n<link rel=\"canonical\" href=\"https:\/\/tourtravelandmore.com\/es\/tours\/italia-es\/roma-es\/tour-privado-ciudad-del-vaticano-y-coliseo\/\" \/>\n<meta property=\"og:locale\" content=\"es_ES\" \/>\n<meta property=\"og:type\" content=\"article\" \/>\n<meta property=\"og:title\" content=\"Tour Privado por Vaticano y Coliseo: entradas sin cola incluidas\" \/>\n<meta property=\"og:description\" content=\"Descubra a traves de este Tour Privado del Vaticano y Coliseo los lugares mas emblem\u00e1ticos de Roma. Entradas sin cola incluidas en el precio del tour \u2705\" \/>\n<meta property=\"og:url\" content=\"https:\/\/tourtravelandmore.com\/es\/tours\/italia-es\/roma-es\/tour-privado-ciudad-del-vaticano-y-coliseo\/\" \/>\n<meta property=\"og:site_name\" content=\"Tour Travel And More\" \/>\n<meta property=\"article:publisher\" content=\"https:\/\/www.facebook.com\/tourtravelandmore\/\" \/>\n<meta property=\"article:modified_time\" content=\"2024-08-21T15:47:47+00:00\" \/>\n<meta property=\"og:image\" content=\"https:\/\/tourtravelandmore.com\/wp-content\/uploads\/2017\/01\/16800139540_36cf1bde89_b.jpg\" \/>\n\t<meta property=\"og:image:width\" content=\"1024\" \/>\n\t<meta property=\"og:image:height\" content=\"546\" \/>\n\t<meta property=\"og:image:type\" content=\"image\/jpeg\" \/>\n<meta name=\"twitter:card\" content=\"summary_large_image\" \/>\n<meta name=\"twitter:site\" content=\"@TourTravel_More\" \/>\n<meta name=\"twitter:label1\" content=\"Tiempo de lectura\" \/>\n\t<meta name=\"twitter:data1\" content=\"2 minutos\" \/>\n<script type=\"application\/ld+json\" class=\"yoast-schema-graph\">{\"@context\":\"https:\/\/schema.org\",\"@graph\":[{\"@type\":\"WebPage\",\"@id\":\"https:\/\/tourtravelandmore.com\/es\/tours\/italia-es\/roma-es\/tour-privado-ciudad-del-vaticano-y-coliseo\/\",\"url\":\"https:\/\/tourtravelandmore.com\/es\/tours\/italia-es\/roma-es\/tour-privado-ciudad-del-vaticano-y-coliseo\/\",\"name\":\"Tour Privado del Vaticano y Coliseo con chofer privado y gu\u00eda oficial | TTM\",\"isPartOf\":{\"@id\":\"https:\/\/tourtravelandmore.com\/es\/#website\"},\"primaryImageOfPage\":{\"@id\":\"https:\/\/tourtravelandmore.com\/es\/tours\/italia-es\/roma-es\/tour-privado-ciudad-del-vaticano-y-coliseo\/#primaryimage\"},\"image\":{\"@id\":\"https:\/\/tourtravelandmore.com\/es\/tours\/italia-es\/roma-es\/tour-privado-ciudad-del-vaticano-y-coliseo\/#primaryimage\"},\"thumbnailUrl\":\"https:\/\/tourtravelandmore.com\/wp-content\/uploads\/2017\/01\/16800139540_36cf1bde89_b.jpg\",\"datePublished\":\"2017-01-18T13:58:21+00:00\",\"dateModified\":\"2024-08-21T15:47:47+00:00\",\"description\":\"Descubra a traves de este Tour Privado del Vaticano y Coliseo los lugares mas emblem\u00e1ticos de Roma. Entradas sin cola incluidas en el precio del tour \u2705\",\"breadcrumb\":{\"@id\":\"https:\/\/tourtravelandmore.com\/es\/tours\/italia-es\/roma-es\/tour-privado-ciudad-del-vaticano-y-coliseo\/#breadcrumb\"},\"inLanguage\":\"es\",\"potentialAction\":[{\"@type\":\"ReadAction\",\"target\":[\"https:\/\/tourtravelandmore.com\/es\/tours\/italia-es\/roma-es\/tour-privado-ciudad-del-vaticano-y-coliseo\/\"]}]},{\"@type\":\"ImageObject\",\"inLanguage\":\"es\",\"@id\":\"https:\/\/tourtravelandmore.com\/es\/tours\/italia-es\/roma-es\/tour-privado-ciudad-del-vaticano-y-coliseo\/#primaryimage\",\"url\":\"https:\/\/tourtravelandmore.com\/wp-content\/uploads\/2017\/01\/16800139540_36cf1bde89_b.jpg\",\"contentUrl\":\"https:\/\/tourtravelandmore.com\/wp-content\/uploads\/2017\/01\/16800139540_36cf1bde89_b.jpg\",\"width\":1024,\"height\":546},{\"@type\":\"BreadcrumbList\",\"@id\":\"https:\/\/tourtravelandmore.com\/es\/tours\/italia-es\/roma-es\/tour-privado-ciudad-del-vaticano-y-coliseo\/#breadcrumb\",\"itemListElement\":[{\"@type\":\"ListItem\",\"position\":1,\"name\":\"Home\",\"item\":\"https:\/\/tourtravelandmore.com\/es\/\"},{\"@type\":\"ListItem\",\"position\":2,\"name\":\"Tours\",\"item\":\"https:\/\/tourtravelandmore.com\/es\/tours\/\"},{\"@type\":\"ListItem\",\"position\":3,\"name\":\"Tour Privado por Vaticano y Coliseo: entradas sin cola incluidas\"}]},{\"@type\":\"WebSite\",\"@id\":\"https:\/\/tourtravelandmore.com\/es\/#website\",\"url\":\"https:\/\/tourtravelandmore.com\/es\/\",\"name\":\"Tour Travel And More\",\"description\":\"Private sightseeing tours and luxury transfers in Spain\",\"publisher\":{\"@id\":\"https:\/\/tourtravelandmore.com\/es\/#organization\"},\"potentialAction\":[{\"@type\":\"SearchAction\",\"target\":{\"@type\":\"EntryPoint\",\"urlTemplate\":\"https:\/\/tourtravelandmore.com\/es\/?s={search_term_string}\"},\"query-input\":{\"@type\":\"PropertyValueSpecification\",\"valueRequired\":true,\"valueName\":\"search_term_string\"}}],\"inLanguage\":\"es\"},{\"@type\":\"Organization\",\"@id\":\"https:\/\/tourtravelandmore.com\/es\/#organization\",\"name\":\"Tour Travel And More\",\"url\":\"https:\/\/tourtravelandmore.com\/es\/\",\"logo\":{\"@type\":\"ImageObject\",\"inLanguage\":\"es\",\"@id\":\"https:\/\/tourtravelandmore.com\/es\/#\/schema\/logo\/image\/\",\"url\":\"https:\/\/tourtravelandmore.com\/wp-content\/uploads\/2022\/12\/cropped-logo-cabecera-new.png\",\"contentUrl\":\"https:\/\/tourtravelandmore.com\/wp-content\/uploads\/2022\/12\/cropped-logo-cabecera-new.png\",\"width\":430,\"height\":61,\"caption\":\"Tour Travel And More\"},\"image\":{\"@id\":\"https:\/\/tourtravelandmore.com\/es\/#\/schema\/logo\/image\/\"},\"sameAs\":[\"https:\/\/www.facebook.com\/tourtravelandmore\/\",\"https:\/\/x.com\/TourTravel_More\"]}]}<\/script>\n<!-- \/ Yoast SEO Premium plugin. -->","yoast_head_json":{"title":"Tour Privado del Vaticano y Coliseo con chofer privado y gu\u00eda oficial | TTM","description":"Descubra a traves de este Tour Privado del Vaticano y Coliseo los lugares mas emblem\u00e1ticos de Roma. Entradas sin cola incluidas en el precio del tour \u2705","robots":{"index":"index","follow":"follow","max-snippet":"max-snippet:-1","max-image-preview":"max-image-preview:large","max-video-preview":"max-video-preview:-1"},"canonical":"https:\/\/tourtravelandmore.com\/es\/tours\/italia-es\/roma-es\/tour-privado-ciudad-del-vaticano-y-coliseo\/","og_locale":"es_ES","og_type":"article","og_title":"Tour Privado por Vaticano y Coliseo: entradas sin cola incluidas","og_description":"Descubra a traves de este Tour Privado del Vaticano y Coliseo los lugares mas emblem\u00e1ticos de Roma. Entradas sin cola incluidas en el precio del tour \u2705","og_url":"https:\/\/tourtravelandmore.com\/es\/tours\/italia-es\/roma-es\/tour-privado-ciudad-del-vaticano-y-coliseo\/","og_site_name":"Tour Travel And More","article_publisher":"https:\/\/www.facebook.com\/tourtravelandmore\/","article_modified_time":"2024-08-21T15:47:47+00:00","og_image":[{"width":1024,"height":546,"url":"https:\/\/tourtravelandmore.com\/wp-content\/uploads\/2017\/01\/16800139540_36cf1bde89_b.jpg","type":"image\/jpeg"}],"twitter_card":"summary_large_image","twitter_site":"@TourTravel_More","twitter_misc":{"Tiempo de lectura":"2 minutos"},"schema":{"@context":"https:\/\/schema.org","@graph":[{"@type":"WebPage","@id":"https:\/\/tourtravelandmore.com\/es\/tours\/italia-es\/roma-es\/tour-privado-ciudad-del-vaticano-y-coliseo\/","url":"https:\/\/tourtravelandmore.com\/es\/tours\/italia-es\/roma-es\/tour-privado-ciudad-del-vaticano-y-coliseo\/","name":"Tour Privado del Vaticano y Coliseo con chofer privado y gu\u00eda oficial | TTM","isPartOf":{"@id":"https:\/\/tourtravelandmore.com\/es\/#website"},"primaryImageOfPage":{"@id":"https:\/\/tourtravelandmore.com\/es\/tours\/italia-es\/roma-es\/tour-privado-ciudad-del-vaticano-y-coliseo\/#primaryimage"},"image":{"@id":"https:\/\/tourtravelandmore.com\/es\/tours\/italia-es\/roma-es\/tour-privado-ciudad-del-vaticano-y-coliseo\/#primaryimage"},"thumbnailUrl":"https:\/\/tourtravelandmore.com\/wp-content\/uploads\/2017\/01\/16800139540_36cf1bde89_b.jpg","datePublished":"2017-01-18T13:58:21+00:00","dateModified":"2024-08-21T15:47:47+00:00","description":"Descubra a traves de este Tour Privado del Vaticano y Coliseo los lugares mas emblem\u00e1ticos de Roma. Entradas sin cola incluidas en el precio del tour \u2705","breadcrumb":{"@id":"https:\/\/tourtravelandmore.com\/es\/tours\/italia-es\/roma-es\/tour-privado-ciudad-del-vaticano-y-coliseo\/#breadcrumb"},"inLanguage":"es","potentialAction":[{"@type":"ReadAction","target":["https:\/\/tourtravelandmore.com\/es\/tours\/italia-es\/roma-es\/tour-privado-ciudad-del-vaticano-y-coliseo\/"]}]},{"@type":"ImageObject","inLanguage":"es","@id":"https:\/\/tourtravelandmore.com\/es\/tours\/italia-es\/roma-es\/tour-privado-ciudad-del-vaticano-y-coliseo\/#primaryimage","url":"https:\/\/tourtravelandmore.com\/wp-content\/uploads\/2017\/01\/16800139540_36cf1bde89_b.jpg","contentUrl":"https:\/\/tourtravelandmore.com\/wp-content\/uploads\/2017\/01\/16800139540_36cf1bde89_b.jpg","width":1024,"height":546},{"@type":"BreadcrumbList","@id":"https:\/\/tourtravelandmore.com\/es\/tours\/italia-es\/roma-es\/tour-privado-ciudad-del-vaticano-y-coliseo\/#breadcrumb","itemListElement":[{"@type":"ListItem","position":1,"name":"Home","item":"https:\/\/tourtravelandmore.com\/es\/"},{"@type":"ListItem","position":2,"name":"Tours","item":"https:\/\/tourtravelandmore.com\/es\/tours\/"},{"@type":"ListItem","position":3,"name":"Tour Privado por Vaticano y Coliseo: entradas sin cola incluidas"}]},{"@type":"WebSite","@id":"https:\/\/tourtravelandmore.com\/es\/#website","url":"https:\/\/tourtravelandmore.com\/es\/","name":"Tour Travel And More","description":"Private sightseeing tours and luxury transfers in Spain","publisher":{"@id":"https:\/\/tourtravelandmore.com\/es\/#organization"},"potentialAction":[{"@type":"SearchAction","target":{"@type":"EntryPoint","urlTemplate":"https:\/\/tourtravelandmore.com\/es\/?s={search_term_string}"},"query-input":{"@type":"PropertyValueSpecification","valueRequired":true,"valueName":"search_term_string"}}],"inLanguage":"es"},{"@type":"Organization","@id":"https:\/\/tourtravelandmore.com\/es\/#organization","name":"Tour Travel And More","url":"https:\/\/tourtravelandmore.com\/es\/","logo":{"@type":"ImageObject","inLanguage":"es","@id":"https:\/\/tourtravelandmore.com\/es\/#\/schema\/logo\/image\/","url":"https:\/\/tourtravelandmore.com\/wp-content\/uploads\/2022\/12\/cropped-logo-cabecera-new.png","contentUrl":"https:\/\/tourtravelandmore.com\/wp-content\/uploads\/2022\/12\/cropped-logo-cabecera-new.png","width":430,"height":61,"caption":"Tour Travel And More"},"image":{"@id":"https:\/\/tourtravelandmore.com\/es\/#\/schema\/logo\/image\/"},"sameAs":["https:\/\/www.facebook.com\/tourtravelandmore\/","https:\/\/x.com\/TourTravel_More"]}]}},"_links":{"self":[{"href":"https:\/\/tourtravelandmore.com\/es\/wp-json\/wp\/v2\/product\/10104","targetHints":{"allow":["GET"]}}],"collection":[{"href":"https:\/\/tourtravelandmore.com\/es\/wp-json\/wp\/v2\/product"}],"about":[{"href":"https:\/\/tourtravelandmore.com\/es\/wp-json\/wp\/v2\/types\/product"}],"replies":[{"embeddable":true,"href":"https:\/\/tourtravelandmore.com\/es\/wp-json\/wp\/v2\/comments?post=10104"}],"wp:featuredmedia":[{"embeddable":true,"href":"https:\/\/tourtravelandmore.com\/es\/wp-json\/wp\/v2\/media\/17293"}],"wp:attachment":[{"href":"https:\/\/tourtravelandmore.com\/es\/wp-json\/wp\/v2\/media?parent=10104"}],"wp:term":[{"taxonomy":"product_brand","embeddable":true,"href":"https:\/\/tourtravelandmore.com\/es\/wp-json\/wp\/v2\/product_brand?post=10104"},{"taxonomy":"product_cat","embeddable":true,"href":"https:\/\/tourtravelandmore.com\/es\/wp-json\/wp\/v2\/product_cat?post=10104"},{"taxonomy":"product_tag","embeddable":true,"href":"https:\/\/tourtravelandmore.com\/es\/wp-json\/wp\/v2\/product_tag?post=10104"}],"curies":[{"name":"wp","href":"https:\/\/api.w.org\/{rel}","templated":true}]}}