{"id":101006,"date":"2021-02-26T11:43:34","date_gmt":"2021-02-26T10:43:34","guid":{"rendered":"https:\/\/tourtravelandmore.com\/?post_type=product&#038;p=101006"},"modified":"2022-10-11T15:15:55","modified_gmt":"2022-10-11T13:15:55","slug":"tour-privado-a-nimes-desde-montpellier","status":"publish","type":"product","link":"https:\/\/tourtravelandmore.com\/es\/tours\/francia\/montpellier-sp\/tour-privado-a-nimes-desde-montpellier\/","title":{"rendered":"Tour Privado a Nimes desde Montpellier"},"content":{"rendered":"<h2>Descripci\u00f3n del Tour Privado a Nimes desde Montpellier<\/h2>\n<p>Una vez que est\u00e9 en nuestra hermosa ciudad de Montpellier, intente tomarse un d\u00eda libre y d\u00e9jenos llevarlo a conocer la hermosa ciudad de Nimes. \u00a1Este es un recorrido perfecto s\u00ed eres un amante de la historia romana!. Acomp\u00e1\u00f1enos en este Tour Privado a Nimes desde Montpellier, es algo de lo que no te arrepentir\u00e1s.<\/p>\n<p>La historia de Nimes es \u00fanica e incluso parte del siglo I a. C. Esto le da una idea de todo lo que la ciudad de Nimes tiene para ofrecer a los turistas y lugare\u00f1os. En esta hermosa ciudad, conozca los sitios que se consideran historia antigua y arte moderno.<\/p>\n<p>Perm\u00edtanos recogerlo c\u00f3modamente desde su hotel o lugar de elecci\u00f3n en Montpellier y nos dirigiremos hacia Nimes para este recorrido privado. Su gu\u00eda tur\u00edstico privado lo estar\u00e1 esperando en Nimes para mostrarle esta ciudad hist\u00f3rica.<\/p>\n<p>Su chofer privado estar\u00e1 a su disposici\u00f3n todo el d\u00eda para facilitar su experiencia. Cont\u00e1ctenos si desea modificar o enmendar cualquier aspecto de la propuesta. Este es un tour privado a Nimes desde Montpellier y estamos aqu\u00ed para organizar la experiencia perfecta para usted y su propio grupo.<\/p>\n<h2>Puntos emblem\u00e1ticos y de inter\u00e9s en el Tour Privado a Nimes desde Montpellier<\/h2>\n<p>Como dijimos antes, Nimes es una ciudad hermosa e hist\u00f3rica. Necesita tomar un d\u00eda de su apretada agenda para conocer esta ciudad \u00fanica. Este es un recorrido privado solo para ti y tu grupo.<\/p>\n<p>Al ser un recorrido privado y, como todos los tours privados, organizaremos una recogida en su hotel o lugar de elecci\u00f3n dentro de la ciudad de Montpellier. Si se hospeda fuera de la ciudad, no hay problema, tambi\u00e9n podemos organizar la recogida desde cualquier lugar, incluido el aeropuerto e incluso los puertos de cruceros.<\/p>\n<p>El recorrido comenzar\u00e1 con su chofer recogi\u00e9ndolo de su Montpellier y nos dirigiremos hacia Nimes para su recorrido privado. Una vez en Nimes, se reunir\u00e1 con su gu\u00eda tur\u00edstico oficial privado para visitar la ciudad. La duraci\u00f3n del recorrido privado en Nimes ser\u00e1 de 3-4 horas. Luego tendr\u00e1 tiempo libre para almorzar antes de regresar a Montpellier.<\/p>\n<p>Entre otros sitios y monumentos, con su gu\u00eda tendr\u00e1 la oportunidad de conocer y aprender sobre:<\/p>\n<ul>\n<li><strong>Explanada de Charles de Gaulle<\/strong><\/li>\n<li><strong>M\u00e1rmol Fontaine Pradier<\/strong><\/li>\n<li><strong>Les Jardins de la Fontaine<\/strong><\/li>\n<li><strong>La Maison Carr\u00e9e<\/strong><\/li>\n<li><strong>Le Carr\u00e9 d\u2019Art<\/strong><\/li>\n<li><strong>La arena (Les Ar\u00e8nes)<\/strong><\/li>\n<li><strong>Templo de diane<\/strong><\/li>\n<li><strong>La Tour Magne<\/strong><\/li>\n<li><strong>Divisorio del Castellum<\/strong><\/li>\n<li><a href=\"https:\/\/cathedrale-nimes.fr\">Catedral de Nimes (Catedral de Nimes)<\/a><\/li>\n<li><strong>Place aux Herbes<\/strong><\/li>\n<li><strong>Place Gabriel P\u00e9ri<\/strong><\/li>\n<li><strong>Place d\u2019Assas<\/strong><\/li>\n<li><strong>Puertas romanas<\/strong><\/li>\n<li><strong>Les Halles de Nimes<\/strong><\/li>\n<li><strong>Pont du Gard<\/strong><\/li>\n<li><strong>Vista del edificio del Museo de Bellas Artes<\/strong><\/li>\n<\/ul>\n<p>Disfruta de un recorrido privado por Nimes con tu gu\u00eda oficial y aprende sobre el antiguo Nemausus. Nimes tiene mucho que ofrecer que no puedes perder esta oportunidad.<\/p>\n<p><a href=\"https:\/\/tourtravelandmore.com\/es\/ciudad\/francia\/montpellier-sp\/\">Mire aqu\u00ed todos nuestros tours y excursiones privadas en Montpellier.<\/a><\/p>\n","protected":false},"excerpt":{"rendered":"<p>T\u00f3mese un d\u00eda libre y disfrute de este viaje \u00fanico de un d\u00eda con nuestro <strong>Tour privado de Nimes desde Montpellier<\/strong> con un equipo local profesional. Personaliza tu propia experiencia.<\/p>\n<p><span style=\"font-weight: 400;\">\u00a0<\/span><\/p>\n<h4><\/h4>\n","protected":false},"featured_media":101024,"comment_status":"open","ping_status":"closed","template":"","meta":{"_acf_changed":false},"product_brand":[],"product_cat":[1592,3605],"product_tag":[],"class_list":{"0":"post-101006","1":"product","2":"type-product","3":"status-publish","4":"has-post-thumbnail","6":"product_cat-francia","7":"product_cat-montpellier-sp","9":"first","10":"instock","11":"shipping-taxable","12":"purchasable","13":"product-type-simple"},"acf":[],"yoast_head":"<!-- This site is optimized with the Yoast SEO Premium plugin v25.3.1 (Yoast SEO v25.3.1) - https:\/\/yoast.com\/wordpress\/plugins\/seo\/ -->\n<title>Tour Privado a Nimes desde Montpellier en veh\u00edculo privado de lujo | Tour Travel &amp; More<\/title>\n<meta name=\"description\" content=\"T\u00f3mese un d\u00eda libre y disfrute de este viaje \u00fanico de un d\u00eda con nuestro Tour privado de Nimes desde Montpellier con un equipo profesional \u2705\" \/>\n<meta name=\"robots\" content=\"index, follow, max-snippet:-1, max-image-preview:large, max-video-preview:-1\" \/>\n<link rel=\"canonical\" href=\"https:\/\/tourtravelandmore.com\/es\/tours\/francia\/montpellier-sp\/tour-privado-a-nimes-desde-montpellier\/\" \/>\n<meta property=\"og:locale\" content=\"es_ES\" \/>\n<meta property=\"og:type\" content=\"article\" \/>\n<meta property=\"og:title\" content=\"Tour Privado a Nimes desde Montpellier\" \/>\n<meta property=\"og:description\" content=\"T\u00f3mese un d\u00eda libre y disfrute de este viaje \u00fanico de un d\u00eda con nuestro Tour privado de Nimes desde Montpellier con un equipo profesional \u2705\" \/>\n<meta property=\"og:url\" content=\"https:\/\/tourtravelandmore.com\/es\/tours\/francia\/montpellier-sp\/tour-privado-a-nimes-desde-montpellier\/\" \/>\n<meta property=\"og:site_name\" content=\"Tour Travel And More\" \/>\n<meta property=\"article:publisher\" content=\"https:\/\/www.facebook.com\/tourtravelandmore\/\" \/>\n<meta property=\"article:modified_time\" content=\"2022-10-11T13:15:55+00:00\" \/>\n<meta property=\"og:image\" content=\"https:\/\/tourtravelandmore.com\/wp-content\/uploads\/2021\/02\/nimes-4-scaled.jpg\" \/>\n\t<meta property=\"og:image:width\" content=\"2560\" \/>\n\t<meta property=\"og:image:height\" content=\"1750\" \/>\n\t<meta property=\"og:image:type\" content=\"image\/jpeg\" \/>\n<meta name=\"twitter:card\" content=\"summary_large_image\" \/>\n<meta name=\"twitter:site\" content=\"@TourTravel_More\" \/>\n<meta name=\"twitter:label1\" content=\"Tiempo de lectura\" \/>\n\t<meta name=\"twitter:data1\" content=\"2 minutos\" \/>\n<script type=\"application\/ld+json\" class=\"yoast-schema-graph\">{\"@context\":\"https:\/\/schema.org\",\"@graph\":[{\"@type\":\"WebPage\",\"@id\":\"https:\/\/tourtravelandmore.com\/es\/tours\/francia\/montpellier-sp\/tour-privado-a-nimes-desde-montpellier\/\",\"url\":\"https:\/\/tourtravelandmore.com\/es\/tours\/francia\/montpellier-sp\/tour-privado-a-nimes-desde-montpellier\/\",\"name\":\"Tour Privado a Nimes desde Montpellier en veh\u00edculo privado de lujo | Tour Travel & More\",\"isPartOf\":{\"@id\":\"https:\/\/tourtravelandmore.com\/es\/#website\"},\"primaryImageOfPage\":{\"@id\":\"https:\/\/tourtravelandmore.com\/es\/tours\/francia\/montpellier-sp\/tour-privado-a-nimes-desde-montpellier\/#primaryimage\"},\"image\":{\"@id\":\"https:\/\/tourtravelandmore.com\/es\/tours\/francia\/montpellier-sp\/tour-privado-a-nimes-desde-montpellier\/#primaryimage\"},\"thumbnailUrl\":\"https:\/\/tourtravelandmore.com\/wp-content\/uploads\/2021\/02\/nimes-4-scaled.jpg\",\"datePublished\":\"2021-02-26T10:43:34+00:00\",\"dateModified\":\"2022-10-11T13:15:55+00:00\",\"description\":\"T\u00f3mese un d\u00eda libre y disfrute de este viaje \u00fanico de un d\u00eda con nuestro Tour privado de Nimes desde Montpellier con un equipo profesional \u2705\",\"breadcrumb\":{\"@id\":\"https:\/\/tourtravelandmore.com\/es\/tours\/francia\/montpellier-sp\/tour-privado-a-nimes-desde-montpellier\/#breadcrumb\"},\"inLanguage\":\"es\",\"potentialAction\":[{\"@type\":\"ReadAction\",\"target\":[\"https:\/\/tourtravelandmore.com\/es\/tours\/francia\/montpellier-sp\/tour-privado-a-nimes-desde-montpellier\/\"]}]},{\"@type\":\"ImageObject\",\"inLanguage\":\"es\",\"@id\":\"https:\/\/tourtravelandmore.com\/es\/tours\/francia\/montpellier-sp\/tour-privado-a-nimes-desde-montpellier\/#primaryimage\",\"url\":\"https:\/\/tourtravelandmore.com\/wp-content\/uploads\/2021\/02\/nimes-4-scaled.jpg\",\"contentUrl\":\"https:\/\/tourtravelandmore.com\/wp-content\/uploads\/2021\/02\/nimes-4-scaled.jpg\",\"width\":2560,\"height\":1750},{\"@type\":\"BreadcrumbList\",\"@id\":\"https:\/\/tourtravelandmore.com\/es\/tours\/francia\/montpellier-sp\/tour-privado-a-nimes-desde-montpellier\/#breadcrumb\",\"itemListElement\":[{\"@type\":\"ListItem\",\"position\":1,\"name\":\"Home\",\"item\":\"https:\/\/tourtravelandmore.com\/es\/\"},{\"@type\":\"ListItem\",\"position\":2,\"name\":\"Tours\",\"item\":\"https:\/\/tourtravelandmore.com\/es\/tours\/\"},{\"@type\":\"ListItem\",\"position\":3,\"name\":\"Tour Privado a Nimes desde Montpellier\"}]},{\"@type\":\"WebSite\",\"@id\":\"https:\/\/tourtravelandmore.com\/es\/#website\",\"url\":\"https:\/\/tourtravelandmore.com\/es\/\",\"name\":\"Tour Travel And More\",\"description\":\"Private sightseeing tours and luxury transfers in Spain\",\"publisher\":{\"@id\":\"https:\/\/tourtravelandmore.com\/es\/#organization\"},\"potentialAction\":[{\"@type\":\"SearchAction\",\"target\":{\"@type\":\"EntryPoint\",\"urlTemplate\":\"https:\/\/tourtravelandmore.com\/es\/?s={search_term_string}\"},\"query-input\":{\"@type\":\"PropertyValueSpecification\",\"valueRequired\":true,\"valueName\":\"search_term_string\"}}],\"inLanguage\":\"es\"},{\"@type\":\"Organization\",\"@id\":\"https:\/\/tourtravelandmore.com\/es\/#organization\",\"name\":\"Tour Travel And More\",\"url\":\"https:\/\/tourtravelandmore.com\/es\/\",\"logo\":{\"@type\":\"ImageObject\",\"inLanguage\":\"es\",\"@id\":\"https:\/\/tourtravelandmore.com\/es\/#\/schema\/logo\/image\/\",\"url\":\"https:\/\/tourtravelandmore.com\/wp-content\/uploads\/2022\/12\/cropped-logo-cabecera-new.png\",\"contentUrl\":\"https:\/\/tourtravelandmore.com\/wp-content\/uploads\/2022\/12\/cropped-logo-cabecera-new.png\",\"width\":430,\"height\":61,\"caption\":\"Tour Travel And More\"},\"image\":{\"@id\":\"https:\/\/tourtravelandmore.com\/es\/#\/schema\/logo\/image\/\"},\"sameAs\":[\"https:\/\/www.facebook.com\/tourtravelandmore\/\",\"https:\/\/x.com\/TourTravel_More\"]}]}<\/script>\n<!-- \/ Yoast SEO Premium plugin. -->","yoast_head_json":{"title":"Tour Privado a Nimes desde Montpellier en veh\u00edculo privado de lujo | Tour Travel & More","description":"T\u00f3mese un d\u00eda libre y disfrute de este viaje \u00fanico de un d\u00eda con nuestro Tour privado de Nimes desde Montpellier con un equipo profesional \u2705","robots":{"index":"index","follow":"follow","max-snippet":"max-snippet:-1","max-image-preview":"max-image-preview:large","max-video-preview":"max-video-preview:-1"},"canonical":"https:\/\/tourtravelandmore.com\/es\/tours\/francia\/montpellier-sp\/tour-privado-a-nimes-desde-montpellier\/","og_locale":"es_ES","og_type":"article","og_title":"Tour Privado a Nimes desde Montpellier","og_description":"T\u00f3mese un d\u00eda libre y disfrute de este viaje \u00fanico de un d\u00eda con nuestro Tour privado de Nimes desde Montpellier con un equipo profesional \u2705","og_url":"https:\/\/tourtravelandmore.com\/es\/tours\/francia\/montpellier-sp\/tour-privado-a-nimes-desde-montpellier\/","og_site_name":"Tour Travel And More","article_publisher":"https:\/\/www.facebook.com\/tourtravelandmore\/","article_modified_time":"2022-10-11T13:15:55+00:00","og_image":[{"width":2560,"height":1750,"url":"https:\/\/tourtravelandmore.com\/wp-content\/uploads\/2021\/02\/nimes-4-scaled.jpg","type":"image\/jpeg"}],"twitter_card":"summary_large_image","twitter_site":"@TourTravel_More","twitter_misc":{"Tiempo de lectura":"2 minutos"},"schema":{"@context":"https:\/\/schema.org","@graph":[{"@type":"WebPage","@id":"https:\/\/tourtravelandmore.com\/es\/tours\/francia\/montpellier-sp\/tour-privado-a-nimes-desde-montpellier\/","url":"https:\/\/tourtravelandmore.com\/es\/tours\/francia\/montpellier-sp\/tour-privado-a-nimes-desde-montpellier\/","name":"Tour Privado a Nimes desde Montpellier en veh\u00edculo privado de lujo | Tour Travel & More","isPartOf":{"@id":"https:\/\/tourtravelandmore.com\/es\/#website"},"primaryImageOfPage":{"@id":"https:\/\/tourtravelandmore.com\/es\/tours\/francia\/montpellier-sp\/tour-privado-a-nimes-desde-montpellier\/#primaryimage"},"image":{"@id":"https:\/\/tourtravelandmore.com\/es\/tours\/francia\/montpellier-sp\/tour-privado-a-nimes-desde-montpellier\/#primaryimage"},"thumbnailUrl":"https:\/\/tourtravelandmore.com\/wp-content\/uploads\/2021\/02\/nimes-4-scaled.jpg","datePublished":"2021-02-26T10:43:34+00:00","dateModified":"2022-10-11T13:15:55+00:00","description":"T\u00f3mese un d\u00eda libre y disfrute de este viaje \u00fanico de un d\u00eda con nuestro Tour privado de Nimes desde Montpellier con un equipo profesional \u2705","breadcrumb":{"@id":"https:\/\/tourtravelandmore.com\/es\/tours\/francia\/montpellier-sp\/tour-privado-a-nimes-desde-montpellier\/#breadcrumb"},"inLanguage":"es","potentialAction":[{"@type":"ReadAction","target":["https:\/\/tourtravelandmore.com\/es\/tours\/francia\/montpellier-sp\/tour-privado-a-nimes-desde-montpellier\/"]}]},{"@type":"ImageObject","inLanguage":"es","@id":"https:\/\/tourtravelandmore.com\/es\/tours\/francia\/montpellier-sp\/tour-privado-a-nimes-desde-montpellier\/#primaryimage","url":"https:\/\/tourtravelandmore.com\/wp-content\/uploads\/2021\/02\/nimes-4-scaled.jpg","contentUrl":"https:\/\/tourtravelandmore.com\/wp-content\/uploads\/2021\/02\/nimes-4-scaled.jpg","width":2560,"height":1750},{"@type":"BreadcrumbList","@id":"https:\/\/tourtravelandmore.com\/es\/tours\/francia\/montpellier-sp\/tour-privado-a-nimes-desde-montpellier\/#breadcrumb","itemListElement":[{"@type":"ListItem","position":1,"name":"Home","item":"https:\/\/tourtravelandmore.com\/es\/"},{"@type":"ListItem","position":2,"name":"Tours","item":"https:\/\/tourtravelandmore.com\/es\/tours\/"},{"@type":"ListItem","position":3,"name":"Tour Privado a Nimes desde Montpellier"}]},{"@type":"WebSite","@id":"https:\/\/tourtravelandmore.com\/es\/#website","url":"https:\/\/tourtravelandmore.com\/es\/","name":"Tour Travel And More","description":"Private sightseeing tours and luxury transfers in Spain","publisher":{"@id":"https:\/\/tourtravelandmore.com\/es\/#organization"},"potentialAction":[{"@type":"SearchAction","target":{"@type":"EntryPoint","urlTemplate":"https:\/\/tourtravelandmore.com\/es\/?s={search_term_string}"},"query-input":{"@type":"PropertyValueSpecification","valueRequired":true,"valueName":"search_term_string"}}],"inLanguage":"es"},{"@type":"Organization","@id":"https:\/\/tourtravelandmore.com\/es\/#organization","name":"Tour Travel And More","url":"https:\/\/tourtravelandmore.com\/es\/","logo":{"@type":"ImageObject","inLanguage":"es","@id":"https:\/\/tourtravelandmore.com\/es\/#\/schema\/logo\/image\/","url":"https:\/\/tourtravelandmore.com\/wp-content\/uploads\/2022\/12\/cropped-logo-cabecera-new.png","contentUrl":"https:\/\/tourtravelandmore.com\/wp-content\/uploads\/2022\/12\/cropped-logo-cabecera-new.png","width":430,"height":61,"caption":"Tour Travel And More"},"image":{"@id":"https:\/\/tourtravelandmore.com\/es\/#\/schema\/logo\/image\/"},"sameAs":["https:\/\/www.facebook.com\/tourtravelandmore\/","https:\/\/x.com\/TourTravel_More"]}]}},"_links":{"self":[{"href":"https:\/\/tourtravelandmore.com\/es\/wp-json\/wp\/v2\/product\/101006","targetHints":{"allow":["GET"]}}],"collection":[{"href":"https:\/\/tourtravelandmore.com\/es\/wp-json\/wp\/v2\/product"}],"about":[{"href":"https:\/\/tourtravelandmore.com\/es\/wp-json\/wp\/v2\/types\/product"}],"replies":[{"embeddable":true,"href":"https:\/\/tourtravelandmore.com\/es\/wp-json\/wp\/v2\/comments?post=101006"}],"wp:featuredmedia":[{"embeddable":true,"href":"https:\/\/tourtravelandmore.com\/es\/wp-json\/wp\/v2\/media\/101024"}],"wp:attachment":[{"href":"https:\/\/tourtravelandmore.com\/es\/wp-json\/wp\/v2\/media?parent=101006"}],"wp:term":[{"taxonomy":"product_brand","embeddable":true,"href":"https:\/\/tourtravelandmore.com\/es\/wp-json\/wp\/v2\/product_brand?post=101006"},{"taxonomy":"product_cat","embeddable":true,"href":"https:\/\/tourtravelandmore.com\/es\/wp-json\/wp\/v2\/product_cat?post=101006"},{"taxonomy":"product_tag","embeddable":true,"href":"https:\/\/tourtravelandmore.com\/es\/wp-json\/wp\/v2\/product_tag?post=101006"}],"curies":[{"name":"wp","href":"https:\/\/api.w.org\/{rel}","templated":true}]}}