{"id":10099,"date":"2017-01-18T10:04:34","date_gmt":"2017-01-18T13:45:39","guid":{"rendered":"http:\/\/tourtravelandmore.com\/es\/?post_type=product&#038;p=10099"},"modified":"2025-02-24T13:35:45","modified_gmt":"2025-02-24T12:35:45","slug":"tour-en-roma-privado","status":"publish","type":"product","link":"https:\/\/tourtravelandmore.com\/es\/tours\/italia-es\/roma-es\/tour-en-roma-privado\/","title":{"rendered":"Tour en Roma &#8211; Tour Privado de medio d\u00eda"},"content":{"rendered":"<h2><strong>Descripci\u00f3n del Tour privado en Roma &#8211; Tour Privado de medio d\u00eda<\/strong><\/h2>\n<p>Disfrute de este<a href=\"https:\/\/tourtravelandmore.com\/es\/ciudad\/italia-es\/roma-es\/\"><strong> Tour privado<\/strong> <strong>en Roma<\/strong><\/a> con su gu\u00eda oficial y conozca los lugares m\u00e1s emblem\u00e1ticos de Roma.<\/p>\n<p>La ciudad de Roma tiene m\u00e1s de 2760 a\u00f1os de existencia. Ha sido el hogar de uno de los imperios m\u00e1s grandes del mundo, el imperio romano y de la iglesia cat\u00f3lica. La ciudad ha sido uno de los lugares m\u00e1s influyentes de toda la historia del mundo.<\/p>\n<p>Muchas lenguas europeas nacieron del lat\u00edn, y tanto el sistema pol\u00edtico como el sistema judicial de Roma han sido la base del mundo actual, as\u00ed como el estilo de la arquitectura romana.<\/p>\n<p>Roma es la capital de Italia y la regi\u00f3n del Lacio. Es la comuna m\u00e1s grande y la cuarta ciudad m\u00e1s poblada de la Uni\u00f3n Europea.<\/p>\n<p>Su <strong>conductor privado y su gu\u00eda oficial<\/strong> lo recoger\u00e1n en su hotel o lugar de su elecci\u00f3n en su <strong>veh\u00edculo privado de lujo<\/strong> y lo llevar\u00e1n a este recorrido privado por Roma para conocer los monumentos y lugares m\u00e1s importantes.<\/p>\n<p>Este es un recorrido completamente personalizado. Puede personalizar cada recorrido con solo contactarnos. Aqu\u00ed hay un ejemplo de algunos de los lugares m\u00e1s importantes para darle una idea, pero su recorrido estar\u00e1 completamente personalizado para satisfacer sus necesidades.<\/p>\n<p>Le ayudaremos a organizar su experiencia completamente personalizada y \u00fanica en Roma.<\/p>\n<h2><strong>Puntos de inter\u00e9s en el Tour en Roma &#8211; Tour Privado de medio d\u00eda<\/strong><\/h2>\n<p>El recorrido comenzar\u00e1 en el vest\u00edbulo de su hotel o en un lugar de elecci\u00f3n en Roma. Su conductor privado y su gu\u00eda oficial lo recoger\u00e1n a la hora seleccionada por vosotros para comenzar su tour en Roma.<\/p>\n<p>La primera parada en el centro hist\u00f3rico de Roma ser\u00e1 la <strong>Fontana de Trevi<\/strong>, una de las fuentes monumentales m\u00e1s grandes (con unos 40 metros de frente) del Barroco en Roma y se encuentra en la Trevi Rione.<\/p>\n<p>Luego, continuaremos hacia <strong>Piazza di Spagna<\/strong>, una de las plazas m\u00e1s importantes de Roma y donde se encuentran las <strong>escaleras de Espa\u00f1a<\/strong>. Estas escaleras espa\u00f1olas van desde la plaza hasta la base de la Piazza Trinit\u00e0 dei Monti.<\/p>\n<p>Nuestra pr\u00f3xima parada ser\u00e1 la <strong>Piazza del P\u00f3polo<\/strong>, esta plaza era muy importante, ya que era el lugar donde todos los turistas llegaban a la ciudad en tiempos del Imperio.<\/p>\n<p>Otra visita obligada en este tour privado de Roma es el <strong>Pante\u00f3n<\/strong>, un antiguo templo romano ubicado en la <strong>Piazza della Rotonda<\/strong>. Desde all\u00ed, continuaremos hasta <strong>Piazza Novona<\/strong>, esta plaza es uno de los espacios urbanos m\u00e1s destacados, ya que es la preferida de los artistas y es un lugar ic\u00f3nico para ferias y festivales.<\/p>\n<p>Por \u00faltimo, pero no por eso menos importante, visitaremos el <a href=\"https:\/\/www.coopculture.it\/colosseo-e-shop.cfm\">Coliseo<\/a> (desde el exterior), que es el anfiteatro m\u00e1s grande construido durante el Imperio Romano. Inaugurado en el a\u00f1o 80 DC, ofreci\u00f3 peleas de gladiadores, ejecuciones y caza de animales.<\/p>\n<p>Si est\u00e1 interesado en visitar el Coliseo y el Foro Romano, eche un vistazo a nuestro <a href=\"https:\/\/tourtravelandmore.com\/es\/tours\/italia-es\/roma-es\/tour-privado-por-roma-y-coliseo-romano\/\">tour privado de 4 horas por Rome y el Coliseo<\/a>.<\/p>\n<p>Al final del recorrido, su conductor privado y su gu\u00eda oficial lo llevar\u00e1n de regreso a su hotel o lugar de elecci\u00f3n en Roma.<\/p>\n<p>Si est\u00e1 interesado en visitar alg\u00fan monumento especial durante su tour en Roma, no dude en contactarnos.<\/p>\n<p>Su gu\u00eda tur\u00edstico oficial privado y su veh\u00edculo de lujo con ch\u00f3fer estar\u00e1n a su disposici\u00f3n durante todo el recorrido para que pueda disfrutar y conocer Roma al m\u00e1ximo.<\/p>\n","protected":false},"excerpt":{"rendered":"<p>Aproveche esta oportunidad para conocer <strong>la capital del Pa\u00eds Italiano y todos sus secretos.<\/strong> <span class=\"JLqJ4b ChMk0b\" data-language-for-alternatives=\"es\" data-language-to-translate-into=\"en\" data-phrase-index=\"1\">\u00a1No te pierdas monumentos y lugares de inter\u00e9s como la Plaza de Espa\u00f1a, el Coliseo, la Fontana de Trevi, la Ciudad del Vaticano y mucho m\u00e1s!<\/span><\/p>\n","protected":false},"featured_media":9973,"comment_status":"open","ping_status":"closed","template":"","meta":{"_acf_changed":false},"product_brand":[],"product_cat":[367,653,368,370],"product_tag":[],"class_list":{"0":"post-10099","1":"product","2":"type-product","3":"status-publish","4":"has-post-thumbnail","6":"product_cat-roma-es","7":"product_cat-roma-top-ventas-es","8":"product_cat-roma-actividades-es","9":"product_cat-roma-rutas-turisticas-privadas-es","11":"first","12":"instock","13":"shipping-taxable","14":"purchasable","15":"product-type-simple"},"acf":[],"yoast_head":"<!-- This site is optimized with the Yoast SEO Premium plugin v25.3.1 (Yoast SEO v25.3.1) - https:\/\/yoast.com\/wordpress\/plugins\/seo\/ -->\n<title>Tour Privado en Roma con guia oficial y vehiculo privado con chofer | TTM<\/title>\n<meta name=\"description\" content=\"Disfrute al maximo de su Tour en Roma c\u00f3modo en su vehiculo privado con chofer. Conozca los lugares mas emblem\u00e1ticos de la ciudad con su guia oficial \u2705\" \/>\n<meta name=\"robots\" content=\"index, follow, max-snippet:-1, max-image-preview:large, max-video-preview:-1\" \/>\n<link rel=\"canonical\" href=\"https:\/\/tourtravelandmore.com\/es\/tours\/italia-es\/roma-es\/tour-en-roma-privado\/\" \/>\n<meta property=\"og:locale\" content=\"es_ES\" \/>\n<meta property=\"og:type\" content=\"article\" \/>\n<meta property=\"og:title\" content=\"Tour en Roma - Tour Privado de medio d\u00eda\" \/>\n<meta property=\"og:description\" content=\"Disfrute al maximo de su Tour en Roma c\u00f3modo en su vehiculo privado con chofer. Conozca los lugares mas emblem\u00e1ticos de la ciudad con su guia oficial \u2705\" \/>\n<meta property=\"og:url\" content=\"https:\/\/tourtravelandmore.com\/es\/tours\/italia-es\/roma-es\/tour-en-roma-privado\/\" \/>\n<meta property=\"og:site_name\" content=\"Tour Travel And More\" \/>\n<meta property=\"article:publisher\" content=\"https:\/\/www.facebook.com\/tourtravelandmore\/\" \/>\n<meta property=\"article:modified_time\" content=\"2025-02-24T12:35:45+00:00\" \/>\n<meta property=\"og:image\" content=\"https:\/\/tourtravelandmore.com\/wp-content\/uploads\/2017\/01\/Roma-09.jpg\" \/>\n\t<meta property=\"og:image:width\" content=\"1200\" \/>\n\t<meta property=\"og:image:height\" content=\"797\" \/>\n\t<meta property=\"og:image:type\" content=\"image\/jpeg\" \/>\n<meta name=\"twitter:card\" content=\"summary_large_image\" \/>\n<meta name=\"twitter:site\" content=\"@TourTravel_More\" \/>\n<meta name=\"twitter:label1\" content=\"Tiempo de lectura\" \/>\n\t<meta name=\"twitter:data1\" content=\"3 minutos\" \/>\n<script type=\"application\/ld+json\" class=\"yoast-schema-graph\">{\"@context\":\"https:\/\/schema.org\",\"@graph\":[{\"@type\":\"WebPage\",\"@id\":\"https:\/\/tourtravelandmore.com\/es\/tours\/italia-es\/roma-es\/tour-en-roma-privado\/\",\"url\":\"https:\/\/tourtravelandmore.com\/es\/tours\/italia-es\/roma-es\/tour-en-roma-privado\/\",\"name\":\"Tour Privado en Roma con guia oficial y vehiculo privado con chofer | TTM\",\"isPartOf\":{\"@id\":\"https:\/\/tourtravelandmore.com\/es\/#website\"},\"primaryImageOfPage\":{\"@id\":\"https:\/\/tourtravelandmore.com\/es\/tours\/italia-es\/roma-es\/tour-en-roma-privado\/#primaryimage\"},\"image\":{\"@id\":\"https:\/\/tourtravelandmore.com\/es\/tours\/italia-es\/roma-es\/tour-en-roma-privado\/#primaryimage\"},\"thumbnailUrl\":\"https:\/\/tourtravelandmore.com\/wp-content\/uploads\/2017\/01\/Roma-09.jpg\",\"datePublished\":\"2017-01-18T13:45:39+00:00\",\"dateModified\":\"2025-02-24T12:35:45+00:00\",\"description\":\"Disfrute al maximo de su Tour en Roma c\u00f3modo en su vehiculo privado con chofer. Conozca los lugares mas emblem\u00e1ticos de la ciudad con su guia oficial \u2705\",\"breadcrumb\":{\"@id\":\"https:\/\/tourtravelandmore.com\/es\/tours\/italia-es\/roma-es\/tour-en-roma-privado\/#breadcrumb\"},\"inLanguage\":\"es\",\"potentialAction\":[{\"@type\":\"ReadAction\",\"target\":[\"https:\/\/tourtravelandmore.com\/es\/tours\/italia-es\/roma-es\/tour-en-roma-privado\/\"]}]},{\"@type\":\"ImageObject\",\"inLanguage\":\"es\",\"@id\":\"https:\/\/tourtravelandmore.com\/es\/tours\/italia-es\/roma-es\/tour-en-roma-privado\/#primaryimage\",\"url\":\"https:\/\/tourtravelandmore.com\/wp-content\/uploads\/2017\/01\/Roma-09.jpg\",\"contentUrl\":\"https:\/\/tourtravelandmore.com\/wp-content\/uploads\/2017\/01\/Roma-09.jpg\",\"width\":1200,\"height\":797},{\"@type\":\"BreadcrumbList\",\"@id\":\"https:\/\/tourtravelandmore.com\/es\/tours\/italia-es\/roma-es\/tour-en-roma-privado\/#breadcrumb\",\"itemListElement\":[{\"@type\":\"ListItem\",\"position\":1,\"name\":\"Home\",\"item\":\"https:\/\/tourtravelandmore.com\/es\/\"},{\"@type\":\"ListItem\",\"position\":2,\"name\":\"Tours\",\"item\":\"https:\/\/tourtravelandmore.com\/es\/tours\/\"},{\"@type\":\"ListItem\",\"position\":3,\"name\":\"Tour en Roma &#8211; Tour Privado de medio d\u00eda\"}]},{\"@type\":\"WebSite\",\"@id\":\"https:\/\/tourtravelandmore.com\/es\/#website\",\"url\":\"https:\/\/tourtravelandmore.com\/es\/\",\"name\":\"Tour Travel And More\",\"description\":\"Private sightseeing tours and luxury transfers in Spain\",\"publisher\":{\"@id\":\"https:\/\/tourtravelandmore.com\/es\/#organization\"},\"potentialAction\":[{\"@type\":\"SearchAction\",\"target\":{\"@type\":\"EntryPoint\",\"urlTemplate\":\"https:\/\/tourtravelandmore.com\/es\/?s={search_term_string}\"},\"query-input\":{\"@type\":\"PropertyValueSpecification\",\"valueRequired\":true,\"valueName\":\"search_term_string\"}}],\"inLanguage\":\"es\"},{\"@type\":\"Organization\",\"@id\":\"https:\/\/tourtravelandmore.com\/es\/#organization\",\"name\":\"Tour Travel And More\",\"url\":\"https:\/\/tourtravelandmore.com\/es\/\",\"logo\":{\"@type\":\"ImageObject\",\"inLanguage\":\"es\",\"@id\":\"https:\/\/tourtravelandmore.com\/es\/#\/schema\/logo\/image\/\",\"url\":\"https:\/\/tourtravelandmore.com\/wp-content\/uploads\/2022\/12\/cropped-logo-cabecera-new.png\",\"contentUrl\":\"https:\/\/tourtravelandmore.com\/wp-content\/uploads\/2022\/12\/cropped-logo-cabecera-new.png\",\"width\":430,\"height\":61,\"caption\":\"Tour Travel And More\"},\"image\":{\"@id\":\"https:\/\/tourtravelandmore.com\/es\/#\/schema\/logo\/image\/\"},\"sameAs\":[\"https:\/\/www.facebook.com\/tourtravelandmore\/\",\"https:\/\/x.com\/TourTravel_More\"]}]}<\/script>\n<!-- \/ Yoast SEO Premium plugin. -->","yoast_head_json":{"title":"Tour Privado en Roma con guia oficial y vehiculo privado con chofer | TTM","description":"Disfrute al maximo de su Tour en Roma c\u00f3modo en su vehiculo privado con chofer. Conozca los lugares mas emblem\u00e1ticos de la ciudad con su guia oficial \u2705","robots":{"index":"index","follow":"follow","max-snippet":"max-snippet:-1","max-image-preview":"max-image-preview:large","max-video-preview":"max-video-preview:-1"},"canonical":"https:\/\/tourtravelandmore.com\/es\/tours\/italia-es\/roma-es\/tour-en-roma-privado\/","og_locale":"es_ES","og_type":"article","og_title":"Tour en Roma - Tour Privado de medio d\u00eda","og_description":"Disfrute al maximo de su Tour en Roma c\u00f3modo en su vehiculo privado con chofer. Conozca los lugares mas emblem\u00e1ticos de la ciudad con su guia oficial \u2705","og_url":"https:\/\/tourtravelandmore.com\/es\/tours\/italia-es\/roma-es\/tour-en-roma-privado\/","og_site_name":"Tour Travel And More","article_publisher":"https:\/\/www.facebook.com\/tourtravelandmore\/","article_modified_time":"2025-02-24T12:35:45+00:00","og_image":[{"width":1200,"height":797,"url":"https:\/\/tourtravelandmore.com\/wp-content\/uploads\/2017\/01\/Roma-09.jpg","type":"image\/jpeg"}],"twitter_card":"summary_large_image","twitter_site":"@TourTravel_More","twitter_misc":{"Tiempo de lectura":"3 minutos"},"schema":{"@context":"https:\/\/schema.org","@graph":[{"@type":"WebPage","@id":"https:\/\/tourtravelandmore.com\/es\/tours\/italia-es\/roma-es\/tour-en-roma-privado\/","url":"https:\/\/tourtravelandmore.com\/es\/tours\/italia-es\/roma-es\/tour-en-roma-privado\/","name":"Tour Privado en Roma con guia oficial y vehiculo privado con chofer | TTM","isPartOf":{"@id":"https:\/\/tourtravelandmore.com\/es\/#website"},"primaryImageOfPage":{"@id":"https:\/\/tourtravelandmore.com\/es\/tours\/italia-es\/roma-es\/tour-en-roma-privado\/#primaryimage"},"image":{"@id":"https:\/\/tourtravelandmore.com\/es\/tours\/italia-es\/roma-es\/tour-en-roma-privado\/#primaryimage"},"thumbnailUrl":"https:\/\/tourtravelandmore.com\/wp-content\/uploads\/2017\/01\/Roma-09.jpg","datePublished":"2017-01-18T13:45:39+00:00","dateModified":"2025-02-24T12:35:45+00:00","description":"Disfrute al maximo de su Tour en Roma c\u00f3modo en su vehiculo privado con chofer. Conozca los lugares mas emblem\u00e1ticos de la ciudad con su guia oficial \u2705","breadcrumb":{"@id":"https:\/\/tourtravelandmore.com\/es\/tours\/italia-es\/roma-es\/tour-en-roma-privado\/#breadcrumb"},"inLanguage":"es","potentialAction":[{"@type":"ReadAction","target":["https:\/\/tourtravelandmore.com\/es\/tours\/italia-es\/roma-es\/tour-en-roma-privado\/"]}]},{"@type":"ImageObject","inLanguage":"es","@id":"https:\/\/tourtravelandmore.com\/es\/tours\/italia-es\/roma-es\/tour-en-roma-privado\/#primaryimage","url":"https:\/\/tourtravelandmore.com\/wp-content\/uploads\/2017\/01\/Roma-09.jpg","contentUrl":"https:\/\/tourtravelandmore.com\/wp-content\/uploads\/2017\/01\/Roma-09.jpg","width":1200,"height":797},{"@type":"BreadcrumbList","@id":"https:\/\/tourtravelandmore.com\/es\/tours\/italia-es\/roma-es\/tour-en-roma-privado\/#breadcrumb","itemListElement":[{"@type":"ListItem","position":1,"name":"Home","item":"https:\/\/tourtravelandmore.com\/es\/"},{"@type":"ListItem","position":2,"name":"Tours","item":"https:\/\/tourtravelandmore.com\/es\/tours\/"},{"@type":"ListItem","position":3,"name":"Tour en Roma &#8211; Tour Privado de medio d\u00eda"}]},{"@type":"WebSite","@id":"https:\/\/tourtravelandmore.com\/es\/#website","url":"https:\/\/tourtravelandmore.com\/es\/","name":"Tour Travel And More","description":"Private sightseeing tours and luxury transfers in Spain","publisher":{"@id":"https:\/\/tourtravelandmore.com\/es\/#organization"},"potentialAction":[{"@type":"SearchAction","target":{"@type":"EntryPoint","urlTemplate":"https:\/\/tourtravelandmore.com\/es\/?s={search_term_string}"},"query-input":{"@type":"PropertyValueSpecification","valueRequired":true,"valueName":"search_term_string"}}],"inLanguage":"es"},{"@type":"Organization","@id":"https:\/\/tourtravelandmore.com\/es\/#organization","name":"Tour Travel And More","url":"https:\/\/tourtravelandmore.com\/es\/","logo":{"@type":"ImageObject","inLanguage":"es","@id":"https:\/\/tourtravelandmore.com\/es\/#\/schema\/logo\/image\/","url":"https:\/\/tourtravelandmore.com\/wp-content\/uploads\/2022\/12\/cropped-logo-cabecera-new.png","contentUrl":"https:\/\/tourtravelandmore.com\/wp-content\/uploads\/2022\/12\/cropped-logo-cabecera-new.png","width":430,"height":61,"caption":"Tour Travel And More"},"image":{"@id":"https:\/\/tourtravelandmore.com\/es\/#\/schema\/logo\/image\/"},"sameAs":["https:\/\/www.facebook.com\/tourtravelandmore\/","https:\/\/x.com\/TourTravel_More"]}]}},"_links":{"self":[{"href":"https:\/\/tourtravelandmore.com\/es\/wp-json\/wp\/v2\/product\/10099","targetHints":{"allow":["GET"]}}],"collection":[{"href":"https:\/\/tourtravelandmore.com\/es\/wp-json\/wp\/v2\/product"}],"about":[{"href":"https:\/\/tourtravelandmore.com\/es\/wp-json\/wp\/v2\/types\/product"}],"replies":[{"embeddable":true,"href":"https:\/\/tourtravelandmore.com\/es\/wp-json\/wp\/v2\/comments?post=10099"}],"wp:featuredmedia":[{"embeddable":true,"href":"https:\/\/tourtravelandmore.com\/es\/wp-json\/wp\/v2\/media\/9973"}],"wp:attachment":[{"href":"https:\/\/tourtravelandmore.com\/es\/wp-json\/wp\/v2\/media?parent=10099"}],"wp:term":[{"taxonomy":"product_brand","embeddable":true,"href":"https:\/\/tourtravelandmore.com\/es\/wp-json\/wp\/v2\/product_brand?post=10099"},{"taxonomy":"product_cat","embeddable":true,"href":"https:\/\/tourtravelandmore.com\/es\/wp-json\/wp\/v2\/product_cat?post=10099"},{"taxonomy":"product_tag","embeddable":true,"href":"https:\/\/tourtravelandmore.com\/es\/wp-json\/wp\/v2\/product_tag?post=10099"}],"curies":[{"name":"wp","href":"https:\/\/api.w.org\/{rel}","templated":true}]}}