{"id":100983,"date":"2021-02-26T11:05:44","date_gmt":"2021-02-26T10:05:44","guid":{"rendered":"https:\/\/tourtravelandmore.com\/?post_type=product&#038;p=100983"},"modified":"2022-10-11T15:11:22","modified_gmt":"2022-10-11T13:11:22","slug":"tour-privado-por-montpellier","status":"publish","type":"product","link":"https:\/\/tourtravelandmore.com\/es\/tours\/francia\/montpellier-sp\/tour-privado-por-montpellier\/","title":{"rendered":"Tour Privado por Montpellier"},"content":{"rendered":"<h2>Descripci\u00f3n del Tour Privado por Montpellier<\/h2>\n<p>\u00bfQui\u00e9n no quiere disfrutar de un recorrido privado por Montpellier? Deje que nuestro gu\u00eda privado y un conductor independiente lo recojan c\u00f3modamente desde su hotel o lugar de elecci\u00f3n y comenzaremos este <strong>Tour Privado por Montpellier<\/strong>.<\/p>\n<p>Es muy c\u00f3modo disfrutar de uno de nuestros tours privados. Desde el momento en que nos contacta por primera vez, siempre estamos a su disposici\u00f3n para organizar su experiencia privada perfecta. H\u00e1ganos saber sus deseos y lo que m\u00e1s le interesa y le enviaremos un itinerario y una cotizaci\u00f3n.<\/p>\n<p>Una vez que te encuentres con tu gu\u00eda oficial, disfruta de lo mejor de la ciudad de Montpellier. Su chofer privado y separado lo recoger\u00e1 junto con su gu\u00eda y lo llevar\u00e1 a los sitios m\u00e1s emblem\u00e1ticos. Su conductor lo esperar\u00e1 mientras disfruta de los sitios de cerca con su gu\u00eda privado y luego continuar\u00e1 junto con una visita panor\u00e1mica.<\/p>\n<p>Disfruta de este tipo de experiencia privada para conocer todos los rincones de Montpellier. Este tour en particular incluye la recogida desde cualquier lugar dentro de Montpellier, pero si necesita una recogida privada desde fuera de la ciudad, \u00a1h\u00e1ganoslo saber y lo organizaremos tambi\u00e9n!. Este es un tour privado por Montpellier completamente personalizado.<\/p>\n<h2>Puntos emblem\u00e1ticos y de inter\u00e9s en el Tour Privado por Montpellier<\/h2>\n<p>Montpellier es la tercera ciudad m\u00e1s grande de la costa mediterr\u00e1nea de Francia. Conozca a su gu\u00eda tur\u00edstico oficial privado en su hotel o sitio de elecci\u00f3n y espere en su veh\u00edculo privado donde su chofer lo estar\u00e1 esperando. Este es un recorrido completamente privado. Esto le dar\u00e1 la oportunidad de hacer todas las preguntas que desee y conocer todo lo que pueda durante estas 4 horas.<\/p>\n<p>La recogida se puede organizar desde cualquier punto deseado, incluso si est\u00e1 fuera de la ciudad. Solo h\u00e1ganos saber y le enviaremos la cotizaci\u00f3n exacta.<\/p>\n<p>Montpellier tiene una hermosa y larga historia y la mejor manera de conocerla es durante un recorrido privado. Haga todas las preguntas que desee, haga paradas m\u00e1s largas en lugares que le interesen m\u00e1s y tenga la seguridad de que recibir\u00e1 una experiencia de primer nivel.<\/p>\n<p>Aqu\u00ed hay un ejemplo de sitios que visitar\u00e1 y ver\u00e1 durante este recorrido privado;<\/p>\n<ul>\n<li><strong>Vistas del museo Fabre<\/strong><\/li>\n<li><strong>L&#8217;Ecusson (viejo Montpellier)<\/strong><\/li>\n<li><strong>Promenade de Peyrou<\/strong><\/li>\n<li><strong>Place de la Com\u00e9die<\/strong><\/li>\n<li><strong>Les Halles Castellane<\/strong><\/li>\n<li><strong>Ch\u00e2teaau d\u2019Eau<\/strong><\/li>\n<li><strong>Fuente de las Tres Gracias<\/strong><\/li>\n<li><strong>Explanada Charles-de-Gaulle<\/strong><\/li>\n<li><strong>Eche un vistazo a los edificios neocl\u00e1sicos como la \u00d3pera Nacional<\/strong><\/li>\n<li><a href=\"https:\/\/www.cathedrale-montpellier.fr\">Catedral de Montpellier<\/a><\/li>\n<li><strong>Arco del Triunfo: en la entrada del Paseo Mar\u00edtimo de Peyrou<\/strong><\/li>\n<li><strong>Pavillon Populaire<\/strong><\/li>\n<li><strong>H\u00f4tels de Montpellier<\/strong><\/li>\n<\/ul>\n<p>Este tour privado por Montpellier se puede modificar para satisfacer sus propias necesidades. La parte m\u00e1s importante es que el gu\u00eda y el chofer estar\u00e1n a su disposici\u00f3n durante las 4 horas completas y podemos organizar la hora y el lugar de inicio para satisfacer sus propios deseos.<\/p>\n<p><a href=\"https:\/\/tourtravelandmore.com\/es\/ciudad\/francia\/montpellier-sp\/\">Mire aqu\u00ed todos nuestros tours y excursiones privadas en Montpellier.<\/a><\/p>\n","protected":false},"excerpt":{"rendered":"<p>Lo invitamos a conocer una de las ciudades m\u00e1s hermosas de Francia que alberga una gran historia, con nuestro <strong>Tour Privado por Montpellier con chofer y gu\u00eda oficial privado.<\/strong><\/p>\n<p><span style=\"font-weight: 400;\">\u00a0<\/span><\/p>\n<h4><\/h4>\n","protected":false},"featured_media":101001,"comment_status":"open","ping_status":"closed","template":"","meta":{"_acf_changed":false},"product_brand":[],"product_cat":[1592,3605],"product_tag":[],"class_list":{"0":"post-100983","1":"product","2":"type-product","3":"status-publish","4":"has-post-thumbnail","6":"product_cat-francia","7":"product_cat-montpellier-sp","9":"first","10":"instock","11":"shipping-taxable","12":"purchasable","13":"product-type-simple"},"acf":[],"yoast_head":"<!-- This site is optimized with the Yoast SEO Premium plugin v25.3.1 (Yoast SEO v25.3.1) - https:\/\/yoast.com\/wordpress\/plugins\/seo\/ -->\n<title>Tour Privado por Montpellier con chofer y gu\u00eda oficial privado | Tour Travel &amp; More<\/title>\n<meta name=\"description\" content=\"Lo invitamos a conocer una de las ciudades mas hermosas de Francia que alberga una gran historia, con nuestro Tour Privado por Montpellier \u2705\" \/>\n<meta name=\"robots\" content=\"index, follow, max-snippet:-1, max-image-preview:large, max-video-preview:-1\" \/>\n<link rel=\"canonical\" href=\"https:\/\/tourtravelandmore.com\/es\/tours\/francia\/montpellier-sp\/tour-privado-por-montpellier\/\" \/>\n<meta property=\"og:locale\" content=\"es_ES\" \/>\n<meta property=\"og:type\" content=\"article\" \/>\n<meta property=\"og:title\" content=\"Tour Privado por Montpellier\" \/>\n<meta property=\"og:description\" content=\"Lo invitamos a conocer una de las ciudades mas hermosas de Francia que alberga una gran historia, con nuestro Tour Privado por Montpellier \u2705\" \/>\n<meta property=\"og:url\" content=\"https:\/\/tourtravelandmore.com\/es\/tours\/francia\/montpellier-sp\/tour-privado-por-montpellier\/\" \/>\n<meta property=\"og:site_name\" content=\"Tour Travel And More\" \/>\n<meta property=\"article:publisher\" content=\"https:\/\/www.facebook.com\/tourtravelandmore\/\" \/>\n<meta property=\"article:modified_time\" content=\"2022-10-11T13:11:22+00:00\" \/>\n<meta property=\"og:image\" content=\"https:\/\/tourtravelandmore.com\/wp-content\/uploads\/2021\/02\/montpellier-4.jpg\" \/>\n\t<meta property=\"og:image:width\" content=\"1024\" \/>\n\t<meta property=\"og:image:height\" content=\"768\" \/>\n\t<meta property=\"og:image:type\" content=\"image\/jpeg\" \/>\n<meta name=\"twitter:card\" content=\"summary_large_image\" \/>\n<meta name=\"twitter:site\" content=\"@TourTravel_More\" \/>\n<meta name=\"twitter:label1\" content=\"Tiempo de lectura\" \/>\n\t<meta name=\"twitter:data1\" content=\"2 minutos\" \/>\n<script type=\"application\/ld+json\" class=\"yoast-schema-graph\">{\"@context\":\"https:\/\/schema.org\",\"@graph\":[{\"@type\":\"WebPage\",\"@id\":\"https:\/\/tourtravelandmore.com\/es\/tours\/francia\/montpellier-sp\/tour-privado-por-montpellier\/\",\"url\":\"https:\/\/tourtravelandmore.com\/es\/tours\/francia\/montpellier-sp\/tour-privado-por-montpellier\/\",\"name\":\"Tour Privado por Montpellier con chofer y gu\u00eda oficial privado | Tour Travel & More\",\"isPartOf\":{\"@id\":\"https:\/\/tourtravelandmore.com\/es\/#website\"},\"primaryImageOfPage\":{\"@id\":\"https:\/\/tourtravelandmore.com\/es\/tours\/francia\/montpellier-sp\/tour-privado-por-montpellier\/#primaryimage\"},\"image\":{\"@id\":\"https:\/\/tourtravelandmore.com\/es\/tours\/francia\/montpellier-sp\/tour-privado-por-montpellier\/#primaryimage\"},\"thumbnailUrl\":\"https:\/\/tourtravelandmore.com\/wp-content\/uploads\/2021\/02\/montpellier-4.jpg\",\"datePublished\":\"2021-02-26T10:05:44+00:00\",\"dateModified\":\"2022-10-11T13:11:22+00:00\",\"description\":\"Lo invitamos a conocer una de las ciudades mas hermosas de Francia que alberga una gran historia, con nuestro Tour Privado por Montpellier \u2705\",\"breadcrumb\":{\"@id\":\"https:\/\/tourtravelandmore.com\/es\/tours\/francia\/montpellier-sp\/tour-privado-por-montpellier\/#breadcrumb\"},\"inLanguage\":\"es\",\"potentialAction\":[{\"@type\":\"ReadAction\",\"target\":[\"https:\/\/tourtravelandmore.com\/es\/tours\/francia\/montpellier-sp\/tour-privado-por-montpellier\/\"]}]},{\"@type\":\"ImageObject\",\"inLanguage\":\"es\",\"@id\":\"https:\/\/tourtravelandmore.com\/es\/tours\/francia\/montpellier-sp\/tour-privado-por-montpellier\/#primaryimage\",\"url\":\"https:\/\/tourtravelandmore.com\/wp-content\/uploads\/2021\/02\/montpellier-4.jpg\",\"contentUrl\":\"https:\/\/tourtravelandmore.com\/wp-content\/uploads\/2021\/02\/montpellier-4.jpg\",\"width\":1024,\"height\":768},{\"@type\":\"BreadcrumbList\",\"@id\":\"https:\/\/tourtravelandmore.com\/es\/tours\/francia\/montpellier-sp\/tour-privado-por-montpellier\/#breadcrumb\",\"itemListElement\":[{\"@type\":\"ListItem\",\"position\":1,\"name\":\"Home\",\"item\":\"https:\/\/tourtravelandmore.com\/es\/\"},{\"@type\":\"ListItem\",\"position\":2,\"name\":\"Tours\",\"item\":\"https:\/\/tourtravelandmore.com\/es\/tours\/\"},{\"@type\":\"ListItem\",\"position\":3,\"name\":\"Tour Privado por Montpellier\"}]},{\"@type\":\"WebSite\",\"@id\":\"https:\/\/tourtravelandmore.com\/es\/#website\",\"url\":\"https:\/\/tourtravelandmore.com\/es\/\",\"name\":\"Tour Travel And More\",\"description\":\"Private sightseeing tours and luxury transfers in Spain\",\"publisher\":{\"@id\":\"https:\/\/tourtravelandmore.com\/es\/#organization\"},\"potentialAction\":[{\"@type\":\"SearchAction\",\"target\":{\"@type\":\"EntryPoint\",\"urlTemplate\":\"https:\/\/tourtravelandmore.com\/es\/?s={search_term_string}\"},\"query-input\":{\"@type\":\"PropertyValueSpecification\",\"valueRequired\":true,\"valueName\":\"search_term_string\"}}],\"inLanguage\":\"es\"},{\"@type\":\"Organization\",\"@id\":\"https:\/\/tourtravelandmore.com\/es\/#organization\",\"name\":\"Tour Travel And More\",\"url\":\"https:\/\/tourtravelandmore.com\/es\/\",\"logo\":{\"@type\":\"ImageObject\",\"inLanguage\":\"es\",\"@id\":\"https:\/\/tourtravelandmore.com\/es\/#\/schema\/logo\/image\/\",\"url\":\"https:\/\/tourtravelandmore.com\/wp-content\/uploads\/2022\/12\/cropped-logo-cabecera-new.png\",\"contentUrl\":\"https:\/\/tourtravelandmore.com\/wp-content\/uploads\/2022\/12\/cropped-logo-cabecera-new.png\",\"width\":430,\"height\":61,\"caption\":\"Tour Travel And More\"},\"image\":{\"@id\":\"https:\/\/tourtravelandmore.com\/es\/#\/schema\/logo\/image\/\"},\"sameAs\":[\"https:\/\/www.facebook.com\/tourtravelandmore\/\",\"https:\/\/x.com\/TourTravel_More\"]}]}<\/script>\n<!-- \/ Yoast SEO Premium plugin. -->","yoast_head_json":{"title":"Tour Privado por Montpellier con chofer y gu\u00eda oficial privado | Tour Travel & More","description":"Lo invitamos a conocer una de las ciudades mas hermosas de Francia que alberga una gran historia, con nuestro Tour Privado por Montpellier \u2705","robots":{"index":"index","follow":"follow","max-snippet":"max-snippet:-1","max-image-preview":"max-image-preview:large","max-video-preview":"max-video-preview:-1"},"canonical":"https:\/\/tourtravelandmore.com\/es\/tours\/francia\/montpellier-sp\/tour-privado-por-montpellier\/","og_locale":"es_ES","og_type":"article","og_title":"Tour Privado por Montpellier","og_description":"Lo invitamos a conocer una de las ciudades mas hermosas de Francia que alberga una gran historia, con nuestro Tour Privado por Montpellier \u2705","og_url":"https:\/\/tourtravelandmore.com\/es\/tours\/francia\/montpellier-sp\/tour-privado-por-montpellier\/","og_site_name":"Tour Travel And More","article_publisher":"https:\/\/www.facebook.com\/tourtravelandmore\/","article_modified_time":"2022-10-11T13:11:22+00:00","og_image":[{"width":1024,"height":768,"url":"https:\/\/tourtravelandmore.com\/wp-content\/uploads\/2021\/02\/montpellier-4.jpg","type":"image\/jpeg"}],"twitter_card":"summary_large_image","twitter_site":"@TourTravel_More","twitter_misc":{"Tiempo de lectura":"2 minutos"},"schema":{"@context":"https:\/\/schema.org","@graph":[{"@type":"WebPage","@id":"https:\/\/tourtravelandmore.com\/es\/tours\/francia\/montpellier-sp\/tour-privado-por-montpellier\/","url":"https:\/\/tourtravelandmore.com\/es\/tours\/francia\/montpellier-sp\/tour-privado-por-montpellier\/","name":"Tour Privado por Montpellier con chofer y gu\u00eda oficial privado | Tour Travel & More","isPartOf":{"@id":"https:\/\/tourtravelandmore.com\/es\/#website"},"primaryImageOfPage":{"@id":"https:\/\/tourtravelandmore.com\/es\/tours\/francia\/montpellier-sp\/tour-privado-por-montpellier\/#primaryimage"},"image":{"@id":"https:\/\/tourtravelandmore.com\/es\/tours\/francia\/montpellier-sp\/tour-privado-por-montpellier\/#primaryimage"},"thumbnailUrl":"https:\/\/tourtravelandmore.com\/wp-content\/uploads\/2021\/02\/montpellier-4.jpg","datePublished":"2021-02-26T10:05:44+00:00","dateModified":"2022-10-11T13:11:22+00:00","description":"Lo invitamos a conocer una de las ciudades mas hermosas de Francia que alberga una gran historia, con nuestro Tour Privado por Montpellier \u2705","breadcrumb":{"@id":"https:\/\/tourtravelandmore.com\/es\/tours\/francia\/montpellier-sp\/tour-privado-por-montpellier\/#breadcrumb"},"inLanguage":"es","potentialAction":[{"@type":"ReadAction","target":["https:\/\/tourtravelandmore.com\/es\/tours\/francia\/montpellier-sp\/tour-privado-por-montpellier\/"]}]},{"@type":"ImageObject","inLanguage":"es","@id":"https:\/\/tourtravelandmore.com\/es\/tours\/francia\/montpellier-sp\/tour-privado-por-montpellier\/#primaryimage","url":"https:\/\/tourtravelandmore.com\/wp-content\/uploads\/2021\/02\/montpellier-4.jpg","contentUrl":"https:\/\/tourtravelandmore.com\/wp-content\/uploads\/2021\/02\/montpellier-4.jpg","width":1024,"height":768},{"@type":"BreadcrumbList","@id":"https:\/\/tourtravelandmore.com\/es\/tours\/francia\/montpellier-sp\/tour-privado-por-montpellier\/#breadcrumb","itemListElement":[{"@type":"ListItem","position":1,"name":"Home","item":"https:\/\/tourtravelandmore.com\/es\/"},{"@type":"ListItem","position":2,"name":"Tours","item":"https:\/\/tourtravelandmore.com\/es\/tours\/"},{"@type":"ListItem","position":3,"name":"Tour Privado por Montpellier"}]},{"@type":"WebSite","@id":"https:\/\/tourtravelandmore.com\/es\/#website","url":"https:\/\/tourtravelandmore.com\/es\/","name":"Tour Travel And More","description":"Private sightseeing tours and luxury transfers in Spain","publisher":{"@id":"https:\/\/tourtravelandmore.com\/es\/#organization"},"potentialAction":[{"@type":"SearchAction","target":{"@type":"EntryPoint","urlTemplate":"https:\/\/tourtravelandmore.com\/es\/?s={search_term_string}"},"query-input":{"@type":"PropertyValueSpecification","valueRequired":true,"valueName":"search_term_string"}}],"inLanguage":"es"},{"@type":"Organization","@id":"https:\/\/tourtravelandmore.com\/es\/#organization","name":"Tour Travel And More","url":"https:\/\/tourtravelandmore.com\/es\/","logo":{"@type":"ImageObject","inLanguage":"es","@id":"https:\/\/tourtravelandmore.com\/es\/#\/schema\/logo\/image\/","url":"https:\/\/tourtravelandmore.com\/wp-content\/uploads\/2022\/12\/cropped-logo-cabecera-new.png","contentUrl":"https:\/\/tourtravelandmore.com\/wp-content\/uploads\/2022\/12\/cropped-logo-cabecera-new.png","width":430,"height":61,"caption":"Tour Travel And More"},"image":{"@id":"https:\/\/tourtravelandmore.com\/es\/#\/schema\/logo\/image\/"},"sameAs":["https:\/\/www.facebook.com\/tourtravelandmore\/","https:\/\/x.com\/TourTravel_More"]}]}},"_links":{"self":[{"href":"https:\/\/tourtravelandmore.com\/es\/wp-json\/wp\/v2\/product\/100983","targetHints":{"allow":["GET"]}}],"collection":[{"href":"https:\/\/tourtravelandmore.com\/es\/wp-json\/wp\/v2\/product"}],"about":[{"href":"https:\/\/tourtravelandmore.com\/es\/wp-json\/wp\/v2\/types\/product"}],"replies":[{"embeddable":true,"href":"https:\/\/tourtravelandmore.com\/es\/wp-json\/wp\/v2\/comments?post=100983"}],"wp:featuredmedia":[{"embeddable":true,"href":"https:\/\/tourtravelandmore.com\/es\/wp-json\/wp\/v2\/media\/101001"}],"wp:attachment":[{"href":"https:\/\/tourtravelandmore.com\/es\/wp-json\/wp\/v2\/media?parent=100983"}],"wp:term":[{"taxonomy":"product_brand","embeddable":true,"href":"https:\/\/tourtravelandmore.com\/es\/wp-json\/wp\/v2\/product_brand?post=100983"},{"taxonomy":"product_cat","embeddable":true,"href":"https:\/\/tourtravelandmore.com\/es\/wp-json\/wp\/v2\/product_cat?post=100983"},{"taxonomy":"product_tag","embeddable":true,"href":"https:\/\/tourtravelandmore.com\/es\/wp-json\/wp\/v2\/product_tag?post=100983"}],"curies":[{"name":"wp","href":"https:\/\/api.w.org\/{rel}","templated":true}]}}