{"id":100948,"date":"2021-02-26T10:29:21","date_gmt":"2021-02-26T09:29:22","guid":{"rendered":"https:\/\/tourtravelandmore.com\/?post_type=product&#038;p=100948"},"modified":"2022-10-11T15:08:34","modified_gmt":"2022-10-11T13:08:34","slug":"tour-privado-a-pie-por-montpellier","status":"publish","type":"product","link":"https:\/\/tourtravelandmore.com\/es\/tours\/francia\/montpellier-sp\/tour-privado-a-pie-por-montpellier\/","title":{"rendered":"Tour Privado a pie por Montpellier"},"content":{"rendered":"<h2>Descripci\u00f3n del Tour Privado a pie por Montpellier<\/h2>\n<p>Disfrute de la oportunidad de conocer la ciudad de Montpellier durante este recorrido privado a pie. Este <strong>Tour Privado a pie por Montpellier<\/strong> es completamente personalizado y le daremos la oportunidad de conocer lo m\u00e1s posible de esta ciudad.<\/p>\n<p>Conozca toda la historia de Montpellier y toda la influencia que Luis XIV ha tenido en esta ciudad. Montpellier es una ciudad muy cercana al mar Mediterr\u00e1neo. Esta es tambi\u00e9n una buena parada en el puerto de cruceros cuando se visita desde Sete. Si necesita transporte desde Sete, inf\u00f3rmenos y podemos organizar el transporte privado para usted. Montpellier se encuentra en el \u00e1rea de Occitane.<\/p>\n<p>Montpellier es una ciudad muy urbana y estudiantil. Tiene muchas universidades e instituciones de educaci\u00f3n superior. Es una gran ciudad para visitar y disfrutar de este recorrido a pie con uno de nuestros gu\u00edas tur\u00edsticos privados.<\/p>\n<p>Es, adem\u00e1s, la tercera ciudad m\u00e1s grande en la costa mediterr\u00e1nea de Francia y se encuentra muy cerca del mar. Marsella y Niza tendr\u00edan las dos primeras posiciones como ciudades m\u00e1s grandes en la costa mediterr\u00e1nea.<\/p>\n<p>Deje que nuestro gu\u00eda tur\u00edstico privado lo lleve a disfrutar este incre\u00edble tour privado a pie por Montpellier. Esta es una experiencia completamente privada y podemos personalizarla para satisfacer sus propias necesidades.<\/p>\n<h2>Puntos emblem\u00e1ticos y de inter\u00e9s en el Tour Privado a pie por Montpellier<\/h2>\n<p>Obtenga la oportunidad de ver lo mejor de Montpellier y disfrute de este tour privado a pie por Montpellier con un gu\u00eda tur\u00edstico oficial solo para usted. \u00a1Esta es la mejor manera de conocer una ciudad con la atenci\u00f3n completa de los gu\u00edas!<\/p>\n<p>Dado que se trata de un recorrido privado, podemos organizar la recogida en un punto de reuni\u00f3n ubicado en el centro o en su hotel si est\u00e1 ubicado en el centro. Si viene de la ciudad, tambi\u00e9n podemos organizar un punto de encuentro c\u00e9ntrico y c\u00f3modo para usted.<\/p>\n<p>La historia de Montpellier se remonta y la mejor ciudad para conocer los monumentos y sitios m\u00e1s importantes de esta ciudad \u00fanica es con un gu\u00eda tur\u00edstico oficial privado.<\/p>\n<p>Entre otros, aqu\u00ed hay algunos monumentos y sitios que puede ver y disfrutar con este recorrido privado:<\/p>\n<ul>\n<li><strong>Vista del museo Fabre<\/strong><\/li>\n<li><strong>L&#8217;Ecusson (viejo Montpellier)<\/strong><\/li>\n<li><strong>Promenade de Peyrou<\/strong><\/li>\n<li><strong>Place de la Com\u00e9die<\/strong><\/li>\n<li><strong>Les Halles Castellane<\/strong><\/li>\n<li><strong>Ch\u00e2teaau d\u2019Eau<\/strong><\/li>\n<li><strong>Fuente de las Tres Gracias<\/strong><\/li>\n<li><strong>Explanada Charles-de-Gaulle<\/strong><\/li>\n<li><strong>Eche un vistazo a los edificios neocl\u00e1sicos como la \u00d3pera Nacional<\/strong><\/li>\n<li><a href=\"https:\/\/www.cathedrale-montpellier.fr\">Catedral de Montpellier<\/a><\/li>\n<li><strong>Arco del Triunfo: en la entrada del Paseo Mar\u00edtimo de Peyrou<\/strong><\/li>\n<li><strong>Pavillon Populaire<\/strong><\/li>\n<li><strong>H\u00f4tels de Montpellier<\/strong><\/li>\n<\/ul>\n<p>\u00a1Estas son algunas opciones sobre qu\u00e9 hacer en Montpellier con nuestro recorrido privado!<\/p>\n<p><a href=\"https:\/\/tourtravelandmore.com\/es\/ciudad\/francia\/montpellier-sp\/#shop\/\">Mire aqu\u00ed todos nuestros tours y experiencias privadas en Montpellier.<\/a><\/p>\n","protected":false},"excerpt":{"rendered":"<p>Tenga la oportunidad de conocer una de las ciudades m\u00e1s hermosas de Francia con nuestro <strong>Tour Privado a pie por Montpellier con gu\u00eda oficial local.<\/strong><\/p>\n<p><span style=\"font-weight: 400;\">\u00a0<\/span><\/p>\n<h4><\/h4>\n","protected":false},"featured_media":100966,"comment_status":"open","ping_status":"closed","template":"","meta":{"_acf_changed":false},"product_brand":[],"product_cat":[1592,3605],"product_tag":[],"class_list":{"0":"post-100948","1":"product","2":"type-product","3":"status-publish","4":"has-post-thumbnail","6":"product_cat-francia","7":"product_cat-montpellier-sp","9":"first","10":"instock","11":"shipping-taxable","12":"purchasable","13":"product-type-simple"},"acf":[],"yoast_head":"<!-- This site is optimized with the Yoast SEO Premium plugin v25.3.1 (Yoast SEO v25.3.1) - https:\/\/yoast.com\/wordpress\/plugins\/seo\/ -->\n<title>Tour Privado a pie por Montpellier con gu\u00eda profesional local | Tour Travel &amp; More<\/title>\n<meta name=\"description\" content=\"Tenga la oportunidad de conocer una de las ciudades m\u00e1s hermosas de Francia con nuestro Tour Privado a pie por Montpellier con gu\u00eda oficial \u2705\" \/>\n<meta name=\"robots\" content=\"index, follow, max-snippet:-1, max-image-preview:large, max-video-preview:-1\" \/>\n<link rel=\"canonical\" href=\"https:\/\/tourtravelandmore.com\/es\/tours\/francia\/montpellier-sp\/tour-privado-a-pie-por-montpellier\/\" \/>\n<meta property=\"og:locale\" content=\"es_ES\" \/>\n<meta property=\"og:type\" content=\"article\" \/>\n<meta property=\"og:title\" content=\"Tour Privado a pie por Montpellier\" \/>\n<meta property=\"og:description\" content=\"Tenga la oportunidad de conocer una de las ciudades m\u00e1s hermosas de Francia con nuestro Tour Privado a pie por Montpellier con gu\u00eda oficial \u2705\" \/>\n<meta property=\"og:url\" content=\"https:\/\/tourtravelandmore.com\/es\/tours\/francia\/montpellier-sp\/tour-privado-a-pie-por-montpellier\/\" \/>\n<meta property=\"og:site_name\" content=\"Tour Travel And More\" \/>\n<meta property=\"article:publisher\" content=\"https:\/\/www.facebook.com\/tourtravelandmore\/\" \/>\n<meta property=\"article:modified_time\" content=\"2022-10-11T13:08:34+00:00\" \/>\n<meta property=\"og:image\" content=\"https:\/\/tourtravelandmore.com\/wp-content\/uploads\/2021\/02\/montpellier-2.jpg\" \/>\n\t<meta property=\"og:image:width\" content=\"1280\" \/>\n\t<meta property=\"og:image:height\" content=\"853\" \/>\n\t<meta property=\"og:image:type\" content=\"image\/jpeg\" \/>\n<meta name=\"twitter:card\" content=\"summary_large_image\" \/>\n<meta name=\"twitter:site\" content=\"@TourTravel_More\" \/>\n<meta name=\"twitter:label1\" content=\"Tiempo de lectura\" \/>\n\t<meta name=\"twitter:data1\" content=\"2 minutos\" \/>\n<script type=\"application\/ld+json\" class=\"yoast-schema-graph\">{\"@context\":\"https:\/\/schema.org\",\"@graph\":[{\"@type\":\"WebPage\",\"@id\":\"https:\/\/tourtravelandmore.com\/es\/tours\/francia\/montpellier-sp\/tour-privado-a-pie-por-montpellier\/\",\"url\":\"https:\/\/tourtravelandmore.com\/es\/tours\/francia\/montpellier-sp\/tour-privado-a-pie-por-montpellier\/\",\"name\":\"Tour Privado a pie por Montpellier con gu\u00eda profesional local | Tour Travel & More\",\"isPartOf\":{\"@id\":\"https:\/\/tourtravelandmore.com\/es\/#website\"},\"primaryImageOfPage\":{\"@id\":\"https:\/\/tourtravelandmore.com\/es\/tours\/francia\/montpellier-sp\/tour-privado-a-pie-por-montpellier\/#primaryimage\"},\"image\":{\"@id\":\"https:\/\/tourtravelandmore.com\/es\/tours\/francia\/montpellier-sp\/tour-privado-a-pie-por-montpellier\/#primaryimage\"},\"thumbnailUrl\":\"https:\/\/tourtravelandmore.com\/wp-content\/uploads\/2021\/02\/montpellier-2.jpg\",\"datePublished\":\"2021-02-26T09:29:22+00:00\",\"dateModified\":\"2022-10-11T13:08:34+00:00\",\"description\":\"Tenga la oportunidad de conocer una de las ciudades m\u00e1s hermosas de Francia con nuestro Tour Privado a pie por Montpellier con gu\u00eda oficial \u2705\",\"breadcrumb\":{\"@id\":\"https:\/\/tourtravelandmore.com\/es\/tours\/francia\/montpellier-sp\/tour-privado-a-pie-por-montpellier\/#breadcrumb\"},\"inLanguage\":\"es\",\"potentialAction\":[{\"@type\":\"ReadAction\",\"target\":[\"https:\/\/tourtravelandmore.com\/es\/tours\/francia\/montpellier-sp\/tour-privado-a-pie-por-montpellier\/\"]}]},{\"@type\":\"ImageObject\",\"inLanguage\":\"es\",\"@id\":\"https:\/\/tourtravelandmore.com\/es\/tours\/francia\/montpellier-sp\/tour-privado-a-pie-por-montpellier\/#primaryimage\",\"url\":\"https:\/\/tourtravelandmore.com\/wp-content\/uploads\/2021\/02\/montpellier-2.jpg\",\"contentUrl\":\"https:\/\/tourtravelandmore.com\/wp-content\/uploads\/2021\/02\/montpellier-2.jpg\",\"width\":1280,\"height\":853},{\"@type\":\"BreadcrumbList\",\"@id\":\"https:\/\/tourtravelandmore.com\/es\/tours\/francia\/montpellier-sp\/tour-privado-a-pie-por-montpellier\/#breadcrumb\",\"itemListElement\":[{\"@type\":\"ListItem\",\"position\":1,\"name\":\"Home\",\"item\":\"https:\/\/tourtravelandmore.com\/es\/\"},{\"@type\":\"ListItem\",\"position\":2,\"name\":\"Tours\",\"item\":\"https:\/\/tourtravelandmore.com\/es\/tours\/\"},{\"@type\":\"ListItem\",\"position\":3,\"name\":\"Tour Privado a pie por Montpellier\"}]},{\"@type\":\"WebSite\",\"@id\":\"https:\/\/tourtravelandmore.com\/es\/#website\",\"url\":\"https:\/\/tourtravelandmore.com\/es\/\",\"name\":\"Tour Travel And More\",\"description\":\"Private sightseeing tours and luxury transfers in Spain\",\"publisher\":{\"@id\":\"https:\/\/tourtravelandmore.com\/es\/#organization\"},\"potentialAction\":[{\"@type\":\"SearchAction\",\"target\":{\"@type\":\"EntryPoint\",\"urlTemplate\":\"https:\/\/tourtravelandmore.com\/es\/?s={search_term_string}\"},\"query-input\":{\"@type\":\"PropertyValueSpecification\",\"valueRequired\":true,\"valueName\":\"search_term_string\"}}],\"inLanguage\":\"es\"},{\"@type\":\"Organization\",\"@id\":\"https:\/\/tourtravelandmore.com\/es\/#organization\",\"name\":\"Tour Travel And More\",\"url\":\"https:\/\/tourtravelandmore.com\/es\/\",\"logo\":{\"@type\":\"ImageObject\",\"inLanguage\":\"es\",\"@id\":\"https:\/\/tourtravelandmore.com\/es\/#\/schema\/logo\/image\/\",\"url\":\"https:\/\/tourtravelandmore.com\/wp-content\/uploads\/2022\/12\/cropped-logo-cabecera-new.png\",\"contentUrl\":\"https:\/\/tourtravelandmore.com\/wp-content\/uploads\/2022\/12\/cropped-logo-cabecera-new.png\",\"width\":430,\"height\":61,\"caption\":\"Tour Travel And More\"},\"image\":{\"@id\":\"https:\/\/tourtravelandmore.com\/es\/#\/schema\/logo\/image\/\"},\"sameAs\":[\"https:\/\/www.facebook.com\/tourtravelandmore\/\",\"https:\/\/x.com\/TourTravel_More\"]}]}<\/script>\n<!-- \/ Yoast SEO Premium plugin. -->","yoast_head_json":{"title":"Tour Privado a pie por Montpellier con gu\u00eda profesional local | Tour Travel & More","description":"Tenga la oportunidad de conocer una de las ciudades m\u00e1s hermosas de Francia con nuestro Tour Privado a pie por Montpellier con gu\u00eda oficial \u2705","robots":{"index":"index","follow":"follow","max-snippet":"max-snippet:-1","max-image-preview":"max-image-preview:large","max-video-preview":"max-video-preview:-1"},"canonical":"https:\/\/tourtravelandmore.com\/es\/tours\/francia\/montpellier-sp\/tour-privado-a-pie-por-montpellier\/","og_locale":"es_ES","og_type":"article","og_title":"Tour Privado a pie por Montpellier","og_description":"Tenga la oportunidad de conocer una de las ciudades m\u00e1s hermosas de Francia con nuestro Tour Privado a pie por Montpellier con gu\u00eda oficial \u2705","og_url":"https:\/\/tourtravelandmore.com\/es\/tours\/francia\/montpellier-sp\/tour-privado-a-pie-por-montpellier\/","og_site_name":"Tour Travel And More","article_publisher":"https:\/\/www.facebook.com\/tourtravelandmore\/","article_modified_time":"2022-10-11T13:08:34+00:00","og_image":[{"width":1280,"height":853,"url":"https:\/\/tourtravelandmore.com\/wp-content\/uploads\/2021\/02\/montpellier-2.jpg","type":"image\/jpeg"}],"twitter_card":"summary_large_image","twitter_site":"@TourTravel_More","twitter_misc":{"Tiempo de lectura":"2 minutos"},"schema":{"@context":"https:\/\/schema.org","@graph":[{"@type":"WebPage","@id":"https:\/\/tourtravelandmore.com\/es\/tours\/francia\/montpellier-sp\/tour-privado-a-pie-por-montpellier\/","url":"https:\/\/tourtravelandmore.com\/es\/tours\/francia\/montpellier-sp\/tour-privado-a-pie-por-montpellier\/","name":"Tour Privado a pie por Montpellier con gu\u00eda profesional local | Tour Travel & More","isPartOf":{"@id":"https:\/\/tourtravelandmore.com\/es\/#website"},"primaryImageOfPage":{"@id":"https:\/\/tourtravelandmore.com\/es\/tours\/francia\/montpellier-sp\/tour-privado-a-pie-por-montpellier\/#primaryimage"},"image":{"@id":"https:\/\/tourtravelandmore.com\/es\/tours\/francia\/montpellier-sp\/tour-privado-a-pie-por-montpellier\/#primaryimage"},"thumbnailUrl":"https:\/\/tourtravelandmore.com\/wp-content\/uploads\/2021\/02\/montpellier-2.jpg","datePublished":"2021-02-26T09:29:22+00:00","dateModified":"2022-10-11T13:08:34+00:00","description":"Tenga la oportunidad de conocer una de las ciudades m\u00e1s hermosas de Francia con nuestro Tour Privado a pie por Montpellier con gu\u00eda oficial \u2705","breadcrumb":{"@id":"https:\/\/tourtravelandmore.com\/es\/tours\/francia\/montpellier-sp\/tour-privado-a-pie-por-montpellier\/#breadcrumb"},"inLanguage":"es","potentialAction":[{"@type":"ReadAction","target":["https:\/\/tourtravelandmore.com\/es\/tours\/francia\/montpellier-sp\/tour-privado-a-pie-por-montpellier\/"]}]},{"@type":"ImageObject","inLanguage":"es","@id":"https:\/\/tourtravelandmore.com\/es\/tours\/francia\/montpellier-sp\/tour-privado-a-pie-por-montpellier\/#primaryimage","url":"https:\/\/tourtravelandmore.com\/wp-content\/uploads\/2021\/02\/montpellier-2.jpg","contentUrl":"https:\/\/tourtravelandmore.com\/wp-content\/uploads\/2021\/02\/montpellier-2.jpg","width":1280,"height":853},{"@type":"BreadcrumbList","@id":"https:\/\/tourtravelandmore.com\/es\/tours\/francia\/montpellier-sp\/tour-privado-a-pie-por-montpellier\/#breadcrumb","itemListElement":[{"@type":"ListItem","position":1,"name":"Home","item":"https:\/\/tourtravelandmore.com\/es\/"},{"@type":"ListItem","position":2,"name":"Tours","item":"https:\/\/tourtravelandmore.com\/es\/tours\/"},{"@type":"ListItem","position":3,"name":"Tour Privado a pie por Montpellier"}]},{"@type":"WebSite","@id":"https:\/\/tourtravelandmore.com\/es\/#website","url":"https:\/\/tourtravelandmore.com\/es\/","name":"Tour Travel And More","description":"Private sightseeing tours and luxury transfers in Spain","publisher":{"@id":"https:\/\/tourtravelandmore.com\/es\/#organization"},"potentialAction":[{"@type":"SearchAction","target":{"@type":"EntryPoint","urlTemplate":"https:\/\/tourtravelandmore.com\/es\/?s={search_term_string}"},"query-input":{"@type":"PropertyValueSpecification","valueRequired":true,"valueName":"search_term_string"}}],"inLanguage":"es"},{"@type":"Organization","@id":"https:\/\/tourtravelandmore.com\/es\/#organization","name":"Tour Travel And More","url":"https:\/\/tourtravelandmore.com\/es\/","logo":{"@type":"ImageObject","inLanguage":"es","@id":"https:\/\/tourtravelandmore.com\/es\/#\/schema\/logo\/image\/","url":"https:\/\/tourtravelandmore.com\/wp-content\/uploads\/2022\/12\/cropped-logo-cabecera-new.png","contentUrl":"https:\/\/tourtravelandmore.com\/wp-content\/uploads\/2022\/12\/cropped-logo-cabecera-new.png","width":430,"height":61,"caption":"Tour Travel And More"},"image":{"@id":"https:\/\/tourtravelandmore.com\/es\/#\/schema\/logo\/image\/"},"sameAs":["https:\/\/www.facebook.com\/tourtravelandmore\/","https:\/\/x.com\/TourTravel_More"]}]}},"_links":{"self":[{"href":"https:\/\/tourtravelandmore.com\/es\/wp-json\/wp\/v2\/product\/100948","targetHints":{"allow":["GET"]}}],"collection":[{"href":"https:\/\/tourtravelandmore.com\/es\/wp-json\/wp\/v2\/product"}],"about":[{"href":"https:\/\/tourtravelandmore.com\/es\/wp-json\/wp\/v2\/types\/product"}],"replies":[{"embeddable":true,"href":"https:\/\/tourtravelandmore.com\/es\/wp-json\/wp\/v2\/comments?post=100948"}],"wp:featuredmedia":[{"embeddable":true,"href":"https:\/\/tourtravelandmore.com\/es\/wp-json\/wp\/v2\/media\/100966"}],"wp:attachment":[{"href":"https:\/\/tourtravelandmore.com\/es\/wp-json\/wp\/v2\/media?parent=100948"}],"wp:term":[{"taxonomy":"product_brand","embeddable":true,"href":"https:\/\/tourtravelandmore.com\/es\/wp-json\/wp\/v2\/product_brand?post=100948"},{"taxonomy":"product_cat","embeddable":true,"href":"https:\/\/tourtravelandmore.com\/es\/wp-json\/wp\/v2\/product_cat?post=100948"},{"taxonomy":"product_tag","embeddable":true,"href":"https:\/\/tourtravelandmore.com\/es\/wp-json\/wp\/v2\/product_tag?post=100948"}],"curies":[{"name":"wp","href":"https:\/\/api.w.org\/{rel}","templated":true}]}}