{"id":10088,"date":"2017-01-18T09:42:49","date_gmt":"2017-01-18T13:36:51","guid":{"rendered":"http:\/\/tourtravelandmore.com\/es\/?post_type=product&#038;p=10088"},"modified":"2024-08-21T17:47:55","modified_gmt":"2024-08-21T15:47:55","slug":"tour-privado-por-roma-y-coliseo-romano","status":"publish","type":"product","link":"https:\/\/tourtravelandmore.com\/es\/tours\/italia-es\/roma-es\/tour-privado-por-roma-y-coliseo-romano\/","title":{"rendered":"Tour Privado por Roma y Coliseo Romano"},"content":{"rendered":"<h2>Descripci\u00f3n del Tour Privado por Roma y Coliseo Romano<\/h2>\n<p>Disfrute de este <strong>tour privado por Roma y<\/strong> <strong>Coliseo Romano<\/strong> con su gu\u00eda oficial y conozca los lugares y monumentos m\u00e1s emblem\u00e1ticos de Roma.<\/p>\n<p>Este tour privado comenzar\u00e1 con la recogida en su hotel. Nuestra recogida privada tambi\u00e9n puede ser desde el puerto de cruceros o el aeropuerto. Solo h\u00e1ganos saber y organizaremos la recogida correcta.<\/p>\n<p><strong>Roma<\/strong> es un lugar \u00fanico para visitar, con m\u00e1s de dos mil quinientos a\u00f1os de historia. Actualmente, tiene el estatus de ciudad global y est\u00e1 clasificada entre las 14 ciudades m\u00e1s visitadas del mundo.<\/p>\n<p>La ciudad de Roma es la capital de Italia y la regi\u00f3n del Lacio. Es la comuna m\u00e1s grande y la cuarta ciudad m\u00e1s poblada de la Uni\u00f3n Europea. Hay m\u00e1s de 2.9 millones de residentes en la ciudad.<\/p>\n<p>El <strong>Coliseo Romano<\/strong> es uno de los lugares m\u00e1s emblem\u00e1ticos e hist\u00f3ricos de Roma, que fue construido en el a\u00f1o 72 a. C. y pod\u00eda albergar hasta 55,000 personas.\u00a0Tendr\u00e1 acceso sin cola al <a href=\"https:\/\/www.coopculture.it\/colosseo-e-shop.cfm\">Coliseo y al Foro Romano<\/a>, aprender\u00e1 su historia con su gu\u00eda tur\u00edstico oficial privado.<\/p>\n<p>Despu\u00e9s de visitar el Coliseo, disfrutar\u00e1 de una visita guiada por algunos de los sitios m\u00e1s representativos de Roma.<\/p>\n<p>Debajo encontrar\u00e1 un recorrido de 4 horas, pero siempre podemos ofrecer recorridos m\u00e1s largos, como por ejemplo 6 horas u 8 horas. Puede modificar el n\u00famero exacto de horas.<\/p>\n<p>Si llega a Roma en un crucero, eche un vistazo a nuestra <a href=\"https:\/\/tourtravelandmore.com\/es\/tours\/italia-es\/roma-es\/tour-privado-a-roma-desde-civitavecchia\/\">Excursi\u00f3n Privada de Roma desde Civitavecchia<\/a>.<\/p>\n<h2><strong>Puntos de inter\u00e9s en el Tour Privado por Roma y Coliseo Romano<\/strong><\/h2>\n<p>En primer lugar, organizaremos una recogida c\u00f3moda para usted y su grupo privado. Su gu\u00eda tur\u00edstico oficial privado junto con su chofer lo estar\u00e1n esperando en el lugar de su elecci\u00f3n.<\/p>\n<p>Luego continuaremos y comenzaremos este incre\u00edble recorrido privado por el Coliseo Romano y los puntos destacados de Roma.<\/p>\n<p>Aqu\u00ed hay un ejemplo de las paradas y el itinerario que disfrutar\u00e1 durante su recorrido privado.<\/p>\n<ul>\n<li><strong>Coliseo<\/strong>: tambi\u00e9n llamado Anfiteatro Flavio, construido bajo los emperadores Flavianos, entrada incluida en el precio del recorrido.<\/li>\n<li><strong>Foro Romano:<\/strong> es el foro de la ciudad, en otras palabras, la zona central de Roma que sol\u00eda tener el gobierno, el mercado y las instituciones religiosas.<\/li>\n<li><strong>Plaza Navona:<\/strong> esta plaza es uno de los espacios urbanos m\u00e1s destacados, ya que es la preferida de los artistas y es un lugar emblem\u00e1tico para ferias y festivales.<\/li>\n<li><strong>Pante\u00f3n:<\/strong> un antiguo Templo Romano ubicado en la Plaza de la Rotonda.<\/li>\n<li><strong>Fuente de Di Trevi:<\/strong> es una de las fuentes monumentales m\u00e1s grandes (con unos 40 metros de frente) del barroco en Roma y se encuentra en Trevi Rione.<\/li>\n<li><strong>Escaleras de Espa\u00f1a:<\/strong> va desde Plaza Espa\u00f1a hasta la base de la Piazza Trinit\u00e0 dei Mont<\/li>\n<li><strong>Plaza de Espa\u00f1a:<\/strong> una de las plazas m\u00e1s importantes de Roma.<\/li>\n<li><strong>Plaza del P\u00f3polo:<\/strong> esta plaza era muy importante, ya que era el lugar donde todos los turistas llegaban a la ciudad en tiempos del Imperio.<\/li>\n<li>\u00a1Mucho m\u00e1s!<\/li>\n<\/ul>\n<p>Podr\u00e1 disfrutar y admirar la gran arquitectura del Coliseo Romano y los aspectos m\u00e1s destacados de Roma en este tour privado.<\/p>\n<p>Su gu\u00eda tur\u00edstico oficial y su veh\u00edculo privado de lujo con chofer estar\u00e1n a su disposici\u00f3n durante el recorrido de 4 horas para obtener lo mejor de su recorrido privado en Roma.<\/p>\n<p>Este es un recorrido \u00fanico completamente personalizado para usted y su grupo. Podr\u00e1 personalizar este recorrido y tomar fotograf\u00edas impresionantes cuando lo desee.<\/p>\n","protected":false},"excerpt":{"rendered":"<p>Acomp\u00e1\u00f1enos en este\u00a0<strong>tour privado por Roma y Coliseo Romano<\/strong>. Conozca el alucinante Coliseo y Foro Romano junto a su gu\u00eda oficial y chofer privado c\u00f3modos en un veh\u00edculo privado de lujo. Ademas podr\u00e1 conocer otro lugares de gran inter\u00e9s como la <strong>Fontana di Trevi<\/strong>, <strong>Pante\u00f3n<\/strong>, <strong>Plaza Espa\u00f1a<\/strong> y mucho mas!.<\/p>\n","protected":false},"featured_media":9965,"comment_status":"open","ping_status":"closed","template":"","meta":{"_acf_changed":false},"product_brand":[],"product_cat":[367,653,368,370,369],"product_tag":[],"class_list":{"0":"post-10088","1":"product","2":"type-product","3":"status-publish","4":"has-post-thumbnail","6":"product_cat-roma-es","7":"product_cat-roma-top-ventas-es","8":"product_cat-roma-actividades-es","9":"product_cat-roma-rutas-turisticas-privadas-es","10":"product_cat-roma-excursiones-es","12":"first","13":"instock","14":"shipping-taxable","15":"purchasable","16":"product-type-simple"},"acf":[],"yoast_head":"<!-- This site is optimized with the Yoast SEO Premium plugin v25.3.1 (Yoast SEO v25.3.1) - https:\/\/yoast.com\/wordpress\/plugins\/seo\/ -->\n<title>Tour Privado por Roma y Coliseo Romano con entradas sin cola | TTM<\/title>\n<meta name=\"description\" content=\"Disfrute de este Tour Privado por Roma y Coliseo Romano junto a su gu\u00eda official y chofer privado. Admire los lugares mas emblem\u00e1ticos de esta bella ciudad \u2705\" \/>\n<meta name=\"robots\" content=\"index, follow, max-snippet:-1, max-image-preview:large, max-video-preview:-1\" \/>\n<link rel=\"canonical\" href=\"https:\/\/tourtravelandmore.com\/es\/tours\/italia-es\/roma-es\/tour-privado-por-roma-y-coliseo-romano\/\" \/>\n<meta property=\"og:locale\" content=\"es_ES\" \/>\n<meta property=\"og:type\" content=\"article\" \/>\n<meta property=\"og:title\" content=\"Tour Privado por Roma y Coliseo Romano\" \/>\n<meta property=\"og:description\" content=\"Disfrute de este Tour Privado por Roma y Coliseo Romano junto a su gu\u00eda official y chofer privado. Admire los lugares mas emblem\u00e1ticos de esta bella ciudad \u2705\" \/>\n<meta property=\"og:url\" content=\"https:\/\/tourtravelandmore.com\/es\/tours\/italia-es\/roma-es\/tour-privado-por-roma-y-coliseo-romano\/\" \/>\n<meta property=\"og:site_name\" content=\"Tour Travel And More\" \/>\n<meta property=\"article:publisher\" content=\"https:\/\/www.facebook.com\/tourtravelandmore\/\" \/>\n<meta property=\"article:modified_time\" content=\"2024-08-21T15:47:55+00:00\" \/>\n<meta property=\"og:image\" content=\"https:\/\/tourtravelandmore.com\/wp-content\/uploads\/2017\/01\/Roma-02.jpg\" \/>\n\t<meta property=\"og:image:width\" content=\"1024\" \/>\n\t<meta property=\"og:image:height\" content=\"768\" \/>\n\t<meta property=\"og:image:type\" content=\"image\/jpeg\" \/>\n<meta name=\"twitter:card\" content=\"summary_large_image\" \/>\n<meta name=\"twitter:site\" content=\"@TourTravel_More\" \/>\n<meta name=\"twitter:label1\" content=\"Tiempo de lectura\" \/>\n\t<meta name=\"twitter:data1\" content=\"3 minutos\" \/>\n<script type=\"application\/ld+json\" class=\"yoast-schema-graph\">{\"@context\":\"https:\/\/schema.org\",\"@graph\":[{\"@type\":\"WebPage\",\"@id\":\"https:\/\/tourtravelandmore.com\/es\/tours\/italia-es\/roma-es\/tour-privado-por-roma-y-coliseo-romano\/\",\"url\":\"https:\/\/tourtravelandmore.com\/es\/tours\/italia-es\/roma-es\/tour-privado-por-roma-y-coliseo-romano\/\",\"name\":\"Tour Privado por Roma y Coliseo Romano con entradas sin cola | TTM\",\"isPartOf\":{\"@id\":\"https:\/\/tourtravelandmore.com\/es\/#website\"},\"primaryImageOfPage\":{\"@id\":\"https:\/\/tourtravelandmore.com\/es\/tours\/italia-es\/roma-es\/tour-privado-por-roma-y-coliseo-romano\/#primaryimage\"},\"image\":{\"@id\":\"https:\/\/tourtravelandmore.com\/es\/tours\/italia-es\/roma-es\/tour-privado-por-roma-y-coliseo-romano\/#primaryimage\"},\"thumbnailUrl\":\"https:\/\/tourtravelandmore.com\/wp-content\/uploads\/2017\/01\/Roma-02.jpg\",\"datePublished\":\"2017-01-18T13:36:51+00:00\",\"dateModified\":\"2024-08-21T15:47:55+00:00\",\"description\":\"Disfrute de este Tour Privado por Roma y Coliseo Romano junto a su gu\u00eda official y chofer privado. Admire los lugares mas emblem\u00e1ticos de esta bella ciudad \u2705\",\"breadcrumb\":{\"@id\":\"https:\/\/tourtravelandmore.com\/es\/tours\/italia-es\/roma-es\/tour-privado-por-roma-y-coliseo-romano\/#breadcrumb\"},\"inLanguage\":\"es\",\"potentialAction\":[{\"@type\":\"ReadAction\",\"target\":[\"https:\/\/tourtravelandmore.com\/es\/tours\/italia-es\/roma-es\/tour-privado-por-roma-y-coliseo-romano\/\"]}]},{\"@type\":\"ImageObject\",\"inLanguage\":\"es\",\"@id\":\"https:\/\/tourtravelandmore.com\/es\/tours\/italia-es\/roma-es\/tour-privado-por-roma-y-coliseo-romano\/#primaryimage\",\"url\":\"https:\/\/tourtravelandmore.com\/wp-content\/uploads\/2017\/01\/Roma-02.jpg\",\"contentUrl\":\"https:\/\/tourtravelandmore.com\/wp-content\/uploads\/2017\/01\/Roma-02.jpg\",\"width\":1024,\"height\":768},{\"@type\":\"BreadcrumbList\",\"@id\":\"https:\/\/tourtravelandmore.com\/es\/tours\/italia-es\/roma-es\/tour-privado-por-roma-y-coliseo-romano\/#breadcrumb\",\"itemListElement\":[{\"@type\":\"ListItem\",\"position\":1,\"name\":\"Home\",\"item\":\"https:\/\/tourtravelandmore.com\/es\/\"},{\"@type\":\"ListItem\",\"position\":2,\"name\":\"Tours\",\"item\":\"https:\/\/tourtravelandmore.com\/es\/tours\/\"},{\"@type\":\"ListItem\",\"position\":3,\"name\":\"Tour Privado por Roma y Coliseo Romano\"}]},{\"@type\":\"WebSite\",\"@id\":\"https:\/\/tourtravelandmore.com\/es\/#website\",\"url\":\"https:\/\/tourtravelandmore.com\/es\/\",\"name\":\"Tour Travel And More\",\"description\":\"Private sightseeing tours and luxury transfers in Spain\",\"publisher\":{\"@id\":\"https:\/\/tourtravelandmore.com\/es\/#organization\"},\"potentialAction\":[{\"@type\":\"SearchAction\",\"target\":{\"@type\":\"EntryPoint\",\"urlTemplate\":\"https:\/\/tourtravelandmore.com\/es\/?s={search_term_string}\"},\"query-input\":{\"@type\":\"PropertyValueSpecification\",\"valueRequired\":true,\"valueName\":\"search_term_string\"}}],\"inLanguage\":\"es\"},{\"@type\":\"Organization\",\"@id\":\"https:\/\/tourtravelandmore.com\/es\/#organization\",\"name\":\"Tour Travel And More\",\"url\":\"https:\/\/tourtravelandmore.com\/es\/\",\"logo\":{\"@type\":\"ImageObject\",\"inLanguage\":\"es\",\"@id\":\"https:\/\/tourtravelandmore.com\/es\/#\/schema\/logo\/image\/\",\"url\":\"https:\/\/tourtravelandmore.com\/wp-content\/uploads\/2022\/12\/cropped-logo-cabecera-new.png\",\"contentUrl\":\"https:\/\/tourtravelandmore.com\/wp-content\/uploads\/2022\/12\/cropped-logo-cabecera-new.png\",\"width\":430,\"height\":61,\"caption\":\"Tour Travel And More\"},\"image\":{\"@id\":\"https:\/\/tourtravelandmore.com\/es\/#\/schema\/logo\/image\/\"},\"sameAs\":[\"https:\/\/www.facebook.com\/tourtravelandmore\/\",\"https:\/\/x.com\/TourTravel_More\"]}]}<\/script>\n<!-- \/ Yoast SEO Premium plugin. -->","yoast_head_json":{"title":"Tour Privado por Roma y Coliseo Romano con entradas sin cola | TTM","description":"Disfrute de este Tour Privado por Roma y Coliseo Romano junto a su gu\u00eda official y chofer privado. Admire los lugares mas emblem\u00e1ticos de esta bella ciudad \u2705","robots":{"index":"index","follow":"follow","max-snippet":"max-snippet:-1","max-image-preview":"max-image-preview:large","max-video-preview":"max-video-preview:-1"},"canonical":"https:\/\/tourtravelandmore.com\/es\/tours\/italia-es\/roma-es\/tour-privado-por-roma-y-coliseo-romano\/","og_locale":"es_ES","og_type":"article","og_title":"Tour Privado por Roma y Coliseo Romano","og_description":"Disfrute de este Tour Privado por Roma y Coliseo Romano junto a su gu\u00eda official y chofer privado. Admire los lugares mas emblem\u00e1ticos de esta bella ciudad \u2705","og_url":"https:\/\/tourtravelandmore.com\/es\/tours\/italia-es\/roma-es\/tour-privado-por-roma-y-coliseo-romano\/","og_site_name":"Tour Travel And More","article_publisher":"https:\/\/www.facebook.com\/tourtravelandmore\/","article_modified_time":"2024-08-21T15:47:55+00:00","og_image":[{"width":1024,"height":768,"url":"https:\/\/tourtravelandmore.com\/wp-content\/uploads\/2017\/01\/Roma-02.jpg","type":"image\/jpeg"}],"twitter_card":"summary_large_image","twitter_site":"@TourTravel_More","twitter_misc":{"Tiempo de lectura":"3 minutos"},"schema":{"@context":"https:\/\/schema.org","@graph":[{"@type":"WebPage","@id":"https:\/\/tourtravelandmore.com\/es\/tours\/italia-es\/roma-es\/tour-privado-por-roma-y-coliseo-romano\/","url":"https:\/\/tourtravelandmore.com\/es\/tours\/italia-es\/roma-es\/tour-privado-por-roma-y-coliseo-romano\/","name":"Tour Privado por Roma y Coliseo Romano con entradas sin cola | TTM","isPartOf":{"@id":"https:\/\/tourtravelandmore.com\/es\/#website"},"primaryImageOfPage":{"@id":"https:\/\/tourtravelandmore.com\/es\/tours\/italia-es\/roma-es\/tour-privado-por-roma-y-coliseo-romano\/#primaryimage"},"image":{"@id":"https:\/\/tourtravelandmore.com\/es\/tours\/italia-es\/roma-es\/tour-privado-por-roma-y-coliseo-romano\/#primaryimage"},"thumbnailUrl":"https:\/\/tourtravelandmore.com\/wp-content\/uploads\/2017\/01\/Roma-02.jpg","datePublished":"2017-01-18T13:36:51+00:00","dateModified":"2024-08-21T15:47:55+00:00","description":"Disfrute de este Tour Privado por Roma y Coliseo Romano junto a su gu\u00eda official y chofer privado. Admire los lugares mas emblem\u00e1ticos de esta bella ciudad \u2705","breadcrumb":{"@id":"https:\/\/tourtravelandmore.com\/es\/tours\/italia-es\/roma-es\/tour-privado-por-roma-y-coliseo-romano\/#breadcrumb"},"inLanguage":"es","potentialAction":[{"@type":"ReadAction","target":["https:\/\/tourtravelandmore.com\/es\/tours\/italia-es\/roma-es\/tour-privado-por-roma-y-coliseo-romano\/"]}]},{"@type":"ImageObject","inLanguage":"es","@id":"https:\/\/tourtravelandmore.com\/es\/tours\/italia-es\/roma-es\/tour-privado-por-roma-y-coliseo-romano\/#primaryimage","url":"https:\/\/tourtravelandmore.com\/wp-content\/uploads\/2017\/01\/Roma-02.jpg","contentUrl":"https:\/\/tourtravelandmore.com\/wp-content\/uploads\/2017\/01\/Roma-02.jpg","width":1024,"height":768},{"@type":"BreadcrumbList","@id":"https:\/\/tourtravelandmore.com\/es\/tours\/italia-es\/roma-es\/tour-privado-por-roma-y-coliseo-romano\/#breadcrumb","itemListElement":[{"@type":"ListItem","position":1,"name":"Home","item":"https:\/\/tourtravelandmore.com\/es\/"},{"@type":"ListItem","position":2,"name":"Tours","item":"https:\/\/tourtravelandmore.com\/es\/tours\/"},{"@type":"ListItem","position":3,"name":"Tour Privado por Roma y Coliseo Romano"}]},{"@type":"WebSite","@id":"https:\/\/tourtravelandmore.com\/es\/#website","url":"https:\/\/tourtravelandmore.com\/es\/","name":"Tour Travel And More","description":"Private sightseeing tours and luxury transfers in Spain","publisher":{"@id":"https:\/\/tourtravelandmore.com\/es\/#organization"},"potentialAction":[{"@type":"SearchAction","target":{"@type":"EntryPoint","urlTemplate":"https:\/\/tourtravelandmore.com\/es\/?s={search_term_string}"},"query-input":{"@type":"PropertyValueSpecification","valueRequired":true,"valueName":"search_term_string"}}],"inLanguage":"es"},{"@type":"Organization","@id":"https:\/\/tourtravelandmore.com\/es\/#organization","name":"Tour Travel And More","url":"https:\/\/tourtravelandmore.com\/es\/","logo":{"@type":"ImageObject","inLanguage":"es","@id":"https:\/\/tourtravelandmore.com\/es\/#\/schema\/logo\/image\/","url":"https:\/\/tourtravelandmore.com\/wp-content\/uploads\/2022\/12\/cropped-logo-cabecera-new.png","contentUrl":"https:\/\/tourtravelandmore.com\/wp-content\/uploads\/2022\/12\/cropped-logo-cabecera-new.png","width":430,"height":61,"caption":"Tour Travel And More"},"image":{"@id":"https:\/\/tourtravelandmore.com\/es\/#\/schema\/logo\/image\/"},"sameAs":["https:\/\/www.facebook.com\/tourtravelandmore\/","https:\/\/x.com\/TourTravel_More"]}]}},"_links":{"self":[{"href":"https:\/\/tourtravelandmore.com\/es\/wp-json\/wp\/v2\/product\/10088","targetHints":{"allow":["GET"]}}],"collection":[{"href":"https:\/\/tourtravelandmore.com\/es\/wp-json\/wp\/v2\/product"}],"about":[{"href":"https:\/\/tourtravelandmore.com\/es\/wp-json\/wp\/v2\/types\/product"}],"replies":[{"embeddable":true,"href":"https:\/\/tourtravelandmore.com\/es\/wp-json\/wp\/v2\/comments?post=10088"}],"wp:featuredmedia":[{"embeddable":true,"href":"https:\/\/tourtravelandmore.com\/es\/wp-json\/wp\/v2\/media\/9965"}],"wp:attachment":[{"href":"https:\/\/tourtravelandmore.com\/es\/wp-json\/wp\/v2\/media?parent=10088"}],"wp:term":[{"taxonomy":"product_brand","embeddable":true,"href":"https:\/\/tourtravelandmore.com\/es\/wp-json\/wp\/v2\/product_brand?post=10088"},{"taxonomy":"product_cat","embeddable":true,"href":"https:\/\/tourtravelandmore.com\/es\/wp-json\/wp\/v2\/product_cat?post=10088"},{"taxonomy":"product_tag","embeddable":true,"href":"https:\/\/tourtravelandmore.com\/es\/wp-json\/wp\/v2\/product_tag?post=10088"}],"curies":[{"name":"wp","href":"https:\/\/api.w.org\/{rel}","templated":true}]}}