{"id":100833,"date":"2021-02-25T11:36:41","date_gmt":"2021-02-25T10:36:41","guid":{"rendered":"https:\/\/tourtravelandmore.com\/?post_type=product&#038;p=100833"},"modified":"2022-10-11T16:14:21","modified_gmt":"2022-10-11T14:14:21","slug":"tour-privado-a-normandia-desde-le-havre","status":"publish","type":"product","link":"https:\/\/tourtravelandmore.com\/es\/tours\/francia\/le-havre-es\/tour-privado-a-normandia-desde-le-havre\/","title":{"rendered":"Tour Privado a Normand\u00eda desde Le Havre"},"content":{"rendered":"<h2>Descripci\u00f3n del Tour Privado a Normand\u00eda desde Le Havre<\/h2>\n<p>Aproveche su parada de crucero en Le Havre para conocer una de las partes m\u00e1s hist\u00f3ricas de Francia; Normand\u00eda. Cuando tiene una parada en el puerto de cruceros de Le Havre, hay muchas opciones que puede tomar. Puede disfrutar de una breve visita a Par\u00eds, una breve visita a La Bretagne o conocer Normand\u00eda, ya que es el lugar m\u00e1s cercano a su parada de crucero. En esta oportunidad, lo invitamos a este<strong> Tour Privado a Normand\u00eda desde Le Havre<\/strong>.<\/p>\n<p>Estamos especializados en excursiones en tierra privadas y estamos aqu\u00ed para hacer que la suya sea memorable. La recogida ser\u00e1 desde el puerto de cruceros en Le Havre y comenzaremos su recorrido privado. Dependiendo de cu\u00e1nto tiempo le gustar\u00eda la duraci\u00f3n del recorrido; podemos agregar o eliminar ciudades y ubicaciones en Normand\u00eda.<\/p>\n<p><strong>Normand\u00eda<\/strong> es conocida por las playas del desembarco del D\u00eda D, y muchas veces es lo primero que se nos ocurre cuando pensamos en Normand\u00eda. No debemos olvidar que Normand\u00eda no es solo esto y tiene mucho que ofrecer.<\/p>\n<p>Al ser un recorrido privado, no tiene que preocuparse por las multitudes en un autocar o por no tener una experiencia personalizada. Normand\u00eda es muy grande y no podemos hacer todo en un d\u00eda. Aqu\u00ed hay algunos ejemplos de lo que podemos ofrecerle. H\u00e1ganos saber si tiene alg\u00fan deseo espec\u00edfico o alguna ubicaci\u00f3n que no quiera perderse.<\/p>\n<p>Tambi\u00e9n existe la oportunidad de agregar un gu\u00eda tur\u00edstico oficial privado por separado. Esta ser\u00eda otra persona adem\u00e1s de su conductor para llevarlo de visita a Normand\u00eda. Este gu\u00eda tur\u00edstico oficial tiene m\u00e1s conocimiento hist\u00f3rico y ser\u00e1 m\u00e1s espec\u00edfico en los detalles que nuestro conductor de habla inglesa.<\/p>\n<p>H\u00e1ganos saber lo que prefiere y lo arreglaremos en consecuencia. Nuestros representantes de viajes est\u00e1n a su entera disposici\u00f3n y a solo un correo electr\u00f3nico de distancia. Cont\u00e1ctenos para personalizar su tour privado de Normand\u00eda desde Le Havre.<\/p>\n<h2>Puntos emblem\u00e1ticos y de inter\u00e9s en el Tour Privado a Normand\u00eda desde Le Havre<\/h2>\n<p>En primer lugar, tenga la seguridad de que nuestro recorrido privado ser\u00e1 libre de estr\u00e9s y ser\u00e1 una gran experiencia. Nuestro conductor privado lo estar\u00e1 esperando al atracar en el puerto de cruceros de Le Havre.<\/p>\n<p>Tenemos dos opciones: puede disfrutar de la experiencia de un d\u00eda completo con un conductor privado de habla inglesa o tenemos la opci\u00f3n de agregar un gu\u00eda tur\u00edstico oficial una vez que llegue a Normand\u00eda.<\/p>\n<p>Hay muchas opciones para hacer cuando est\u00e1s en Normand\u00eda. Aqu\u00ed hay ejemplos, entre otros:<\/p>\n<ul>\n<li><strong>Excursi\u00f3n de un d\u00eda para visitar las playas del D\u00eda D y conocer la historia que tienen estos lugares. Esto puede incluir Bayeux o Caen<\/strong><\/li>\n<li><strong>Existe la opci\u00f3n de visitar Honfleur o Camembert<\/strong><\/li>\n<li><strong>S\u00ed te interesan principalmente las ciudades; Ruan<\/strong><\/li>\n<li><strong>Otra excursi\u00f3n t\u00edpica de un d\u00eda ser\u00eda a Mt St Michel (tenemos una descripci\u00f3n separada para este recorrido). Cont\u00e1ctenos para obtener m\u00e1s informaci\u00f3n en info@tourtravelandmore.com<\/strong><\/li>\n<li><strong>Entre otros, tambi\u00e9n puede incluir:<\/strong><\/li>\n<li><strong>Acantilados blancos de <a href=\"https:\/\/en.wikipedia.org\/wiki\/\u00c9tretat\">\u00c9tretat<\/a><\/strong><\/li>\n<li><strong>Casa y jard\u00edn de Claude Monet (en Giverny)<\/strong><\/li>\n<li><strong>Evreux<\/strong><\/li>\n<li><strong>Deauville<\/strong><\/li>\n<li><strong>Trouville<\/strong><\/li>\n<li><strong>Dieppe<\/strong><\/li>\n<li><strong>En cualquier caso, podemos organizar cualquier recorrido espec\u00edfico que desee<\/strong><\/li>\n<\/ul>\n<p>Normand\u00eda es bastante grande, as\u00ed que solo danos una pista de lo que m\u00e1s te interesa y organizaremos el recorrido por ti. Por supuesto, le recomendaremos d\u00f3nde almorzar y tendr\u00e1 algo de tiempo libre antes de regresar a su crucero.<\/p>\n<p><a href=\"https:\/\/tourtravelandmore.com\/es\/ciudad\/francia\/le-havre-es\/\">Mire aqu\u00ed todos nuestros tours y experiencias privadas en Le Havre.<\/a><\/p>\n","protected":false},"excerpt":{"rendered":"<p>Con este <strong>Tour Privado de Normand\u00eda desde Le Havre<\/strong>, podr\u00e1 visitar una ciudad incre\u00edble llena de una historia alucinante con un conductor privado c\u00f3modamente en un veh\u00edculo privado de lujo.<\/p>\n<p><span style=\"font-weight: 400;\">\u00a0<\/span><\/p>\n<h4><\/h4>\n","protected":false},"featured_media":100603,"comment_status":"open","ping_status":"closed","template":"","meta":{"_acf_changed":false},"product_brand":[],"product_cat":[1592,3614,1195,1196,1198],"product_tag":[],"class_list":{"0":"post-100833","1":"product","2":"type-product","3":"status-publish","4":"has-post-thumbnail","6":"product_cat-francia","7":"product_cat-normandy-sp","8":"product_cat-le-havre-es","9":"product_cat-le-havre-actividades-es","10":"product_cat-le-havre-excursiones-privadas-cruceros-es","12":"first","13":"instock","14":"shipping-taxable","15":"purchasable","16":"product-type-simple"},"acf":[],"yoast_head":"<!-- This site is optimized with the Yoast SEO Premium plugin v25.3.1 (Yoast SEO v25.3.1) - https:\/\/yoast.com\/wordpress\/plugins\/seo\/ -->\n<title>Tour Privado a Normand\u00eda desde Le Havre en veh\u00edculo privado | Tour Travel &amp; More<\/title>\n<meta name=\"description\" content=\"Con este Tour Privado a Normand\u00eda desde Le Havre, podr\u00e1 visitar una ciudad incre\u00edble llena de una historia alucinante con su chofer \u2705\" \/>\n<meta name=\"robots\" content=\"index, follow, max-snippet:-1, max-image-preview:large, max-video-preview:-1\" \/>\n<link rel=\"canonical\" href=\"https:\/\/tourtravelandmore.com\/es\/tours\/francia\/le-havre-es\/tour-privado-a-normandia-desde-le-havre\/\" \/>\n<meta property=\"og:locale\" content=\"es_ES\" \/>\n<meta property=\"og:type\" content=\"article\" \/>\n<meta property=\"og:title\" content=\"Tour Privado a Normand\u00eda desde Le Havre\" \/>\n<meta property=\"og:description\" content=\"Con este Tour Privado a Normand\u00eda desde Le Havre, podr\u00e1 visitar una ciudad incre\u00edble llena de una historia alucinante con su chofer \u2705\" \/>\n<meta property=\"og:url\" content=\"https:\/\/tourtravelandmore.com\/es\/tours\/francia\/le-havre-es\/tour-privado-a-normandia-desde-le-havre\/\" \/>\n<meta property=\"og:site_name\" content=\"Tour Travel And More\" \/>\n<meta property=\"article:publisher\" content=\"https:\/\/www.facebook.com\/tourtravelandmore\/\" \/>\n<meta property=\"article:modified_time\" content=\"2022-10-11T14:14:21+00:00\" \/>\n<meta property=\"og:image\" content=\"https:\/\/tourtravelandmore.com\/wp-content\/uploads\/2021\/02\/normandy-3.jpg\" \/>\n\t<meta property=\"og:image:width\" content=\"960\" \/>\n\t<meta property=\"og:image:height\" content=\"639\" \/>\n\t<meta property=\"og:image:type\" content=\"image\/jpeg\" \/>\n<meta name=\"twitter:card\" content=\"summary_large_image\" \/>\n<meta name=\"twitter:site\" content=\"@TourTravel_More\" \/>\n<meta name=\"twitter:label1\" content=\"Tiempo de lectura\" \/>\n\t<meta name=\"twitter:data1\" content=\"2 minutos\" \/>\n<script type=\"application\/ld+json\" class=\"yoast-schema-graph\">{\"@context\":\"https:\/\/schema.org\",\"@graph\":[{\"@type\":\"WebPage\",\"@id\":\"https:\/\/tourtravelandmore.com\/es\/tours\/francia\/le-havre-es\/tour-privado-a-normandia-desde-le-havre\/\",\"url\":\"https:\/\/tourtravelandmore.com\/es\/tours\/francia\/le-havre-es\/tour-privado-a-normandia-desde-le-havre\/\",\"name\":\"Tour Privado a Normand\u00eda desde Le Havre en veh\u00edculo privado | Tour Travel & More\",\"isPartOf\":{\"@id\":\"https:\/\/tourtravelandmore.com\/es\/#website\"},\"primaryImageOfPage\":{\"@id\":\"https:\/\/tourtravelandmore.com\/es\/tours\/francia\/le-havre-es\/tour-privado-a-normandia-desde-le-havre\/#primaryimage\"},\"image\":{\"@id\":\"https:\/\/tourtravelandmore.com\/es\/tours\/francia\/le-havre-es\/tour-privado-a-normandia-desde-le-havre\/#primaryimage\"},\"thumbnailUrl\":\"https:\/\/tourtravelandmore.com\/wp-content\/uploads\/2021\/02\/normandy-3.jpg\",\"datePublished\":\"2021-02-25T10:36:41+00:00\",\"dateModified\":\"2022-10-11T14:14:21+00:00\",\"description\":\"Con este Tour Privado a Normand\u00eda desde Le Havre, podr\u00e1 visitar una ciudad incre\u00edble llena de una historia alucinante con su chofer \u2705\",\"breadcrumb\":{\"@id\":\"https:\/\/tourtravelandmore.com\/es\/tours\/francia\/le-havre-es\/tour-privado-a-normandia-desde-le-havre\/#breadcrumb\"},\"inLanguage\":\"es\",\"potentialAction\":[{\"@type\":\"ReadAction\",\"target\":[\"https:\/\/tourtravelandmore.com\/es\/tours\/francia\/le-havre-es\/tour-privado-a-normandia-desde-le-havre\/\"]}]},{\"@type\":\"ImageObject\",\"inLanguage\":\"es\",\"@id\":\"https:\/\/tourtravelandmore.com\/es\/tours\/francia\/le-havre-es\/tour-privado-a-normandia-desde-le-havre\/#primaryimage\",\"url\":\"https:\/\/tourtravelandmore.com\/wp-content\/uploads\/2021\/02\/normandy-3.jpg\",\"contentUrl\":\"https:\/\/tourtravelandmore.com\/wp-content\/uploads\/2021\/02\/normandy-3.jpg\",\"width\":960,\"height\":639},{\"@type\":\"BreadcrumbList\",\"@id\":\"https:\/\/tourtravelandmore.com\/es\/tours\/francia\/le-havre-es\/tour-privado-a-normandia-desde-le-havre\/#breadcrumb\",\"itemListElement\":[{\"@type\":\"ListItem\",\"position\":1,\"name\":\"Home\",\"item\":\"https:\/\/tourtravelandmore.com\/es\/\"},{\"@type\":\"ListItem\",\"position\":2,\"name\":\"Tours\",\"item\":\"https:\/\/tourtravelandmore.com\/es\/tours\/\"},{\"@type\":\"ListItem\",\"position\":3,\"name\":\"Tour Privado a Normand\u00eda desde Le Havre\"}]},{\"@type\":\"WebSite\",\"@id\":\"https:\/\/tourtravelandmore.com\/es\/#website\",\"url\":\"https:\/\/tourtravelandmore.com\/es\/\",\"name\":\"Tour Travel And More\",\"description\":\"Private sightseeing tours and luxury transfers in Spain\",\"publisher\":{\"@id\":\"https:\/\/tourtravelandmore.com\/es\/#organization\"},\"potentialAction\":[{\"@type\":\"SearchAction\",\"target\":{\"@type\":\"EntryPoint\",\"urlTemplate\":\"https:\/\/tourtravelandmore.com\/es\/?s={search_term_string}\"},\"query-input\":{\"@type\":\"PropertyValueSpecification\",\"valueRequired\":true,\"valueName\":\"search_term_string\"}}],\"inLanguage\":\"es\"},{\"@type\":\"Organization\",\"@id\":\"https:\/\/tourtravelandmore.com\/es\/#organization\",\"name\":\"Tour Travel And More\",\"url\":\"https:\/\/tourtravelandmore.com\/es\/\",\"logo\":{\"@type\":\"ImageObject\",\"inLanguage\":\"es\",\"@id\":\"https:\/\/tourtravelandmore.com\/es\/#\/schema\/logo\/image\/\",\"url\":\"https:\/\/tourtravelandmore.com\/wp-content\/uploads\/2022\/12\/cropped-logo-cabecera-new.png\",\"contentUrl\":\"https:\/\/tourtravelandmore.com\/wp-content\/uploads\/2022\/12\/cropped-logo-cabecera-new.png\",\"width\":430,\"height\":61,\"caption\":\"Tour Travel And More\"},\"image\":{\"@id\":\"https:\/\/tourtravelandmore.com\/es\/#\/schema\/logo\/image\/\"},\"sameAs\":[\"https:\/\/www.facebook.com\/tourtravelandmore\/\",\"https:\/\/x.com\/TourTravel_More\"]}]}<\/script>\n<!-- \/ Yoast SEO Premium plugin. -->","yoast_head_json":{"title":"Tour Privado a Normand\u00eda desde Le Havre en veh\u00edculo privado | Tour Travel & More","description":"Con este Tour Privado a Normand\u00eda desde Le Havre, podr\u00e1 visitar una ciudad incre\u00edble llena de una historia alucinante con su chofer \u2705","robots":{"index":"index","follow":"follow","max-snippet":"max-snippet:-1","max-image-preview":"max-image-preview:large","max-video-preview":"max-video-preview:-1"},"canonical":"https:\/\/tourtravelandmore.com\/es\/tours\/francia\/le-havre-es\/tour-privado-a-normandia-desde-le-havre\/","og_locale":"es_ES","og_type":"article","og_title":"Tour Privado a Normand\u00eda desde Le Havre","og_description":"Con este Tour Privado a Normand\u00eda desde Le Havre, podr\u00e1 visitar una ciudad incre\u00edble llena de una historia alucinante con su chofer \u2705","og_url":"https:\/\/tourtravelandmore.com\/es\/tours\/francia\/le-havre-es\/tour-privado-a-normandia-desde-le-havre\/","og_site_name":"Tour Travel And More","article_publisher":"https:\/\/www.facebook.com\/tourtravelandmore\/","article_modified_time":"2022-10-11T14:14:21+00:00","og_image":[{"width":960,"height":639,"url":"https:\/\/tourtravelandmore.com\/wp-content\/uploads\/2021\/02\/normandy-3.jpg","type":"image\/jpeg"}],"twitter_card":"summary_large_image","twitter_site":"@TourTravel_More","twitter_misc":{"Tiempo de lectura":"2 minutos"},"schema":{"@context":"https:\/\/schema.org","@graph":[{"@type":"WebPage","@id":"https:\/\/tourtravelandmore.com\/es\/tours\/francia\/le-havre-es\/tour-privado-a-normandia-desde-le-havre\/","url":"https:\/\/tourtravelandmore.com\/es\/tours\/francia\/le-havre-es\/tour-privado-a-normandia-desde-le-havre\/","name":"Tour Privado a Normand\u00eda desde Le Havre en veh\u00edculo privado | Tour Travel & More","isPartOf":{"@id":"https:\/\/tourtravelandmore.com\/es\/#website"},"primaryImageOfPage":{"@id":"https:\/\/tourtravelandmore.com\/es\/tours\/francia\/le-havre-es\/tour-privado-a-normandia-desde-le-havre\/#primaryimage"},"image":{"@id":"https:\/\/tourtravelandmore.com\/es\/tours\/francia\/le-havre-es\/tour-privado-a-normandia-desde-le-havre\/#primaryimage"},"thumbnailUrl":"https:\/\/tourtravelandmore.com\/wp-content\/uploads\/2021\/02\/normandy-3.jpg","datePublished":"2021-02-25T10:36:41+00:00","dateModified":"2022-10-11T14:14:21+00:00","description":"Con este Tour Privado a Normand\u00eda desde Le Havre, podr\u00e1 visitar una ciudad incre\u00edble llena de una historia alucinante con su chofer \u2705","breadcrumb":{"@id":"https:\/\/tourtravelandmore.com\/es\/tours\/francia\/le-havre-es\/tour-privado-a-normandia-desde-le-havre\/#breadcrumb"},"inLanguage":"es","potentialAction":[{"@type":"ReadAction","target":["https:\/\/tourtravelandmore.com\/es\/tours\/francia\/le-havre-es\/tour-privado-a-normandia-desde-le-havre\/"]}]},{"@type":"ImageObject","inLanguage":"es","@id":"https:\/\/tourtravelandmore.com\/es\/tours\/francia\/le-havre-es\/tour-privado-a-normandia-desde-le-havre\/#primaryimage","url":"https:\/\/tourtravelandmore.com\/wp-content\/uploads\/2021\/02\/normandy-3.jpg","contentUrl":"https:\/\/tourtravelandmore.com\/wp-content\/uploads\/2021\/02\/normandy-3.jpg","width":960,"height":639},{"@type":"BreadcrumbList","@id":"https:\/\/tourtravelandmore.com\/es\/tours\/francia\/le-havre-es\/tour-privado-a-normandia-desde-le-havre\/#breadcrumb","itemListElement":[{"@type":"ListItem","position":1,"name":"Home","item":"https:\/\/tourtravelandmore.com\/es\/"},{"@type":"ListItem","position":2,"name":"Tours","item":"https:\/\/tourtravelandmore.com\/es\/tours\/"},{"@type":"ListItem","position":3,"name":"Tour Privado a Normand\u00eda desde Le Havre"}]},{"@type":"WebSite","@id":"https:\/\/tourtravelandmore.com\/es\/#website","url":"https:\/\/tourtravelandmore.com\/es\/","name":"Tour Travel And More","description":"Private sightseeing tours and luxury transfers in Spain","publisher":{"@id":"https:\/\/tourtravelandmore.com\/es\/#organization"},"potentialAction":[{"@type":"SearchAction","target":{"@type":"EntryPoint","urlTemplate":"https:\/\/tourtravelandmore.com\/es\/?s={search_term_string}"},"query-input":{"@type":"PropertyValueSpecification","valueRequired":true,"valueName":"search_term_string"}}],"inLanguage":"es"},{"@type":"Organization","@id":"https:\/\/tourtravelandmore.com\/es\/#organization","name":"Tour Travel And More","url":"https:\/\/tourtravelandmore.com\/es\/","logo":{"@type":"ImageObject","inLanguage":"es","@id":"https:\/\/tourtravelandmore.com\/es\/#\/schema\/logo\/image\/","url":"https:\/\/tourtravelandmore.com\/wp-content\/uploads\/2022\/12\/cropped-logo-cabecera-new.png","contentUrl":"https:\/\/tourtravelandmore.com\/wp-content\/uploads\/2022\/12\/cropped-logo-cabecera-new.png","width":430,"height":61,"caption":"Tour Travel And More"},"image":{"@id":"https:\/\/tourtravelandmore.com\/es\/#\/schema\/logo\/image\/"},"sameAs":["https:\/\/www.facebook.com\/tourtravelandmore\/","https:\/\/x.com\/TourTravel_More"]}]}},"_links":{"self":[{"href":"https:\/\/tourtravelandmore.com\/es\/wp-json\/wp\/v2\/product\/100833","targetHints":{"allow":["GET"]}}],"collection":[{"href":"https:\/\/tourtravelandmore.com\/es\/wp-json\/wp\/v2\/product"}],"about":[{"href":"https:\/\/tourtravelandmore.com\/es\/wp-json\/wp\/v2\/types\/product"}],"replies":[{"embeddable":true,"href":"https:\/\/tourtravelandmore.com\/es\/wp-json\/wp\/v2\/comments?post=100833"}],"wp:featuredmedia":[{"embeddable":true,"href":"https:\/\/tourtravelandmore.com\/es\/wp-json\/wp\/v2\/media\/100603"}],"wp:attachment":[{"href":"https:\/\/tourtravelandmore.com\/es\/wp-json\/wp\/v2\/media?parent=100833"}],"wp:term":[{"taxonomy":"product_brand","embeddable":true,"href":"https:\/\/tourtravelandmore.com\/es\/wp-json\/wp\/v2\/product_brand?post=100833"},{"taxonomy":"product_cat","embeddable":true,"href":"https:\/\/tourtravelandmore.com\/es\/wp-json\/wp\/v2\/product_cat?post=100833"},{"taxonomy":"product_tag","embeddable":true,"href":"https:\/\/tourtravelandmore.com\/es\/wp-json\/wp\/v2\/product_tag?post=100833"}],"curies":[{"name":"wp","href":"https:\/\/api.w.org\/{rel}","templated":true}]}}