{"id":100783,"date":"2021-02-25T10:39:50","date_gmt":"2021-02-25T09:39:51","guid":{"rendered":"https:\/\/tourtravelandmore.com\/?post_type=product&#038;p=100783"},"modified":"2022-07-01T12:16:13","modified_gmt":"2022-07-01T10:16:13","slug":"tour-privado-a-les-chateaux-de-la-loire","status":"publish","type":"product","link":"https:\/\/tourtravelandmore.com\/es\/tours\/francia\/laloire-sp\/tour-privado-a-les-chateaux-de-la-loire\/","title":{"rendered":"Tour Privado a Les Chateaux de la Loire"},"content":{"rendered":"<h2>Descripci\u00f3n del Tour Privado a Les Chateaux de la Loire<\/h2>\n<p><strong>Les Chateaux de la Loire<\/strong> es un sitio mundialmente conocido. Queremos que aproveche esta oportunidad para conocer estos castillos \u00fanicos con nosotros. Tenemos la posibilidad de agregar una gu\u00eda tur\u00edstica oficial separada para acompa\u00f1arlo en este recorrido. Definitivamente, este <strong>Tour Privado a Les Chateaux de la Loire<\/strong> es una experiencia \u00fanica.<\/p>\n<p>Lo llevaremos en este recorrido para visitar dos castillos muy famosos: <strong>Chenonceau<\/strong> y <strong>Chambord<\/strong>. Son los castillos m\u00e1s visitados de la zona. Podemos cambiar a otro Chateaux si tiene alguna preferencia.<\/p>\n<p>Incluiremos las entradas para ambos castillos tambi\u00e9n para ti. Como se dijo anteriormente, tambi\u00e9n podemos organizar un gu\u00eda tur\u00edstico privado por separado si lo desea.<\/p>\n<p>Tambi\u00e9n podemos agregar una parada a una bodega antes de regresar a su hotel o lugar de elecci\u00f3n. Recuerde que este Tour Privado\u00a0a Les Chateaux de la Loire es completamente personalizado.<\/p>\n<h2>Puntos emblem\u00e1ticos y de inter\u00e9s en el Tour Privado a Les Chateaux de la Loire<\/h2>\n<p>Organizaremos una recogida privada para una experiencia c\u00f3moda y sin complicaciones desde su hotel o lugar de elecci\u00f3n. El servicio ser\u00e1 abordo de un veh\u00edculo privado de lujo.<\/p>\n<p>Este es un recorrido t\u00edpicamente desde Par\u00eds, pero podemos organizar el traslado desde cualquier lugar como Saint Pierre des Corps o cualquier otro lugar que desee.<\/p>\n<p>Despu\u00e9s de recogerte de tu sitio de elecci\u00f3n, nos dirigiremos hacia los dos castillos.<\/p>\n<p>Disfrutar\u00e1 primero de una visita a los castillos de Chenonceau. \u00a1Este castillo data del siglo XII! Tiene obras maestras \u00fanicas en estas habitaciones esperando ser descubiertas.<\/p>\n<p>Luego nos dirigiremos hacia los Chambord Chateaux. Este castillo es un ambiente m\u00e1gico y una ubicaci\u00f3n \u00fanica.<\/p>\n<p>Al finalizar el recorrido, su chofer privado lo llevar\u00e1 de regreso a su hotel o sitio de comienzo del tour.<\/p>\n<p>Tambi\u00e9n tenemos la opci\u00f3n de organizar una parada en una bodega antes de regresar y finalizar su recorrido.<\/p>\n<p><a href=\"https:\/\/tourtravelandmore.com\/es\/ciudad\/francia\/\">Mire aqu\u00ed y descubra todos nuestros tours y actividades privadas en Francia.<\/a><\/p>\n","protected":false},"excerpt":{"rendered":"<p>Descubra esta hermosa zona de castillos con nuestro <strong>Tour Privado a Les Chateaux de La Loire<\/strong> en un veh\u00edculo privado de lujo con chofer. Podemos incluir un gu\u00eda oficial privado si lo desea.<\/p>\n<p><span style=\"font-weight: 400;\">\u00a0<\/span><\/p>\n<h4><\/h4>\n","protected":false},"featured_media":100801,"comment_status":"open","ping_status":"closed","template":"","meta":{"_acf_changed":false},"product_brand":[],"product_cat":[1592,3601],"product_tag":[],"class_list":{"0":"post-100783","1":"product","2":"type-product","3":"status-publish","4":"has-post-thumbnail","6":"product_cat-francia","7":"product_cat-laloire-sp","9":"first","10":"instock","11":"shipping-taxable","12":"purchasable","13":"product-type-simple"},"acf":[],"yoast_head":"<!-- This site is optimized with the Yoast SEO Premium plugin v25.3.1 (Yoast SEO v25.3.1) - https:\/\/yoast.com\/wordpress\/plugins\/seo\/ -->\n<title>Tour Privado a Les Chateaux de La Loire en veh\u00edculo privado | TTM<\/title>\n<meta name=\"description\" content=\"Descubra esta hermosa zona de castillos con nuestro Tour Privado a Les Chateaux de La Loire en un veh\u00edculo privado de lujo con chofer \u2705\" \/>\n<meta name=\"robots\" content=\"index, follow, max-snippet:-1, max-image-preview:large, max-video-preview:-1\" \/>\n<link rel=\"canonical\" href=\"https:\/\/tourtravelandmore.com\/es\/tours\/francia\/laloire-sp\/tour-privado-a-les-chateaux-de-la-loire\/\" \/>\n<meta property=\"og:locale\" content=\"es_ES\" \/>\n<meta property=\"og:type\" content=\"article\" \/>\n<meta property=\"og:title\" content=\"Tour Privado a Les Chateaux de la Loire\" \/>\n<meta property=\"og:description\" content=\"Descubra esta hermosa zona de castillos con nuestro Tour Privado a Les Chateaux de La Loire en un veh\u00edculo privado de lujo con chofer \u2705\" \/>\n<meta property=\"og:url\" content=\"https:\/\/tourtravelandmore.com\/es\/tours\/francia\/laloire-sp\/tour-privado-a-les-chateaux-de-la-loire\/\" \/>\n<meta property=\"og:site_name\" content=\"Tour Travel And More\" \/>\n<meta property=\"article:publisher\" content=\"https:\/\/www.facebook.com\/tourtravelandmore\/\" \/>\n<meta property=\"article:modified_time\" content=\"2022-07-01T10:16:13+00:00\" \/>\n<meta property=\"og:image\" content=\"https:\/\/tourtravelandmore.com\/wp-content\/uploads\/2021\/02\/Chenonceau-3.jpg\" \/>\n\t<meta property=\"og:image:width\" content=\"1024\" \/>\n\t<meta property=\"og:image:height\" content=\"683\" \/>\n\t<meta property=\"og:image:type\" content=\"image\/jpeg\" \/>\n<meta name=\"twitter:card\" content=\"summary_large_image\" \/>\n<meta name=\"twitter:site\" content=\"@TourTravel_More\" \/>\n<meta name=\"twitter:label1\" content=\"Tiempo de lectura\" \/>\n\t<meta name=\"twitter:data1\" content=\"2 minutos\" \/>\n<script type=\"application\/ld+json\" class=\"yoast-schema-graph\">{\"@context\":\"https:\/\/schema.org\",\"@graph\":[{\"@type\":\"WebPage\",\"@id\":\"https:\/\/tourtravelandmore.com\/es\/tours\/francia\/laloire-sp\/tour-privado-a-les-chateaux-de-la-loire\/\",\"url\":\"https:\/\/tourtravelandmore.com\/es\/tours\/francia\/laloire-sp\/tour-privado-a-les-chateaux-de-la-loire\/\",\"name\":\"Tour Privado a Les Chateaux de La Loire en veh\u00edculo privado | TTM\",\"isPartOf\":{\"@id\":\"https:\/\/tourtravelandmore.com\/es\/#website\"},\"primaryImageOfPage\":{\"@id\":\"https:\/\/tourtravelandmore.com\/es\/tours\/francia\/laloire-sp\/tour-privado-a-les-chateaux-de-la-loire\/#primaryimage\"},\"image\":{\"@id\":\"https:\/\/tourtravelandmore.com\/es\/tours\/francia\/laloire-sp\/tour-privado-a-les-chateaux-de-la-loire\/#primaryimage\"},\"thumbnailUrl\":\"https:\/\/tourtravelandmore.com\/wp-content\/uploads\/2021\/02\/Chenonceau-3.jpg\",\"datePublished\":\"2021-02-25T09:39:51+00:00\",\"dateModified\":\"2022-07-01T10:16:13+00:00\",\"description\":\"Descubra esta hermosa zona de castillos con nuestro Tour Privado a Les Chateaux de La Loire en un veh\u00edculo privado de lujo con chofer \u2705\",\"breadcrumb\":{\"@id\":\"https:\/\/tourtravelandmore.com\/es\/tours\/francia\/laloire-sp\/tour-privado-a-les-chateaux-de-la-loire\/#breadcrumb\"},\"inLanguage\":\"es\",\"potentialAction\":[{\"@type\":\"ReadAction\",\"target\":[\"https:\/\/tourtravelandmore.com\/es\/tours\/francia\/laloire-sp\/tour-privado-a-les-chateaux-de-la-loire\/\"]}]},{\"@type\":\"ImageObject\",\"inLanguage\":\"es\",\"@id\":\"https:\/\/tourtravelandmore.com\/es\/tours\/francia\/laloire-sp\/tour-privado-a-les-chateaux-de-la-loire\/#primaryimage\",\"url\":\"https:\/\/tourtravelandmore.com\/wp-content\/uploads\/2021\/02\/Chenonceau-3.jpg\",\"contentUrl\":\"https:\/\/tourtravelandmore.com\/wp-content\/uploads\/2021\/02\/Chenonceau-3.jpg\",\"width\":1024,\"height\":683},{\"@type\":\"BreadcrumbList\",\"@id\":\"https:\/\/tourtravelandmore.com\/es\/tours\/francia\/laloire-sp\/tour-privado-a-les-chateaux-de-la-loire\/#breadcrumb\",\"itemListElement\":[{\"@type\":\"ListItem\",\"position\":1,\"name\":\"Home\",\"item\":\"https:\/\/tourtravelandmore.com\/es\/\"},{\"@type\":\"ListItem\",\"position\":2,\"name\":\"Tours\",\"item\":\"https:\/\/tourtravelandmore.com\/es\/tours\/\"},{\"@type\":\"ListItem\",\"position\":3,\"name\":\"Tour Privado a Les Chateaux de la Loire\"}]},{\"@type\":\"WebSite\",\"@id\":\"https:\/\/tourtravelandmore.com\/es\/#website\",\"url\":\"https:\/\/tourtravelandmore.com\/es\/\",\"name\":\"Tour Travel And More\",\"description\":\"Private sightseeing tours and luxury transfers in Spain\",\"publisher\":{\"@id\":\"https:\/\/tourtravelandmore.com\/es\/#organization\"},\"potentialAction\":[{\"@type\":\"SearchAction\",\"target\":{\"@type\":\"EntryPoint\",\"urlTemplate\":\"https:\/\/tourtravelandmore.com\/es\/?s={search_term_string}\"},\"query-input\":{\"@type\":\"PropertyValueSpecification\",\"valueRequired\":true,\"valueName\":\"search_term_string\"}}],\"inLanguage\":\"es\"},{\"@type\":\"Organization\",\"@id\":\"https:\/\/tourtravelandmore.com\/es\/#organization\",\"name\":\"Tour Travel And More\",\"url\":\"https:\/\/tourtravelandmore.com\/es\/\",\"logo\":{\"@type\":\"ImageObject\",\"inLanguage\":\"es\",\"@id\":\"https:\/\/tourtravelandmore.com\/es\/#\/schema\/logo\/image\/\",\"url\":\"https:\/\/tourtravelandmore.com\/wp-content\/uploads\/2022\/12\/cropped-logo-cabecera-new.png\",\"contentUrl\":\"https:\/\/tourtravelandmore.com\/wp-content\/uploads\/2022\/12\/cropped-logo-cabecera-new.png\",\"width\":430,\"height\":61,\"caption\":\"Tour Travel And More\"},\"image\":{\"@id\":\"https:\/\/tourtravelandmore.com\/es\/#\/schema\/logo\/image\/\"},\"sameAs\":[\"https:\/\/www.facebook.com\/tourtravelandmore\/\",\"https:\/\/x.com\/TourTravel_More\"]}]}<\/script>\n<!-- \/ Yoast SEO Premium plugin. -->","yoast_head_json":{"title":"Tour Privado a Les Chateaux de La Loire en veh\u00edculo privado | TTM","description":"Descubra esta hermosa zona de castillos con nuestro Tour Privado a Les Chateaux de La Loire en un veh\u00edculo privado de lujo con chofer \u2705","robots":{"index":"index","follow":"follow","max-snippet":"max-snippet:-1","max-image-preview":"max-image-preview:large","max-video-preview":"max-video-preview:-1"},"canonical":"https:\/\/tourtravelandmore.com\/es\/tours\/francia\/laloire-sp\/tour-privado-a-les-chateaux-de-la-loire\/","og_locale":"es_ES","og_type":"article","og_title":"Tour Privado a Les Chateaux de la Loire","og_description":"Descubra esta hermosa zona de castillos con nuestro Tour Privado a Les Chateaux de La Loire en un veh\u00edculo privado de lujo con chofer \u2705","og_url":"https:\/\/tourtravelandmore.com\/es\/tours\/francia\/laloire-sp\/tour-privado-a-les-chateaux-de-la-loire\/","og_site_name":"Tour Travel And More","article_publisher":"https:\/\/www.facebook.com\/tourtravelandmore\/","article_modified_time":"2022-07-01T10:16:13+00:00","og_image":[{"width":1024,"height":683,"url":"https:\/\/tourtravelandmore.com\/wp-content\/uploads\/2021\/02\/Chenonceau-3.jpg","type":"image\/jpeg"}],"twitter_card":"summary_large_image","twitter_site":"@TourTravel_More","twitter_misc":{"Tiempo de lectura":"2 minutos"},"schema":{"@context":"https:\/\/schema.org","@graph":[{"@type":"WebPage","@id":"https:\/\/tourtravelandmore.com\/es\/tours\/francia\/laloire-sp\/tour-privado-a-les-chateaux-de-la-loire\/","url":"https:\/\/tourtravelandmore.com\/es\/tours\/francia\/laloire-sp\/tour-privado-a-les-chateaux-de-la-loire\/","name":"Tour Privado a Les Chateaux de La Loire en veh\u00edculo privado | TTM","isPartOf":{"@id":"https:\/\/tourtravelandmore.com\/es\/#website"},"primaryImageOfPage":{"@id":"https:\/\/tourtravelandmore.com\/es\/tours\/francia\/laloire-sp\/tour-privado-a-les-chateaux-de-la-loire\/#primaryimage"},"image":{"@id":"https:\/\/tourtravelandmore.com\/es\/tours\/francia\/laloire-sp\/tour-privado-a-les-chateaux-de-la-loire\/#primaryimage"},"thumbnailUrl":"https:\/\/tourtravelandmore.com\/wp-content\/uploads\/2021\/02\/Chenonceau-3.jpg","datePublished":"2021-02-25T09:39:51+00:00","dateModified":"2022-07-01T10:16:13+00:00","description":"Descubra esta hermosa zona de castillos con nuestro Tour Privado a Les Chateaux de La Loire en un veh\u00edculo privado de lujo con chofer \u2705","breadcrumb":{"@id":"https:\/\/tourtravelandmore.com\/es\/tours\/francia\/laloire-sp\/tour-privado-a-les-chateaux-de-la-loire\/#breadcrumb"},"inLanguage":"es","potentialAction":[{"@type":"ReadAction","target":["https:\/\/tourtravelandmore.com\/es\/tours\/francia\/laloire-sp\/tour-privado-a-les-chateaux-de-la-loire\/"]}]},{"@type":"ImageObject","inLanguage":"es","@id":"https:\/\/tourtravelandmore.com\/es\/tours\/francia\/laloire-sp\/tour-privado-a-les-chateaux-de-la-loire\/#primaryimage","url":"https:\/\/tourtravelandmore.com\/wp-content\/uploads\/2021\/02\/Chenonceau-3.jpg","contentUrl":"https:\/\/tourtravelandmore.com\/wp-content\/uploads\/2021\/02\/Chenonceau-3.jpg","width":1024,"height":683},{"@type":"BreadcrumbList","@id":"https:\/\/tourtravelandmore.com\/es\/tours\/francia\/laloire-sp\/tour-privado-a-les-chateaux-de-la-loire\/#breadcrumb","itemListElement":[{"@type":"ListItem","position":1,"name":"Home","item":"https:\/\/tourtravelandmore.com\/es\/"},{"@type":"ListItem","position":2,"name":"Tours","item":"https:\/\/tourtravelandmore.com\/es\/tours\/"},{"@type":"ListItem","position":3,"name":"Tour Privado a Les Chateaux de la Loire"}]},{"@type":"WebSite","@id":"https:\/\/tourtravelandmore.com\/es\/#website","url":"https:\/\/tourtravelandmore.com\/es\/","name":"Tour Travel And More","description":"Private sightseeing tours and luxury transfers in Spain","publisher":{"@id":"https:\/\/tourtravelandmore.com\/es\/#organization"},"potentialAction":[{"@type":"SearchAction","target":{"@type":"EntryPoint","urlTemplate":"https:\/\/tourtravelandmore.com\/es\/?s={search_term_string}"},"query-input":{"@type":"PropertyValueSpecification","valueRequired":true,"valueName":"search_term_string"}}],"inLanguage":"es"},{"@type":"Organization","@id":"https:\/\/tourtravelandmore.com\/es\/#organization","name":"Tour Travel And More","url":"https:\/\/tourtravelandmore.com\/es\/","logo":{"@type":"ImageObject","inLanguage":"es","@id":"https:\/\/tourtravelandmore.com\/es\/#\/schema\/logo\/image\/","url":"https:\/\/tourtravelandmore.com\/wp-content\/uploads\/2022\/12\/cropped-logo-cabecera-new.png","contentUrl":"https:\/\/tourtravelandmore.com\/wp-content\/uploads\/2022\/12\/cropped-logo-cabecera-new.png","width":430,"height":61,"caption":"Tour Travel And More"},"image":{"@id":"https:\/\/tourtravelandmore.com\/es\/#\/schema\/logo\/image\/"},"sameAs":["https:\/\/www.facebook.com\/tourtravelandmore\/","https:\/\/x.com\/TourTravel_More"]}]}},"_links":{"self":[{"href":"https:\/\/tourtravelandmore.com\/es\/wp-json\/wp\/v2\/product\/100783","targetHints":{"allow":["GET"]}}],"collection":[{"href":"https:\/\/tourtravelandmore.com\/es\/wp-json\/wp\/v2\/product"}],"about":[{"href":"https:\/\/tourtravelandmore.com\/es\/wp-json\/wp\/v2\/types\/product"}],"replies":[{"embeddable":true,"href":"https:\/\/tourtravelandmore.com\/es\/wp-json\/wp\/v2\/comments?post=100783"}],"wp:featuredmedia":[{"embeddable":true,"href":"https:\/\/tourtravelandmore.com\/es\/wp-json\/wp\/v2\/media\/100801"}],"wp:attachment":[{"href":"https:\/\/tourtravelandmore.com\/es\/wp-json\/wp\/v2\/media?parent=100783"}],"wp:term":[{"taxonomy":"product_brand","embeddable":true,"href":"https:\/\/tourtravelandmore.com\/es\/wp-json\/wp\/v2\/product_brand?post=100783"},{"taxonomy":"product_cat","embeddable":true,"href":"https:\/\/tourtravelandmore.com\/es\/wp-json\/wp\/v2\/product_cat?post=100783"},{"taxonomy":"product_tag","embeddable":true,"href":"https:\/\/tourtravelandmore.com\/es\/wp-json\/wp\/v2\/product_tag?post=100783"}],"curies":[{"name":"wp","href":"https:\/\/api.w.org\/{rel}","templated":true}]}}