{"id":100640,"date":"2021-02-24T11:33:50","date_gmt":"2021-02-24T10:33:51","guid":{"rendered":"https:\/\/tourtravelandmore.com\/?post_type=product&#038;p=100640"},"modified":"2022-07-11T12:31:27","modified_gmt":"2022-07-11T10:31:27","slug":"tour-privado-a-la-bretagne-desde-le-havre","status":"publish","type":"product","link":"https:\/\/tourtravelandmore.com\/es\/tours\/francia\/le-havre-es\/tour-privado-a-la-bretagne-desde-le-havre\/","title":{"rendered":"Tour Privado a La Bretagne desde Le Havre"},"content":{"rendered":"<h2>Descripci\u00f3n del Tour Privado a La Bretagne desde Le Havre<\/h2>\n<p>Durante su parada de crucero en Le Havre, aproveche esta oportunidad para conocer La Bretagne. Podemos llevarlo a un viaje de un d\u00eda a Par\u00eds, quedarse en el \u00e1rea de Le Havre y sus alrededores o podemos llevarlo a conocer el \u00e1rea de La Bretagne. En este caso, le recomendamos nuestro <strong>Tour Privado a La Bretagne desde Le Havre<\/strong>.<\/p>\n<p>Realice nuestros tours privados para una c\u00f3moda y segura excursi\u00f3n privada desde Le Havre. Estamos especializados en tours privados y excursiones en tierra y estamos aqu\u00ed para hacer que su experiencia sea \u00fanica, segura y con todas las medidas de salud tomadas.<\/p>\n<p>Tambi\u00e9n podemos recogerlo desde cualquier otro lugar en Le Havre, incluso si no es el puerto de cruceros.<\/p>\n<p>Para este recorrido, podemos agregar una gu\u00eda tur\u00edstica oficial separada para usted una vez en La Bretagne o podemos organizar solo nuestro conductor privado que habla ingl\u00e9s. Su conductor estar\u00e1 con usted durante toda la duraci\u00f3n de su recorrido y experiencia.<\/p>\n<p>Estamos aqu\u00ed para hacer que su experiencia sea \u00fanica y memorable con este tour privado a La Bretagne desde Le Havre.<\/p>\n<h2>Puntos emblem\u00e1ticos y de inter\u00e9s en el Tour Privado a La Bretagne desde Le Havre<\/h2>\n<p>H\u00e1ganos saber qu\u00e9 es lo que m\u00e1s le interesa y organizaremos el recorrido por esos lugares. Podemos organizar un tour privado de d\u00eda completo para conocer, por ejemplo, C\u00f4te de Granit Rose, Cap Fr\u00e9hal, Pointe du Rag y mucho m\u00e1s. Disfruta de las hermosas vistas al mar, los acantilados, las playas e incluso los faros de La Bretagne.<\/p>\n<p>\u00a1Estamos aqu\u00ed para hacer que su experiencia sea \u00fanica y memorable con este recorrido privado!<\/p>\n<p>Una vez que llegue al puerto de cruceros de Le Havre, perm\u00edtanos llevarlo a este recorrido privado sin preocupaciones.\u00a0B\u00e1jese de su crucero y dir\u00edjase hacia la terminal donde su conductor privado lo estar\u00e1 esperando en un veh\u00edculo de lujo privado y limpio.<\/p>\n<p>Una vez que lo recojamos del puerto de cruceros, lo llevaremos hacia La Bretagne. Tenga la seguridad de que no tiene nada de que preocuparse y organizaremos el recorrido privado perfecto.<\/p>\n<p>Tenemos dos opciones diferentes; puede disfrutar la experiencia del d\u00eda con un conductor de habla inglesa o tambi\u00e9n podemos agregar un gu\u00eda tur\u00edstico oficial por separado en La Bretagne durante 2-3 horas.<\/p>\n<p>Hay muchos lugares para visitar en La Bretagne. Aqu\u00ed hay un breve ejemplo:<\/p>\n<ul>\n<li><strong>C\u00f4te de Granit Rose<\/strong><\/li>\n<li><strong>Cap Fr\u00e9hel<\/strong><\/li>\n<li><strong>Point de Raz<\/strong><\/li>\n<li><strong>Carnac<\/strong><\/li>\n<li><strong>Fort la Latte<\/strong><\/li>\n<li><strong>Vistas de Ile de Sein<\/strong><\/li>\n<li><strong>Fort National (vistas)<\/strong><\/li>\n<\/ul>\n<p>Todos nuestros tours y solo tours privados y estamos aqu\u00ed para organizar un itinerario privado perfecto para usted.<\/p>\n<p>Tendr\u00e1s algo de tiempo libre antes de regresar al puerto de cruceros en Le Havre.<\/p>\n<p><a href=\"https:\/\/tourtravelandmore.com\/es\/ciudad\/francia\/le-havre-es\/\">Mire aqu\u00ed todos nuestros tours y experiencias privadas en Le Havre.<\/a><\/p>\n","protected":false},"excerpt":{"rendered":"<p>Acomp\u00e1\u00f1eos a conocer una de las zonas m\u00e1s bellas de Francia con nuestro <strong>Tour Privado a La Bretagne desde Le Havre<\/strong> con chofer y gu\u00eda oficial privado.<\/p>\n<p><span style=\"font-weight: 400;\">\u00a0<\/span><\/p>\n<h4><\/h4>\n","protected":false},"featured_media":100658,"comment_status":"open","ping_status":"closed","template":"","meta":{"_acf_changed":false},"product_brand":[],"product_cat":[1592,3599,1195,1196,1198],"product_tag":[],"class_list":{"0":"post-100640","1":"product","2":"type-product","3":"status-publish","4":"has-post-thumbnail","6":"product_cat-francia","7":"product_cat-labretagne-sp","8":"product_cat-le-havre-es","9":"product_cat-le-havre-actividades-es","10":"product_cat-le-havre-excursiones-privadas-cruceros-es","12":"first","13":"instock","14":"shipping-taxable","15":"purchasable","16":"product-type-simple"},"acf":[],"yoast_head":"<!-- This site is optimized with the Yoast SEO Premium plugin v25.3.1 (Yoast SEO v25.3.1) - https:\/\/yoast.com\/wordpress\/plugins\/seo\/ -->\n<title>Tour Privado a La Bretagne desde Le Havre en veh\u00edculo de lujo | TTM<\/title>\n<meta name=\"description\" content=\"Acomp\u00e1\u00f1eos a conocer una de las zonas mas bellas de Francia con nuestro Tour Privado a La Bretagne desde Le Havre con chofer y gu\u00eda \u2705\" \/>\n<meta name=\"robots\" content=\"index, follow, max-snippet:-1, max-image-preview:large, max-video-preview:-1\" \/>\n<link rel=\"canonical\" href=\"https:\/\/tourtravelandmore.com\/es\/tours\/francia\/le-havre-es\/tour-privado-a-la-bretagne-desde-le-havre\/\" \/>\n<meta property=\"og:locale\" content=\"es_ES\" \/>\n<meta property=\"og:type\" content=\"article\" \/>\n<meta property=\"og:title\" content=\"Tour Privado a La Bretagne desde Le Havre\" \/>\n<meta property=\"og:description\" content=\"Acomp\u00e1\u00f1eos a conocer una de las zonas mas bellas de Francia con nuestro Tour Privado a La Bretagne desde Le Havre con chofer y gu\u00eda \u2705\" \/>\n<meta property=\"og:url\" content=\"https:\/\/tourtravelandmore.com\/es\/tours\/francia\/le-havre-es\/tour-privado-a-la-bretagne-desde-le-havre\/\" \/>\n<meta property=\"og:site_name\" content=\"Tour Travel And More\" \/>\n<meta property=\"article:publisher\" content=\"https:\/\/www.facebook.com\/tourtravelandmore\/\" \/>\n<meta property=\"article:modified_time\" content=\"2022-07-11T10:31:27+00:00\" \/>\n<meta property=\"og:image\" content=\"https:\/\/tourtravelandmore.com\/wp-content\/uploads\/2021\/02\/la-bretagne-3.jpg\" \/>\n\t<meta property=\"og:image:width\" content=\"1024\" \/>\n\t<meta property=\"og:image:height\" content=\"768\" \/>\n\t<meta property=\"og:image:type\" content=\"image\/jpeg\" \/>\n<meta name=\"twitter:card\" content=\"summary_large_image\" \/>\n<meta name=\"twitter:site\" content=\"@TourTravel_More\" \/>\n<meta name=\"twitter:label1\" content=\"Tiempo de lectura\" \/>\n\t<meta name=\"twitter:data1\" content=\"2 minutos\" \/>\n<script type=\"application\/ld+json\" class=\"yoast-schema-graph\">{\"@context\":\"https:\/\/schema.org\",\"@graph\":[{\"@type\":\"WebPage\",\"@id\":\"https:\/\/tourtravelandmore.com\/es\/tours\/francia\/le-havre-es\/tour-privado-a-la-bretagne-desde-le-havre\/\",\"url\":\"https:\/\/tourtravelandmore.com\/es\/tours\/francia\/le-havre-es\/tour-privado-a-la-bretagne-desde-le-havre\/\",\"name\":\"Tour Privado a La Bretagne desde Le Havre en veh\u00edculo de lujo | TTM\",\"isPartOf\":{\"@id\":\"https:\/\/tourtravelandmore.com\/es\/#website\"},\"primaryImageOfPage\":{\"@id\":\"https:\/\/tourtravelandmore.com\/es\/tours\/francia\/le-havre-es\/tour-privado-a-la-bretagne-desde-le-havre\/#primaryimage\"},\"image\":{\"@id\":\"https:\/\/tourtravelandmore.com\/es\/tours\/francia\/le-havre-es\/tour-privado-a-la-bretagne-desde-le-havre\/#primaryimage\"},\"thumbnailUrl\":\"https:\/\/tourtravelandmore.com\/wp-content\/uploads\/2021\/02\/la-bretagne-3.jpg\",\"datePublished\":\"2021-02-24T10:33:51+00:00\",\"dateModified\":\"2022-07-11T10:31:27+00:00\",\"description\":\"Acomp\u00e1\u00f1eos a conocer una de las zonas mas bellas de Francia con nuestro Tour Privado a La Bretagne desde Le Havre con chofer y gu\u00eda \u2705\",\"breadcrumb\":{\"@id\":\"https:\/\/tourtravelandmore.com\/es\/tours\/francia\/le-havre-es\/tour-privado-a-la-bretagne-desde-le-havre\/#breadcrumb\"},\"inLanguage\":\"es\",\"potentialAction\":[{\"@type\":\"ReadAction\",\"target\":[\"https:\/\/tourtravelandmore.com\/es\/tours\/francia\/le-havre-es\/tour-privado-a-la-bretagne-desde-le-havre\/\"]}]},{\"@type\":\"ImageObject\",\"inLanguage\":\"es\",\"@id\":\"https:\/\/tourtravelandmore.com\/es\/tours\/francia\/le-havre-es\/tour-privado-a-la-bretagne-desde-le-havre\/#primaryimage\",\"url\":\"https:\/\/tourtravelandmore.com\/wp-content\/uploads\/2021\/02\/la-bretagne-3.jpg\",\"contentUrl\":\"https:\/\/tourtravelandmore.com\/wp-content\/uploads\/2021\/02\/la-bretagne-3.jpg\",\"width\":1024,\"height\":768},{\"@type\":\"BreadcrumbList\",\"@id\":\"https:\/\/tourtravelandmore.com\/es\/tours\/francia\/le-havre-es\/tour-privado-a-la-bretagne-desde-le-havre\/#breadcrumb\",\"itemListElement\":[{\"@type\":\"ListItem\",\"position\":1,\"name\":\"Home\",\"item\":\"https:\/\/tourtravelandmore.com\/es\/\"},{\"@type\":\"ListItem\",\"position\":2,\"name\":\"Tours\",\"item\":\"https:\/\/tourtravelandmore.com\/es\/tours\/\"},{\"@type\":\"ListItem\",\"position\":3,\"name\":\"Tour Privado a La Bretagne desde Le Havre\"}]},{\"@type\":\"WebSite\",\"@id\":\"https:\/\/tourtravelandmore.com\/es\/#website\",\"url\":\"https:\/\/tourtravelandmore.com\/es\/\",\"name\":\"Tour Travel And More\",\"description\":\"Private sightseeing tours and luxury transfers in Spain\",\"publisher\":{\"@id\":\"https:\/\/tourtravelandmore.com\/es\/#organization\"},\"potentialAction\":[{\"@type\":\"SearchAction\",\"target\":{\"@type\":\"EntryPoint\",\"urlTemplate\":\"https:\/\/tourtravelandmore.com\/es\/?s={search_term_string}\"},\"query-input\":{\"@type\":\"PropertyValueSpecification\",\"valueRequired\":true,\"valueName\":\"search_term_string\"}}],\"inLanguage\":\"es\"},{\"@type\":\"Organization\",\"@id\":\"https:\/\/tourtravelandmore.com\/es\/#organization\",\"name\":\"Tour Travel And More\",\"url\":\"https:\/\/tourtravelandmore.com\/es\/\",\"logo\":{\"@type\":\"ImageObject\",\"inLanguage\":\"es\",\"@id\":\"https:\/\/tourtravelandmore.com\/es\/#\/schema\/logo\/image\/\",\"url\":\"https:\/\/tourtravelandmore.com\/wp-content\/uploads\/2022\/12\/cropped-logo-cabecera-new.png\",\"contentUrl\":\"https:\/\/tourtravelandmore.com\/wp-content\/uploads\/2022\/12\/cropped-logo-cabecera-new.png\",\"width\":430,\"height\":61,\"caption\":\"Tour Travel And More\"},\"image\":{\"@id\":\"https:\/\/tourtravelandmore.com\/es\/#\/schema\/logo\/image\/\"},\"sameAs\":[\"https:\/\/www.facebook.com\/tourtravelandmore\/\",\"https:\/\/x.com\/TourTravel_More\"]}]}<\/script>\n<!-- \/ Yoast SEO Premium plugin. -->","yoast_head_json":{"title":"Tour Privado a La Bretagne desde Le Havre en veh\u00edculo de lujo | TTM","description":"Acomp\u00e1\u00f1eos a conocer una de las zonas mas bellas de Francia con nuestro Tour Privado a La Bretagne desde Le Havre con chofer y gu\u00eda \u2705","robots":{"index":"index","follow":"follow","max-snippet":"max-snippet:-1","max-image-preview":"max-image-preview:large","max-video-preview":"max-video-preview:-1"},"canonical":"https:\/\/tourtravelandmore.com\/es\/tours\/francia\/le-havre-es\/tour-privado-a-la-bretagne-desde-le-havre\/","og_locale":"es_ES","og_type":"article","og_title":"Tour Privado a La Bretagne desde Le Havre","og_description":"Acomp\u00e1\u00f1eos a conocer una de las zonas mas bellas de Francia con nuestro Tour Privado a La Bretagne desde Le Havre con chofer y gu\u00eda \u2705","og_url":"https:\/\/tourtravelandmore.com\/es\/tours\/francia\/le-havre-es\/tour-privado-a-la-bretagne-desde-le-havre\/","og_site_name":"Tour Travel And More","article_publisher":"https:\/\/www.facebook.com\/tourtravelandmore\/","article_modified_time":"2022-07-11T10:31:27+00:00","og_image":[{"width":1024,"height":768,"url":"https:\/\/tourtravelandmore.com\/wp-content\/uploads\/2021\/02\/la-bretagne-3.jpg","type":"image\/jpeg"}],"twitter_card":"summary_large_image","twitter_site":"@TourTravel_More","twitter_misc":{"Tiempo de lectura":"2 minutos"},"schema":{"@context":"https:\/\/schema.org","@graph":[{"@type":"WebPage","@id":"https:\/\/tourtravelandmore.com\/es\/tours\/francia\/le-havre-es\/tour-privado-a-la-bretagne-desde-le-havre\/","url":"https:\/\/tourtravelandmore.com\/es\/tours\/francia\/le-havre-es\/tour-privado-a-la-bretagne-desde-le-havre\/","name":"Tour Privado a La Bretagne desde Le Havre en veh\u00edculo de lujo | TTM","isPartOf":{"@id":"https:\/\/tourtravelandmore.com\/es\/#website"},"primaryImageOfPage":{"@id":"https:\/\/tourtravelandmore.com\/es\/tours\/francia\/le-havre-es\/tour-privado-a-la-bretagne-desde-le-havre\/#primaryimage"},"image":{"@id":"https:\/\/tourtravelandmore.com\/es\/tours\/francia\/le-havre-es\/tour-privado-a-la-bretagne-desde-le-havre\/#primaryimage"},"thumbnailUrl":"https:\/\/tourtravelandmore.com\/wp-content\/uploads\/2021\/02\/la-bretagne-3.jpg","datePublished":"2021-02-24T10:33:51+00:00","dateModified":"2022-07-11T10:31:27+00:00","description":"Acomp\u00e1\u00f1eos a conocer una de las zonas mas bellas de Francia con nuestro Tour Privado a La Bretagne desde Le Havre con chofer y gu\u00eda \u2705","breadcrumb":{"@id":"https:\/\/tourtravelandmore.com\/es\/tours\/francia\/le-havre-es\/tour-privado-a-la-bretagne-desde-le-havre\/#breadcrumb"},"inLanguage":"es","potentialAction":[{"@type":"ReadAction","target":["https:\/\/tourtravelandmore.com\/es\/tours\/francia\/le-havre-es\/tour-privado-a-la-bretagne-desde-le-havre\/"]}]},{"@type":"ImageObject","inLanguage":"es","@id":"https:\/\/tourtravelandmore.com\/es\/tours\/francia\/le-havre-es\/tour-privado-a-la-bretagne-desde-le-havre\/#primaryimage","url":"https:\/\/tourtravelandmore.com\/wp-content\/uploads\/2021\/02\/la-bretagne-3.jpg","contentUrl":"https:\/\/tourtravelandmore.com\/wp-content\/uploads\/2021\/02\/la-bretagne-3.jpg","width":1024,"height":768},{"@type":"BreadcrumbList","@id":"https:\/\/tourtravelandmore.com\/es\/tours\/francia\/le-havre-es\/tour-privado-a-la-bretagne-desde-le-havre\/#breadcrumb","itemListElement":[{"@type":"ListItem","position":1,"name":"Home","item":"https:\/\/tourtravelandmore.com\/es\/"},{"@type":"ListItem","position":2,"name":"Tours","item":"https:\/\/tourtravelandmore.com\/es\/tours\/"},{"@type":"ListItem","position":3,"name":"Tour Privado a La Bretagne desde Le Havre"}]},{"@type":"WebSite","@id":"https:\/\/tourtravelandmore.com\/es\/#website","url":"https:\/\/tourtravelandmore.com\/es\/","name":"Tour Travel And More","description":"Private sightseeing tours and luxury transfers in Spain","publisher":{"@id":"https:\/\/tourtravelandmore.com\/es\/#organization"},"potentialAction":[{"@type":"SearchAction","target":{"@type":"EntryPoint","urlTemplate":"https:\/\/tourtravelandmore.com\/es\/?s={search_term_string}"},"query-input":{"@type":"PropertyValueSpecification","valueRequired":true,"valueName":"search_term_string"}}],"inLanguage":"es"},{"@type":"Organization","@id":"https:\/\/tourtravelandmore.com\/es\/#organization","name":"Tour Travel And More","url":"https:\/\/tourtravelandmore.com\/es\/","logo":{"@type":"ImageObject","inLanguage":"es","@id":"https:\/\/tourtravelandmore.com\/es\/#\/schema\/logo\/image\/","url":"https:\/\/tourtravelandmore.com\/wp-content\/uploads\/2022\/12\/cropped-logo-cabecera-new.png","contentUrl":"https:\/\/tourtravelandmore.com\/wp-content\/uploads\/2022\/12\/cropped-logo-cabecera-new.png","width":430,"height":61,"caption":"Tour Travel And More"},"image":{"@id":"https:\/\/tourtravelandmore.com\/es\/#\/schema\/logo\/image\/"},"sameAs":["https:\/\/www.facebook.com\/tourtravelandmore\/","https:\/\/x.com\/TourTravel_More"]}]}},"_links":{"self":[{"href":"https:\/\/tourtravelandmore.com\/es\/wp-json\/wp\/v2\/product\/100640","targetHints":{"allow":["GET"]}}],"collection":[{"href":"https:\/\/tourtravelandmore.com\/es\/wp-json\/wp\/v2\/product"}],"about":[{"href":"https:\/\/tourtravelandmore.com\/es\/wp-json\/wp\/v2\/types\/product"}],"replies":[{"embeddable":true,"href":"https:\/\/tourtravelandmore.com\/es\/wp-json\/wp\/v2\/comments?post=100640"}],"wp:featuredmedia":[{"embeddable":true,"href":"https:\/\/tourtravelandmore.com\/es\/wp-json\/wp\/v2\/media\/100658"}],"wp:attachment":[{"href":"https:\/\/tourtravelandmore.com\/es\/wp-json\/wp\/v2\/media?parent=100640"}],"wp:term":[{"taxonomy":"product_brand","embeddable":true,"href":"https:\/\/tourtravelandmore.com\/es\/wp-json\/wp\/v2\/product_brand?post=100640"},{"taxonomy":"product_cat","embeddable":true,"href":"https:\/\/tourtravelandmore.com\/es\/wp-json\/wp\/v2\/product_cat?post=100640"},{"taxonomy":"product_tag","embeddable":true,"href":"https:\/\/tourtravelandmore.com\/es\/wp-json\/wp\/v2\/product_tag?post=100640"}],"curies":[{"name":"wp","href":"https:\/\/api.w.org\/{rel}","templated":true}]}}