{"id":100605,"date":"2021-02-24T10:17:01","date_gmt":"2021-02-24T09:17:02","guid":{"rendered":"https:\/\/tourtravelandmore.com\/?post_type=product&#038;p=100605"},"modified":"2022-07-11T12:30:33","modified_gmt":"2022-07-11T10:30:33","slug":"tour-privado-a-rennes-desde-la-bretagne","status":"publish","type":"product","link":"https:\/\/tourtravelandmore.com\/es\/tours\/francia\/labretagne-sp\/tour-privado-a-rennes-desde-la-bretagne\/","title":{"rendered":"Tour Privado a Rennes desde La Bretagne"},"content":{"rendered":"<h2>Descripci\u00f3n del Tour Privado a Rennes desde La Bretagne<\/h2>\n<p><strong>Rennes<\/strong> es la capital del \u00e1rea de La Bretagne. Se encuentra en el noroeste de Francia. Rennes tiene una gran historia y se remonta incluso m\u00e1s de 2000 a\u00f1os. Danos la oportunidad de llevarte <strong>Tour Privado a Rennes desde La Bretagne<\/strong> para conocer al m\u00e1ximo esta ciudad \u00fanica.<\/p>\n<p>Nuestro recorrido privado incluye la recogida en su hotel o lugar de elecci\u00f3n dentro de La Bretagne. H\u00e1ganos saber d\u00f3nde se hospedar\u00e1 y organizaremos el recorrido privado para satisfacer sus necesidades exactas.<\/p>\n<p>Nuestro conductor privado lo recoger\u00e1 de su hotel y nos dirigiremos hacia Rennes. Una vez en Rennes, deje que nuestro gu\u00eda tur\u00edstico oficial privado le permita disfrutar de la gran historia y los sitios \u00fanicos de esta ciudad.<\/p>\n<p>Explore con su gu\u00eda las hermosas calles empedradas y escuche toda la historia de Rennes y Breta\u00f1a.<\/p>\n<p>Este Tour Privado a Rennes desde La Bretagne es completamente personalizado. Comun\u00edquese con el equipo de <strong>Tour Travel and More<\/strong> y cu\u00e9nteles todos sus deseos para este tour.<\/p>\n<h2>Puntos emblem\u00e1ticos y de inter\u00e9s en el Tour Privado a Rennes desde La Bretagne<\/h2>\n<p>El recorrido privado comenzar\u00e1 en su hotel o sitio de elecci\u00f3n en La Bretagne. Danos la informaci\u00f3n de recogida para organizar el mejor recorrido de acuerdo con los horarios exactos.<\/p>\n<p>La recogida se realizar\u00e1 desde su hotel con su veh\u00edculo de lujo privado con conductor separado. Una vez que llegue a Rennes, se encontrar\u00e1 con su gu\u00eda tur\u00edstico oficial privado. Su gu\u00eda estar\u00e1 a su disposici\u00f3n para una visita privada de 2-3 horas a esta ciudad \u00fanica.<\/p>\n<p>Aprender\u00e1s sobre la historia y las grandes an\u00e9cdotas de la ciudad de Rennes. Conozca entre otros:<\/p>\n<ul>\n<li><strong>El centro historico<\/strong><\/li>\n<li><strong>Le Parlement<\/strong><\/li>\n<li><strong>Place Saint-Anne<\/strong><\/li>\n<li><strong>Place des Lices<\/strong><\/li>\n<li><a href=\"https:\/\/cathedralerennescatholique.icodia.info\">Catedral de Rennes<\/a><\/li>\n<li><strong>Puertas de Mordelaises<\/strong><\/li>\n<li><strong>Plaza del ayuntamiento de Rennes<\/strong><\/li>\n<li><strong>Parque Thabor<\/strong><\/li>\n<li><strong>Champs Libres<\/strong><\/li>\n<\/ul>\n<p>Tambi\u00e9n tendr\u00e1 tiempo libre para pasear y disfrutar de Rennes por nuestra cuenta. Le recomendaremos d\u00f3nde puede almorzar dentro de la ciudad.<\/p>\n<p>Una vez que haya almorzado, lo llevaremos de regreso a su hotel en La Bretagne. Nuestro veh\u00edculo privado de lujo con conductor est\u00e1 a su disposici\u00f3n durante toda la experiencia.<\/p>\n<p>H\u00e1ganos saber si tiene alguna solicitud especial y haremos todo lo posible para organizarla y si es posible incluirla en su itinerario. Este es un recorrido completamente privado y estamos aqu\u00ed para que su experiencia sea memorable.<\/p>\n<p><a href=\"https:\/\/tourtravelandmore.com\/es\/ciudad\/francia\/labretagne-sp\/\">Haga click aqu\u00ed para conocer todos nuestros tours privados en y desde La Bretagne.<\/a><\/p>\n","protected":false},"excerpt":{"rendered":"<p>Acomp\u00e1\u00f1enos a conocer la capital de La Bretagne con nuestro exclusivo <strong>Tour Privado a Rennes desde cualquier sitio de La Bretagne<\/strong> con gu\u00eda oficial y veh\u00edculo privado.<\/p>\n<p><span style=\"font-weight: 400;\">\u00a0<\/span><\/p>\n<h4><\/h4>\n","protected":false},"featured_media":100623,"comment_status":"open","ping_status":"closed","template":"","meta":{"_acf_changed":false},"product_brand":[],"product_cat":[1592,3599],"product_tag":[],"class_list":{"0":"post-100605","1":"product","2":"type-product","3":"status-publish","4":"has-post-thumbnail","6":"product_cat-francia","7":"product_cat-labretagne-sp","9":"first","10":"instock","11":"shipping-taxable","12":"purchasable","13":"product-type-simple"},"acf":[],"yoast_head":"<!-- This site is optimized with the Yoast SEO Premium plugin v25.3.1 (Yoast SEO v25.3.1) - https:\/\/yoast.com\/wordpress\/plugins\/seo\/ -->\n<title>Tour Privado a Rennes desde La Bretagne en veh\u00edculo privado | TTM<\/title>\n<meta name=\"description\" content=\"Acomp\u00e1\u00f1enos a conocer la capital de La Bretagne con nuestro exclusivo Tour Privado a Rennes desde La Bretagne con gu\u00eda oficial \u2705\" \/>\n<meta name=\"robots\" content=\"index, follow, max-snippet:-1, max-image-preview:large, max-video-preview:-1\" \/>\n<link rel=\"canonical\" href=\"https:\/\/tourtravelandmore.com\/es\/tours\/francia\/labretagne-sp\/tour-privado-a-rennes-desde-la-bretagne\/\" \/>\n<meta property=\"og:locale\" content=\"es_ES\" \/>\n<meta property=\"og:type\" content=\"article\" \/>\n<meta property=\"og:title\" content=\"Tour Privado a Rennes desde La Bretagne\" \/>\n<meta property=\"og:description\" content=\"Acomp\u00e1\u00f1enos a conocer la capital de La Bretagne con nuestro exclusivo Tour Privado a Rennes desde La Bretagne con gu\u00eda oficial \u2705\" \/>\n<meta property=\"og:url\" content=\"https:\/\/tourtravelandmore.com\/es\/tours\/francia\/labretagne-sp\/tour-privado-a-rennes-desde-la-bretagne\/\" \/>\n<meta property=\"og:site_name\" content=\"Tour Travel And More\" \/>\n<meta property=\"article:publisher\" content=\"https:\/\/www.facebook.com\/tourtravelandmore\/\" \/>\n<meta property=\"article:modified_time\" content=\"2022-07-11T10:30:33+00:00\" \/>\n<meta property=\"og:image\" content=\"https:\/\/tourtravelandmore.com\/wp-content\/uploads\/2021\/02\/rennes-1.jpg\" \/>\n\t<meta property=\"og:image:width\" content=\"1024\" \/>\n\t<meta property=\"og:image:height\" content=\"741\" \/>\n\t<meta property=\"og:image:type\" content=\"image\/jpeg\" \/>\n<meta name=\"twitter:card\" content=\"summary_large_image\" \/>\n<meta name=\"twitter:site\" content=\"@TourTravel_More\" \/>\n<meta name=\"twitter:label1\" content=\"Tiempo de lectura\" \/>\n\t<meta name=\"twitter:data1\" content=\"2 minutos\" \/>\n<script type=\"application\/ld+json\" class=\"yoast-schema-graph\">{\"@context\":\"https:\/\/schema.org\",\"@graph\":[{\"@type\":\"WebPage\",\"@id\":\"https:\/\/tourtravelandmore.com\/es\/tours\/francia\/labretagne-sp\/tour-privado-a-rennes-desde-la-bretagne\/\",\"url\":\"https:\/\/tourtravelandmore.com\/es\/tours\/francia\/labretagne-sp\/tour-privado-a-rennes-desde-la-bretagne\/\",\"name\":\"Tour Privado a Rennes desde La Bretagne en veh\u00edculo privado | TTM\",\"isPartOf\":{\"@id\":\"https:\/\/tourtravelandmore.com\/es\/#website\"},\"primaryImageOfPage\":{\"@id\":\"https:\/\/tourtravelandmore.com\/es\/tours\/francia\/labretagne-sp\/tour-privado-a-rennes-desde-la-bretagne\/#primaryimage\"},\"image\":{\"@id\":\"https:\/\/tourtravelandmore.com\/es\/tours\/francia\/labretagne-sp\/tour-privado-a-rennes-desde-la-bretagne\/#primaryimage\"},\"thumbnailUrl\":\"https:\/\/tourtravelandmore.com\/wp-content\/uploads\/2021\/02\/rennes-1.jpg\",\"datePublished\":\"2021-02-24T09:17:02+00:00\",\"dateModified\":\"2022-07-11T10:30:33+00:00\",\"description\":\"Acomp\u00e1\u00f1enos a conocer la capital de La Bretagne con nuestro exclusivo Tour Privado a Rennes desde La Bretagne con gu\u00eda oficial \u2705\",\"breadcrumb\":{\"@id\":\"https:\/\/tourtravelandmore.com\/es\/tours\/francia\/labretagne-sp\/tour-privado-a-rennes-desde-la-bretagne\/#breadcrumb\"},\"inLanguage\":\"es\",\"potentialAction\":[{\"@type\":\"ReadAction\",\"target\":[\"https:\/\/tourtravelandmore.com\/es\/tours\/francia\/labretagne-sp\/tour-privado-a-rennes-desde-la-bretagne\/\"]}]},{\"@type\":\"ImageObject\",\"inLanguage\":\"es\",\"@id\":\"https:\/\/tourtravelandmore.com\/es\/tours\/francia\/labretagne-sp\/tour-privado-a-rennes-desde-la-bretagne\/#primaryimage\",\"url\":\"https:\/\/tourtravelandmore.com\/wp-content\/uploads\/2021\/02\/rennes-1.jpg\",\"contentUrl\":\"https:\/\/tourtravelandmore.com\/wp-content\/uploads\/2021\/02\/rennes-1.jpg\",\"width\":1024,\"height\":741},{\"@type\":\"BreadcrumbList\",\"@id\":\"https:\/\/tourtravelandmore.com\/es\/tours\/francia\/labretagne-sp\/tour-privado-a-rennes-desde-la-bretagne\/#breadcrumb\",\"itemListElement\":[{\"@type\":\"ListItem\",\"position\":1,\"name\":\"Home\",\"item\":\"https:\/\/tourtravelandmore.com\/es\/\"},{\"@type\":\"ListItem\",\"position\":2,\"name\":\"Tours\",\"item\":\"https:\/\/tourtravelandmore.com\/es\/tours\/\"},{\"@type\":\"ListItem\",\"position\":3,\"name\":\"Tour Privado a Rennes desde La Bretagne\"}]},{\"@type\":\"WebSite\",\"@id\":\"https:\/\/tourtravelandmore.com\/es\/#website\",\"url\":\"https:\/\/tourtravelandmore.com\/es\/\",\"name\":\"Tour Travel And More\",\"description\":\"Private sightseeing tours and luxury transfers in Spain\",\"publisher\":{\"@id\":\"https:\/\/tourtravelandmore.com\/es\/#organization\"},\"potentialAction\":[{\"@type\":\"SearchAction\",\"target\":{\"@type\":\"EntryPoint\",\"urlTemplate\":\"https:\/\/tourtravelandmore.com\/es\/?s={search_term_string}\"},\"query-input\":{\"@type\":\"PropertyValueSpecification\",\"valueRequired\":true,\"valueName\":\"search_term_string\"}}],\"inLanguage\":\"es\"},{\"@type\":\"Organization\",\"@id\":\"https:\/\/tourtravelandmore.com\/es\/#organization\",\"name\":\"Tour Travel And More\",\"url\":\"https:\/\/tourtravelandmore.com\/es\/\",\"logo\":{\"@type\":\"ImageObject\",\"inLanguage\":\"es\",\"@id\":\"https:\/\/tourtravelandmore.com\/es\/#\/schema\/logo\/image\/\",\"url\":\"https:\/\/tourtravelandmore.com\/wp-content\/uploads\/2022\/12\/cropped-logo-cabecera-new.png\",\"contentUrl\":\"https:\/\/tourtravelandmore.com\/wp-content\/uploads\/2022\/12\/cropped-logo-cabecera-new.png\",\"width\":430,\"height\":61,\"caption\":\"Tour Travel And More\"},\"image\":{\"@id\":\"https:\/\/tourtravelandmore.com\/es\/#\/schema\/logo\/image\/\"},\"sameAs\":[\"https:\/\/www.facebook.com\/tourtravelandmore\/\",\"https:\/\/x.com\/TourTravel_More\"]}]}<\/script>\n<!-- \/ Yoast SEO Premium plugin. -->","yoast_head_json":{"title":"Tour Privado a Rennes desde La Bretagne en veh\u00edculo privado | TTM","description":"Acomp\u00e1\u00f1enos a conocer la capital de La Bretagne con nuestro exclusivo Tour Privado a Rennes desde La Bretagne con gu\u00eda oficial \u2705","robots":{"index":"index","follow":"follow","max-snippet":"max-snippet:-1","max-image-preview":"max-image-preview:large","max-video-preview":"max-video-preview:-1"},"canonical":"https:\/\/tourtravelandmore.com\/es\/tours\/francia\/labretagne-sp\/tour-privado-a-rennes-desde-la-bretagne\/","og_locale":"es_ES","og_type":"article","og_title":"Tour Privado a Rennes desde La Bretagne","og_description":"Acomp\u00e1\u00f1enos a conocer la capital de La Bretagne con nuestro exclusivo Tour Privado a Rennes desde La Bretagne con gu\u00eda oficial \u2705","og_url":"https:\/\/tourtravelandmore.com\/es\/tours\/francia\/labretagne-sp\/tour-privado-a-rennes-desde-la-bretagne\/","og_site_name":"Tour Travel And More","article_publisher":"https:\/\/www.facebook.com\/tourtravelandmore\/","article_modified_time":"2022-07-11T10:30:33+00:00","og_image":[{"width":1024,"height":741,"url":"https:\/\/tourtravelandmore.com\/wp-content\/uploads\/2021\/02\/rennes-1.jpg","type":"image\/jpeg"}],"twitter_card":"summary_large_image","twitter_site":"@TourTravel_More","twitter_misc":{"Tiempo de lectura":"2 minutos"},"schema":{"@context":"https:\/\/schema.org","@graph":[{"@type":"WebPage","@id":"https:\/\/tourtravelandmore.com\/es\/tours\/francia\/labretagne-sp\/tour-privado-a-rennes-desde-la-bretagne\/","url":"https:\/\/tourtravelandmore.com\/es\/tours\/francia\/labretagne-sp\/tour-privado-a-rennes-desde-la-bretagne\/","name":"Tour Privado a Rennes desde La Bretagne en veh\u00edculo privado | TTM","isPartOf":{"@id":"https:\/\/tourtravelandmore.com\/es\/#website"},"primaryImageOfPage":{"@id":"https:\/\/tourtravelandmore.com\/es\/tours\/francia\/labretagne-sp\/tour-privado-a-rennes-desde-la-bretagne\/#primaryimage"},"image":{"@id":"https:\/\/tourtravelandmore.com\/es\/tours\/francia\/labretagne-sp\/tour-privado-a-rennes-desde-la-bretagne\/#primaryimage"},"thumbnailUrl":"https:\/\/tourtravelandmore.com\/wp-content\/uploads\/2021\/02\/rennes-1.jpg","datePublished":"2021-02-24T09:17:02+00:00","dateModified":"2022-07-11T10:30:33+00:00","description":"Acomp\u00e1\u00f1enos a conocer la capital de La Bretagne con nuestro exclusivo Tour Privado a Rennes desde La Bretagne con gu\u00eda oficial \u2705","breadcrumb":{"@id":"https:\/\/tourtravelandmore.com\/es\/tours\/francia\/labretagne-sp\/tour-privado-a-rennes-desde-la-bretagne\/#breadcrumb"},"inLanguage":"es","potentialAction":[{"@type":"ReadAction","target":["https:\/\/tourtravelandmore.com\/es\/tours\/francia\/labretagne-sp\/tour-privado-a-rennes-desde-la-bretagne\/"]}]},{"@type":"ImageObject","inLanguage":"es","@id":"https:\/\/tourtravelandmore.com\/es\/tours\/francia\/labretagne-sp\/tour-privado-a-rennes-desde-la-bretagne\/#primaryimage","url":"https:\/\/tourtravelandmore.com\/wp-content\/uploads\/2021\/02\/rennes-1.jpg","contentUrl":"https:\/\/tourtravelandmore.com\/wp-content\/uploads\/2021\/02\/rennes-1.jpg","width":1024,"height":741},{"@type":"BreadcrumbList","@id":"https:\/\/tourtravelandmore.com\/es\/tours\/francia\/labretagne-sp\/tour-privado-a-rennes-desde-la-bretagne\/#breadcrumb","itemListElement":[{"@type":"ListItem","position":1,"name":"Home","item":"https:\/\/tourtravelandmore.com\/es\/"},{"@type":"ListItem","position":2,"name":"Tours","item":"https:\/\/tourtravelandmore.com\/es\/tours\/"},{"@type":"ListItem","position":3,"name":"Tour Privado a Rennes desde La Bretagne"}]},{"@type":"WebSite","@id":"https:\/\/tourtravelandmore.com\/es\/#website","url":"https:\/\/tourtravelandmore.com\/es\/","name":"Tour Travel And More","description":"Private sightseeing tours and luxury transfers in Spain","publisher":{"@id":"https:\/\/tourtravelandmore.com\/es\/#organization"},"potentialAction":[{"@type":"SearchAction","target":{"@type":"EntryPoint","urlTemplate":"https:\/\/tourtravelandmore.com\/es\/?s={search_term_string}"},"query-input":{"@type":"PropertyValueSpecification","valueRequired":true,"valueName":"search_term_string"}}],"inLanguage":"es"},{"@type":"Organization","@id":"https:\/\/tourtravelandmore.com\/es\/#organization","name":"Tour Travel And More","url":"https:\/\/tourtravelandmore.com\/es\/","logo":{"@type":"ImageObject","inLanguage":"es","@id":"https:\/\/tourtravelandmore.com\/es\/#\/schema\/logo\/image\/","url":"https:\/\/tourtravelandmore.com\/wp-content\/uploads\/2022\/12\/cropped-logo-cabecera-new.png","contentUrl":"https:\/\/tourtravelandmore.com\/wp-content\/uploads\/2022\/12\/cropped-logo-cabecera-new.png","width":430,"height":61,"caption":"Tour Travel And More"},"image":{"@id":"https:\/\/tourtravelandmore.com\/es\/#\/schema\/logo\/image\/"},"sameAs":["https:\/\/www.facebook.com\/tourtravelandmore\/","https:\/\/x.com\/TourTravel_More"]}]}},"_links":{"self":[{"href":"https:\/\/tourtravelandmore.com\/es\/wp-json\/wp\/v2\/product\/100605","targetHints":{"allow":["GET"]}}],"collection":[{"href":"https:\/\/tourtravelandmore.com\/es\/wp-json\/wp\/v2\/product"}],"about":[{"href":"https:\/\/tourtravelandmore.com\/es\/wp-json\/wp\/v2\/types\/product"}],"replies":[{"embeddable":true,"href":"https:\/\/tourtravelandmore.com\/es\/wp-json\/wp\/v2\/comments?post=100605"}],"wp:featuredmedia":[{"embeddable":true,"href":"https:\/\/tourtravelandmore.com\/es\/wp-json\/wp\/v2\/media\/100623"}],"wp:attachment":[{"href":"https:\/\/tourtravelandmore.com\/es\/wp-json\/wp\/v2\/media?parent=100605"}],"wp:term":[{"taxonomy":"product_brand","embeddable":true,"href":"https:\/\/tourtravelandmore.com\/es\/wp-json\/wp\/v2\/product_brand?post=100605"},{"taxonomy":"product_cat","embeddable":true,"href":"https:\/\/tourtravelandmore.com\/es\/wp-json\/wp\/v2\/product_cat?post=100605"},{"taxonomy":"product_tag","embeddable":true,"href":"https:\/\/tourtravelandmore.com\/es\/wp-json\/wp\/v2\/product_tag?post=100605"}],"curies":[{"name":"wp","href":"https:\/\/api.w.org\/{rel}","templated":true}]}}