{"id":100570,"date":"2021-02-24T09:46:49","date_gmt":"2021-02-24T08:46:50","guid":{"rendered":"https:\/\/tourtravelandmore.com\/?post_type=product&#038;p=100570"},"modified":"2022-07-11T12:34:18","modified_gmt":"2022-07-11T10:34:18","slug":"tour-privado-a-normandia-desde-la-bretagne","status":"publish","type":"product","link":"https:\/\/tourtravelandmore.com\/es\/tours\/francia\/labretagne-sp\/tour-privado-a-normandia-desde-la-bretagne\/","title":{"rendered":"Tour Privado a Normand\u00eda desde La Bretagne"},"content":{"rendered":"<h2>Descripci\u00f3n del Tour Privado a Normand\u00eda desde La Bretagne<\/h2>\n<p>Cuando hablamos de Normand\u00eda, lo primero que nos viene a la cabeza son las playas del desembarco del D\u00eda D. En realidad, Normand\u00eda tiene mucho m\u00e1s que ofrecer que solo los monumentos conmemorativos de la Guerra Mundial. Aproveche esta \u00a0oportunidad y acomp\u00e1\u00f1enos en este<strong> Tour Privado a Normand\u00eda desde La Bretagne<\/strong>.<\/p>\n<p>Danos la oportunidad de llevarte a Normand\u00eda y no solo conocer las playas y sentir la historia, sino tambi\u00e9n conocer pueblos m\u00e1s peque\u00f1os e incluso la capital de la regi\u00f3n que es Rouen.<\/p>\n<p><strong>Normand\u00eda<\/strong> tiene una gran historia europea y estamos aqu\u00ed para organizar la mejor experiencia posible.<\/p>\n<p>Este es un recorrido muy popular desde el puerto de cruceros de Le Havre para una excursi\u00f3n en tierra o incluso desde Par\u00eds. Ahora tenemos la oportunidad de llevarte a Normand\u00eda desde La Bretagne.<\/p>\n<p>Esta es una gran excursi\u00f3n privada para conocer la historia y los hermosos sitios de Normand\u00eda.<\/p>\n<p>Organizaremos una recogida privada desde su ubicaci\u00f3n deseada en La Bretagne.<\/p>\n<p>Tambi\u00e9n tenemos la oportunidad de agregar un gu\u00eda tur\u00edstico oficial separado una vez en Normand\u00eda durante 3 horas. Por supuesto, tambi\u00e9n puede disfrutar de la gira con un conductor privado de habla inglesa.<\/p>\n<p>El \u00e1rea de Normand\u00eda tiene sus sitios distribuidos y en un d\u00eda podr\u00e1 ver tanto como sea posible, pero no todo. A continuaci\u00f3n se presentan algunos ejemplos de lo que puede hacer en este tour privado a Normand\u00eda desde La Bretagne.<\/p>\n<h2>Puntos emblem\u00e1ticos y de inter\u00e9s en el Tour Privado a Normand\u00eda desde La Bretagne<\/h2>\n<p>Siendo que este es un recorrido privado, podemos organizar la recogida desde cualquier lugar de Le Bretagne. El \u00e1rea de La Bretagne es muy grande, as\u00ed que h\u00e1ganos saber d\u00f3nde se alojar\u00e1 para que podamos organizar la mejor experiencia posible teniendo en cuenta las distancias.<\/p>\n<p>Lo recogeremos en nuestro veh\u00edculo privado de lujo con chofer y nos dirigiremos hacia Normand\u00eda.<\/p>\n<p>Aqu\u00ed hay algunos ejemplos de lo que puede hacer:<\/p>\n<ul>\n<li><strong>Excursi\u00f3n de un d\u00eda para visitar las playas del D\u00eda D y conocer la historia que tienen estos lugares. Esto puede incluir <a href=\"https:\/\/es.wikipedia.org\/wiki\/Bayeux\">Bayeux<\/a> o Caen<\/strong><\/li>\n<li><strong>Existe la opci\u00f3n de visitar Honfleur o Camembert<\/strong><\/li>\n<li><strong>Si te interesan principalmente las ciudades; Ruan<\/strong><\/li>\n<li><strong>Otro viaje t\u00edpico de un d\u00eda ser\u00eda al Monte St Michel (tenemos una descripci\u00f3n separada para este recorrido). Por favor, h\u00e1ganos saber si desea informaci\u00f3n sobre esta opci\u00f3n al Mont Saint Michel.<\/strong><\/li>\n<li><strong>Entre otros, tambi\u00e9n puede incluir:<\/strong><\/li>\n<li><strong>Acantilados blancos de \u00c9tretat<\/strong><\/li>\n<li><strong>Casa y jard\u00edn de Claude Monet (en Giverny)<\/strong><\/li>\n<li><strong>Evreux<\/strong><\/li>\n<li><strong>Deauville<\/strong><\/li>\n<li><strong>Trouville<\/strong><\/li>\n<li><strong>Dieppe<\/strong><\/li>\n<\/ul>\n<p>Dependiendo de su opci\u00f3n deseada, tambi\u00e9n organizaremos algo de tiempo libre para que explore por su cuenta. Le recomendaremos d\u00f3nde puede almorzar antes de regresar a La Bretagne.<\/p>\n<p>Podemos agregar la gu\u00eda tur\u00edstica oficial por separado si desea m\u00e1s datos hist\u00f3ricos y una persona separada adem\u00e1s de su conductor de habla inglesa. Todos nuestros tours son privados y podemos personalizar la experiencia para satisfacer sus propios deseos.<\/p>\n<p><a href=\"https:\/\/tourtravelandmore.com\/es\/ciudad\/francia\/labretagne-sp\/\">Haga click aqu\u00ed para conocer todos nuestros tours privados en y desde La Bretagne.<\/a><\/p>\n","protected":false},"excerpt":{"rendered":"<p>Disfrute de un d\u00eda fuera de la ciudad de La Bretagne y \u00fanase a nosotros en este <strong>Tour Privado a Normand\u00eda desde La Bretagne<\/strong> con gu\u00eda local. Tendr\u00e1 un veh\u00edculo privado de lujo con chofer a su entera disposici\u00f3n.<\/p>\n<p><span style=\"font-weight: 400;\">\u00a0<\/span><\/p>\n<h4><\/h4>\n","protected":false},"featured_media":100588,"comment_status":"open","ping_status":"closed","template":"","meta":{"_acf_changed":false},"product_brand":[],"product_cat":[1592,3599,3614],"product_tag":[],"class_list":{"0":"post-100570","1":"product","2":"type-product","3":"status-publish","4":"has-post-thumbnail","6":"product_cat-francia","7":"product_cat-labretagne-sp","8":"product_cat-normandy-sp","10":"first","11":"instock","12":"shipping-taxable","13":"purchasable","14":"product-type-simple"},"acf":[],"yoast_head":"<!-- This site is optimized with the Yoast SEO Premium plugin v25.3.1 (Yoast SEO v25.3.1) - https:\/\/yoast.com\/wordpress\/plugins\/seo\/ -->\n<title>Tour Privado a Normand\u00eda desde La Bretagne en veh\u00edculo privado | TTM<\/title>\n<meta name=\"description\" content=\"Disfrute de un d\u00eda fuera de la ciudad de La Bretagne y \u00fanase a nosotros en este Tour Privado a Normand\u00eda desde La Bretagne con gu\u00eda local \u2705\" \/>\n<meta name=\"robots\" content=\"index, follow, max-snippet:-1, max-image-preview:large, max-video-preview:-1\" \/>\n<link rel=\"canonical\" href=\"https:\/\/tourtravelandmore.com\/es\/tours\/francia\/labretagne-sp\/tour-privado-a-normandia-desde-la-bretagne\/\" \/>\n<meta property=\"og:locale\" content=\"es_ES\" \/>\n<meta property=\"og:type\" content=\"article\" \/>\n<meta property=\"og:title\" content=\"Tour Privado a Normand\u00eda desde La Bretagne\" \/>\n<meta property=\"og:description\" content=\"Disfrute de un d\u00eda fuera de la ciudad de La Bretagne y \u00fanase a nosotros en este Tour Privado a Normand\u00eda desde La Bretagne con gu\u00eda local \u2705\" \/>\n<meta property=\"og:url\" content=\"https:\/\/tourtravelandmore.com\/es\/tours\/francia\/labretagne-sp\/tour-privado-a-normandia-desde-la-bretagne\/\" \/>\n<meta property=\"og:site_name\" content=\"Tour Travel And More\" \/>\n<meta property=\"article:publisher\" content=\"https:\/\/www.facebook.com\/tourtravelandmore\/\" \/>\n<meta property=\"article:modified_time\" content=\"2022-07-11T10:34:18+00:00\" \/>\n<meta property=\"og:image\" content=\"https:\/\/tourtravelandmore.com\/wp-content\/uploads\/2021\/02\/normandy-1.2-scaled.jpg\" \/>\n\t<meta property=\"og:image:width\" content=\"2560\" \/>\n\t<meta property=\"og:image:height\" content=\"1439\" \/>\n\t<meta property=\"og:image:type\" content=\"image\/jpeg\" \/>\n<meta name=\"twitter:card\" content=\"summary_large_image\" \/>\n<meta name=\"twitter:site\" content=\"@TourTravel_More\" \/>\n<meta name=\"twitter:label1\" content=\"Tiempo de lectura\" \/>\n\t<meta name=\"twitter:data1\" content=\"2 minutos\" \/>\n<script type=\"application\/ld+json\" class=\"yoast-schema-graph\">{\"@context\":\"https:\/\/schema.org\",\"@graph\":[{\"@type\":\"WebPage\",\"@id\":\"https:\/\/tourtravelandmore.com\/es\/tours\/francia\/labretagne-sp\/tour-privado-a-normandia-desde-la-bretagne\/\",\"url\":\"https:\/\/tourtravelandmore.com\/es\/tours\/francia\/labretagne-sp\/tour-privado-a-normandia-desde-la-bretagne\/\",\"name\":\"Tour Privado a Normand\u00eda desde La Bretagne en veh\u00edculo privado | TTM\",\"isPartOf\":{\"@id\":\"https:\/\/tourtravelandmore.com\/es\/#website\"},\"primaryImageOfPage\":{\"@id\":\"https:\/\/tourtravelandmore.com\/es\/tours\/francia\/labretagne-sp\/tour-privado-a-normandia-desde-la-bretagne\/#primaryimage\"},\"image\":{\"@id\":\"https:\/\/tourtravelandmore.com\/es\/tours\/francia\/labretagne-sp\/tour-privado-a-normandia-desde-la-bretagne\/#primaryimage\"},\"thumbnailUrl\":\"https:\/\/tourtravelandmore.com\/wp-content\/uploads\/2021\/02\/normandy-1.2-scaled.jpg\",\"datePublished\":\"2021-02-24T08:46:50+00:00\",\"dateModified\":\"2022-07-11T10:34:18+00:00\",\"description\":\"Disfrute de un d\u00eda fuera de la ciudad de La Bretagne y \u00fanase a nosotros en este Tour Privado a Normand\u00eda desde La Bretagne con gu\u00eda local \u2705\",\"breadcrumb\":{\"@id\":\"https:\/\/tourtravelandmore.com\/es\/tours\/francia\/labretagne-sp\/tour-privado-a-normandia-desde-la-bretagne\/#breadcrumb\"},\"inLanguage\":\"es\",\"potentialAction\":[{\"@type\":\"ReadAction\",\"target\":[\"https:\/\/tourtravelandmore.com\/es\/tours\/francia\/labretagne-sp\/tour-privado-a-normandia-desde-la-bretagne\/\"]}]},{\"@type\":\"ImageObject\",\"inLanguage\":\"es\",\"@id\":\"https:\/\/tourtravelandmore.com\/es\/tours\/francia\/labretagne-sp\/tour-privado-a-normandia-desde-la-bretagne\/#primaryimage\",\"url\":\"https:\/\/tourtravelandmore.com\/wp-content\/uploads\/2021\/02\/normandy-1.2-scaled.jpg\",\"contentUrl\":\"https:\/\/tourtravelandmore.com\/wp-content\/uploads\/2021\/02\/normandy-1.2-scaled.jpg\",\"width\":2560,\"height\":1439},{\"@type\":\"BreadcrumbList\",\"@id\":\"https:\/\/tourtravelandmore.com\/es\/tours\/francia\/labretagne-sp\/tour-privado-a-normandia-desde-la-bretagne\/#breadcrumb\",\"itemListElement\":[{\"@type\":\"ListItem\",\"position\":1,\"name\":\"Home\",\"item\":\"https:\/\/tourtravelandmore.com\/es\/\"},{\"@type\":\"ListItem\",\"position\":2,\"name\":\"Tours\",\"item\":\"https:\/\/tourtravelandmore.com\/es\/tours\/\"},{\"@type\":\"ListItem\",\"position\":3,\"name\":\"Tour Privado a Normand\u00eda desde La Bretagne\"}]},{\"@type\":\"WebSite\",\"@id\":\"https:\/\/tourtravelandmore.com\/es\/#website\",\"url\":\"https:\/\/tourtravelandmore.com\/es\/\",\"name\":\"Tour Travel And More\",\"description\":\"Private sightseeing tours and luxury transfers in Spain\",\"publisher\":{\"@id\":\"https:\/\/tourtravelandmore.com\/es\/#organization\"},\"potentialAction\":[{\"@type\":\"SearchAction\",\"target\":{\"@type\":\"EntryPoint\",\"urlTemplate\":\"https:\/\/tourtravelandmore.com\/es\/?s={search_term_string}\"},\"query-input\":{\"@type\":\"PropertyValueSpecification\",\"valueRequired\":true,\"valueName\":\"search_term_string\"}}],\"inLanguage\":\"es\"},{\"@type\":\"Organization\",\"@id\":\"https:\/\/tourtravelandmore.com\/es\/#organization\",\"name\":\"Tour Travel And More\",\"url\":\"https:\/\/tourtravelandmore.com\/es\/\",\"logo\":{\"@type\":\"ImageObject\",\"inLanguage\":\"es\",\"@id\":\"https:\/\/tourtravelandmore.com\/es\/#\/schema\/logo\/image\/\",\"url\":\"https:\/\/tourtravelandmore.com\/wp-content\/uploads\/2022\/12\/cropped-logo-cabecera-new.png\",\"contentUrl\":\"https:\/\/tourtravelandmore.com\/wp-content\/uploads\/2022\/12\/cropped-logo-cabecera-new.png\",\"width\":430,\"height\":61,\"caption\":\"Tour Travel And More\"},\"image\":{\"@id\":\"https:\/\/tourtravelandmore.com\/es\/#\/schema\/logo\/image\/\"},\"sameAs\":[\"https:\/\/www.facebook.com\/tourtravelandmore\/\",\"https:\/\/x.com\/TourTravel_More\"]}]}<\/script>\n<!-- \/ Yoast SEO Premium plugin. -->","yoast_head_json":{"title":"Tour Privado a Normand\u00eda desde La Bretagne en veh\u00edculo privado | TTM","description":"Disfrute de un d\u00eda fuera de la ciudad de La Bretagne y \u00fanase a nosotros en este Tour Privado a Normand\u00eda desde La Bretagne con gu\u00eda local \u2705","robots":{"index":"index","follow":"follow","max-snippet":"max-snippet:-1","max-image-preview":"max-image-preview:large","max-video-preview":"max-video-preview:-1"},"canonical":"https:\/\/tourtravelandmore.com\/es\/tours\/francia\/labretagne-sp\/tour-privado-a-normandia-desde-la-bretagne\/","og_locale":"es_ES","og_type":"article","og_title":"Tour Privado a Normand\u00eda desde La Bretagne","og_description":"Disfrute de un d\u00eda fuera de la ciudad de La Bretagne y \u00fanase a nosotros en este Tour Privado a Normand\u00eda desde La Bretagne con gu\u00eda local \u2705","og_url":"https:\/\/tourtravelandmore.com\/es\/tours\/francia\/labretagne-sp\/tour-privado-a-normandia-desde-la-bretagne\/","og_site_name":"Tour Travel And More","article_publisher":"https:\/\/www.facebook.com\/tourtravelandmore\/","article_modified_time":"2022-07-11T10:34:18+00:00","og_image":[{"width":2560,"height":1439,"url":"https:\/\/tourtravelandmore.com\/wp-content\/uploads\/2021\/02\/normandy-1.2-scaled.jpg","type":"image\/jpeg"}],"twitter_card":"summary_large_image","twitter_site":"@TourTravel_More","twitter_misc":{"Tiempo de lectura":"2 minutos"},"schema":{"@context":"https:\/\/schema.org","@graph":[{"@type":"WebPage","@id":"https:\/\/tourtravelandmore.com\/es\/tours\/francia\/labretagne-sp\/tour-privado-a-normandia-desde-la-bretagne\/","url":"https:\/\/tourtravelandmore.com\/es\/tours\/francia\/labretagne-sp\/tour-privado-a-normandia-desde-la-bretagne\/","name":"Tour Privado a Normand\u00eda desde La Bretagne en veh\u00edculo privado | TTM","isPartOf":{"@id":"https:\/\/tourtravelandmore.com\/es\/#website"},"primaryImageOfPage":{"@id":"https:\/\/tourtravelandmore.com\/es\/tours\/francia\/labretagne-sp\/tour-privado-a-normandia-desde-la-bretagne\/#primaryimage"},"image":{"@id":"https:\/\/tourtravelandmore.com\/es\/tours\/francia\/labretagne-sp\/tour-privado-a-normandia-desde-la-bretagne\/#primaryimage"},"thumbnailUrl":"https:\/\/tourtravelandmore.com\/wp-content\/uploads\/2021\/02\/normandy-1.2-scaled.jpg","datePublished":"2021-02-24T08:46:50+00:00","dateModified":"2022-07-11T10:34:18+00:00","description":"Disfrute de un d\u00eda fuera de la ciudad de La Bretagne y \u00fanase a nosotros en este Tour Privado a Normand\u00eda desde La Bretagne con gu\u00eda local \u2705","breadcrumb":{"@id":"https:\/\/tourtravelandmore.com\/es\/tours\/francia\/labretagne-sp\/tour-privado-a-normandia-desde-la-bretagne\/#breadcrumb"},"inLanguage":"es","potentialAction":[{"@type":"ReadAction","target":["https:\/\/tourtravelandmore.com\/es\/tours\/francia\/labretagne-sp\/tour-privado-a-normandia-desde-la-bretagne\/"]}]},{"@type":"ImageObject","inLanguage":"es","@id":"https:\/\/tourtravelandmore.com\/es\/tours\/francia\/labretagne-sp\/tour-privado-a-normandia-desde-la-bretagne\/#primaryimage","url":"https:\/\/tourtravelandmore.com\/wp-content\/uploads\/2021\/02\/normandy-1.2-scaled.jpg","contentUrl":"https:\/\/tourtravelandmore.com\/wp-content\/uploads\/2021\/02\/normandy-1.2-scaled.jpg","width":2560,"height":1439},{"@type":"BreadcrumbList","@id":"https:\/\/tourtravelandmore.com\/es\/tours\/francia\/labretagne-sp\/tour-privado-a-normandia-desde-la-bretagne\/#breadcrumb","itemListElement":[{"@type":"ListItem","position":1,"name":"Home","item":"https:\/\/tourtravelandmore.com\/es\/"},{"@type":"ListItem","position":2,"name":"Tours","item":"https:\/\/tourtravelandmore.com\/es\/tours\/"},{"@type":"ListItem","position":3,"name":"Tour Privado a Normand\u00eda desde La Bretagne"}]},{"@type":"WebSite","@id":"https:\/\/tourtravelandmore.com\/es\/#website","url":"https:\/\/tourtravelandmore.com\/es\/","name":"Tour Travel And More","description":"Private sightseeing tours and luxury transfers in Spain","publisher":{"@id":"https:\/\/tourtravelandmore.com\/es\/#organization"},"potentialAction":[{"@type":"SearchAction","target":{"@type":"EntryPoint","urlTemplate":"https:\/\/tourtravelandmore.com\/es\/?s={search_term_string}"},"query-input":{"@type":"PropertyValueSpecification","valueRequired":true,"valueName":"search_term_string"}}],"inLanguage":"es"},{"@type":"Organization","@id":"https:\/\/tourtravelandmore.com\/es\/#organization","name":"Tour Travel And More","url":"https:\/\/tourtravelandmore.com\/es\/","logo":{"@type":"ImageObject","inLanguage":"es","@id":"https:\/\/tourtravelandmore.com\/es\/#\/schema\/logo\/image\/","url":"https:\/\/tourtravelandmore.com\/wp-content\/uploads\/2022\/12\/cropped-logo-cabecera-new.png","contentUrl":"https:\/\/tourtravelandmore.com\/wp-content\/uploads\/2022\/12\/cropped-logo-cabecera-new.png","width":430,"height":61,"caption":"Tour Travel And More"},"image":{"@id":"https:\/\/tourtravelandmore.com\/es\/#\/schema\/logo\/image\/"},"sameAs":["https:\/\/www.facebook.com\/tourtravelandmore\/","https:\/\/x.com\/TourTravel_More"]}]}},"_links":{"self":[{"href":"https:\/\/tourtravelandmore.com\/es\/wp-json\/wp\/v2\/product\/100570","targetHints":{"allow":["GET"]}}],"collection":[{"href":"https:\/\/tourtravelandmore.com\/es\/wp-json\/wp\/v2\/product"}],"about":[{"href":"https:\/\/tourtravelandmore.com\/es\/wp-json\/wp\/v2\/types\/product"}],"replies":[{"embeddable":true,"href":"https:\/\/tourtravelandmore.com\/es\/wp-json\/wp\/v2\/comments?post=100570"}],"wp:featuredmedia":[{"embeddable":true,"href":"https:\/\/tourtravelandmore.com\/es\/wp-json\/wp\/v2\/media\/100588"}],"wp:attachment":[{"href":"https:\/\/tourtravelandmore.com\/es\/wp-json\/wp\/v2\/media?parent=100570"}],"wp:term":[{"taxonomy":"product_brand","embeddable":true,"href":"https:\/\/tourtravelandmore.com\/es\/wp-json\/wp\/v2\/product_brand?post=100570"},{"taxonomy":"product_cat","embeddable":true,"href":"https:\/\/tourtravelandmore.com\/es\/wp-json\/wp\/v2\/product_cat?post=100570"},{"taxonomy":"product_tag","embeddable":true,"href":"https:\/\/tourtravelandmore.com\/es\/wp-json\/wp\/v2\/product_tag?post=100570"}],"curies":[{"name":"wp","href":"https:\/\/api.w.org\/{rel}","templated":true}]}}