{"id":100297,"date":"2021-02-23T11:45:46","date_gmt":"2021-02-23T10:45:47","guid":{"rendered":"https:\/\/tourtravelandmore.com\/?post_type=product&#038;p=100297"},"modified":"2022-07-11T12:33:23","modified_gmt":"2022-07-11T10:33:23","slug":"tour-privado-a-nantes-desde-la-bretagne","status":"publish","type":"product","link":"https:\/\/tourtravelandmore.com\/es\/tours\/francia\/labretagne-sp\/tour-privado-a-nantes-desde-la-bretagne\/","title":{"rendered":"Tour Privado a Nantes desde La Bretagne"},"content":{"rendered":"<h2>Descripci\u00f3n del Tour Privado a Nantes desde La Bretagne<\/h2>\n<p>Aproveche la oportunidad de conocer la ciudad de Nantes desde La Bretagne. Si visita la Bretagne por un corto per\u00edodo de tiempo o si est\u00e1 pasando el verano, perm\u00edtanos llevarlo a conocer Nantes. Disfrute de un d\u00eda de aventuras con nuestro <strong>Tour Privado a Nantes desde La Bretagne.<\/strong><\/p>\n<p>Necesitar\u00edamos conocer los detalles de recogida de su hotel y haremos todo lo posible para organizar una experiencia perfecta para usted desde La Bretagne a Nantes.<\/p>\n<p>Tendr\u00e1 nuestro veh\u00edculo de lujo privado con conductor que lo recoger\u00e1 para esta experiencia \u00fanica. Tenga en cuenta que todos nuestros veh\u00edculos est\u00e1n limpios y tienen la mejor higiene para su seguridad.<\/p>\n<p>Su gu\u00eda tur\u00edstico oficial privado lo estar\u00e1 esperando en la ciudad de Nantes para disfrutar de una visita de 4 horas de lo que esta ciudad tiene para ofrecer. Tendr\u00e1 algo de tiempo libre y luego, nuestro conductor privado lo llevar\u00e1 de regreso a La Bretagne. En cualquier caso, nuestro conductor estar\u00e1 a su disposici\u00f3n durante todo el d\u00eda.<\/p>\n<p>Aproveche la oportunidad de disfrutar entre otros lugares: el Castillo de los Duques de Breta\u00f1a, la Catedral de Nantes (un sitio verdaderamente \u00fanico), hermosos jardines, vistas al Museo de Julio Verne y mucho m\u00e1s. Este tour privado a Nantes desde La Bretagne es completamente personalizado.<\/p>\n<h2>Puntos emblem\u00e1ticos y de inter\u00e9s en el Tour Privado a Nantes desde La Bretagne<\/h2>\n<p>Este recorrido comenzar\u00e1 en un hotel privado o a lugar de su elecci\u00f3n en La Bretagne. Nos dirigiremos c\u00f3modamente hacia Nantes con su veh\u00edculo de lujo privado y conductor separado.<\/p>\n<p>Una vez que lleguemos a Nantes, deje que nuestro gu\u00eda profesional lo lleve a este recorrido privado y le permita disfrutar de la belleza de la ciudad de Nantes.<\/p>\n<p>Entre otros monumentos y sitios, deje que nuestro gu\u00eda lo ayude a explorar:<\/p>\n<ul>\n<li><strong>Plaza Marc Elder<\/strong><\/li>\n<li><strong>Estatua de anne de breta\u00f1a<\/strong><\/li>\n<li><strong>Castillo de los duques de breta\u00f1a<\/strong><\/li>\n<li><a href=\"http:\/\/cathedrale-nantes.fr\">Catedral de Nantes<\/a><\/li>\n<li><strong>Cours Cambronne<\/strong><\/li>\n<li><strong>Vista del museo de Julio Verne<\/strong><\/li>\n<li><strong>Plaza Bouffay<\/strong><\/li>\n<li><strong>Les Machines de L\u2019\u00eele<\/strong><\/li>\n<li><strong>Jardin des Plantes<\/strong><\/li>\n<li><strong>Ile Feydeau<\/strong><\/li>\n<li><strong>Vista del Museo de Historia Natural<\/strong><\/li>\n<li><strong>Pasaje Pommeraye<\/strong><\/li>\n<li><strong>\u00c1rea de teatro Graslin<\/strong><\/li>\n<li><strong>Fuente de la Place Royale<\/strong><\/li>\n<\/ul>\n<p>Tambi\u00e9n tendr\u00e1 algo de tiempo libre para pasear si lo desea o tener un almuerzo m\u00e1s largo y relajado.<\/p>\n<p>Una vez que termine su recorrido, su conductor privado se dirigir\u00e1 con usted hacia su hotel o alojamiento en La Bretagne.<\/p>\n<p>Nuestro conductor privado est\u00e1 a su disposici\u00f3n durante toda la duraci\u00f3n del recorrido y nuestro gu\u00eda tur\u00edstico oficial privado est\u00e1 a su disposici\u00f3n durante todo el recorrido para ayudarlo a explorar lo mejor de Nantes.<\/p>\n<p><a href=\"https:\/\/tourtravelandmore.com\/es\/ciudad\/francia\/labretagne-sp\/\">Haga click aqu\u00ed para conocer todos nuestros tours privados en y desde La Bretagne.<\/a><\/p>\n","protected":false},"excerpt":{"rendered":"<p>Disfrute de un d\u00eda de aventuras y acomp\u00e1\u00f1enos en este<strong> Tour Privado a Nantes desde La Bretagne<\/strong> con gu\u00eda local y chofer privado. Personalice su propia experiencia.<\/p>\n<p><span style=\"font-weight: 400;\">\u00a0<\/span><\/p>\n<h4><\/h4>\n","protected":false},"featured_media":100315,"comment_status":"open","ping_status":"closed","template":"","meta":{"_acf_changed":false},"product_brand":[],"product_cat":[1592,3599,3611],"product_tag":[],"class_list":{"0":"post-100297","1":"product","2":"type-product","3":"status-publish","4":"has-post-thumbnail","6":"product_cat-francia","7":"product_cat-labretagne-sp","8":"product_cat-nantes-sp","10":"first","11":"instock","12":"shipping-taxable","13":"purchasable","14":"product-type-simple"},"acf":[],"yoast_head":"<!-- This site is optimized with the Yoast SEO Premium plugin v25.3.1 (Yoast SEO v25.3.1) - https:\/\/yoast.com\/wordpress\/plugins\/seo\/ -->\n<title>Tour Privado a Nantes desde La Bretagne en veh\u00edculo privado | TTM<\/title>\n<meta name=\"description\" content=\"Disfrute de un d\u00eda de aventuras y acomp\u00e1\u00f1enos en este Tour Privado a Nantes desde La Bretagne con gu\u00eda local y chofer privado \u2705\" \/>\n<meta name=\"robots\" content=\"index, follow, max-snippet:-1, max-image-preview:large, max-video-preview:-1\" \/>\n<link rel=\"canonical\" href=\"https:\/\/tourtravelandmore.com\/es\/tours\/francia\/labretagne-sp\/tour-privado-a-nantes-desde-la-bretagne\/\" \/>\n<meta property=\"og:locale\" content=\"es_ES\" \/>\n<meta property=\"og:type\" content=\"article\" \/>\n<meta property=\"og:title\" content=\"Tour Privado a Nantes desde La Bretagne\" \/>\n<meta property=\"og:description\" content=\"Disfrute de un d\u00eda de aventuras y acomp\u00e1\u00f1enos en este Tour Privado a Nantes desde La Bretagne con gu\u00eda local y chofer privado \u2705\" \/>\n<meta property=\"og:url\" content=\"https:\/\/tourtravelandmore.com\/es\/tours\/francia\/labretagne-sp\/tour-privado-a-nantes-desde-la-bretagne\/\" \/>\n<meta property=\"og:site_name\" content=\"Tour Travel And More\" \/>\n<meta property=\"article:publisher\" content=\"https:\/\/www.facebook.com\/tourtravelandmore\/\" \/>\n<meta property=\"article:modified_time\" content=\"2022-07-11T10:33:23+00:00\" \/>\n<meta property=\"og:image\" content=\"https:\/\/tourtravelandmore.com\/wp-content\/uploads\/2021\/02\/nantes-2-scaled.jpg\" \/>\n\t<meta property=\"og:image:width\" content=\"2560\" \/>\n\t<meta property=\"og:image:height\" content=\"1778\" \/>\n\t<meta property=\"og:image:type\" content=\"image\/jpeg\" \/>\n<meta name=\"twitter:card\" content=\"summary_large_image\" \/>\n<meta name=\"twitter:site\" content=\"@TourTravel_More\" \/>\n<meta name=\"twitter:label1\" content=\"Tiempo de lectura\" \/>\n\t<meta name=\"twitter:data1\" content=\"2 minutos\" \/>\n<script type=\"application\/ld+json\" class=\"yoast-schema-graph\">{\"@context\":\"https:\/\/schema.org\",\"@graph\":[{\"@type\":\"WebPage\",\"@id\":\"https:\/\/tourtravelandmore.com\/es\/tours\/francia\/labretagne-sp\/tour-privado-a-nantes-desde-la-bretagne\/\",\"url\":\"https:\/\/tourtravelandmore.com\/es\/tours\/francia\/labretagne-sp\/tour-privado-a-nantes-desde-la-bretagne\/\",\"name\":\"Tour Privado a Nantes desde La Bretagne en veh\u00edculo privado | TTM\",\"isPartOf\":{\"@id\":\"https:\/\/tourtravelandmore.com\/es\/#website\"},\"primaryImageOfPage\":{\"@id\":\"https:\/\/tourtravelandmore.com\/es\/tours\/francia\/labretagne-sp\/tour-privado-a-nantes-desde-la-bretagne\/#primaryimage\"},\"image\":{\"@id\":\"https:\/\/tourtravelandmore.com\/es\/tours\/francia\/labretagne-sp\/tour-privado-a-nantes-desde-la-bretagne\/#primaryimage\"},\"thumbnailUrl\":\"https:\/\/tourtravelandmore.com\/wp-content\/uploads\/2021\/02\/nantes-2-scaled.jpg\",\"datePublished\":\"2021-02-23T10:45:47+00:00\",\"dateModified\":\"2022-07-11T10:33:23+00:00\",\"description\":\"Disfrute de un d\u00eda de aventuras y acomp\u00e1\u00f1enos en este Tour Privado a Nantes desde La Bretagne con gu\u00eda local y chofer privado \u2705\",\"breadcrumb\":{\"@id\":\"https:\/\/tourtravelandmore.com\/es\/tours\/francia\/labretagne-sp\/tour-privado-a-nantes-desde-la-bretagne\/#breadcrumb\"},\"inLanguage\":\"es\",\"potentialAction\":[{\"@type\":\"ReadAction\",\"target\":[\"https:\/\/tourtravelandmore.com\/es\/tours\/francia\/labretagne-sp\/tour-privado-a-nantes-desde-la-bretagne\/\"]}]},{\"@type\":\"ImageObject\",\"inLanguage\":\"es\",\"@id\":\"https:\/\/tourtravelandmore.com\/es\/tours\/francia\/labretagne-sp\/tour-privado-a-nantes-desde-la-bretagne\/#primaryimage\",\"url\":\"https:\/\/tourtravelandmore.com\/wp-content\/uploads\/2021\/02\/nantes-2-scaled.jpg\",\"contentUrl\":\"https:\/\/tourtravelandmore.com\/wp-content\/uploads\/2021\/02\/nantes-2-scaled.jpg\",\"width\":2560,\"height\":1778},{\"@type\":\"BreadcrumbList\",\"@id\":\"https:\/\/tourtravelandmore.com\/es\/tours\/francia\/labretagne-sp\/tour-privado-a-nantes-desde-la-bretagne\/#breadcrumb\",\"itemListElement\":[{\"@type\":\"ListItem\",\"position\":1,\"name\":\"Home\",\"item\":\"https:\/\/tourtravelandmore.com\/es\/\"},{\"@type\":\"ListItem\",\"position\":2,\"name\":\"Tours\",\"item\":\"https:\/\/tourtravelandmore.com\/es\/tours\/\"},{\"@type\":\"ListItem\",\"position\":3,\"name\":\"Tour Privado a Nantes desde La Bretagne\"}]},{\"@type\":\"WebSite\",\"@id\":\"https:\/\/tourtravelandmore.com\/es\/#website\",\"url\":\"https:\/\/tourtravelandmore.com\/es\/\",\"name\":\"Tour Travel And More\",\"description\":\"Private sightseeing tours and luxury transfers in Spain\",\"publisher\":{\"@id\":\"https:\/\/tourtravelandmore.com\/es\/#organization\"},\"potentialAction\":[{\"@type\":\"SearchAction\",\"target\":{\"@type\":\"EntryPoint\",\"urlTemplate\":\"https:\/\/tourtravelandmore.com\/es\/?s={search_term_string}\"},\"query-input\":{\"@type\":\"PropertyValueSpecification\",\"valueRequired\":true,\"valueName\":\"search_term_string\"}}],\"inLanguage\":\"es\"},{\"@type\":\"Organization\",\"@id\":\"https:\/\/tourtravelandmore.com\/es\/#organization\",\"name\":\"Tour Travel And More\",\"url\":\"https:\/\/tourtravelandmore.com\/es\/\",\"logo\":{\"@type\":\"ImageObject\",\"inLanguage\":\"es\",\"@id\":\"https:\/\/tourtravelandmore.com\/es\/#\/schema\/logo\/image\/\",\"url\":\"https:\/\/tourtravelandmore.com\/wp-content\/uploads\/2022\/12\/cropped-logo-cabecera-new.png\",\"contentUrl\":\"https:\/\/tourtravelandmore.com\/wp-content\/uploads\/2022\/12\/cropped-logo-cabecera-new.png\",\"width\":430,\"height\":61,\"caption\":\"Tour Travel And More\"},\"image\":{\"@id\":\"https:\/\/tourtravelandmore.com\/es\/#\/schema\/logo\/image\/\"},\"sameAs\":[\"https:\/\/www.facebook.com\/tourtravelandmore\/\",\"https:\/\/x.com\/TourTravel_More\"]}]}<\/script>\n<!-- \/ Yoast SEO Premium plugin. -->","yoast_head_json":{"title":"Tour Privado a Nantes desde La Bretagne en veh\u00edculo privado | TTM","description":"Disfrute de un d\u00eda de aventuras y acomp\u00e1\u00f1enos en este Tour Privado a Nantes desde La Bretagne con gu\u00eda local y chofer privado \u2705","robots":{"index":"index","follow":"follow","max-snippet":"max-snippet:-1","max-image-preview":"max-image-preview:large","max-video-preview":"max-video-preview:-1"},"canonical":"https:\/\/tourtravelandmore.com\/es\/tours\/francia\/labretagne-sp\/tour-privado-a-nantes-desde-la-bretagne\/","og_locale":"es_ES","og_type":"article","og_title":"Tour Privado a Nantes desde La Bretagne","og_description":"Disfrute de un d\u00eda de aventuras y acomp\u00e1\u00f1enos en este Tour Privado a Nantes desde La Bretagne con gu\u00eda local y chofer privado \u2705","og_url":"https:\/\/tourtravelandmore.com\/es\/tours\/francia\/labretagne-sp\/tour-privado-a-nantes-desde-la-bretagne\/","og_site_name":"Tour Travel And More","article_publisher":"https:\/\/www.facebook.com\/tourtravelandmore\/","article_modified_time":"2022-07-11T10:33:23+00:00","og_image":[{"width":2560,"height":1778,"url":"https:\/\/tourtravelandmore.com\/wp-content\/uploads\/2021\/02\/nantes-2-scaled.jpg","type":"image\/jpeg"}],"twitter_card":"summary_large_image","twitter_site":"@TourTravel_More","twitter_misc":{"Tiempo de lectura":"2 minutos"},"schema":{"@context":"https:\/\/schema.org","@graph":[{"@type":"WebPage","@id":"https:\/\/tourtravelandmore.com\/es\/tours\/francia\/labretagne-sp\/tour-privado-a-nantes-desde-la-bretagne\/","url":"https:\/\/tourtravelandmore.com\/es\/tours\/francia\/labretagne-sp\/tour-privado-a-nantes-desde-la-bretagne\/","name":"Tour Privado a Nantes desde La Bretagne en veh\u00edculo privado | TTM","isPartOf":{"@id":"https:\/\/tourtravelandmore.com\/es\/#website"},"primaryImageOfPage":{"@id":"https:\/\/tourtravelandmore.com\/es\/tours\/francia\/labretagne-sp\/tour-privado-a-nantes-desde-la-bretagne\/#primaryimage"},"image":{"@id":"https:\/\/tourtravelandmore.com\/es\/tours\/francia\/labretagne-sp\/tour-privado-a-nantes-desde-la-bretagne\/#primaryimage"},"thumbnailUrl":"https:\/\/tourtravelandmore.com\/wp-content\/uploads\/2021\/02\/nantes-2-scaled.jpg","datePublished":"2021-02-23T10:45:47+00:00","dateModified":"2022-07-11T10:33:23+00:00","description":"Disfrute de un d\u00eda de aventuras y acomp\u00e1\u00f1enos en este Tour Privado a Nantes desde La Bretagne con gu\u00eda local y chofer privado \u2705","breadcrumb":{"@id":"https:\/\/tourtravelandmore.com\/es\/tours\/francia\/labretagne-sp\/tour-privado-a-nantes-desde-la-bretagne\/#breadcrumb"},"inLanguage":"es","potentialAction":[{"@type":"ReadAction","target":["https:\/\/tourtravelandmore.com\/es\/tours\/francia\/labretagne-sp\/tour-privado-a-nantes-desde-la-bretagne\/"]}]},{"@type":"ImageObject","inLanguage":"es","@id":"https:\/\/tourtravelandmore.com\/es\/tours\/francia\/labretagne-sp\/tour-privado-a-nantes-desde-la-bretagne\/#primaryimage","url":"https:\/\/tourtravelandmore.com\/wp-content\/uploads\/2021\/02\/nantes-2-scaled.jpg","contentUrl":"https:\/\/tourtravelandmore.com\/wp-content\/uploads\/2021\/02\/nantes-2-scaled.jpg","width":2560,"height":1778},{"@type":"BreadcrumbList","@id":"https:\/\/tourtravelandmore.com\/es\/tours\/francia\/labretagne-sp\/tour-privado-a-nantes-desde-la-bretagne\/#breadcrumb","itemListElement":[{"@type":"ListItem","position":1,"name":"Home","item":"https:\/\/tourtravelandmore.com\/es\/"},{"@type":"ListItem","position":2,"name":"Tours","item":"https:\/\/tourtravelandmore.com\/es\/tours\/"},{"@type":"ListItem","position":3,"name":"Tour Privado a Nantes desde La Bretagne"}]},{"@type":"WebSite","@id":"https:\/\/tourtravelandmore.com\/es\/#website","url":"https:\/\/tourtravelandmore.com\/es\/","name":"Tour Travel And More","description":"Private sightseeing tours and luxury transfers in Spain","publisher":{"@id":"https:\/\/tourtravelandmore.com\/es\/#organization"},"potentialAction":[{"@type":"SearchAction","target":{"@type":"EntryPoint","urlTemplate":"https:\/\/tourtravelandmore.com\/es\/?s={search_term_string}"},"query-input":{"@type":"PropertyValueSpecification","valueRequired":true,"valueName":"search_term_string"}}],"inLanguage":"es"},{"@type":"Organization","@id":"https:\/\/tourtravelandmore.com\/es\/#organization","name":"Tour Travel And More","url":"https:\/\/tourtravelandmore.com\/es\/","logo":{"@type":"ImageObject","inLanguage":"es","@id":"https:\/\/tourtravelandmore.com\/es\/#\/schema\/logo\/image\/","url":"https:\/\/tourtravelandmore.com\/wp-content\/uploads\/2022\/12\/cropped-logo-cabecera-new.png","contentUrl":"https:\/\/tourtravelandmore.com\/wp-content\/uploads\/2022\/12\/cropped-logo-cabecera-new.png","width":430,"height":61,"caption":"Tour Travel And More"},"image":{"@id":"https:\/\/tourtravelandmore.com\/es\/#\/schema\/logo\/image\/"},"sameAs":["https:\/\/www.facebook.com\/tourtravelandmore\/","https:\/\/x.com\/TourTravel_More"]}]}},"_links":{"self":[{"href":"https:\/\/tourtravelandmore.com\/es\/wp-json\/wp\/v2\/product\/100297","targetHints":{"allow":["GET"]}}],"collection":[{"href":"https:\/\/tourtravelandmore.com\/es\/wp-json\/wp\/v2\/product"}],"about":[{"href":"https:\/\/tourtravelandmore.com\/es\/wp-json\/wp\/v2\/types\/product"}],"replies":[{"embeddable":true,"href":"https:\/\/tourtravelandmore.com\/es\/wp-json\/wp\/v2\/comments?post=100297"}],"wp:featuredmedia":[{"embeddable":true,"href":"https:\/\/tourtravelandmore.com\/es\/wp-json\/wp\/v2\/media\/100315"}],"wp:attachment":[{"href":"https:\/\/tourtravelandmore.com\/es\/wp-json\/wp\/v2\/media?parent=100297"}],"wp:term":[{"taxonomy":"product_brand","embeddable":true,"href":"https:\/\/tourtravelandmore.com\/es\/wp-json\/wp\/v2\/product_brand?post=100297"},{"taxonomy":"product_cat","embeddable":true,"href":"https:\/\/tourtravelandmore.com\/es\/wp-json\/wp\/v2\/product_cat?post=100297"},{"taxonomy":"product_tag","embeddable":true,"href":"https:\/\/tourtravelandmore.com\/es\/wp-json\/wp\/v2\/product_tag?post=100297"}],"curies":[{"name":"wp","href":"https:\/\/api.w.org\/{rel}","templated":true}]}}