{"id":100084,"date":"2021-02-22T11:27:25","date_gmt":"2021-02-22T10:27:26","guid":{"rendered":"https:\/\/tourtravelandmore.com\/?post_type=product&#038;p=100084"},"modified":"2022-06-27T13:56:00","modified_gmt":"2022-06-27T11:56:00","slug":"visita-a-una-bodega-desde-dijon","status":"publish","type":"product","link":"https:\/\/tourtravelandmore.com\/es\/tours\/francia\/dijon-sp\/visita-a-una-bodega-desde-dijon\/","title":{"rendered":"Visita a una Bodega desde Dijon"},"content":{"rendered":"<h2>Descripci\u00f3n de la Visita a una Bodega desde Dijon<\/h2>\n<p><a href=\"https:\/\/es.wikipedia.org\/wiki\/Dijon\">Dijon<\/a> es una ciudad llena de historia donde hay mucho que ver. Aproveche esta oportunidad para salir del centro de la ciudad y disfrutar de una <strong>Visita a una Bodega desde Dijon<\/strong>. Podemos organizar un gu\u00eda privado, aunque esta propuesta es con transporte privado desde y hacia su hotel en Dijon.<\/p>\n<p>Tambi\u00e9n organizamos recorridos a pie en Dijon, as\u00ed como recorridos gastron\u00f3micos en Dijon para conocer su cocina \u00fanica.<\/p>\n<p>Conozca los pueblos medievales, vea los castillos y las vistas \u00fanicas que esta zona de C\u00f4te de Nurit tiene para ofrecer. Este es un recorrido privado de 4 horas y podemos organizar una visita m\u00e1s larga si desea visitar otra ubicaci\u00f3n.<\/p>\n<p>Este es una visita a una bodega desde Dijon. Cont\u00e1ctenos a <em><strong>Tour Travel and More<\/strong><\/em> para personalizar su experiencia y hacerla \u00fanica.<\/p>\n<h2>Puntos emblem\u00e1ticos y de inter\u00e9s en la Visita a una Bodega desde Dijon<\/h2>\n<p>Al igual que todos nuestros tours privados, este tour comenzar\u00e1 con la recogida en el hotel para una experiencia c\u00f3moda y segura.<\/p>\n<p>Tendr\u00e1 a su disposici\u00f3n un veh\u00edculo privado de lujo con un chofer a su servicio para dirigirse a la regi\u00f3n de C\u00f4te de Nurit para visitar una bodega. Se incluir\u00e1n las entradas a la bodega en el precio del tour.<\/p>\n<p>Una vez que llegue a la bodega, disfrute de una visita en grupo peque\u00f1o a la bodega y conozca todo lo que tiene para ofrecer. Aprenda c\u00f3mo se elabora el vino, el proceso de producci\u00f3n y fermentaci\u00f3n, adem\u00e1s de tener una vista de la bodega.<\/p>\n<p>Disfrute de una cata de vinos de 5 a 7 vinos, incluidos vinos tintos y blancos.<\/p>\n<p>Conozca la incre\u00edble experiencia de probar y saborear el vino de Burgandy en una bodega tradicional.<\/p>\n<p>Hemos incluido la opci\u00f3n de un conductor para llevarlo c\u00f3modamente desde y hacia la bodega. Si lo prefiere, podemos agregar una gu\u00eda tur\u00edstica oficial por separado a su experiencia. Solo cont\u00e1ctenos y d\u00edganos qu\u00e9 prefiere.<\/p>\n<p><a href=\"https:\/\/tourtravelandmore.com\/es\/ciudad\/francia\/dijon-sp\/\">Aqu\u00ed podr\u00e1 ver todas nuestras propuestas para tours y experiencias privadas en y desde Dijon.<\/a><\/p>\n","protected":false},"excerpt":{"rendered":"<p>Disfrute de un d\u00eda fuera de la ciudad y acomp\u00e1\u00f1enos en esta visita a una<strong> Bodega desde Dijon<\/strong> con su chofer abordo de un veh\u00edculo privado.<\/p>\n<p><span style=\"font-weight: 400;\">\u00a0<\/span><\/p>\n<h4><\/h4>\n","protected":false},"featured_media":100102,"comment_status":"open","ping_status":"closed","template":"","meta":{"_acf_changed":false},"product_brand":[],"product_cat":[1592,3596],"product_tag":[],"class_list":{"0":"post-100084","1":"product","2":"type-product","3":"status-publish","4":"has-post-thumbnail","6":"product_cat-francia","7":"product_cat-dijon-sp","9":"first","10":"instock","11":"shipping-taxable","12":"purchasable","13":"product-type-simple"},"acf":[],"yoast_head":"<!-- This site is optimized with the Yoast SEO Premium plugin v25.3.1 (Yoast SEO v25.3.1) - https:\/\/yoast.com\/wordpress\/plugins\/seo\/ -->\n<title>Visita a una Bodega desde Dijon en veh\u00edculo privado de lujo con chofer | TTM<\/title>\n<meta name=\"description\" content=\"Disfrute de un d\u00eda fuera de la ciudad y acomp\u00e1\u00f1enos en esta visita a una Bodega desde Dijon con su chofer abordo de un veh\u00edculo privado \u2705\" \/>\n<meta name=\"robots\" content=\"index, follow, max-snippet:-1, max-image-preview:large, max-video-preview:-1\" \/>\n<link rel=\"canonical\" href=\"https:\/\/tourtravelandmore.com\/es\/tours\/francia\/dijon-sp\/visita-a-una-bodega-desde-dijon\/\" \/>\n<meta property=\"og:locale\" content=\"es_ES\" \/>\n<meta property=\"og:type\" content=\"article\" \/>\n<meta property=\"og:title\" content=\"Visita a una Bodega desde Dijon\" \/>\n<meta property=\"og:description\" content=\"Disfrute de un d\u00eda fuera de la ciudad y acomp\u00e1\u00f1enos en esta visita a una Bodega desde Dijon con su chofer abordo de un veh\u00edculo privado \u2705\" \/>\n<meta property=\"og:url\" content=\"https:\/\/tourtravelandmore.com\/es\/tours\/francia\/dijon-sp\/visita-a-una-bodega-desde-dijon\/\" \/>\n<meta property=\"og:site_name\" content=\"Tour Travel And More\" \/>\n<meta property=\"article:publisher\" content=\"https:\/\/www.facebook.com\/tourtravelandmore\/\" \/>\n<meta property=\"article:modified_time\" content=\"2022-06-27T11:56:00+00:00\" \/>\n<meta property=\"og:image\" content=\"https:\/\/tourtravelandmore.com\/wp-content\/uploads\/2021\/02\/winery-dijon-1.jpg\" \/>\n\t<meta property=\"og:image:width\" content=\"1776\" \/>\n\t<meta property=\"og:image:height\" content=\"1184\" \/>\n\t<meta property=\"og:image:type\" content=\"image\/jpeg\" \/>\n<meta name=\"twitter:card\" content=\"summary_large_image\" \/>\n<meta name=\"twitter:site\" content=\"@TourTravel_More\" \/>\n<meta name=\"twitter:label1\" content=\"Tiempo de lectura\" \/>\n\t<meta name=\"twitter:data1\" content=\"2 minutos\" \/>\n<script type=\"application\/ld+json\" class=\"yoast-schema-graph\">{\"@context\":\"https:\/\/schema.org\",\"@graph\":[{\"@type\":\"WebPage\",\"@id\":\"https:\/\/tourtravelandmore.com\/es\/tours\/francia\/dijon-sp\/visita-a-una-bodega-desde-dijon\/\",\"url\":\"https:\/\/tourtravelandmore.com\/es\/tours\/francia\/dijon-sp\/visita-a-una-bodega-desde-dijon\/\",\"name\":\"Visita a una Bodega desde Dijon en veh\u00edculo privado de lujo con chofer | TTM\",\"isPartOf\":{\"@id\":\"https:\/\/tourtravelandmore.com\/es\/#website\"},\"primaryImageOfPage\":{\"@id\":\"https:\/\/tourtravelandmore.com\/es\/tours\/francia\/dijon-sp\/visita-a-una-bodega-desde-dijon\/#primaryimage\"},\"image\":{\"@id\":\"https:\/\/tourtravelandmore.com\/es\/tours\/francia\/dijon-sp\/visita-a-una-bodega-desde-dijon\/#primaryimage\"},\"thumbnailUrl\":\"https:\/\/tourtravelandmore.com\/wp-content\/uploads\/2021\/02\/winery-dijon-1.jpg\",\"datePublished\":\"2021-02-22T10:27:26+00:00\",\"dateModified\":\"2022-06-27T11:56:00+00:00\",\"description\":\"Disfrute de un d\u00eda fuera de la ciudad y acomp\u00e1\u00f1enos en esta visita a una Bodega desde Dijon con su chofer abordo de un veh\u00edculo privado \u2705\",\"breadcrumb\":{\"@id\":\"https:\/\/tourtravelandmore.com\/es\/tours\/francia\/dijon-sp\/visita-a-una-bodega-desde-dijon\/#breadcrumb\"},\"inLanguage\":\"es\",\"potentialAction\":[{\"@type\":\"ReadAction\",\"target\":[\"https:\/\/tourtravelandmore.com\/es\/tours\/francia\/dijon-sp\/visita-a-una-bodega-desde-dijon\/\"]}]},{\"@type\":\"ImageObject\",\"inLanguage\":\"es\",\"@id\":\"https:\/\/tourtravelandmore.com\/es\/tours\/francia\/dijon-sp\/visita-a-una-bodega-desde-dijon\/#primaryimage\",\"url\":\"https:\/\/tourtravelandmore.com\/wp-content\/uploads\/2021\/02\/winery-dijon-1.jpg\",\"contentUrl\":\"https:\/\/tourtravelandmore.com\/wp-content\/uploads\/2021\/02\/winery-dijon-1.jpg\",\"width\":1776,\"height\":1184},{\"@type\":\"BreadcrumbList\",\"@id\":\"https:\/\/tourtravelandmore.com\/es\/tours\/francia\/dijon-sp\/visita-a-una-bodega-desde-dijon\/#breadcrumb\",\"itemListElement\":[{\"@type\":\"ListItem\",\"position\":1,\"name\":\"Home\",\"item\":\"https:\/\/tourtravelandmore.com\/es\/\"},{\"@type\":\"ListItem\",\"position\":2,\"name\":\"Tours\",\"item\":\"https:\/\/tourtravelandmore.com\/es\/tours\/\"},{\"@type\":\"ListItem\",\"position\":3,\"name\":\"Visita a una Bodega desde Dijon\"}]},{\"@type\":\"WebSite\",\"@id\":\"https:\/\/tourtravelandmore.com\/es\/#website\",\"url\":\"https:\/\/tourtravelandmore.com\/es\/\",\"name\":\"Tour Travel And More\",\"description\":\"Private sightseeing tours and luxury transfers in Spain\",\"publisher\":{\"@id\":\"https:\/\/tourtravelandmore.com\/es\/#organization\"},\"potentialAction\":[{\"@type\":\"SearchAction\",\"target\":{\"@type\":\"EntryPoint\",\"urlTemplate\":\"https:\/\/tourtravelandmore.com\/es\/?s={search_term_string}\"},\"query-input\":{\"@type\":\"PropertyValueSpecification\",\"valueRequired\":true,\"valueName\":\"search_term_string\"}}],\"inLanguage\":\"es\"},{\"@type\":\"Organization\",\"@id\":\"https:\/\/tourtravelandmore.com\/es\/#organization\",\"name\":\"Tour Travel And More\",\"url\":\"https:\/\/tourtravelandmore.com\/es\/\",\"logo\":{\"@type\":\"ImageObject\",\"inLanguage\":\"es\",\"@id\":\"https:\/\/tourtravelandmore.com\/es\/#\/schema\/logo\/image\/\",\"url\":\"https:\/\/tourtravelandmore.com\/wp-content\/uploads\/2022\/12\/cropped-logo-cabecera-new.png\",\"contentUrl\":\"https:\/\/tourtravelandmore.com\/wp-content\/uploads\/2022\/12\/cropped-logo-cabecera-new.png\",\"width\":430,\"height\":61,\"caption\":\"Tour Travel And More\"},\"image\":{\"@id\":\"https:\/\/tourtravelandmore.com\/es\/#\/schema\/logo\/image\/\"},\"sameAs\":[\"https:\/\/www.facebook.com\/tourtravelandmore\/\",\"https:\/\/x.com\/TourTravel_More\"]}]}<\/script>\n<!-- \/ Yoast SEO Premium plugin. -->","yoast_head_json":{"title":"Visita a una Bodega desde Dijon en veh\u00edculo privado de lujo con chofer | TTM","description":"Disfrute de un d\u00eda fuera de la ciudad y acomp\u00e1\u00f1enos en esta visita a una Bodega desde Dijon con su chofer abordo de un veh\u00edculo privado \u2705","robots":{"index":"index","follow":"follow","max-snippet":"max-snippet:-1","max-image-preview":"max-image-preview:large","max-video-preview":"max-video-preview:-1"},"canonical":"https:\/\/tourtravelandmore.com\/es\/tours\/francia\/dijon-sp\/visita-a-una-bodega-desde-dijon\/","og_locale":"es_ES","og_type":"article","og_title":"Visita a una Bodega desde Dijon","og_description":"Disfrute de un d\u00eda fuera de la ciudad y acomp\u00e1\u00f1enos en esta visita a una Bodega desde Dijon con su chofer abordo de un veh\u00edculo privado \u2705","og_url":"https:\/\/tourtravelandmore.com\/es\/tours\/francia\/dijon-sp\/visita-a-una-bodega-desde-dijon\/","og_site_name":"Tour Travel And More","article_publisher":"https:\/\/www.facebook.com\/tourtravelandmore\/","article_modified_time":"2022-06-27T11:56:00+00:00","og_image":[{"width":1776,"height":1184,"url":"https:\/\/tourtravelandmore.com\/wp-content\/uploads\/2021\/02\/winery-dijon-1.jpg","type":"image\/jpeg"}],"twitter_card":"summary_large_image","twitter_site":"@TourTravel_More","twitter_misc":{"Tiempo de lectura":"2 minutos"},"schema":{"@context":"https:\/\/schema.org","@graph":[{"@type":"WebPage","@id":"https:\/\/tourtravelandmore.com\/es\/tours\/francia\/dijon-sp\/visita-a-una-bodega-desde-dijon\/","url":"https:\/\/tourtravelandmore.com\/es\/tours\/francia\/dijon-sp\/visita-a-una-bodega-desde-dijon\/","name":"Visita a una Bodega desde Dijon en veh\u00edculo privado de lujo con chofer | TTM","isPartOf":{"@id":"https:\/\/tourtravelandmore.com\/es\/#website"},"primaryImageOfPage":{"@id":"https:\/\/tourtravelandmore.com\/es\/tours\/francia\/dijon-sp\/visita-a-una-bodega-desde-dijon\/#primaryimage"},"image":{"@id":"https:\/\/tourtravelandmore.com\/es\/tours\/francia\/dijon-sp\/visita-a-una-bodega-desde-dijon\/#primaryimage"},"thumbnailUrl":"https:\/\/tourtravelandmore.com\/wp-content\/uploads\/2021\/02\/winery-dijon-1.jpg","datePublished":"2021-02-22T10:27:26+00:00","dateModified":"2022-06-27T11:56:00+00:00","description":"Disfrute de un d\u00eda fuera de la ciudad y acomp\u00e1\u00f1enos en esta visita a una Bodega desde Dijon con su chofer abordo de un veh\u00edculo privado \u2705","breadcrumb":{"@id":"https:\/\/tourtravelandmore.com\/es\/tours\/francia\/dijon-sp\/visita-a-una-bodega-desde-dijon\/#breadcrumb"},"inLanguage":"es","potentialAction":[{"@type":"ReadAction","target":["https:\/\/tourtravelandmore.com\/es\/tours\/francia\/dijon-sp\/visita-a-una-bodega-desde-dijon\/"]}]},{"@type":"ImageObject","inLanguage":"es","@id":"https:\/\/tourtravelandmore.com\/es\/tours\/francia\/dijon-sp\/visita-a-una-bodega-desde-dijon\/#primaryimage","url":"https:\/\/tourtravelandmore.com\/wp-content\/uploads\/2021\/02\/winery-dijon-1.jpg","contentUrl":"https:\/\/tourtravelandmore.com\/wp-content\/uploads\/2021\/02\/winery-dijon-1.jpg","width":1776,"height":1184},{"@type":"BreadcrumbList","@id":"https:\/\/tourtravelandmore.com\/es\/tours\/francia\/dijon-sp\/visita-a-una-bodega-desde-dijon\/#breadcrumb","itemListElement":[{"@type":"ListItem","position":1,"name":"Home","item":"https:\/\/tourtravelandmore.com\/es\/"},{"@type":"ListItem","position":2,"name":"Tours","item":"https:\/\/tourtravelandmore.com\/es\/tours\/"},{"@type":"ListItem","position":3,"name":"Visita a una Bodega desde Dijon"}]},{"@type":"WebSite","@id":"https:\/\/tourtravelandmore.com\/es\/#website","url":"https:\/\/tourtravelandmore.com\/es\/","name":"Tour Travel And More","description":"Private sightseeing tours and luxury transfers in Spain","publisher":{"@id":"https:\/\/tourtravelandmore.com\/es\/#organization"},"potentialAction":[{"@type":"SearchAction","target":{"@type":"EntryPoint","urlTemplate":"https:\/\/tourtravelandmore.com\/es\/?s={search_term_string}"},"query-input":{"@type":"PropertyValueSpecification","valueRequired":true,"valueName":"search_term_string"}}],"inLanguage":"es"},{"@type":"Organization","@id":"https:\/\/tourtravelandmore.com\/es\/#organization","name":"Tour Travel And More","url":"https:\/\/tourtravelandmore.com\/es\/","logo":{"@type":"ImageObject","inLanguage":"es","@id":"https:\/\/tourtravelandmore.com\/es\/#\/schema\/logo\/image\/","url":"https:\/\/tourtravelandmore.com\/wp-content\/uploads\/2022\/12\/cropped-logo-cabecera-new.png","contentUrl":"https:\/\/tourtravelandmore.com\/wp-content\/uploads\/2022\/12\/cropped-logo-cabecera-new.png","width":430,"height":61,"caption":"Tour Travel And More"},"image":{"@id":"https:\/\/tourtravelandmore.com\/es\/#\/schema\/logo\/image\/"},"sameAs":["https:\/\/www.facebook.com\/tourtravelandmore\/","https:\/\/x.com\/TourTravel_More"]}]}},"_links":{"self":[{"href":"https:\/\/tourtravelandmore.com\/es\/wp-json\/wp\/v2\/product\/100084","targetHints":{"allow":["GET"]}}],"collection":[{"href":"https:\/\/tourtravelandmore.com\/es\/wp-json\/wp\/v2\/product"}],"about":[{"href":"https:\/\/tourtravelandmore.com\/es\/wp-json\/wp\/v2\/types\/product"}],"replies":[{"embeddable":true,"href":"https:\/\/tourtravelandmore.com\/es\/wp-json\/wp\/v2\/comments?post=100084"}],"wp:featuredmedia":[{"embeddable":true,"href":"https:\/\/tourtravelandmore.com\/es\/wp-json\/wp\/v2\/media\/100102"}],"wp:attachment":[{"href":"https:\/\/tourtravelandmore.com\/es\/wp-json\/wp\/v2\/media?parent=100084"}],"wp:term":[{"taxonomy":"product_brand","embeddable":true,"href":"https:\/\/tourtravelandmore.com\/es\/wp-json\/wp\/v2\/product_brand?post=100084"},{"taxonomy":"product_cat","embeddable":true,"href":"https:\/\/tourtravelandmore.com\/es\/wp-json\/wp\/v2\/product_cat?post=100084"},{"taxonomy":"product_tag","embeddable":true,"href":"https:\/\/tourtravelandmore.com\/es\/wp-json\/wp\/v2\/product_tag?post=100084"}],"curies":[{"name":"wp","href":"https:\/\/api.w.org\/{rel}","templated":true}]}}