{"id":100016,"date":"2021-02-22T10:33:45","date_gmt":"2021-02-22T09:33:46","guid":{"rendered":"https:\/\/tourtravelandmore.com\/?post_type=product&#038;p=100016"},"modified":"2022-07-04T11:57:53","modified_gmt":"2022-07-04T09:57:53","slug":"tour-privado-a-narbonne-desde-carcassonne","status":"publish","type":"product","link":"https:\/\/tourtravelandmore.com\/es\/tours\/francia\/carcassone-es\/carcassone-actividades-es\/tour-privado-a-narbonne-desde-carcassonne\/","title":{"rendered":"Tour Privado a Narbonne desde Carcassonne"},"content":{"rendered":"<h2>Descripci\u00f3n del Tour Privado a Narbonne desde Carcassonne<\/h2>\n<p>Aproveche la oportunidad de salir de la ciudad de Carcassonne y tener una vista de la ciudad \u00fanica de Narbonne. Narbonne es una ciudad ubicada a unos 45 minutos de Carcassonne, es ideal para una experiencia de un d\u00eda. Acomp\u00e1\u00f1enos en este <strong>Tour Privado a Narbonne desde Carcassonne<\/strong> en un veh\u00edculo privado.<\/p>\n<p>Arreglaremos una recogida privada e iremos hacia la ciudad de Narbonne. Es una hermosa ciudad medieval y tambi\u00e9n tiene una gran historia. Su gu\u00eda tur\u00edstico oficial lo recibir\u00e1 en Narbonne una vez que llegue para un recorrido privado de 3 horas.<\/p>\n<p>Conozca lo mejor de esta ciudad que fue fundada como un asentamiento romano. Alguna vez se llam\u00f3 Narbo. Una vez que est\u00e9 caminando por sus calles, incluso puede sentir la historia y todo lo que tiene para ofrecer.<\/p>\n<p>Hay una historia \u00fanica y sitios para visitar una vez que est\u00e9 all\u00ed. Danos la oportunidad de llevarte en este tour privado a Narbonne desde Carcassonne.<\/p>\n<h2>Puntos emblem\u00e1ticos y de inter\u00e9s en el Tour Privado a Narbonne desde Carcassonne<\/h2>\n<p>Para este recorrido privado, organizaremos un traslado privado desde su hotel o lugar de elecci\u00f3n en Carcassonne. Su conductor lo estar\u00e1 esperando para dirigirse hacia Narbonne. Tendr\u00e1s una recogida privada segura y c\u00f3moda para dirigirte hacia la hermosa ciudad medieval.<\/p>\n<p>A su llegada a Narbonne, se encontrar\u00e1 con su gu\u00eda tur\u00edstico oficial privado. Disfrutar\u00e1 de una experiencia \u00fanica con su gu\u00eda tur\u00edstico y siempre tendr\u00e1 a su disposici\u00f3n su veh\u00edculo privado de lujo y su chofer.<\/p>\n<p>Entre otros sitios, tenga la oportunidad de disfrutar en Narbonne:<\/p>\n<ul>\n<li><a href=\"https:\/\/www.fontfroide.com\">Abad\u00eda de Fontfroide<\/a><\/li>\n<li><strong>Palacio Arzobispal<\/strong><\/li>\n<li><strong>Vista exterior del museo de arqueolog\u00eda.<\/strong><\/li>\n<li><strong>Gilles Aycelin Donjon<\/strong><\/li>\n<li><strong>La catedral de Narbona<\/strong><\/li>\n<li><strong>Mus\u00e9e Lapidaire (dentro del antiguo Priorato de Notre Dame de Lamourguir)<\/strong><\/li>\n<li><strong>Gruissan Plage<\/strong><\/li>\n<li><strong>Canal de la Robine<\/strong><\/li>\n<li><strong>Pont des Marchands<\/strong><\/li>\n<li><strong>Les Halles<\/strong><\/li>\n<li>\u00a1<strong>Y a\u00fan m\u00e1s!<\/strong><\/li>\n<\/ul>\n<p>Disfrutar\u00e1 de este recorrido privado junto a su gu\u00eda oficial, siempre c\u00f3modamente con su chofer privado y veh\u00edculo de lujo. Tendr\u00e1s algo de tiempo libre para almorzar y caminar antes de regresar a tu hotel o lugar de elecci\u00f3n en Carcassonne. Si desea personalizar la experiencia, no dude en contactarnos. \u00a1Estamos siempre a tu disposici\u00f3n!<\/p>\n<p><a href=\"https:\/\/tourtravelandmore.com\/es\/ciudad\/francia\/carcassone-es\/#shop\/\">Haga clic aqu\u00ed para ver todos nuestros tours privados y experiencias en Carcassonne. <\/a><\/p>\n","protected":false},"excerpt":{"rendered":"<p>Disfrute de un d\u00eda fuera de la ciudad de Carcassonne y acomp\u00e1\u00f1enos en este <strong>Tour Privado a Narbonne<\/strong> con un gu\u00eda oficial local en un veh\u00edculo privado de lujo con chofer.<\/p>\n<p><span style=\"font-weight: 400;\">\u00a0<\/span><\/p>\n<h4><\/h4>\n","protected":false},"featured_media":100034,"comment_status":"open","ping_status":"closed","template":"","meta":{"_acf_changed":false},"product_brand":[],"product_cat":[1592,3517,3518,3519],"product_tag":[],"class_list":{"0":"post-100016","1":"product","2":"type-product","3":"status-publish","4":"has-post-thumbnail","6":"product_cat-francia","7":"product_cat-carcassone-es","8":"product_cat-carcassone-actividades-es","9":"product_cat-carcassone-tours-privados-es","11":"first","12":"instock","13":"shipping-taxable","14":"purchasable","15":"product-type-simple"},"acf":[],"yoast_head":"<!-- This site is optimized with the Yoast SEO Premium plugin v25.3.1 (Yoast SEO v25.3.1) - https:\/\/yoast.com\/wordpress\/plugins\/seo\/ -->\n<title>Tour Privado a Narbonne desde Carcassonne con chofer privado | TTN<\/title>\n<meta name=\"description\" content=\"Disfrute de un d\u00eda fuera de la ciudad de Carcassonne y acomp\u00e1\u00f1enos en este Tour Privado a Narbonne con un gu\u00eda oficial local \u2705\" \/>\n<meta name=\"robots\" content=\"index, follow, max-snippet:-1, max-image-preview:large, max-video-preview:-1\" \/>\n<link rel=\"canonical\" href=\"https:\/\/tourtravelandmore.com\/es\/tours\/francia\/carcassone-es\/carcassone-actividades-es\/tour-privado-a-narbonne-desde-carcassonne\/\" \/>\n<meta property=\"og:locale\" content=\"es_ES\" \/>\n<meta property=\"og:type\" content=\"article\" \/>\n<meta property=\"og:title\" content=\"Tour Privado a Narbonne desde Carcassonne\" \/>\n<meta property=\"og:description\" content=\"Disfrute de un d\u00eda fuera de la ciudad de Carcassonne y acomp\u00e1\u00f1enos en este Tour Privado a Narbonne con un gu\u00eda oficial local \u2705\" \/>\n<meta property=\"og:url\" content=\"https:\/\/tourtravelandmore.com\/es\/tours\/francia\/carcassone-es\/carcassone-actividades-es\/tour-privado-a-narbonne-desde-carcassonne\/\" \/>\n<meta property=\"og:site_name\" content=\"Tour Travel And More\" \/>\n<meta property=\"article:publisher\" content=\"https:\/\/www.facebook.com\/tourtravelandmore\/\" \/>\n<meta property=\"article:modified_time\" content=\"2022-07-04T09:57:53+00:00\" \/>\n<meta property=\"og:image\" content=\"https:\/\/tourtravelandmore.com\/wp-content\/uploads\/2021\/02\/narbonne-1-scaled.jpg\" \/>\n\t<meta property=\"og:image:width\" content=\"2560\" \/>\n\t<meta property=\"og:image:height\" content=\"1874\" \/>\n\t<meta property=\"og:image:type\" content=\"image\/jpeg\" \/>\n<meta name=\"twitter:card\" content=\"summary_large_image\" \/>\n<meta name=\"twitter:site\" content=\"@TourTravel_More\" \/>\n<meta name=\"twitter:label1\" content=\"Tiempo de lectura\" \/>\n\t<meta name=\"twitter:data1\" content=\"2 minutos\" \/>\n<script type=\"application\/ld+json\" class=\"yoast-schema-graph\">{\"@context\":\"https:\/\/schema.org\",\"@graph\":[{\"@type\":\"WebPage\",\"@id\":\"https:\/\/tourtravelandmore.com\/es\/tours\/francia\/carcassone-es\/carcassone-actividades-es\/tour-privado-a-narbonne-desde-carcassonne\/\",\"url\":\"https:\/\/tourtravelandmore.com\/es\/tours\/francia\/carcassone-es\/carcassone-actividades-es\/tour-privado-a-narbonne-desde-carcassonne\/\",\"name\":\"Tour Privado a Narbonne desde Carcassonne con chofer privado | TTN\",\"isPartOf\":{\"@id\":\"https:\/\/tourtravelandmore.com\/es\/#website\"},\"primaryImageOfPage\":{\"@id\":\"https:\/\/tourtravelandmore.com\/es\/tours\/francia\/carcassone-es\/carcassone-actividades-es\/tour-privado-a-narbonne-desde-carcassonne\/#primaryimage\"},\"image\":{\"@id\":\"https:\/\/tourtravelandmore.com\/es\/tours\/francia\/carcassone-es\/carcassone-actividades-es\/tour-privado-a-narbonne-desde-carcassonne\/#primaryimage\"},\"thumbnailUrl\":\"https:\/\/tourtravelandmore.com\/wp-content\/uploads\/2021\/02\/narbonne-1-scaled.jpg\",\"datePublished\":\"2021-02-22T09:33:46+00:00\",\"dateModified\":\"2022-07-04T09:57:53+00:00\",\"description\":\"Disfrute de un d\u00eda fuera de la ciudad de Carcassonne y acomp\u00e1\u00f1enos en este Tour Privado a Narbonne con un gu\u00eda oficial local \u2705\",\"breadcrumb\":{\"@id\":\"https:\/\/tourtravelandmore.com\/es\/tours\/francia\/carcassone-es\/carcassone-actividades-es\/tour-privado-a-narbonne-desde-carcassonne\/#breadcrumb\"},\"inLanguage\":\"es\",\"potentialAction\":[{\"@type\":\"ReadAction\",\"target\":[\"https:\/\/tourtravelandmore.com\/es\/tours\/francia\/carcassone-es\/carcassone-actividades-es\/tour-privado-a-narbonne-desde-carcassonne\/\"]}]},{\"@type\":\"ImageObject\",\"inLanguage\":\"es\",\"@id\":\"https:\/\/tourtravelandmore.com\/es\/tours\/francia\/carcassone-es\/carcassone-actividades-es\/tour-privado-a-narbonne-desde-carcassonne\/#primaryimage\",\"url\":\"https:\/\/tourtravelandmore.com\/wp-content\/uploads\/2021\/02\/narbonne-1-scaled.jpg\",\"contentUrl\":\"https:\/\/tourtravelandmore.com\/wp-content\/uploads\/2021\/02\/narbonne-1-scaled.jpg\",\"width\":2560,\"height\":1874,\"caption\":\"Narbonne - Le pont des marchands\"},{\"@type\":\"BreadcrumbList\",\"@id\":\"https:\/\/tourtravelandmore.com\/es\/tours\/francia\/carcassone-es\/carcassone-actividades-es\/tour-privado-a-narbonne-desde-carcassonne\/#breadcrumb\",\"itemListElement\":[{\"@type\":\"ListItem\",\"position\":1,\"name\":\"Home\",\"item\":\"https:\/\/tourtravelandmore.com\/es\/\"},{\"@type\":\"ListItem\",\"position\":2,\"name\":\"Tours\",\"item\":\"https:\/\/tourtravelandmore.com\/es\/tours\/\"},{\"@type\":\"ListItem\",\"position\":3,\"name\":\"Tour Privado a Narbonne desde Carcassonne\"}]},{\"@type\":\"WebSite\",\"@id\":\"https:\/\/tourtravelandmore.com\/es\/#website\",\"url\":\"https:\/\/tourtravelandmore.com\/es\/\",\"name\":\"Tour Travel And More\",\"description\":\"Private sightseeing tours and luxury transfers in Spain\",\"publisher\":{\"@id\":\"https:\/\/tourtravelandmore.com\/es\/#organization\"},\"potentialAction\":[{\"@type\":\"SearchAction\",\"target\":{\"@type\":\"EntryPoint\",\"urlTemplate\":\"https:\/\/tourtravelandmore.com\/es\/?s={search_term_string}\"},\"query-input\":{\"@type\":\"PropertyValueSpecification\",\"valueRequired\":true,\"valueName\":\"search_term_string\"}}],\"inLanguage\":\"es\"},{\"@type\":\"Organization\",\"@id\":\"https:\/\/tourtravelandmore.com\/es\/#organization\",\"name\":\"Tour Travel And More\",\"url\":\"https:\/\/tourtravelandmore.com\/es\/\",\"logo\":{\"@type\":\"ImageObject\",\"inLanguage\":\"es\",\"@id\":\"https:\/\/tourtravelandmore.com\/es\/#\/schema\/logo\/image\/\",\"url\":\"https:\/\/tourtravelandmore.com\/wp-content\/uploads\/2022\/12\/cropped-logo-cabecera-new.png\",\"contentUrl\":\"https:\/\/tourtravelandmore.com\/wp-content\/uploads\/2022\/12\/cropped-logo-cabecera-new.png\",\"width\":430,\"height\":61,\"caption\":\"Tour Travel And More\"},\"image\":{\"@id\":\"https:\/\/tourtravelandmore.com\/es\/#\/schema\/logo\/image\/\"},\"sameAs\":[\"https:\/\/www.facebook.com\/tourtravelandmore\/\",\"https:\/\/x.com\/TourTravel_More\"]}]}<\/script>\n<!-- \/ Yoast SEO Premium plugin. -->","yoast_head_json":{"title":"Tour Privado a Narbonne desde Carcassonne con chofer privado | TTN","description":"Disfrute de un d\u00eda fuera de la ciudad de Carcassonne y acomp\u00e1\u00f1enos en este Tour Privado a Narbonne con un gu\u00eda oficial local \u2705","robots":{"index":"index","follow":"follow","max-snippet":"max-snippet:-1","max-image-preview":"max-image-preview:large","max-video-preview":"max-video-preview:-1"},"canonical":"https:\/\/tourtravelandmore.com\/es\/tours\/francia\/carcassone-es\/carcassone-actividades-es\/tour-privado-a-narbonne-desde-carcassonne\/","og_locale":"es_ES","og_type":"article","og_title":"Tour Privado a Narbonne desde Carcassonne","og_description":"Disfrute de un d\u00eda fuera de la ciudad de Carcassonne y acomp\u00e1\u00f1enos en este Tour Privado a Narbonne con un gu\u00eda oficial local \u2705","og_url":"https:\/\/tourtravelandmore.com\/es\/tours\/francia\/carcassone-es\/carcassone-actividades-es\/tour-privado-a-narbonne-desde-carcassonne\/","og_site_name":"Tour Travel And More","article_publisher":"https:\/\/www.facebook.com\/tourtravelandmore\/","article_modified_time":"2022-07-04T09:57:53+00:00","og_image":[{"width":2560,"height":1874,"url":"https:\/\/tourtravelandmore.com\/wp-content\/uploads\/2021\/02\/narbonne-1-scaled.jpg","type":"image\/jpeg"}],"twitter_card":"summary_large_image","twitter_site":"@TourTravel_More","twitter_misc":{"Tiempo de lectura":"2 minutos"},"schema":{"@context":"https:\/\/schema.org","@graph":[{"@type":"WebPage","@id":"https:\/\/tourtravelandmore.com\/es\/tours\/francia\/carcassone-es\/carcassone-actividades-es\/tour-privado-a-narbonne-desde-carcassonne\/","url":"https:\/\/tourtravelandmore.com\/es\/tours\/francia\/carcassone-es\/carcassone-actividades-es\/tour-privado-a-narbonne-desde-carcassonne\/","name":"Tour Privado a Narbonne desde Carcassonne con chofer privado | TTN","isPartOf":{"@id":"https:\/\/tourtravelandmore.com\/es\/#website"},"primaryImageOfPage":{"@id":"https:\/\/tourtravelandmore.com\/es\/tours\/francia\/carcassone-es\/carcassone-actividades-es\/tour-privado-a-narbonne-desde-carcassonne\/#primaryimage"},"image":{"@id":"https:\/\/tourtravelandmore.com\/es\/tours\/francia\/carcassone-es\/carcassone-actividades-es\/tour-privado-a-narbonne-desde-carcassonne\/#primaryimage"},"thumbnailUrl":"https:\/\/tourtravelandmore.com\/wp-content\/uploads\/2021\/02\/narbonne-1-scaled.jpg","datePublished":"2021-02-22T09:33:46+00:00","dateModified":"2022-07-04T09:57:53+00:00","description":"Disfrute de un d\u00eda fuera de la ciudad de Carcassonne y acomp\u00e1\u00f1enos en este Tour Privado a Narbonne con un gu\u00eda oficial local \u2705","breadcrumb":{"@id":"https:\/\/tourtravelandmore.com\/es\/tours\/francia\/carcassone-es\/carcassone-actividades-es\/tour-privado-a-narbonne-desde-carcassonne\/#breadcrumb"},"inLanguage":"es","potentialAction":[{"@type":"ReadAction","target":["https:\/\/tourtravelandmore.com\/es\/tours\/francia\/carcassone-es\/carcassone-actividades-es\/tour-privado-a-narbonne-desde-carcassonne\/"]}]},{"@type":"ImageObject","inLanguage":"es","@id":"https:\/\/tourtravelandmore.com\/es\/tours\/francia\/carcassone-es\/carcassone-actividades-es\/tour-privado-a-narbonne-desde-carcassonne\/#primaryimage","url":"https:\/\/tourtravelandmore.com\/wp-content\/uploads\/2021\/02\/narbonne-1-scaled.jpg","contentUrl":"https:\/\/tourtravelandmore.com\/wp-content\/uploads\/2021\/02\/narbonne-1-scaled.jpg","width":2560,"height":1874,"caption":"Narbonne - Le pont des marchands"},{"@type":"BreadcrumbList","@id":"https:\/\/tourtravelandmore.com\/es\/tours\/francia\/carcassone-es\/carcassone-actividades-es\/tour-privado-a-narbonne-desde-carcassonne\/#breadcrumb","itemListElement":[{"@type":"ListItem","position":1,"name":"Home","item":"https:\/\/tourtravelandmore.com\/es\/"},{"@type":"ListItem","position":2,"name":"Tours","item":"https:\/\/tourtravelandmore.com\/es\/tours\/"},{"@type":"ListItem","position":3,"name":"Tour Privado a Narbonne desde Carcassonne"}]},{"@type":"WebSite","@id":"https:\/\/tourtravelandmore.com\/es\/#website","url":"https:\/\/tourtravelandmore.com\/es\/","name":"Tour Travel And More","description":"Private sightseeing tours and luxury transfers in Spain","publisher":{"@id":"https:\/\/tourtravelandmore.com\/es\/#organization"},"potentialAction":[{"@type":"SearchAction","target":{"@type":"EntryPoint","urlTemplate":"https:\/\/tourtravelandmore.com\/es\/?s={search_term_string}"},"query-input":{"@type":"PropertyValueSpecification","valueRequired":true,"valueName":"search_term_string"}}],"inLanguage":"es"},{"@type":"Organization","@id":"https:\/\/tourtravelandmore.com\/es\/#organization","name":"Tour Travel And More","url":"https:\/\/tourtravelandmore.com\/es\/","logo":{"@type":"ImageObject","inLanguage":"es","@id":"https:\/\/tourtravelandmore.com\/es\/#\/schema\/logo\/image\/","url":"https:\/\/tourtravelandmore.com\/wp-content\/uploads\/2022\/12\/cropped-logo-cabecera-new.png","contentUrl":"https:\/\/tourtravelandmore.com\/wp-content\/uploads\/2022\/12\/cropped-logo-cabecera-new.png","width":430,"height":61,"caption":"Tour Travel And More"},"image":{"@id":"https:\/\/tourtravelandmore.com\/es\/#\/schema\/logo\/image\/"},"sameAs":["https:\/\/www.facebook.com\/tourtravelandmore\/","https:\/\/x.com\/TourTravel_More"]}]}},"_links":{"self":[{"href":"https:\/\/tourtravelandmore.com\/es\/wp-json\/wp\/v2\/product\/100016","targetHints":{"allow":["GET"]}}],"collection":[{"href":"https:\/\/tourtravelandmore.com\/es\/wp-json\/wp\/v2\/product"}],"about":[{"href":"https:\/\/tourtravelandmore.com\/es\/wp-json\/wp\/v2\/types\/product"}],"replies":[{"embeddable":true,"href":"https:\/\/tourtravelandmore.com\/es\/wp-json\/wp\/v2\/comments?post=100016"}],"wp:featuredmedia":[{"embeddable":true,"href":"https:\/\/tourtravelandmore.com\/es\/wp-json\/wp\/v2\/media\/100034"}],"wp:attachment":[{"href":"https:\/\/tourtravelandmore.com\/es\/wp-json\/wp\/v2\/media?parent=100016"}],"wp:term":[{"taxonomy":"product_brand","embeddable":true,"href":"https:\/\/tourtravelandmore.com\/es\/wp-json\/wp\/v2\/product_brand?post=100016"},{"taxonomy":"product_cat","embeddable":true,"href":"https:\/\/tourtravelandmore.com\/es\/wp-json\/wp\/v2\/product_cat?post=100016"},{"taxonomy":"product_tag","embeddable":true,"href":"https:\/\/tourtravelandmore.com\/es\/wp-json\/wp\/v2\/product_tag?post=100016"}],"curies":[{"name":"wp","href":"https:\/\/api.w.org\/{rel}","templated":true}]}}