{"id":167691,"date":"2023-05-18T13:38:08","date_gmt":"2023-05-18T11:38:08","guid":{"rendered":"https:\/\/tourtravelandmore.com\/?page_id=167691"},"modified":"2023-05-23T15:26:37","modified_gmt":"2023-05-23T13:26:37","slug":"terminos-y-condiciones","status":"publish","type":"page","link":"https:\/\/tourtravelandmore.com\/es\/terminos-y-condiciones\/","title":{"rendered":"T\u00e9rminos y condiciones"},"content":{"rendered":"\t\t<div data-elementor-type=\"wp-page\" data-elementor-id=\"167691\" class=\"elementor elementor-167691 elementor-167676\">\n\t\t\t\t\t\t<section class=\"elementor-section elementor-top-section elementor-element elementor-element-b0c9e4c elementor-section-stretched elementor-section-boxed elementor-section-height-default elementor-section-height-default\" data-id=\"b0c9e4c\" data-element_type=\"section\" data-settings=\"{&quot;background_background&quot;:&quot;classic&quot;,&quot;stretch_section&quot;:&quot;section-stretched&quot;}\">\n\t\t\t\t\t\t<div class=\"elementor-container elementor-column-gap-default\">\n\t\t\t\t\t<div class=\"elementor-column elementor-col-100 elementor-top-column elementor-element elementor-element-39aa4c7\" data-id=\"39aa4c7\" data-element_type=\"column\">\n\t\t\t<div class=\"elementor-widget-wrap elementor-element-populated\">\n\t\t\t\t\t\t<div class=\"elementor-element elementor-element-f07256f elementor-widget elementor-widget-heading\" data-id=\"f07256f\" data-element_type=\"widget\" data-widget_type=\"heading.default\">\n\t\t\t\t<div class=\"elementor-widget-container\">\n\t\t\t\t\t<h2 class=\"elementor-heading-title elementor-size-default\">T\u00c9RMINOS Y CONDICIONES<\/h2>\t\t\t\t<\/div>\n\t\t\t\t<\/div>\n\t\t\t\t\t<\/div>\n\t\t<\/div>\n\t\t\t\t\t<\/div>\n\t\t<\/section>\n\t\t\t\t<section class=\"elementor-section elementor-top-section elementor-element elementor-element-69e6078 elementor-section-boxed elementor-section-height-default elementor-section-height-default\" data-id=\"69e6078\" data-element_type=\"section\">\n\t\t\t\t\t\t<div class=\"elementor-container elementor-column-gap-default\">\n\t\t\t\t\t<div class=\"elementor-column elementor-col-100 elementor-top-column elementor-element elementor-element-11cda16\" data-id=\"11cda16\" data-element_type=\"column\">\n\t\t\t<div class=\"elementor-widget-wrap elementor-element-populated\">\n\t\t\t\t\t\t<div class=\"elementor-element elementor-element-6a4e2c0 elementor-widget elementor-widget-text-editor\" data-id=\"6a4e2c0\" data-element_type=\"widget\" data-widget_type=\"text-editor.default\">\n\t\t\t\t<div class=\"elementor-widget-container\">\n\t\t\t\t\t\t\t\t\t<h1 class=\"entry-title main_title\">T\u00e9rminos y condiciones<\/h1>\n<div class=\"entry-content\">\n<section class=\"three-fourth\">\n<article id=\"page-2625\" class=\"static-content\">Excepto se aclare lo contrario, las compras hechas a trav\u00e9s de esta web est\u00e1n sujetas a los siguientes t\u00e9rminos y condiciones; en todas las reservas, la persona que lleva a cabo la misma est\u00e1 aceptando a su vez las condiciones en nombre de aquellas otras que formen parte de la reserva.\n<h2>\u00a0<\/h2>\n<h2>T\u00e9rminos de uso<\/h2>\n<p>1.Al utilizar este sitio web, usted acepta legalmente estos t\u00e9rminos, los cuales toman efecto inmediatamente.<br \/>2.Si usted no acepta estar legalmente asociado a estos t\u00e9rminos y condiciones, por favor no acceda ni utilice este sitio web.<br \/>3.Tourtravelandmore.com puede cambiar los t\u00e9rminos y condiciones online sin previo aviso. Le rogamos revisar los t\u00e9rminos y condiciones regularmente para asegurarse que est\u00e9 al tanto de las \u00faltimas modificaciones. La utilizaci\u00f3n de este sitio web significa que usted acepta estar legalmente asociado a estos t\u00e9rminos, los cuales podr\u00edan haber sido modificados o actualizados.<br \/>4.No puede copiar, reproducir, republicar, descargar, publicar, emitir, transmitir, hacer disponible al p\u00fablico, o utilizar contenido de este sitio web (incluye texto, im\u00e1genes, URLs, informaci\u00f3n de precios, etc.) en cualquier modo para uso personal\/no comercial. Cualquier utilizaci\u00f3n del contenido de tourtravelandmore.com requiere previa solicitud a tourtravelandmore.com.<br \/>5.Usted aceptar utilizar tourtravelandmore.com y tourtravelandmore.com -sitios afiliados s\u00f3lo para uso legal, y en modo que no infrinja the rights of, restrict or inhibit anyone else\u2019s use and enjoyment of tourtravelandmore.com.<br \/>6.Su uso de tourtravelandmore.com o cualquier sitio afiliado a tourtravelandmore.com &#8211; es entendido como uso personal y no comercial y\/o para hacer solicitudes leg\u00edtimas con la finalidad de reservar los productos y servicios ofrecidos. Usted acepta no utilizar este sitio web para hacer consultas especulativas, falsas o fraudulentas. Usted acepta no utilizar robots u otro medio autom\u00e1tico para acceder a este sitio web, excepto especificamente permitido por tourtravelandmore.com<\/p>\n<p><strong>Validez de productos, modificaciones y rectificaciones<\/strong><br \/>7.Todos los productos, tours y servicios ofrecidos en tourtravelandmore.com son v\u00e1lidos para las fechas detalladas en tourtravelandmore.com o sitios afiliados a tourtravelandmore.com. tourtravelandmore.com no se responsabiliza por cualquier informaci\u00f3n que no proporcione directamente.<br \/>8.Todas las solicitudes para modificaciones\/correcciones en reservas deben ser dirigidas al servicio de atenci\u00f3n al cliente de tourtravelandmore.com, el cual proceder\u00e1 a procesar las mismas.<br \/>8.1 tourtravelandmore.com no cobra un extra fee por rectificar o modificar las fechas de una reserva existente, siempre y cuando la misma sea recibida por nuestro equipo de atenci\u00f3n al cliente al menos ocho (8) d\u00edas antes de su fecha confirmada de viaje, y sujeto a disponibilidad. Si entradas a museos o monumentos fueron compradas, las mismas no pueden ser devueltas ni rectificadas.<br \/>8.2 Puede no ser posible cambiar o modificar entrada a un evento especial, teatro o show. La venta de estas entradas es muchas veces final y no puede ser modificada una vez que la compra original haya sido procesada. Para saber si su reserva es definitiva, por favor contactar a nuestro equipo de atenci\u00f3n al cliente.<br \/>8.3 Las solicitudes de cambio de fecha o rectificaciones est\u00e1n siempre sujetas a disponibilidad por nuestro equipo y nuestros afiliados o proveedores del servicio; tourtravelandmore.com no puede garantizar el \u00e9xito de todas las solicitudes de cambio de fechas.<br \/>8.4 Si solicita un cambio de fecha 3 d\u00edas o menos de su fecha de viaje confirmada, tourtravelandmore.com intentar\u00e1 cumplir su solicitud; es posible que los cambios hechos 3 d\u00edas o menos de su fecha de viaje original lleven un cargo extra.<br \/>8.5 Si usted hace una compra haciendo uso de un descuento u oferta especial de tourtravelandmore.com, tourtravelandmore.com podr\u00e1 decidir, a discreci\u00f3n, si cualquier cambio en el itinerario solicitado despu\u00e9s de la compra es aceptable o no. De todos modos tourtravelandmore.com se reserva el derecho de invalidar su descuento o precio de oferta especial si usted solicita cambios en el itinerario confirmado.<br \/>9. tourtravelandmore.com se reserva el derecho a cancelar, cambiar o sustituir cualquier servicio, tour, entrada o producto que usted haya reservado en tourtravelandmore.com o a trav\u00e9s de los sitios web afiliados en cualquier momento, por cualquier motivo.<br \/>9.1 En este caso, si usted no se encuentra a gusto con las alternativas ofrecidas, podr\u00e1 usted solicitar una devoluci\u00f3n total del precio original pagado.<br \/>9.2 Dicho lo anterior, en caso de ser informados previamente por nuestros agentes, proveedores de servicios y\/o afiliados de un cambio significativo en una reserva (tour, producto o evento), haremos todo lo posible para notificar al cliente, agencia de viajes y\/o distribuidor, con la intenci\u00f3n de rectificar o re-coordinar la reserva.<\/p>\n<h2>\u00a0<\/h2>\n<h2>Precios e Inclusiones \/ Exclusiones<\/h2>\n<p>10.Los precios listados en tourtravelandmore.com y sitios web afiliados son por persona, a menos que se detalle lo contrario.<br \/>11.Los precios est\u00e1n calculados en Euros, d\u00f3lares o libras, tal fue determinado por tourtravelandmore.com<br \/>12.Los presupuestos est\u00e1n sujetos a cambios sin notificaci\u00f3n hasta que la reserva no sea confirmada.<br \/>13.A menos se detalle lo contrario, los precios no incluyen ingresos a museos, monumentos u otras actividades.<br \/>14.Los precios no incluyen equipaje ni seguro personal; productos de uso personal; y bebidas o alimentos, a menos haya sido contrariamente especificado.<\/p>\n<h2>\u00a0<\/h2>\n<h2>Pagos y Cancelaciones<\/h2>\n<p>15. tourtravelandmore.com acepta pagos de las siguientes tarjetas: Mastercard, Visa, American Express.<br \/>15.1 Puede haber un sobrecargo de hasta 3,5% por procesar pagos con tarjetas de cr\u00e9dito.<br \/>15.2 Pago completo con tarjeta de cr\u00e9dito es normalmente solicitado para confirmar una reserva.<br \/>15.3 El pago completo debe hacerse al menos 15 d\u00edas antes de la fecha de reserva por tarjeta de cr\u00e9dito o transferencia bancaria. 15.4 Es necesario un pago inicial de al menos 20% para confirmar una reserva de un tour, actividad o traslado 15.5 Entradas, shows o cualquier otro tickets de ingreso deben ser pagados 100% al momento de la reserva.<br \/>16.No es posible efectuar una devoluci\u00f3n una vez que un tour o servicio haya comenzado, inclusive comidas u otros servicios no utilizados.<br \/>17.Cancelar una reserva con tourtravelandmore.com puede resultar en costos de cancelaci\u00f3n. Gastos extras puede ser aplicados por nuestros proveedores eventualmente. En caso de cancelaci\u00f3n usted ser\u00e1 notificado v\u00eda email o tel\u00e9fono del total de los gastos de cancelaci\u00f3n.<br \/>17.1 Ingreso a eventos, atracciones, teatro o shows pueden no ser reembolsables \u2013 por favor consultar al equipo de atenci\u00f3n al cliente con antelaci\u00f3n.<br \/>17.2 Un tour o paquete de tours comenzando durante una \u00e9poca especial puede no ser reembolsable Tour or Package Commencing During a Special Event Period may be non-refundable \u2013 por favor consultar al equipo de atenci\u00f3n al cliente con antelaci\u00f3n.<br \/>17.3 Otros productos y servicios: Si usted cancela su tour con al menos 3 d\u00edas de antelaci\u00f3n, recibir\u00e1 usted una devoluci\u00f3n total. Si usted cancela con menos de 3 d\u00edas de anticipaci\u00f3n nos reservamos el derecho de cobrar el total por el tour pagado. *Para grupos de 8 personas o m\u00e1s, o para paquetes especiales, otras condiciones podr\u00edan aplicar.<\/p>\n<h2>\u00a0<\/h2>\n<h2>Pasaportes, Visas y Seguros<\/h2>\n<p>18. Es responsabilidad de todos los pasajeros controlar con el consulado de su pa\u00eds cu\u00e1les son los requerimientos actuales para ingresar al pa\u00eds a visitar.<br \/>19. Recomendamos revisar los requerimientos de salud y visas con el consulado de su pa\u00eds antes de emprender su viaje, los mismos pueden cambiar sin previo aviso.<br \/>20. Recomendamos comprar un seguro de viaje antes de su partida. En el caso de cancelar su viaje o hacer cambios significativos en las fechas, muchas aseguradoras le reembolsar\u00e1n los costos de cancelaci\u00f3n y gastos asociados.<\/p>\n<h2>\u00a0<\/h2>\n<h2>Descargos y Limitaciones de responsabilidad<\/h2>\n<p>21. Bajo ninguna circunstancia tourtravelandmore.com o sus agentes, afiliados, proveedores y\/o distribuidores podr\u00e1n ser responsables por cualquiera de las siguientes p\u00e9rdidas o da\u00f1os: (a) p\u00e9rdida de informaci\u00f3n; (b) p\u00e9rdida de ingresos o ganancias anticipadas; (c) p\u00e9rdida de negocio; (d) perdida de oportunidad; (e) p\u00e9rdida de buena voluntad o da\u00f1o a la reputaci\u00f3n; (f) p\u00e9rdidas sufridas por terceros; o (g) cualquier da\u00f1o indirecto, consecuente, especial o ejemplario fruto del uso de tourtravelandmore.com independientemente del modo de acci\u00f3n.<br \/>22. En el caso de hacer reservas de hoteles, tours, transporte o cualquier servicios en conecci\u00f3n con los itinerarios de cada cliente, tourtravelandmore.com y sus agentes o proveedores no son responsables por lesi\u00f3n, da\u00f1o, p\u00e9rdida, accidente, retraso o irregularidad, responsabilidad o gasto a la persona o propiedad debido debido al acto err\u00f3neo de un hotel, carrier u otra compa\u00f1\u00eda o persona que provee servicios durante los tours.<br \/>23.tourtravelandmore.com, sus agentes y proveedores no aceptan responsabilidad por cualquier enfermedad, hurto, its agents and suppliers accept no responsibility for any sickness, pilferage, conflictos laborales, problemas de maquinaria, medidas gubernamentales, actos de guerra y\/o terrorismo, condiciones clim\u00e1ticas, defectos en cualquier veh\u00edculo o medio de transporte, o por cualquier problema ajeno.<br \/>24.El contenido de tourtravelandmore.com \u2013 incluyendo informaci\u00f3n, nombres, im\u00e1genes, fotos, logos, precios, fechas y disponibilidad en relaci\u00f3n a tourtravelandmore.com y\/o a los sitios afiliados a tourtravelandmore.com, proveedor de servicio, operador o distribuidor \u2013 se ofrece como base sin representaciones o ning\u00fan tipo de garant\u00eda (m\u00e1s all\u00e1 de los impuesto por la ley), incluyendo garant\u00edas impl\u00edcitas o calidad satisfactoria, idoneidad para un motivo particular, sin infracciones, compatible, seguro y preciso.<br \/>25.En tourtravelandmore.com revisamos los detalles de todos los productos y servicios que ofrecemos para ofrecer una mejor precisi\u00f3n. Sin embargo tourtravelandmore.com no garantiza que la funcionalidad, el contenido o la informaci\u00f3n detallada en tourtravelandmore.com o cualquiera de los sitios web afiliados a tourtravelandmore.com no posean ning\u00fan error, que los defectos ser\u00e1n corregidos o que tourtravelandmore.com o los servidores esten libres de virus o malfuncionamientos.<br \/>26.Si cualquiera de los citados t\u00e9rminos son determinados como ilegales, no v\u00e1lidos o inaplicables a las leyes de alg\u00fan Estado o pa\u00eds, ya que estos t\u00e9rminos pretenden ser efectivos, luego en el caso que estos t\u00e9rminos sean considerados ilegales, no v\u00e1lidos o inaplicables, ser\u00e1n eliminados de este listado de t\u00e9rminos, quedando aplicables y en vigencia los otros t\u00e9rminos, siendo estos vinculables y exigibles.<\/p>\n<h2>\u00a0<\/h2>\n<h2>Restricciones de uso<\/h2>\n<p>Usted est\u00e1 de acuerda que no har\u00e1, ni ayudar\u00e1 a otras a hacer:<\/p>\n<ul>\n<li>utilizar el sitio para amenazar,defraudar, incitar, acosar o abogar por el acoso de otra persona, o interferir en el uso del sitio por parte de otro usuario;<\/li>\n<li>utilizar el sitio para enviar o transmitir span, cadenas de mensajes, concursos, correo electr\u00f3nico\u00a0no deseado, esquemas piramidales, encuestas, u otros mensajes masivos, m\u00e1s all\u00e1 de que sean comerciales o no;<\/li>\n<li>utilizar el sitio en modo de crear conflicto de intereses, ya sea para intercambiar comentarios positivos con otros negocios o escribiendo o solicitando comentarios;<\/li>\n<li>utilizar el sitio para promover intoleracia o discriminaci\u00f3n contra las clases protegidas;<\/li>\n<li>utilizar el sitio para violar cualquier derecho de un tercero, incluyendo incumplimiento de confianza, copyright, patente, marca, derecho moral, secreto comercial, derecho de privacidad, derecho de publicidad o cualquier otra propiedad intelectual;<\/li>\n<li>utilizar el sitio para enviar o transmitir pornografia o contenido ilegal;<\/li>\n<li>utilizar el sitio para solicitar informaci\u00f3n de menores o para lastimar o amenazar con causar da\u00f1o a menores;<\/li>\n<li>utilizar cualquier robot o dispositivos autom\u00e1tico, proceder o intentar acceder, recuperar, obtener o indexar el sitio o su contenido;<br \/>intentar ganar uso no autorizado al sitio, usuarios, sistemas de ordenadores o networks conectadas al sitios a trav\u00e9s de hacking, obtenci\u00f3n ilegal de contrase\u00f1as u otros medios; utilizar el sitio o su contenido para transmitir cualquier tipo de virus, defecto, gusano, caballo de Troya u otros items de naturaleza\u00a0destructiva (colectivamente, \u201cViruses\u201d); uso de cualquier dispositivo, software o rutina que interfiera con el funcionamiento natural del sitio, o que intente interferir con el curso normal del sitio; hacer demandas de tr\u00e1fico excesivas; utilizar el sitio para violar la seguridad de cualquier red de computadoras, crackear contrase\u00f1as o c\u00f3digos encriptados; interrumpir o interferir con la seguridad o causar da\u00f1o al sitio o su contenido; remover, evitar, inhabilitar, da\u00f1ar o interferir con cualquiera de los dispositivos de seguridad del sitio,\u00a0 circumvent, disable, damage or otherwise interfere with any security-related features of the Site, caracter\u00edsticas que impidan o restrinjan el uso o la copia del contenido, o caracter\u00edsticas que impongan limitaciones en el uso del sitio.<\/li>\n<\/ul>\n<\/article>\n<h2>\u00a0<\/h2>\n<h2>Informaci\u00f3n legal:<\/h2>\n<p>Maymi World Services SL<br \/>ESB66370537<br \/>Av. Ramon Escayola 92,<br \/>08197 Valldoreix<br \/>SPAIN<\/p>\n<\/section>\n<\/div>\t\t\t\t\t\t\t\t<\/div>\n\t\t\t\t<\/div>\n\t\t\t\t\t<\/div>\n\t\t<\/div>\n\t\t\t\t\t<\/div>\n\t\t<\/section>\n\t\t\t\t<\/div>\n\t\t","protected":false},"excerpt":{"rendered":"<p>T\u00c9RMINOS Y CONDICIONES T\u00e9rminos y condiciones Excepto se aclare lo contrario, las compras hechas a trav\u00e9s de esta web est\u00e1n sujetas a los siguientes t\u00e9rminos y condiciones; en todas las reservas, la persona que lleva a cabo la misma est\u00e1 aceptando a su vez las condiciones en nombre de aquellas otras que formen parte de [&hellip;]<\/p>\n","protected":false},"author":9,"featured_media":0,"parent":0,"menu_order":0,"comment_status":"closed","ping_status":"closed","template":"","meta":{"_acf_changed":false,"footnotes":""},"class_list":["post-167691","page","type-page","status-publish","hentry"],"acf":[],"yoast_head":"<!-- This site is optimized with the Yoast SEO Premium plugin v25.3.1 (Yoast SEO v25.3.1) - https:\/\/yoast.com\/wordpress\/plugins\/seo\/ -->\n<title>T\u00e9rminos y condiciones &#8212; Tour Travel And More<\/title>\n<meta name=\"description\" content=\"T\u00e9rminos y condiciones &#8212; Tour Travel And More\" \/>\n<meta name=\"robots\" content=\"index, follow, max-snippet:-1, max-image-preview:large, max-video-preview:-1\" \/>\n<link rel=\"canonical\" href=\"https:\/\/tourtravelandmore.com\/es\/terminos-y-condiciones\/\" \/>\n<meta property=\"og:locale\" content=\"es_ES\" \/>\n<meta property=\"og:type\" content=\"article\" \/>\n<meta property=\"og:title\" content=\"T\u00e9rminos y condiciones\" \/>\n<meta property=\"og:description\" content=\"T\u00e9rminos y condiciones &#8212; Tour Travel And More\" \/>\n<meta property=\"og:url\" content=\"https:\/\/tourtravelandmore.com\/es\/terminos-y-condiciones\/\" \/>\n<meta property=\"og:site_name\" content=\"Tour Travel And More\" \/>\n<meta property=\"article:publisher\" content=\"https:\/\/www.facebook.com\/tourtravelandmore\/\" \/>\n<meta property=\"article:modified_time\" content=\"2023-05-23T13:26:37+00:00\" \/>\n<meta name=\"twitter:card\" content=\"summary_large_image\" \/>\n<meta name=\"twitter:site\" content=\"@TourTravel_More\" \/>\n<meta name=\"twitter:label1\" content=\"Tiempo de lectura\" \/>\n\t<meta name=\"twitter:data1\" content=\"10 minutos\" \/>\n<script type=\"application\/ld+json\" class=\"yoast-schema-graph\">{\"@context\":\"https:\/\/schema.org\",\"@graph\":[{\"@type\":\"WebPage\",\"@id\":\"https:\/\/tourtravelandmore.com\/es\/terminos-y-condiciones\/\",\"url\":\"https:\/\/tourtravelandmore.com\/es\/terminos-y-condiciones\/\",\"name\":\"T\u00e9rminos y condiciones &#8212; Tour Travel And More\",\"isPartOf\":{\"@id\":\"https:\/\/tourtravelandmore.com\/es\/#website\"},\"datePublished\":\"2023-05-18T11:38:08+00:00\",\"dateModified\":\"2023-05-23T13:26:37+00:00\",\"description\":\"T\u00e9rminos y condiciones &#8212; Tour Travel And More\",\"breadcrumb\":{\"@id\":\"https:\/\/tourtravelandmore.com\/es\/terminos-y-condiciones\/#breadcrumb\"},\"inLanguage\":\"es\",\"potentialAction\":[{\"@type\":\"ReadAction\",\"target\":[\"https:\/\/tourtravelandmore.com\/es\/terminos-y-condiciones\/\"]}]},{\"@type\":\"BreadcrumbList\",\"@id\":\"https:\/\/tourtravelandmore.com\/es\/terminos-y-condiciones\/#breadcrumb\",\"itemListElement\":[{\"@type\":\"ListItem\",\"position\":1,\"name\":\"Home\",\"item\":\"https:\/\/tourtravelandmore.com\/es\/\"},{\"@type\":\"ListItem\",\"position\":2,\"name\":\"T\u00e9rminos y condiciones\"}]},{\"@type\":\"WebSite\",\"@id\":\"https:\/\/tourtravelandmore.com\/es\/#website\",\"url\":\"https:\/\/tourtravelandmore.com\/es\/\",\"name\":\"Tour Travel And More\",\"description\":\"Private sightseeing tours and luxury transfers in Spain\",\"publisher\":{\"@id\":\"https:\/\/tourtravelandmore.com\/es\/#organization\"},\"potentialAction\":[{\"@type\":\"SearchAction\",\"target\":{\"@type\":\"EntryPoint\",\"urlTemplate\":\"https:\/\/tourtravelandmore.com\/es\/?s={search_term_string}\"},\"query-input\":{\"@type\":\"PropertyValueSpecification\",\"valueRequired\":true,\"valueName\":\"search_term_string\"}}],\"inLanguage\":\"es\"},{\"@type\":\"Organization\",\"@id\":\"https:\/\/tourtravelandmore.com\/es\/#organization\",\"name\":\"Tour Travel And More\",\"url\":\"https:\/\/tourtravelandmore.com\/es\/\",\"logo\":{\"@type\":\"ImageObject\",\"inLanguage\":\"es\",\"@id\":\"https:\/\/tourtravelandmore.com\/es\/#\/schema\/logo\/image\/\",\"url\":\"https:\/\/tourtravelandmore.com\/wp-content\/uploads\/2022\/12\/cropped-logo-cabecera-new.png\",\"contentUrl\":\"https:\/\/tourtravelandmore.com\/wp-content\/uploads\/2022\/12\/cropped-logo-cabecera-new.png\",\"width\":430,\"height\":61,\"caption\":\"Tour Travel And More\"},\"image\":{\"@id\":\"https:\/\/tourtravelandmore.com\/es\/#\/schema\/logo\/image\/\"},\"sameAs\":[\"https:\/\/www.facebook.com\/tourtravelandmore\/\",\"https:\/\/x.com\/TourTravel_More\"]}]}<\/script>\n<!-- \/ Yoast SEO Premium plugin. -->","yoast_head_json":{"title":"T\u00e9rminos y condiciones &#8212; Tour Travel And More","description":"T\u00e9rminos y condiciones &#8212; Tour Travel And More","robots":{"index":"index","follow":"follow","max-snippet":"max-snippet:-1","max-image-preview":"max-image-preview:large","max-video-preview":"max-video-preview:-1"},"canonical":"https:\/\/tourtravelandmore.com\/es\/terminos-y-condiciones\/","og_locale":"es_ES","og_type":"article","og_title":"T\u00e9rminos y condiciones","og_description":"T\u00e9rminos y condiciones &#8212; Tour Travel And More","og_url":"https:\/\/tourtravelandmore.com\/es\/terminos-y-condiciones\/","og_site_name":"Tour Travel And More","article_publisher":"https:\/\/www.facebook.com\/tourtravelandmore\/","article_modified_time":"2023-05-23T13:26:37+00:00","twitter_card":"summary_large_image","twitter_site":"@TourTravel_More","twitter_misc":{"Tiempo de lectura":"10 minutos"},"schema":{"@context":"https:\/\/schema.org","@graph":[{"@type":"WebPage","@id":"https:\/\/tourtravelandmore.com\/es\/terminos-y-condiciones\/","url":"https:\/\/tourtravelandmore.com\/es\/terminos-y-condiciones\/","name":"T\u00e9rminos y condiciones &#8212; Tour Travel And More","isPartOf":{"@id":"https:\/\/tourtravelandmore.com\/es\/#website"},"datePublished":"2023-05-18T11:38:08+00:00","dateModified":"2023-05-23T13:26:37+00:00","description":"T\u00e9rminos y condiciones &#8212; Tour Travel And More","breadcrumb":{"@id":"https:\/\/tourtravelandmore.com\/es\/terminos-y-condiciones\/#breadcrumb"},"inLanguage":"es","potentialAction":[{"@type":"ReadAction","target":["https:\/\/tourtravelandmore.com\/es\/terminos-y-condiciones\/"]}]},{"@type":"BreadcrumbList","@id":"https:\/\/tourtravelandmore.com\/es\/terminos-y-condiciones\/#breadcrumb","itemListElement":[{"@type":"ListItem","position":1,"name":"Home","item":"https:\/\/tourtravelandmore.com\/es\/"},{"@type":"ListItem","position":2,"name":"T\u00e9rminos y condiciones"}]},{"@type":"WebSite","@id":"https:\/\/tourtravelandmore.com\/es\/#website","url":"https:\/\/tourtravelandmore.com\/es\/","name":"Tour Travel And More","description":"Private sightseeing tours and luxury transfers in Spain","publisher":{"@id":"https:\/\/tourtravelandmore.com\/es\/#organization"},"potentialAction":[{"@type":"SearchAction","target":{"@type":"EntryPoint","urlTemplate":"https:\/\/tourtravelandmore.com\/es\/?s={search_term_string}"},"query-input":{"@type":"PropertyValueSpecification","valueRequired":true,"valueName":"search_term_string"}}],"inLanguage":"es"},{"@type":"Organization","@id":"https:\/\/tourtravelandmore.com\/es\/#organization","name":"Tour Travel And More","url":"https:\/\/tourtravelandmore.com\/es\/","logo":{"@type":"ImageObject","inLanguage":"es","@id":"https:\/\/tourtravelandmore.com\/es\/#\/schema\/logo\/image\/","url":"https:\/\/tourtravelandmore.com\/wp-content\/uploads\/2022\/12\/cropped-logo-cabecera-new.png","contentUrl":"https:\/\/tourtravelandmore.com\/wp-content\/uploads\/2022\/12\/cropped-logo-cabecera-new.png","width":430,"height":61,"caption":"Tour Travel And More"},"image":{"@id":"https:\/\/tourtravelandmore.com\/es\/#\/schema\/logo\/image\/"},"sameAs":["https:\/\/www.facebook.com\/tourtravelandmore\/","https:\/\/x.com\/TourTravel_More"]}]}},"_links":{"self":[{"href":"https:\/\/tourtravelandmore.com\/es\/wp-json\/wp\/v2\/pages\/167691","targetHints":{"allow":["GET"]}}],"collection":[{"href":"https:\/\/tourtravelandmore.com\/es\/wp-json\/wp\/v2\/pages"}],"about":[{"href":"https:\/\/tourtravelandmore.com\/es\/wp-json\/wp\/v2\/types\/page"}],"author":[{"embeddable":true,"href":"https:\/\/tourtravelandmore.com\/es\/wp-json\/wp\/v2\/users\/9"}],"replies":[{"embeddable":true,"href":"https:\/\/tourtravelandmore.com\/es\/wp-json\/wp\/v2\/comments?post=167691"}],"version-history":[{"count":0,"href":"https:\/\/tourtravelandmore.com\/es\/wp-json\/wp\/v2\/pages\/167691\/revisions"}],"wp:attachment":[{"href":"https:\/\/tourtravelandmore.com\/es\/wp-json\/wp\/v2\/media?parent=167691"}],"curies":[{"name":"wp","href":"https:\/\/api.w.org\/{rel}","templated":true}]}}