{"id":167689,"date":"2023-05-22T11:10:40","date_gmt":"2023-05-22T09:10:40","guid":{"rendered":"https:\/\/tourtravelandmore.com\/?page_id=167689"},"modified":"2024-02-20T14:51:07","modified_gmt":"2024-02-20T13:51:07","slug":"privacidad","status":"publish","type":"page","link":"https:\/\/tourtravelandmore.com\/es\/privacidad\/","title":{"rendered":"Privacidad"},"content":{"rendered":"\t\t<div data-elementor-type=\"wp-page\" data-elementor-id=\"167689\" class=\"elementor elementor-167689 elementor-167675\">\n\t\t\t\t\t\t<section class=\"elementor-section elementor-top-section elementor-element elementor-element-54240f4 elementor-section-stretched elementor-section-boxed elementor-section-height-default elementor-section-height-default\" data-id=\"54240f4\" data-element_type=\"section\" data-settings=\"{&quot;background_background&quot;:&quot;classic&quot;,&quot;stretch_section&quot;:&quot;section-stretched&quot;}\">\n\t\t\t\t\t\t<div class=\"elementor-container elementor-column-gap-default\">\n\t\t\t\t\t<div class=\"elementor-column elementor-col-100 elementor-top-column elementor-element elementor-element-c3ac8f5\" data-id=\"c3ac8f5\" data-element_type=\"column\">\n\t\t\t<div class=\"elementor-widget-wrap elementor-element-populated\">\n\t\t\t\t\t\t<div class=\"elementor-element elementor-element-2ef0317 elementor-widget elementor-widget-heading\" data-id=\"2ef0317\" data-element_type=\"widget\" data-widget_type=\"heading.default\">\n\t\t\t\t<div class=\"elementor-widget-container\">\n\t\t\t\t\t<h2 class=\"elementor-heading-title elementor-size-default\">PRIVACIDAD<\/h2>\t\t\t\t<\/div>\n\t\t\t\t<\/div>\n\t\t\t\t\t<\/div>\n\t\t<\/div>\n\t\t\t\t\t<\/div>\n\t\t<\/section>\n\t\t\t\t<section class=\"elementor-section elementor-top-section elementor-element elementor-element-746f43b elementor-section-boxed elementor-section-height-default elementor-section-height-default\" data-id=\"746f43b\" data-element_type=\"section\">\n\t\t\t\t\t\t<div class=\"elementor-container elementor-column-gap-default\">\n\t\t\t\t\t<div class=\"elementor-column elementor-col-100 elementor-top-column elementor-element elementor-element-fbc84a0\" data-id=\"fbc84a0\" data-element_type=\"column\">\n\t\t\t<div class=\"elementor-widget-wrap elementor-element-populated\">\n\t\t\t\t\t\t<div class=\"elementor-element elementor-element-89415a1 elementor-widget elementor-widget-text-editor\" data-id=\"89415a1\" data-element_type=\"widget\" data-widget_type=\"text-editor.default\">\n\t\t\t\t<div class=\"elementor-widget-container\">\n\t\t\t\t\t\t\t\t\t<h1 class=\"entry-title main_title\" style=\"text-align: justify;\">Privacidad<\/h1><div class=\"entry-content\" style=\"text-align: justify;\"><p>Hemos preparado esta Pol\u00edtica de Privacidad para ayudarle a entender c\u00f3mo <strong>Tourtravelandmore.com<\/strong> recoge, utiliza y salvaguarda la informaci\u00f3n personal que usted nos proporciona en nuestros sitios web, por correo electr\u00f3nico y a trav\u00e9s de nuestros proveedores de servicios y socios de distribuci\u00f3n. Tenga la seguridad de que, a menos que nos d\u00e9 expl\u00edcitamente su consentimiento para hacer lo contrario, Tourtravelandmore.com s\u00f3lo recoger\u00e1 y utilizar\u00e1 su informaci\u00f3n personal como se indica en esta Pol\u00edtica de Privacidad.<\/p><h2 style=\"text-align: left;\">\u00bfQu\u00e9 informaci\u00f3n recogemos?<\/h2><p>Cuando usted visita cualquiera de nuestras p\u00e1ginas web alojadas por nosotros, nuestro servidor web reconoce y recoge autom\u00e1ticamente su direcci\u00f3n IP. Para comprar nuestros viajes o servicios, es necesario que revele informaci\u00f3n personal, como su nombre, direcci\u00f3n, direcci\u00f3n de correo electr\u00f3nico, n\u00famero de tel\u00e9fono, datos de la tarjeta de cr\u00e9dito y otros datos identificativos, con el fin de procesar los pedidos y prestar el servicio de atenci\u00f3n al cliente. Si no facilita informaci\u00f3n personal al comprar uno de nuestros viajes o servicios, no podremos confirmar su compra ni tramitar su reserva. En algunos casos tambi\u00e9n podemos pedirle datos demogr\u00e1ficos personales como su pa\u00eds de residencia, sexo, edad, h\u00e1bitos de viaje, etc. Tambi\u00e9n utilizamos cookies (como se explica m\u00e1s adelante) para recopilar informaci\u00f3n sobre el rendimiento y la facilidad de uso de nuestros sitios web.<\/p><h2 style=\"text-align: left;\">Cookies y c\u00f3mo las utilizamos<\/h2><p>Las &#8220;<em>cookies<\/em>&#8221; son fragmentos de informaci\u00f3n que su navegador almacena en el disco duro de su ordenador con fines de registro. Las cookies en s\u00ed mismas s\u00f3lo identifican su ordenador; no le identifican personalmente. En <strong>Tourtravelandmore.com<\/strong> hacemos un uso limitado de las cookies para almacenar sus preferencias, registrar informaci\u00f3n de la sesi\u00f3n, recopilar informaci\u00f3n sobre c\u00f3mo visita y accede a nuestros sitios web, y para adaptar nuestras p\u00e1ginas web a sus necesidades. No utilizamos cookies para identificar a usuarios espec\u00edficos con fines de marketing. No relacionamos las cookies con sus datos de compra. Y no utilizamos cookies para rastrear sus movimientos despu\u00e9s de salir de nuestros sitios web. La mayor\u00eda de los navegadores web permiten desactivar las cookies; sin embargo, desactivarlas limitar\u00e1 el uso de nuestros sitios web. \u00a0<\/p><p>Hotjar: Este sitio web utiliza cookies de Hotjar para mejorar su experiencia y analizar c\u00f3mo se utiliza el sitio. Hotjar recopila informaci\u00f3n an\u00f3nima sobre la navegaci\u00f3n del usuario y los patrones de comportamiento. Si prefiere no compartir sus datos con Hotjar, puede optar por deshabilitar las cookies en https:\/\/www.hotjar.com\/opt-out.<\/p><p><strong>C\u00f3mo utilizamos su informaci\u00f3n personal<\/strong><\/p><ul><li>Utilizamos su informaci\u00f3n personal de las siguientes maneras:<\/li><li>Para proporcionarle la informaci\u00f3n que solicita sobre nuestros productos<\/li><li>Para enviarle mensajes de marketing por correo electr\u00f3nico e informaci\u00f3n a la que se haya suscrito espec\u00edficamente.<\/li><li>Para realizar sus reservas<\/li><li>Para confirmar sus reservas<\/li><li>Para asegurarnos de que se le factura correctamente<\/li><li>Medir y hacer un seguimiento de los datos demogr\u00e1ficos de nuestros clientes.<\/li><li>Para orientar el contenido de nuestro sitio web a sus intereses.<\/li><\/ul><p>Si realiza una compra en uno de nuestros sitios web, tambi\u00e9n podemos enviarle informaci\u00f3n sobre nuevos productos, o pedirle su opini\u00f3n sobre nuestros sitios web, etc., para que podamos mejorar nuestro servicio a usted y a otros consumidores. Si no desea que Tourtravelandmore.com se ponga en contacto con usted en el futuro, h\u00e1ganoslo saber enviando un correo electr\u00f3nico a nuestro responsable de privacidad a <a href=\"mailto:info@tourtravelandmore.com\">info@tourtravelandmore.com.<\/a><\/p><p>Parte de la informaci\u00f3n personal que recopilamos se comparte con nuestros socios de servicios (por ejemplo, operadores tur\u00edsticos) que est\u00e1n directamente involucrados en el cumplimiento de las compras que usted nos ha hecho. A nuestros proveedores de servicios s\u00f3lo les facilitamos su nombre y sus datos de contacto locales, si usted nos los proporciona (por ejemplo, el nombre de su hotel para recogerle y dejarle, su n\u00famero de tel\u00e9fono local, etc.) No facilitamos a nuestros proveedores de servicios ninguna otra informaci\u00f3n personal. Si decide proporcionar cualquier informaci\u00f3n personal directamente a un proveedor de servicios, le recomendamos que revise la pol\u00edtica de privacidad de dicho proveedor. Tambi\u00e9n compartimos su informaci\u00f3n personal con terceros contratados para prestarnos servicios de marketing e informaci\u00f3n de datos que est\u00e1n sujetos a una obligaci\u00f3n de confidencialidad y con otros socios de marketing externos. Actualmente contratamos a varios socios en l\u00ednea para que nos ayuden a gestionar y optimizar nuestro negocio y nuestras comunicaciones por Internet. Utilizamos los servicios de una empresa de marketing que nos ayuda a medir la eficacia de nuestra publicidad y el uso que hacen los visitantes de nuestro sitio web. Para ello, utilizamos en este sitio web balizas web y cookies proporcionadas por nuestra empresa de marketing. La informaci\u00f3n que recopilamos nos ayuda a saber qu\u00e9 p\u00e1ginas son m\u00e1s atractivas para nuestros visitantes, cu\u00e1les de nuestros productos interesan m\u00e1s a nuestros clientes y qu\u00e9 tipo de ofertas les gusta ver a nuestros clientes. Aunque nuestra empresa de marketing registra la informaci\u00f3n procedente de nuestro sitio web en nuestro nombre, nosotros controlamos c\u00f3mo pueden utilizarse esos datos y c\u00f3mo no. Por \u00faltimo, tenga la seguridad de que, a menos que nos autorice expresamente a hacerlo, no compartimos su informaci\u00f3n personal con terceras organizaciones que no est\u00e9n implicadas en el cumplimiento de las reservas que haya realizado con nosotros o que no est\u00e9n contratadas por nosotros.<\/p><h2 style=\"text-align: left;\">Comunicaciones por correo electr\u00f3nico que puede esperar recibir de Tourtravelandmore.com<\/h2><p>A excepci\u00f3n de los correos electr\u00f3nicos de confirmaci\u00f3n de registro, los correos electr\u00f3nicos que incluyen informaci\u00f3n de cuenta de Tourtravelandmore.com y los correos electr\u00f3nicos relacionados directamente con una reserva realizada en nuestro sitio web, <strong>Tourtravelandmore.com<\/strong> no enviar\u00e1 ning\u00fan correo electr\u00f3nico a menos que usted elija recibir comunicaciones por correo electr\u00f3nico de nosotros. Por favor, tenga en cuenta que los correos electr\u00f3nicos relacionados con su registro y transacciones incluyen correos electr\u00f3nicos que le permiten revisar su reserva y su experiencia con nosotros, mensajes administrativos y encuestas relacionadas con su cuenta o con sus transacciones.<\/p><h2 style=\"text-align: left;\">\u00a0Nuestros socios distribuidores y proveedores<\/h2><p>Nuestros viajes est\u00e1n disponibles a trav\u00e9s de nuestros socios distribuidores. Esta Pol\u00edtica de Privacidad debe leerse junto con las pol\u00edticas de privacidad de nuestros socios de distribuci\u00f3n, que pueden diferir de nuestra Pol\u00edtica de Privacidad. Tambi\u00e9n debe tener en cuenta que algunos proveedores de servicios y algunos de nuestros socios de distribuci\u00f3n pueden necesitar otros datos personales (como informaci\u00f3n sobre la salud o la forma f\u00edsica) para determinar si puede participar en una actividad. Si <strong>Tourtravelandmore.com<\/strong> no recaba esta informaci\u00f3n directamente de usted, deber\u00e1 leer y basarse \u00fanicamente en la Pol\u00edtica de Privacidad del proveedor o socio en cuesti\u00f3n.<\/p><h2 style=\"text-align: left;\">Nuestras medidas de seguridad y almacenamiento<\/h2><p>En <strong>Tourtravelandmore.com<\/strong> nos comprometemos a mantener la integridad y seguridad de su informaci\u00f3n personal. Utilizamos protocolos de encriptaci\u00f3n est\u00e1ndar en la industria cuando recibimos y transferimos su informaci\u00f3n personal. De hecho, cuando usted nos env\u00eda informaci\u00f3n personal a trav\u00e9s de Internet, primero requerimos que se establezca una &#8220;sesi\u00f3n segura&#8221; utilizando Secure Socket Layer (SSL). Sin embargo, no se puede garantizar al 100% la seguridad de ninguna transmisi\u00f3n de datos a trav\u00e9s de Internet, por lo que no podemos ofrecer una garant\u00eda absoluta de que la informaci\u00f3n que nos proporcione estar\u00e1 segura en todo momento. <strong>Tourtravelandmore.com<\/strong> no se hace responsable de los sucesos derivados del acceso no autorizado a su informaci\u00f3n personal. <strong>Tourtravelandmore.com<\/strong> confiar\u00e1 en que usted nos comunique si experimenta alg\u00fan hecho inusual que pueda indicar una violaci\u00f3n de la seguridad de su informaci\u00f3n. Entonces investigaremos si la violaci\u00f3n de la seguridad estaba relacionada con las transmisiones de datos desde o hacia <strong>Tourtravelandmore.com<\/strong> y le comunicaremos qu\u00e9 medidas se pueden tomar y se han tomado para rectificar el problema. Tambi\u00e9n puede ser necesario adoptar otras medidas, como informar de los incidentes a la polic\u00eda o a otras autoridades competentes. <strong>Tenga en cuenta<\/strong> que no almacenamos sus datos financieros. En el caso de que obtengamos sus datos financieros por tel\u00e9fono, NO guardamos estos datos para futuras consultas de ninguna manera.<\/p><h2 style=\"text-align: left;\">Cambios en nuestra pol\u00edtica de privacidad<\/h2><p>Somos conscientes de que nuestro negocio seguir\u00e1 evolucionando a medida que introduzcamos nuevos productos y, por lo tanto, de vez en cuando nuestra Pol\u00edtica de Privacidad puede ser revisada y modificada. <strong>Tourtravelandmore.com<\/strong> se reserva el derecho de cambiar su Pol\u00edtica de Privacidad y publicar los cambios en sus sitios web. S\u00f3lo utilizaremos su informaci\u00f3n personal de acuerdo con la Pol\u00edtica de Privacidad en vigor en el momento en que recopilamos su informaci\u00f3n personal.\u00a0<\/p><h2 style=\"text-align: left;\">C\u00f3mo ponerse en contacto con nosotros<\/h2><p>Para algunos servicios de Tourtravelandmore.com puede acceder y actualizar su registro e informaci\u00f3n personal en l\u00ednea. Para corregir o actualizar cualquier otra informaci\u00f3n personal, o si tiene alguna pregunta sobre la Pol\u00edtica de Privacidad de Tourtravelandmore.com, env\u00ede un correo electr\u00f3nico a nuestro Responsable de Privacidad a <a href=\"mailto:info@tourtravelandmore.com\">info@tourtravelandmore.com<\/a>.<\/p><h2 style=\"text-align: left;\">M\u00e1s informaci\u00f3n sobre las leyes de privacidad<\/h2><p>No existe una \u00fanica entidad mundial que regule la informaci\u00f3n personal en l\u00ednea. En su lugar, <strong>Tourtravelandmore.com<\/strong> ha tomado la decisi\u00f3n consciente de seguir las directrices de privacidad establecidas por la ley en los principales mercados en los que operamos y donde tenemos oficinas.<\/p><\/div>\t\t\t\t\t\t\t\t<\/div>\n\t\t\t\t<\/div>\n\t\t\t\t\t<\/div>\n\t\t<\/div>\n\t\t\t\t\t<\/div>\n\t\t<\/section>\n\t\t\t\t<\/div>\n\t\t","protected":false},"excerpt":{"rendered":"<p>PRIVACIDAD Privacidad Hemos preparado esta Pol\u00edtica de Privacidad para ayudarle a entender c\u00f3mo Tourtravelandmore.com recoge, utiliza y salvaguarda la informaci\u00f3n personal que usted nos proporciona en nuestros sitios web, por correo electr\u00f3nico y a trav\u00e9s de nuestros proveedores de servicios y socios de distribuci\u00f3n. Tenga la seguridad de que, a menos que nos d\u00e9 expl\u00edcitamente [&hellip;]<\/p>\n","protected":false},"author":9,"featured_media":0,"parent":0,"menu_order":0,"comment_status":"closed","ping_status":"closed","template":"","meta":{"_acf_changed":false,"footnotes":""},"class_list":["post-167689","page","type-page","status-publish","hentry"],"acf":[],"yoast_head":"<!-- This site is optimized with the Yoast SEO Premium plugin v25.3.1 (Yoast SEO v25.3.1) - https:\/\/yoast.com\/wordpress\/plugins\/seo\/ -->\n<title>Privacidad &#8212; Tour Travel And More<\/title>\n<meta name=\"description\" content=\"Privacidad &#8212; Tour Travel And More\" \/>\n<meta name=\"robots\" content=\"index, follow, max-snippet:-1, max-image-preview:large, max-video-preview:-1\" \/>\n<link rel=\"canonical\" href=\"https:\/\/tourtravelandmore.com\/es\/privacidad\/\" \/>\n<meta property=\"og:locale\" content=\"es_ES\" \/>\n<meta property=\"og:type\" content=\"article\" \/>\n<meta property=\"og:title\" content=\"Privacidad\" \/>\n<meta property=\"og:description\" content=\"Privacidad &#8212; Tour Travel And More\" \/>\n<meta property=\"og:url\" content=\"https:\/\/tourtravelandmore.com\/es\/privacidad\/\" \/>\n<meta property=\"og:site_name\" content=\"Tour Travel And More\" \/>\n<meta property=\"article:publisher\" content=\"https:\/\/www.facebook.com\/tourtravelandmore\/\" \/>\n<meta property=\"article:modified_time\" content=\"2024-02-20T13:51:07+00:00\" \/>\n<meta name=\"twitter:card\" content=\"summary_large_image\" \/>\n<meta name=\"twitter:site\" content=\"@TourTravel_More\" \/>\n<meta name=\"twitter:label1\" content=\"Tiempo de lectura\" \/>\n\t<meta name=\"twitter:data1\" content=\"7 minutos\" \/>\n<script type=\"application\/ld+json\" class=\"yoast-schema-graph\">{\"@context\":\"https:\/\/schema.org\",\"@graph\":[{\"@type\":\"WebPage\",\"@id\":\"https:\/\/tourtravelandmore.com\/es\/privacidad\/\",\"url\":\"https:\/\/tourtravelandmore.com\/es\/privacidad\/\",\"name\":\"Privacidad &#8212; Tour Travel And More\",\"isPartOf\":{\"@id\":\"https:\/\/tourtravelandmore.com\/es\/#website\"},\"datePublished\":\"2023-05-22T09:10:40+00:00\",\"dateModified\":\"2024-02-20T13:51:07+00:00\",\"description\":\"Privacidad &#8212; Tour Travel And More\",\"breadcrumb\":{\"@id\":\"https:\/\/tourtravelandmore.com\/es\/privacidad\/#breadcrumb\"},\"inLanguage\":\"es\",\"potentialAction\":[{\"@type\":\"ReadAction\",\"target\":[\"https:\/\/tourtravelandmore.com\/es\/privacidad\/\"]}]},{\"@type\":\"BreadcrumbList\",\"@id\":\"https:\/\/tourtravelandmore.com\/es\/privacidad\/#breadcrumb\",\"itemListElement\":[{\"@type\":\"ListItem\",\"position\":1,\"name\":\"Home\",\"item\":\"https:\/\/tourtravelandmore.com\/es\/\"},{\"@type\":\"ListItem\",\"position\":2,\"name\":\"Privacidad\"}]},{\"@type\":\"WebSite\",\"@id\":\"https:\/\/tourtravelandmore.com\/es\/#website\",\"url\":\"https:\/\/tourtravelandmore.com\/es\/\",\"name\":\"Tour Travel And More\",\"description\":\"Private sightseeing tours and luxury transfers in Spain\",\"publisher\":{\"@id\":\"https:\/\/tourtravelandmore.com\/es\/#organization\"},\"potentialAction\":[{\"@type\":\"SearchAction\",\"target\":{\"@type\":\"EntryPoint\",\"urlTemplate\":\"https:\/\/tourtravelandmore.com\/es\/?s={search_term_string}\"},\"query-input\":{\"@type\":\"PropertyValueSpecification\",\"valueRequired\":true,\"valueName\":\"search_term_string\"}}],\"inLanguage\":\"es\"},{\"@type\":\"Organization\",\"@id\":\"https:\/\/tourtravelandmore.com\/es\/#organization\",\"name\":\"Tour Travel And More\",\"url\":\"https:\/\/tourtravelandmore.com\/es\/\",\"logo\":{\"@type\":\"ImageObject\",\"inLanguage\":\"es\",\"@id\":\"https:\/\/tourtravelandmore.com\/es\/#\/schema\/logo\/image\/\",\"url\":\"https:\/\/tourtravelandmore.com\/wp-content\/uploads\/2022\/12\/cropped-logo-cabecera-new.png\",\"contentUrl\":\"https:\/\/tourtravelandmore.com\/wp-content\/uploads\/2022\/12\/cropped-logo-cabecera-new.png\",\"width\":430,\"height\":61,\"caption\":\"Tour Travel And More\"},\"image\":{\"@id\":\"https:\/\/tourtravelandmore.com\/es\/#\/schema\/logo\/image\/\"},\"sameAs\":[\"https:\/\/www.facebook.com\/tourtravelandmore\/\",\"https:\/\/x.com\/TourTravel_More\"]}]}<\/script>\n<!-- \/ Yoast SEO Premium plugin. -->","yoast_head_json":{"title":"Privacidad &#8212; Tour Travel And More","description":"Privacidad &#8212; Tour Travel And More","robots":{"index":"index","follow":"follow","max-snippet":"max-snippet:-1","max-image-preview":"max-image-preview:large","max-video-preview":"max-video-preview:-1"},"canonical":"https:\/\/tourtravelandmore.com\/es\/privacidad\/","og_locale":"es_ES","og_type":"article","og_title":"Privacidad","og_description":"Privacidad &#8212; Tour Travel And More","og_url":"https:\/\/tourtravelandmore.com\/es\/privacidad\/","og_site_name":"Tour Travel And More","article_publisher":"https:\/\/www.facebook.com\/tourtravelandmore\/","article_modified_time":"2024-02-20T13:51:07+00:00","twitter_card":"summary_large_image","twitter_site":"@TourTravel_More","twitter_misc":{"Tiempo de lectura":"7 minutos"},"schema":{"@context":"https:\/\/schema.org","@graph":[{"@type":"WebPage","@id":"https:\/\/tourtravelandmore.com\/es\/privacidad\/","url":"https:\/\/tourtravelandmore.com\/es\/privacidad\/","name":"Privacidad &#8212; Tour Travel And More","isPartOf":{"@id":"https:\/\/tourtravelandmore.com\/es\/#website"},"datePublished":"2023-05-22T09:10:40+00:00","dateModified":"2024-02-20T13:51:07+00:00","description":"Privacidad &#8212; Tour Travel And More","breadcrumb":{"@id":"https:\/\/tourtravelandmore.com\/es\/privacidad\/#breadcrumb"},"inLanguage":"es","potentialAction":[{"@type":"ReadAction","target":["https:\/\/tourtravelandmore.com\/es\/privacidad\/"]}]},{"@type":"BreadcrumbList","@id":"https:\/\/tourtravelandmore.com\/es\/privacidad\/#breadcrumb","itemListElement":[{"@type":"ListItem","position":1,"name":"Home","item":"https:\/\/tourtravelandmore.com\/es\/"},{"@type":"ListItem","position":2,"name":"Privacidad"}]},{"@type":"WebSite","@id":"https:\/\/tourtravelandmore.com\/es\/#website","url":"https:\/\/tourtravelandmore.com\/es\/","name":"Tour Travel And More","description":"Private sightseeing tours and luxury transfers in Spain","publisher":{"@id":"https:\/\/tourtravelandmore.com\/es\/#organization"},"potentialAction":[{"@type":"SearchAction","target":{"@type":"EntryPoint","urlTemplate":"https:\/\/tourtravelandmore.com\/es\/?s={search_term_string}"},"query-input":{"@type":"PropertyValueSpecification","valueRequired":true,"valueName":"search_term_string"}}],"inLanguage":"es"},{"@type":"Organization","@id":"https:\/\/tourtravelandmore.com\/es\/#organization","name":"Tour Travel And More","url":"https:\/\/tourtravelandmore.com\/es\/","logo":{"@type":"ImageObject","inLanguage":"es","@id":"https:\/\/tourtravelandmore.com\/es\/#\/schema\/logo\/image\/","url":"https:\/\/tourtravelandmore.com\/wp-content\/uploads\/2022\/12\/cropped-logo-cabecera-new.png","contentUrl":"https:\/\/tourtravelandmore.com\/wp-content\/uploads\/2022\/12\/cropped-logo-cabecera-new.png","width":430,"height":61,"caption":"Tour Travel And More"},"image":{"@id":"https:\/\/tourtravelandmore.com\/es\/#\/schema\/logo\/image\/"},"sameAs":["https:\/\/www.facebook.com\/tourtravelandmore\/","https:\/\/x.com\/TourTravel_More"]}]}},"_links":{"self":[{"href":"https:\/\/tourtravelandmore.com\/es\/wp-json\/wp\/v2\/pages\/167689","targetHints":{"allow":["GET"]}}],"collection":[{"href":"https:\/\/tourtravelandmore.com\/es\/wp-json\/wp\/v2\/pages"}],"about":[{"href":"https:\/\/tourtravelandmore.com\/es\/wp-json\/wp\/v2\/types\/page"}],"author":[{"embeddable":true,"href":"https:\/\/tourtravelandmore.com\/es\/wp-json\/wp\/v2\/users\/9"}],"replies":[{"embeddable":true,"href":"https:\/\/tourtravelandmore.com\/es\/wp-json\/wp\/v2\/comments?post=167689"}],"version-history":[{"count":3,"href":"https:\/\/tourtravelandmore.com\/es\/wp-json\/wp\/v2\/pages\/167689\/revisions"}],"predecessor-version":[{"id":172611,"href":"https:\/\/tourtravelandmore.com\/es\/wp-json\/wp\/v2\/pages\/167689\/revisions\/172611"}],"wp:attachment":[{"href":"https:\/\/tourtravelandmore.com\/es\/wp-json\/wp\/v2\/media?parent=167689"}],"curies":[{"name":"wp","href":"https:\/\/api.w.org\/{rel}","templated":true}]}}