{"id":167684,"date":"2023-05-18T12:33:34","date_gmt":"2023-05-18T10:33:34","guid":{"rendered":"https:\/\/tourtravelandmore.com\/?page_id=167684"},"modified":"2026-03-20T11:33:17","modified_gmt":"2026-03-20T10:33:17","slug":"preguntas-frecuentes","status":"publish","type":"page","link":"https:\/\/tourtravelandmore.com\/es\/preguntas-frecuentes\/","title":{"rendered":"Preguntas frecuentes"},"content":{"rendered":"\t\t<div data-elementor-type=\"wp-page\" data-elementor-id=\"167684\" class=\"elementor elementor-167684 elementor-167490\">\n\t\t\t\t\t\t<section class=\"elementor-section elementor-top-section elementor-element elementor-element-7d5dbce elementor-section-stretched elementor-section-boxed elementor-section-height-default elementor-section-height-default\" data-id=\"7d5dbce\" data-element_type=\"section\" data-settings=\"{&quot;background_background&quot;:&quot;classic&quot;,&quot;stretch_section&quot;:&quot;section-stretched&quot;}\">\n\t\t\t\t\t\t<div class=\"elementor-container elementor-column-gap-default\">\n\t\t\t\t\t<div class=\"elementor-column elementor-col-100 elementor-top-column elementor-element elementor-element-ca252ec\" data-id=\"ca252ec\" data-element_type=\"column\">\n\t\t\t<div class=\"elementor-widget-wrap elementor-element-populated\">\n\t\t\t\t\t\t<div class=\"elementor-element elementor-element-fb20e69 elementor-widget elementor-widget-heading\" data-id=\"fb20e69\" data-element_type=\"widget\" data-widget_type=\"heading.default\">\n\t\t\t\t<div class=\"elementor-widget-container\">\n\t\t\t\t\t<h1 class=\"elementor-heading-title elementor-size-default\">PREGUNTAS FRECUENTES<\/h1>\t\t\t\t<\/div>\n\t\t\t\t<\/div>\n\t\t\t\t\t<\/div>\n\t\t<\/div>\n\t\t\t\t\t<\/div>\n\t\t<\/section>\n\t\t\t\t<section class=\"elementor-section elementor-top-section elementor-element elementor-element-0552a10 elementor-section-stretched elementor-section-boxed elementor-section-height-default elementor-section-height-default\" data-id=\"0552a10\" data-element_type=\"section\" data-settings=\"{&quot;stretch_section&quot;:&quot;section-stretched&quot;}\">\n\t\t\t\t\t\t<div class=\"elementor-container elementor-column-gap-default\">\n\t\t\t\t\t<div class=\"elementor-column elementor-col-100 elementor-top-column elementor-element elementor-element-847b308\" data-id=\"847b308\" data-element_type=\"column\">\n\t\t\t<div class=\"elementor-widget-wrap elementor-element-populated\">\n\t\t\t\t\t\t<div class=\"elementor-element elementor-element-e03a14c elementor-widget elementor-widget-heading\" data-id=\"e03a14c\" data-element_type=\"widget\" data-widget_type=\"heading.default\">\n\t\t\t\t<div class=\"elementor-widget-container\">\n\t\t\t\t\t<h3 class=\"elementor-heading-title elementor-size-default\">Respuestas r\u00e1pidas y concisas para dudas generales<\/h3>\t\t\t\t<\/div>\n\t\t\t\t<\/div>\n\t\t\t\t<div class=\"elementor-element elementor-element-14b8533 elementor-widget elementor-widget-accordion\" data-id=\"14b8533\" data-element_type=\"widget\" data-widget_type=\"accordion.default\">\n\t\t\t\t<div class=\"elementor-widget-container\">\n\t\t\t\t\t\t\t<div class=\"elementor-accordion\">\n\t\t\t\t\t\t\t<div class=\"elementor-accordion-item\">\n\t\t\t\t\t<div id=\"elementor-tab-title-2171\" class=\"elementor-tab-title\" data-tab=\"1\" role=\"button\" aria-controls=\"elementor-tab-content-2171\" aria-expanded=\"false\">\n\t\t\t\t\t\t\t\t\t\t\t\t\t<span class=\"elementor-accordion-icon elementor-accordion-icon-right\" aria-hidden=\"true\">\n\t\t\t\t\t\t\t\t\t\t\t\t\t\t\t<span class=\"elementor-accordion-icon-closed\"><i class=\"fas fa-plus\"><\/i><\/span>\n\t\t\t\t\t\t\t\t<span class=\"elementor-accordion-icon-opened\"><i class=\"fas fa-minus\"><\/i><\/span>\n\t\t\t\t\t\t\t\t\t\t\t\t\t\t<\/span>\n\t\t\t\t\t\t\t\t\t\t\t\t<a class=\"elementor-accordion-title\" tabindex=\"0\">Preguntas relacionadas a CANCELACIONES<\/a>\n\t\t\t\t\t<\/div>\n\t\t\t\t\t<div id=\"elementor-tab-content-2171\" class=\"elementor-tab-content elementor-clearfix\" data-tab=\"1\" role=\"region\" aria-labelledby=\"elementor-tab-title-2171\"><p><strong>\u00bfCual es la pol\u00edtica de cancelaci\u00f3n?<\/strong><br>Ning\u00fan tipo de entrada est\u00e1 sujeta a modificaci\u00f3n.<br>Modificaciones en la fecha u horario de los tours\/servicios est\u00e1n sujetos a disponibilidad.<br>** 2 d\u00edas antes de la fecha del servicio: Libre cancelaci\u00f3n en conceptos de gu\u00eda y coche privado con ch\u00f3fer. Cualquier tipo de entradas solicitadas no tienen devoluci\u00f3n. ** Por favor, consulta las pol\u00edticas especiales para ciudades espec\u00edficas<br>** Menos de 2 d\u00edas antes de la fecha del servicio: No hay reembolso. Pago del 100%.<br>**** NO HAY REEMBOLSO EN CUALQUIER CASO DE MODIFICACI\u00d3N O CANCELACI\u00d3N en coste de entradas, Show de Flamenco o cualquier tipo de entradas o CUALQUIER TIPO de costes asociados a la compra de \u00e9stas.<br>*Esta pol\u00edtica de cancelaci\u00f3n es nuestra pol\u00edtica est\u00e1ndar, algunas ciudades tienen pol\u00edticas diferentes, por favor pregunta a nuestros agentes sobre la pol\u00edtica de cancelaci\u00f3n espec\u00edfica. Los tickets y el tour de La Alhambra son siempre NO-Reembolsables.*<\/p>\n<p><strong>\u00bfC\u00f3mo puedo cancelar mi reserva?<\/strong><br>Si la cancelaci\u00f3n se lleva a cabo dentro de la pol\u00edtica, y no hay entradas incluidas, puede cancelar su reserva sin ning\u00fan costo. Caso contrario, la reserva podr\u00e1 ser cancelada pero podr\u00edan existir costos y cargos por la cancelaci\u00f3n.<\/p>\n<p><strong>He cancelado o hecho un cambio en mi reserva, \u00bfcu\u00e1nto tiempo tardare en ver el reembolso en mi tarjeta de cr\u00e9dito?<\/strong><br>Si el mismo fue hecho dentro de los plazos de cancelaci\u00f3n, el reembolso puede tardar hasta 20 d\u00edas.<\/p>\n<p><strong>He realizado una reserva de varios tours y\/o traslados \u00bfpuedo cancelar un tour en espec\u00edfico?<\/strong><br>Por supuesto, para recibir la totalidad del reembolso, la cancelaci\u00f3n debe realizarse 48 horas antes del primer servicio contratado.<\/p><\/div>\n\t\t\t\t<\/div>\n\t\t\t\t\t\t\t<div class=\"elementor-accordion-item\">\n\t\t\t\t\t<div id=\"elementor-tab-title-2172\" class=\"elementor-tab-title\" data-tab=\"2\" role=\"button\" aria-controls=\"elementor-tab-content-2172\" aria-expanded=\"false\">\n\t\t\t\t\t\t\t\t\t\t\t\t\t<span class=\"elementor-accordion-icon elementor-accordion-icon-right\" aria-hidden=\"true\">\n\t\t\t\t\t\t\t\t\t\t\t\t\t\t\t<span class=\"elementor-accordion-icon-closed\"><i class=\"fas fa-plus\"><\/i><\/span>\n\t\t\t\t\t\t\t\t<span class=\"elementor-accordion-icon-opened\"><i class=\"fas fa-minus\"><\/i><\/span>\n\t\t\t\t\t\t\t\t\t\t\t\t\t\t<\/span>\n\t\t\t\t\t\t\t\t\t\t\t\t<a class=\"elementor-accordion-title\" tabindex=\"0\">Preguntas relacionadas a la RESERVA DE TOURS<\/a>\n\t\t\t\t\t<\/div>\n\t\t\t\t\t<div id=\"elementor-tab-content-2172\" class=\"elementor-tab-content elementor-clearfix\" data-tab=\"2\" role=\"region\" aria-labelledby=\"elementor-tab-title-2172\"><p><strong>\u00bfPuedo personalizar un tour en su sitio web?<\/strong><br \/>Si, por supuesto. Solo tiene que enviar un correo a info@tourtravelandmore.com detallando qu\u00e9 desea hacer y nosotros trabajaremos para ofrecerle la mejor experiencia privada que se adapte a sus deseos.<\/p><p><strong>\u00bfC\u00f3mo elijo la mejor experiencia?<\/strong><br \/>Contactenos y nosotros lo guiaremos a la mejor experiencia posible, adaptada a sus deseos e intereses.<\/p><p><strong>\u00bfEl gu\u00eda hablar\u00e1 mi idioma?<\/strong><br \/>Tenemos gu\u00edas privados oficiales que hablan varios idiomas. Por favor informar el idioma deseado al momento de la consulta para poder confirmar disponibilidad en la lengua requerida.<\/p><p><strong>\u00bfQu\u00e9 es el servicio de Angel Guardian?<\/strong><br \/>En tour travel and more estamos 24\/7 disponibles durante el tiempo de su experiencia. Estamos a su disposici\u00f3n para lo que necesite.<\/p><p><strong>\u00bfLos tours son accesibles con silla de ruedas?<\/strong><br \/>Si la silla de ruedas es plegable, es posible colocarla en el ba\u00fal de nuestros veh\u00edculos. Si necesita que nosotros le gestionemos una silla de ruedas podemos hacerlo.<\/p><p><strong>\u00bfTienen Wi-fi en sus veh\u00edculos?<\/strong><br \/>Bajo consulta es posible coordinar wi-fi en los veh\u00edculos en la mayor\u00eda del territorio. Depender\u00e1 tambi\u00e9n en el veh\u00edculo.<\/p><p><strong>\u00bfLos gu\u00edas son oficiales y licenciados?<\/strong><br \/>Todos nuestros gu\u00edas son oficiales, y poseen las licencias pertinentes (ex\u00e1menes aprobados) de cada ciudad en la que trabajan.<\/p><p><strong>\u00bfLos veh\u00edculos son oficiales?<\/strong><br \/>Todos nuestros veh\u00edculos son oficiales y poseen la licencia para operar en cada uno de los sitios donde ofrecemos nuestros servicios.<\/p><p><strong>\u00bfTienen seguro de riesgo?<\/strong><br \/>Tenemos un seguro de responsabilidad civil de 1.000.000 \u20ac<\/p><p><strong>\u00bfSe puede solicitar actividades en ciudades o pa\u00edses que no se encuentren listados en la web?<\/strong><br \/>Por supuesto, podemos organizar tours o traslados en cualquier ciudad o pa\u00eds en el mundo bajo consulta.<\/p><p><strong>\u00bfSe pueden organizar excursiones desde cada puerto donde mi crucero llegue?<\/strong><br \/>Claro que s\u00ed, solo es necesario que nos informe de todas las paradas de su crucero con la fecha exacta y horario en el que estar\u00e1n en cada terminal de cruceros.<\/p><p><strong>\u00bfSe puede realizar tours en d\u00edas festivos como Navidad o A\u00f1o nuevo?<\/strong><br \/>Si, claro que es posible, pero hay que tener en cuenta que en caso de querer visitar alg\u00fan monumento o museo es posible que este se encuentre cerrado o con horario reducido.<\/p><\/div>\n\t\t\t\t<\/div>\n\t\t\t\t\t\t\t<div class=\"elementor-accordion-item\">\n\t\t\t\t\t<div id=\"elementor-tab-title-2173\" class=\"elementor-tab-title\" data-tab=\"3\" role=\"button\" aria-controls=\"elementor-tab-content-2173\" aria-expanded=\"false\">\n\t\t\t\t\t\t\t\t\t\t\t\t\t<span class=\"elementor-accordion-icon elementor-accordion-icon-right\" aria-hidden=\"true\">\n\t\t\t\t\t\t\t\t\t\t\t\t\t\t\t<span class=\"elementor-accordion-icon-closed\"><i class=\"fas fa-plus\"><\/i><\/span>\n\t\t\t\t\t\t\t\t<span class=\"elementor-accordion-icon-opened\"><i class=\"fas fa-minus\"><\/i><\/span>\n\t\t\t\t\t\t\t\t\t\t\t\t\t\t<\/span>\n\t\t\t\t\t\t\t\t\t\t\t\t<a class=\"elementor-accordion-title\" tabindex=\"0\">Preguntas relacionadas a los PAGOS<\/a>\n\t\t\t\t\t<\/div>\n\t\t\t\t\t<div id=\"elementor-tab-content-2173\" class=\"elementor-tab-content elementor-clearfix\" data-tab=\"3\" role=\"region\" aria-labelledby=\"elementor-tab-title-2173\"><p><strong>\u00bfPuedo obtener un descuento si reservo una mayor cantidad de tours con vosotros?<\/strong><br \/>Por favor contactanos a <a href=\"mailto:info@tourtravelandmore.com\">info@tourtravelandmore.com<\/a>, en una reserva mayor a 3\/4 tours podr\u00eda ser aplicable un descuento.<\/p><p><strong>\u00bfPuedo comprar una actividad para una tercera persona?<\/strong><br \/>Por supuesto, puede comprar una actividad como un regalo para otra persona siempre que se env\u00eden los pertinentes detalles de quien disfrutara del tour<\/p><p><strong>\u00bfPuedo pagar mi reserva con diversas tarjetas de cr\u00e9dito?<\/strong><br \/>Si. Por favor informarlo al momento de la reserva, as\u00ed podremos enviarle diversas facturas para cada tarjeta.<\/p><p><strong>\u00bfMi tarjeta de cr\u00e9dito est\u00e1 segura?<\/strong><br \/>Si. Una vez enviada la factura la misma puede ser pagada online o v\u00eda telef\u00f3nica. Es un servidor seguro, y no mantenemos los detalles de las tarjetas. Es 100% seguro.<\/p><p><strong>\u00bfAlmacenan la informaci\u00f3n de mi tarjeta de cr\u00e9dito en su sistema?<\/strong><br \/>No. Para futuros servicios es necesario volver a llevar a cabo el proceso de pago.<\/p><p><strong>\u00bfQue tipo de tarjetas de cr\u00e9dito son aceptadas?<\/strong><br \/>Aceptamos casi todo tipo de tarjetas de cr\u00e9dito incluyendo American Express, Visa, Mastercard&#8230;<\/p><p><strong>\u00bfPuedo pagar mi reserva en dos cuotas?<\/strong><br \/>Por supuesto, deber\u00e1 abonar un porcentaje de la excursi\u00f3n en el momento de la reserva y luego un pago final 15 d\u00edas previos al inicio del tour.<\/p><p><strong>\u00bfEs posible realizar la reserva y abonarla el d\u00eda del tour?<\/strong><br \/>En la actualidad es necesario que la actividad sea abonada en su totalidad al menos 15 d\u00edas antes del d\u00eda del tour.<\/p><\/div>\n\t\t\t\t<\/div>\n\t\t\t\t\t\t\t<div class=\"elementor-accordion-item\">\n\t\t\t\t\t<div id=\"elementor-tab-title-2174\" class=\"elementor-tab-title\" data-tab=\"4\" role=\"button\" aria-controls=\"elementor-tab-content-2174\" aria-expanded=\"false\">\n\t\t\t\t\t\t\t\t\t\t\t\t\t<span class=\"elementor-accordion-icon elementor-accordion-icon-right\" aria-hidden=\"true\">\n\t\t\t\t\t\t\t\t\t\t\t\t\t\t\t<span class=\"elementor-accordion-icon-closed\"><i class=\"fas fa-plus\"><\/i><\/span>\n\t\t\t\t\t\t\t\t<span class=\"elementor-accordion-icon-opened\"><i class=\"fas fa-minus\"><\/i><\/span>\n\t\t\t\t\t\t\t\t\t\t\t\t\t\t<\/span>\n\t\t\t\t\t\t\t\t\t\t\t\t<a class=\"elementor-accordion-title\" tabindex=\"0\">Preguntas DESPU\u00c9S DE LAS RESERVAS<\/a>\n\t\t\t\t\t<\/div>\n\t\t\t\t\t<div id=\"elementor-tab-content-2174\" class=\"elementor-tab-content elementor-clearfix\" data-tab=\"4\" role=\"region\" aria-labelledby=\"elementor-tab-title-2174\"><p><strong>Hotel Recogida\/Devoluci\u00f3n<\/strong><br \/>Si est\u00e1 incluido en la descripci\u00f3n del tour, es posible coordinar recogida y devoluci\u00f3n en su hotel<\/p><p><strong>Tours con origen en puertos de cruceros<\/strong><br \/>Lo recogeremos en el puerto de cruceros.<\/p><p><strong>Tendr\u00e9 mis maletas conmigo el d\u00eda del tour. \u00bfQu\u00e9 puedo hacer con ellas?<\/strong><br \/>Si su tour incluye veh\u00edculo privado puede dejarlas en el coche. El conductor nunca deja el veh\u00edculo desatendido<\/p><p><strong>\u00bfProveen asientos para ni\u00f1os?<\/strong><br \/>Si. Por favor informar la edad del ni\u00f1o con anticipaci\u00f3n para poder gestionar la silla correcta.<\/p><p><strong>Luego de confirmar una reserva, \u00bfcu\u00e1nto tiempo despu\u00e9s recibir\u00e9 el voucher de confirmaci\u00f3n?<\/strong><br \/>El voucher de confirmaci\u00f3n se envi\u00e1 en menos de 12 horas, o en el mismo lapso de tiempo lo contactaremos.<\/p><p><strong>\u00bfEs necesario imprimir el voucher o es suficiente llevarlo en mi tel\u00e9fono m\u00f3vil?<\/strong><br \/>No es necesario imprimir el voucher, tenerlo en su m\u00f3vil es suficiente.<\/p><p><strong>\u00bfC\u00f3mo puedo especificar pedidos especiales\/necesidades extra?<\/strong><br \/>Por favor informar al momento de la reserva sus necesidades. Haremos todo lo posible para poder satisfacerlas<\/p><p><strong>\u00bfA qu\u00e9 n\u00famero debo contactar si tengo alguna consulta sobre mi tour?<\/strong><br \/>Estamos disponibles 24\/7. Para Europa, llame al +34622657785; para el resto del mundo, al +1 (703) 349-3556. Tambi\u00e9n disponemos de un n\u00famero de WhatsApp: +34622657785. Para consultas urgentes, por favor, llame, no env\u00ede mensaje.<\/p><p><strong>\u00bfComo puedo hacer un cambio en mi reserva?<\/strong><br \/>Contactanos a <a href=\"mailto:info@tourtravelandmore.com\">info@tourtravelandmore.com<\/a> e informanos sobre los cambios que desea hacer. Siempre que estos cambios sean posibles los haremos. A veces los cambios no son posibles de hacer. Si su reserva tenia entradas incluidas, cambios podr\u00edan suponer un costo extra.<\/p><\/div>\n\t\t\t\t<\/div>\n\t\t\t\t\t\t\t\t<\/div>\n\t\t\t\t\t\t<\/div>\n\t\t\t\t<\/div>\n\t\t\t\t\t<\/div>\n\t\t<\/div>\n\t\t\t\t\t<\/div>\n\t\t<\/section>\n\t\t\t\t<\/div>\n\t\t","protected":false},"excerpt":{"rendered":"<p>PREGUNTAS FRECUENTES Respuestas r\u00e1pidas y concisas para dudas generales Preguntas relacionadas a CANCELACIONES \u00bfCual es la pol\u00edtica de cancelaci\u00f3n?Ning\u00fan tipo de entrada est\u00e1 sujeta a modificaci\u00f3n.Modificaciones en la fecha u horario de los tours\/servicios est\u00e1n sujetos a disponibilidad.** 2 d\u00edas antes de la fecha del servicio: Libre cancelaci\u00f3n en conceptos de gu\u00eda y coche privado [&hellip;]<\/p>\n","protected":false},"author":9,"featured_media":0,"parent":0,"menu_order":0,"comment_status":"closed","ping_status":"closed","template":"","meta":{"_acf_changed":false,"footnotes":""},"class_list":["post-167684","page","type-page","status-publish","hentry"],"acf":[],"yoast_head":"<!-- This site is optimized with the Yoast SEO Premium plugin v25.3.1 (Yoast SEO v25.3.1) - https:\/\/yoast.com\/wordpress\/plugins\/seo\/ -->\n<title>Preguntas frecuentes &#8212; Tour Travel And More<\/title>\n<meta name=\"description\" content=\"Preguntas relacionadas a la RESERVA DE TOURS. Preguntas relacionadas a los PAGOS. Preguntas DESPU\u00c9S DE LAS RESERVAS. Preguntas relacionadas a CANCELACIONES.\" \/>\n<meta name=\"robots\" content=\"index, follow, max-snippet:-1, max-image-preview:large, max-video-preview:-1\" \/>\n<link rel=\"canonical\" href=\"https:\/\/tourtravelandmore.com\/es\/preguntas-frecuentes\/\" \/>\n<meta property=\"og:locale\" content=\"es_ES\" \/>\n<meta property=\"og:type\" content=\"article\" \/>\n<meta property=\"og:title\" content=\"Preguntas frecuentes\" \/>\n<meta property=\"og:description\" content=\"Preguntas relacionadas a la RESERVA DE TOURS. Preguntas relacionadas a los PAGOS. Preguntas DESPU\u00c9S DE LAS RESERVAS. Preguntas relacionadas a CANCELACIONES.\" \/>\n<meta property=\"og:url\" content=\"https:\/\/tourtravelandmore.com\/es\/preguntas-frecuentes\/\" \/>\n<meta property=\"og:site_name\" content=\"Tour Travel And More\" \/>\n<meta property=\"article:publisher\" content=\"https:\/\/www.facebook.com\/tourtravelandmore\/\" \/>\n<meta property=\"article:modified_time\" content=\"2026-03-20T10:33:17+00:00\" \/>\n<meta name=\"twitter:card\" content=\"summary_large_image\" \/>\n<meta name=\"twitter:site\" content=\"@TourTravel_More\" \/>\n<meta name=\"twitter:label1\" content=\"Tiempo de lectura\" \/>\n\t<meta name=\"twitter:data1\" content=\"6 minutos\" \/>\n<script type=\"application\/ld+json\" class=\"yoast-schema-graph\">{\"@context\":\"https:\/\/schema.org\",\"@graph\":[{\"@type\":\"WebPage\",\"@id\":\"https:\/\/tourtravelandmore.com\/es\/preguntas-frecuentes\/\",\"url\":\"https:\/\/tourtravelandmore.com\/es\/preguntas-frecuentes\/\",\"name\":\"Preguntas frecuentes &#8212; Tour Travel And More\",\"isPartOf\":{\"@id\":\"https:\/\/tourtravelandmore.com\/es\/#website\"},\"datePublished\":\"2023-05-18T10:33:34+00:00\",\"dateModified\":\"2026-03-20T10:33:17+00:00\",\"description\":\"Preguntas relacionadas a la RESERVA DE TOURS. Preguntas relacionadas a los PAGOS. Preguntas DESPU\u00c9S DE LAS RESERVAS. Preguntas relacionadas a CANCELACIONES.\",\"breadcrumb\":{\"@id\":\"https:\/\/tourtravelandmore.com\/es\/preguntas-frecuentes\/#breadcrumb\"},\"inLanguage\":\"es\",\"potentialAction\":[{\"@type\":\"ReadAction\",\"target\":[\"https:\/\/tourtravelandmore.com\/es\/preguntas-frecuentes\/\"]}]},{\"@type\":\"BreadcrumbList\",\"@id\":\"https:\/\/tourtravelandmore.com\/es\/preguntas-frecuentes\/#breadcrumb\",\"itemListElement\":[{\"@type\":\"ListItem\",\"position\":1,\"name\":\"Home\",\"item\":\"https:\/\/tourtravelandmore.com\/es\/\"},{\"@type\":\"ListItem\",\"position\":2,\"name\":\"Preguntas frecuentes\"}]},{\"@type\":\"WebSite\",\"@id\":\"https:\/\/tourtravelandmore.com\/es\/#website\",\"url\":\"https:\/\/tourtravelandmore.com\/es\/\",\"name\":\"Tour Travel And More\",\"description\":\"Private sightseeing tours and luxury transfers in Spain\",\"publisher\":{\"@id\":\"https:\/\/tourtravelandmore.com\/es\/#organization\"},\"potentialAction\":[{\"@type\":\"SearchAction\",\"target\":{\"@type\":\"EntryPoint\",\"urlTemplate\":\"https:\/\/tourtravelandmore.com\/es\/?s={search_term_string}\"},\"query-input\":{\"@type\":\"PropertyValueSpecification\",\"valueRequired\":true,\"valueName\":\"search_term_string\"}}],\"inLanguage\":\"es\"},{\"@type\":\"Organization\",\"@id\":\"https:\/\/tourtravelandmore.com\/es\/#organization\",\"name\":\"Tour Travel And More\",\"url\":\"https:\/\/tourtravelandmore.com\/es\/\",\"logo\":{\"@type\":\"ImageObject\",\"inLanguage\":\"es\",\"@id\":\"https:\/\/tourtravelandmore.com\/es\/#\/schema\/logo\/image\/\",\"url\":\"https:\/\/tourtravelandmore.com\/wp-content\/uploads\/2022\/12\/cropped-logo-cabecera-new.png\",\"contentUrl\":\"https:\/\/tourtravelandmore.com\/wp-content\/uploads\/2022\/12\/cropped-logo-cabecera-new.png\",\"width\":430,\"height\":61,\"caption\":\"Tour Travel And More\"},\"image\":{\"@id\":\"https:\/\/tourtravelandmore.com\/es\/#\/schema\/logo\/image\/\"},\"sameAs\":[\"https:\/\/www.facebook.com\/tourtravelandmore\/\",\"https:\/\/x.com\/TourTravel_More\"]}]}<\/script>\n<!-- \/ Yoast SEO Premium plugin. -->","yoast_head_json":{"title":"Preguntas frecuentes &#8212; Tour Travel And More","description":"Preguntas relacionadas a la RESERVA DE TOURS. Preguntas relacionadas a los PAGOS. Preguntas DESPU\u00c9S DE LAS RESERVAS. Preguntas relacionadas a CANCELACIONES.","robots":{"index":"index","follow":"follow","max-snippet":"max-snippet:-1","max-image-preview":"max-image-preview:large","max-video-preview":"max-video-preview:-1"},"canonical":"https:\/\/tourtravelandmore.com\/es\/preguntas-frecuentes\/","og_locale":"es_ES","og_type":"article","og_title":"Preguntas frecuentes","og_description":"Preguntas relacionadas a la RESERVA DE TOURS. Preguntas relacionadas a los PAGOS. Preguntas DESPU\u00c9S DE LAS RESERVAS. Preguntas relacionadas a CANCELACIONES.","og_url":"https:\/\/tourtravelandmore.com\/es\/preguntas-frecuentes\/","og_site_name":"Tour Travel And More","article_publisher":"https:\/\/www.facebook.com\/tourtravelandmore\/","article_modified_time":"2026-03-20T10:33:17+00:00","twitter_card":"summary_large_image","twitter_site":"@TourTravel_More","twitter_misc":{"Tiempo de lectura":"6 minutos"},"schema":{"@context":"https:\/\/schema.org","@graph":[{"@type":"WebPage","@id":"https:\/\/tourtravelandmore.com\/es\/preguntas-frecuentes\/","url":"https:\/\/tourtravelandmore.com\/es\/preguntas-frecuentes\/","name":"Preguntas frecuentes &#8212; Tour Travel And More","isPartOf":{"@id":"https:\/\/tourtravelandmore.com\/es\/#website"},"datePublished":"2023-05-18T10:33:34+00:00","dateModified":"2026-03-20T10:33:17+00:00","description":"Preguntas relacionadas a la RESERVA DE TOURS. Preguntas relacionadas a los PAGOS. Preguntas DESPU\u00c9S DE LAS RESERVAS. Preguntas relacionadas a CANCELACIONES.","breadcrumb":{"@id":"https:\/\/tourtravelandmore.com\/es\/preguntas-frecuentes\/#breadcrumb"},"inLanguage":"es","potentialAction":[{"@type":"ReadAction","target":["https:\/\/tourtravelandmore.com\/es\/preguntas-frecuentes\/"]}]},{"@type":"BreadcrumbList","@id":"https:\/\/tourtravelandmore.com\/es\/preguntas-frecuentes\/#breadcrumb","itemListElement":[{"@type":"ListItem","position":1,"name":"Home","item":"https:\/\/tourtravelandmore.com\/es\/"},{"@type":"ListItem","position":2,"name":"Preguntas frecuentes"}]},{"@type":"WebSite","@id":"https:\/\/tourtravelandmore.com\/es\/#website","url":"https:\/\/tourtravelandmore.com\/es\/","name":"Tour Travel And More","description":"Private sightseeing tours and luxury transfers in Spain","publisher":{"@id":"https:\/\/tourtravelandmore.com\/es\/#organization"},"potentialAction":[{"@type":"SearchAction","target":{"@type":"EntryPoint","urlTemplate":"https:\/\/tourtravelandmore.com\/es\/?s={search_term_string}"},"query-input":{"@type":"PropertyValueSpecification","valueRequired":true,"valueName":"search_term_string"}}],"inLanguage":"es"},{"@type":"Organization","@id":"https:\/\/tourtravelandmore.com\/es\/#organization","name":"Tour Travel And More","url":"https:\/\/tourtravelandmore.com\/es\/","logo":{"@type":"ImageObject","inLanguage":"es","@id":"https:\/\/tourtravelandmore.com\/es\/#\/schema\/logo\/image\/","url":"https:\/\/tourtravelandmore.com\/wp-content\/uploads\/2022\/12\/cropped-logo-cabecera-new.png","contentUrl":"https:\/\/tourtravelandmore.com\/wp-content\/uploads\/2022\/12\/cropped-logo-cabecera-new.png","width":430,"height":61,"caption":"Tour Travel And More"},"image":{"@id":"https:\/\/tourtravelandmore.com\/es\/#\/schema\/logo\/image\/"},"sameAs":["https:\/\/www.facebook.com\/tourtravelandmore\/","https:\/\/x.com\/TourTravel_More"]}]}},"_links":{"self":[{"href":"https:\/\/tourtravelandmore.com\/es\/wp-json\/wp\/v2\/pages\/167684","targetHints":{"allow":["GET"]}}],"collection":[{"href":"https:\/\/tourtravelandmore.com\/es\/wp-json\/wp\/v2\/pages"}],"about":[{"href":"https:\/\/tourtravelandmore.com\/es\/wp-json\/wp\/v2\/types\/page"}],"author":[{"embeddable":true,"href":"https:\/\/tourtravelandmore.com\/es\/wp-json\/wp\/v2\/users\/9"}],"replies":[{"embeddable":true,"href":"https:\/\/tourtravelandmore.com\/es\/wp-json\/wp\/v2\/comments?post=167684"}],"version-history":[{"count":6,"href":"https:\/\/tourtravelandmore.com\/es\/wp-json\/wp\/v2\/pages\/167684\/revisions"}],"predecessor-version":[{"id":189837,"href":"https:\/\/tourtravelandmore.com\/es\/wp-json\/wp\/v2\/pages\/167684\/revisions\/189837"}],"wp:attachment":[{"href":"https:\/\/tourtravelandmore.com\/es\/wp-json\/wp\/v2\/media?parent=167684"}],"curies":[{"name":"wp","href":"https:\/\/api.w.org\/{rel}","templated":true}]}}